{"id":853,"date":"2024-01-17T18:51:31","date_gmt":"2024-01-17T21:51:31","guid":{"rendered":"https:\/\/vetanco.com\/br\/?page_id=853"},"modified":"2024-07-11T13:05:21","modified_gmt":"2024-07-11T16:05:21","slug":"politica-de-privacidade","status":"publish","type":"page","link":"https:\/\/vetanco.com\/br\/politica-de-privacidade\/","title":{"rendered":"Pol\u00edtica de Privacidade"},"content":{"rendered":"\n<h3 class=\"p1\"><strong><span style=\"color: #274684;\">POL\u00cdTICA DE PRIVACIDADE<\/span><\/strong><\/h3>\n<p class=\"p2\">\u00a0<\/p>\n<p class=\"p1\"><span style=\"color: #008ae9;\"><b>Q<\/b><b>uem somos<\/b><\/span><\/p>\n<p class=\"p2\">Este \u00e9 o site oficial da Vetanco no Brasil, localizado em <a href=\"https:\/\/vetanco.com\" target=\"_new\" rel=\"noopener\">https:\/\/vetanco.com<\/a>. Estamos comprometidos com a prote\u00e7\u00e3o dos seus dados pessoais de acordo com as disposi\u00e7\u00f5es da Lei Geral de Prote\u00e7\u00e3o de Dados (LGPD) e esta pol\u00edtica.<\/p>\n<p class=\"p1\"><b>\u00a0<\/b><\/p>\n<p class=\"p1\"><span style=\"color: #008ae9;\"><b><span style=\"color: #000080;\">COLETA DE DADOS PESSOAIS<\/span><\/b><\/span><\/p>\n<p><span style=\"color: #008ae9;\">Coment\u00e1rios<\/span><\/p>\n<p>Quando os visitantes deixam coment\u00e1rios no site, coletamos os dados mostrados no formul\u00e1rio de coment\u00e1rios, bem como o endere\u00e7o IP do visitante e a string do agente do usu\u00e1rio do navegador para ajudar na detec\u00e7\u00e3o de spam.<\/p>\n<p>Uma string an\u00f4nima criada a partir do seu endere\u00e7o de e-mail (tamb\u00e9m chamada de hash) pode ser fornecida ao servi\u00e7o Gravatar para verificar se voc\u00ea a est\u00e1 usando. A pol\u00edtica de privacidade do servi\u00e7o Gravatar est\u00e1 dispon\u00edvel aqui: <a href=\"https:\/\/automattic.com\/privacy\/\" target=\"_new\" rel=\"noopener\">https:\/\/automattic.com\/privacy\/<\/a>. Ap\u00f3s a aprova\u00e7\u00e3o do seu coment\u00e1rio, a foto do seu perfil ficar\u00e1 vis\u00edvel ao p\u00fablico no contexto do seu coment\u00e1rio.<\/p>\n<p>\u00a0<\/p>\n<p class=\"p1\"><span style=\"color: #008ae9;\"><b>Media<\/b><\/span><\/p>\n<p class=\"p2\">Ao fazer upload de imagens no site, evite incluir dados de localiza\u00e7\u00e3o incorporados (EXIF GPS) nas imagens. Os visitantes do site podem baixar e extrair quaisquer dados de localiza\u00e7\u00e3o de imagens no site.<\/p>\n<p class=\"p1\"><b>\u00a0<\/b><\/p>\n<p class=\"p1\"><span style=\"color: #008ae9;\"><b>Cookies<\/b><\/span><\/p>\n<p class=\"p2\">Ao fazer upload de imagens no site, evite incluir dados de localiza\u00e7\u00e3o incorporados (EXIF GPS) nas imagens. Os visitantes do site podem baixar e extrair quaisquer dados de localiza\u00e7\u00e3o de imagens no site.<\/p>\n<p class=\"p2\">\u00a0<\/p>\n<p class=\"p1\"><b>\u00a0<\/b><\/p>\n<p class=\"p1\"><span style=\"color: #008ae9;\"><b>Conte\u00fado incorporado de outros sites<\/b><\/span><\/p>\n<p class=\"p2\">Os artigos neste site podem incluir conte\u00fado incorporado, como v\u00eddeos, imagens e artigos de outros sites. O conte\u00fado incorporado de outros sites se comporta da mesma maneira como se voc\u00ea tivesse visitado o site original. Esses sites podem coletar dados sobre voc\u00ea, usar cookies e rastreamento de terceiros para monitorar sua intera\u00e7\u00e3o com o conte\u00fado incorporado.<\/p>\n<p class=\"p2\">\u00a0<\/p>\n<p>\u00a0<\/p>\n<p class=\"p1\"><span style=\"color: #008ae9;\"><b>An\u00e1lises<\/b><\/span><\/p>\n<p class=\"p2\">Utilizamos cookies para personalizar conte\u00fado e an\u00fancios, fornecer recursos de m\u00eddia social e analisar nosso tr\u00e1fego, a fim de oferecer a melhor experi\u00eancia em nosso site. Compartilhamos informa\u00e7\u00f5es sobre o uso de nosso site com nossos parceiros de m\u00eddia social, publicidade e an\u00e1lise, que podem combin\u00e1-las com outras informa\u00e7\u00f5es que voc\u00ea forneceu a eles ou que coletaram do uso de seus servi\u00e7os.<\/p>\n<p class=\"p2\">\u00a0<\/p>\n<p>\u00a0<\/p>\n<p class=\"p1\"><span style=\"color: #008ae9;\"><b>Reten\u00e7\u00e3o de Dados<\/b><\/span><\/p>\n<p>Coment\u00e1rios e seus metadados ser\u00e3o retidos indefinidamente para que possamos reconhecer e aprovar automaticamente quaisquer coment\u00e1rios de acompanhamento.<\/p>\n<p>Para os usu\u00e1rios que se cadastram em nosso site, armazenamos as informa\u00e7\u00f5es pessoais fornecidas em seus perfis de usu\u00e1rio. Todos os usu\u00e1rios podem ver, editar ou excluir suas informa\u00e7\u00f5es pessoais a qualquer momento (exceto o nome de usu\u00e1rio, que n\u00e3o pode ser alterado). Os administradores do site tamb\u00e9m podem ver e editar essas informa\u00e7\u00f5es.<\/p>\n<p>Se voc\u00ea deseja receber um arquivo exportado dos seus dados pessoais ou solicitar a exclus\u00e3o de seus dados, entre em contato conosco pelo e-mail <a target=\"_new\" rel=\"noopener\">contato@vetanco.com<\/a>.<\/p>\n<p class=\"p1\"><b>\u00a0<\/b><\/p>\n<p class=\"p1\"><span style=\"color: #008ae9;\"><b>Prote\u00e7\u00e3o de dados<\/b><\/span><\/p>\n<p class=\"p2\">Os dados coletados s\u00e3o armazenados em local seguro. Voc\u00ea pode solicitar a exibi\u00e7\u00e3o, corre\u00e7\u00e3o ou exclus\u00e3o dos seus dados a qualquer momento. Retemos os dados coletados pelo tempo necess\u00e1rio para cumprir obriga\u00e7\u00f5es legais, auditorias e preserva\u00e7\u00e3o de direitos. Utilizamos as ferramentas Google Analytics e o Google ReCaptcha para coleta, processamento e seguran\u00e7a de dados, conforme as pol\u00edticas do Google dispon\u00edveis em <a href=\"https:\/\/www.google.com\/intl\/pt-BR\/policies\/privacy\/partners\/\" target=\"_new\" rel=\"noopener\">https:\/\/www.google.com\/intl\/pt-BR\/policies\/privacy\/partners\/<\/a>, <a href=\"https:\/\/policies.google.com\/privacy\" target=\"_new\" rel=\"noopener\">https:\/\/policies.google.com\/privacy<\/a> e <a href=\"https:\/\/policies.google.com\/terms\" target=\"_new\" rel=\"noopener\">https:\/\/policies.google.com\/terms<\/a>, com as quais voc\u00ea concorda ao aceitar esta Pol\u00edtica de Privacidade.<\/p>\n<p class=\"p2\">\u00a0<\/p>\n<p>\u00a0<\/p>\n<p class=\"p1\"><span style=\"color: #008ae9;\"><b>Contato<\/b><\/span><\/p>\n<p class=\"p2\">Para d\u00favidas ou mais informa\u00e7\u00f5es, entre em contato conosco pelo e-mail <a target=\"_new\" rel=\"noopener\">contato@vetanco.com<\/a>.<\/p>\n\n","protected":false},"excerpt":{"rendered":"","protected":false},"author":1,"featured_media":0,"parent":0,"menu_order":0,"comment_status":"closed","ping_status":"closed","template":"","meta":{"footnotes":""},"class_list":["post-853","page","type-page","status-publish","hentry"],"yoast_head":"<!-- This site is optimized with the Yoast SEO plugin v27.1.1 - https:\/\/yoast.com\/product\/yoast-seo-wordpress\/ -->\n<title>Pol\u00edtica de Privacidade - Vetanco Brasil<\/title>\n<meta name=\"description\" content=\"Confira nossa pol\u00edtica de privacidade para saber como garantimos a seguran\u00e7a e transpar\u00eancia de suas informa\u00e7\u00f5es pessoais.\" \/>\n<meta name=\"robots\" content=\"index, follow, max-snippet:-1, max-image-preview:large, max-video-preview:-1\" \/>\n<link rel=\"canonical\" href=\"https:\/\/vetanco.com\/br\/politica-de-privacidade\/\" \/>\n<meta property=\"og:locale\" content=\"pt_BR\" \/>\n<meta property=\"og:type\" content=\"article\" \/>\n<meta property=\"og:title\" content=\"Pol\u00edtica de Privacidade - Vetanco Brasil\" \/>\n<meta property=\"og:description\" content=\"Confira nossa pol\u00edtica de privacidade para saber como garantimos a seguran\u00e7a e transpar\u00eancia de suas informa\u00e7\u00f5es pessoais.\" \/>\n<meta property=\"og:url\" content=\"https:\/\/vetanco.com\/br\/politica-de-privacidade\/\" \/>\n<meta property=\"og:site_name\" content=\"Vetanco Brasil\" \/>\n<meta property=\"article:modified_time\" content=\"2024-07-11T16:05:21+00:00\" \/>\n<meta name=\"twitter:card\" content=\"summary_large_image\" \/>\n<meta name=\"twitter:label1\" content=\"Est. tempo de leitura\" \/>\n\t<meta name=\"twitter:data1\" content=\"3 minutos\" \/>\n<script type=\"application\/ld+json\" class=\"yoast-schema-graph\">{\"@context\":\"https:\/\/schema.org\",\"@graph\":[{\"@type\":\"WebPage\",\"@id\":\"https:\/\/vetanco.com\/br\/politica-de-privacidade\/\",\"url\":\"https:\/\/vetanco.com\/br\/politica-de-privacidade\/\",\"name\":\"Pol\u00edtica de Privacidade - Vetanco Brasil\",\"isPartOf\":{\"@id\":\"https:\/\/vetanco.com\/br\/#website\"},\"datePublished\":\"2024-01-17T21:51:31+00:00\",\"dateModified\":\"2024-07-11T16:05:21+00:00\",\"description\":\"Confira nossa pol\u00edtica de privacidade para saber como garantimos a seguran\u00e7a e transpar\u00eancia de suas informa\u00e7\u00f5es pessoais.\",\"breadcrumb\":{\"@id\":\"https:\/\/vetanco.com\/br\/politica-de-privacidade\/#breadcrumb\"},\"inLanguage\":\"pt-BR\",\"potentialAction\":[{\"@type\":\"ReadAction\",\"target\":[\"https:\/\/vetanco.com\/br\/politica-de-privacidade\/\"]}]},{\"@type\":\"BreadcrumbList\",\"@id\":\"https:\/\/vetanco.com\/br\/politica-de-privacidade\/#breadcrumb\",\"itemListElement\":[{\"@type\":\"ListItem\",\"position\":1,\"name\":\"In\u00edcio\",\"item\":\"https:\/\/vetanco.com\/br\/\"},{\"@type\":\"ListItem\",\"position\":2,\"name\":\"Pol\u00edtica de Privacidade\"}]},{\"@type\":\"WebSite\",\"@id\":\"https:\/\/vetanco.com\/br\/#website\",\"url\":\"https:\/\/vetanco.com\/br\/\",\"name\":\"Vetanco Brasil\",\"description\":\"Produtos Seguros para Alimentos Seguros\",\"potentialAction\":[{\"@type\":\"SearchAction\",\"target\":{\"@type\":\"EntryPoint\",\"urlTemplate\":\"https:\/\/vetanco.com\/br\/?s={search_term_string}\"},\"query-input\":{\"@type\":\"PropertyValueSpecification\",\"valueRequired\":true,\"valueName\":\"search_term_string\"}}],\"inLanguage\":\"pt-BR\"}]}<\/script>\n<!-- \/ Yoast SEO plugin. -->","yoast_head_json":{"title":"Pol\u00edtica de Privacidade - Vetanco Brasil","description":"Confira nossa pol\u00edtica de privacidade para saber como garantimos a seguran\u00e7a e transpar\u00eancia de suas informa\u00e7\u00f5es pessoais.","robots":{"index":"index","follow":"follow","max-snippet":"max-snippet:-1","max-image-preview":"max-image-preview:large","max-video-preview":"max-video-preview:-1"},"canonical":"https:\/\/vetanco.com\/br\/politica-de-privacidade\/","og_locale":"pt_BR","og_type":"article","og_title":"Pol\u00edtica de Privacidade - Vetanco Brasil","og_description":"Confira nossa pol\u00edtica de privacidade para saber como garantimos a seguran\u00e7a e transpar\u00eancia de suas informa\u00e7\u00f5es pessoais.","og_url":"https:\/\/vetanco.com\/br\/politica-de-privacidade\/","og_site_name":"Vetanco Brasil","article_modified_time":"2024-07-11T16:05:21+00:00","twitter_card":"summary_large_image","twitter_misc":{"Est. tempo de leitura":"3 minutos"},"schema":{"@context":"https:\/\/schema.org","@graph":[{"@type":"WebPage","@id":"https:\/\/vetanco.com\/br\/politica-de-privacidade\/","url":"https:\/\/vetanco.com\/br\/politica-de-privacidade\/","name":"Pol\u00edtica de Privacidade - Vetanco Brasil","isPartOf":{"@id":"https:\/\/vetanco.com\/br\/#website"},"datePublished":"2024-01-17T21:51:31+00:00","dateModified":"2024-07-11T16:05:21+00:00","description":"Confira nossa pol\u00edtica de privacidade para saber como garantimos a seguran\u00e7a e transpar\u00eancia de suas informa\u00e7\u00f5es pessoais.","breadcrumb":{"@id":"https:\/\/vetanco.com\/br\/politica-de-privacidade\/#breadcrumb"},"inLanguage":"pt-BR","potentialAction":[{"@type":"ReadAction","target":["https:\/\/vetanco.com\/br\/politica-de-privacidade\/"]}]},{"@type":"BreadcrumbList","@id":"https:\/\/vetanco.com\/br\/politica-de-privacidade\/#breadcrumb","itemListElement":[{"@type":"ListItem","position":1,"name":"In\u00edcio","item":"https:\/\/vetanco.com\/br\/"},{"@type":"ListItem","position":2,"name":"Pol\u00edtica de Privacidade"}]},{"@type":"WebSite","@id":"https:\/\/vetanco.com\/br\/#website","url":"https:\/\/vetanco.com\/br\/","name":"Vetanco Brasil","description":"Produtos Seguros para Alimentos Seguros","potentialAction":[{"@type":"SearchAction","target":{"@type":"EntryPoint","urlTemplate":"https:\/\/vetanco.com\/br\/?s={search_term_string}"},"query-input":{"@type":"PropertyValueSpecification","valueRequired":true,"valueName":"search_term_string"}}],"inLanguage":"pt-BR"}]}},"_links":{"self":[{"href":"https:\/\/vetanco.com\/br\/wp-json\/wp\/v2\/pages\/853","targetHints":{"allow":["GET"]}}],"collection":[{"href":"https:\/\/vetanco.com\/br\/wp-json\/wp\/v2\/pages"}],"about":[{"href":"https:\/\/vetanco.com\/br\/wp-json\/wp\/v2\/types\/page"}],"author":[{"embeddable":true,"href":"https:\/\/vetanco.com\/br\/wp-json\/wp\/v2\/users\/1"}],"replies":[{"embeddable":true,"href":"https:\/\/vetanco.com\/br\/wp-json\/wp\/v2\/comments?post=853"}],"version-history":[{"count":10,"href":"https:\/\/vetanco.com\/br\/wp-json\/wp\/v2\/pages\/853\/revisions"}],"predecessor-version":[{"id":15923,"href":"https:\/\/vetanco.com\/br\/wp-json\/wp\/v2\/pages\/853\/revisions\/15923"}],"wp:attachment":[{"href":"https:\/\/vetanco.com\/br\/wp-json\/wp\/v2\/media?parent=853"}],"curies":[{"name":"wp","href":"https:\/\/api.w.org\/{rel}","templated":true}]}}