{"id":32,"date":"2023-12-16T14:48:41","date_gmt":"2023-12-16T17:48:41","guid":{"rendered":"https:\/\/vetanco.com\/br\/?post_type=product&#038;p=32"},"modified":"2026-03-19T10:02:31","modified_gmt":"2026-03-19T13:02:31","slug":"floramax-b11","status":"publish","type":"product","link":"https:\/\/vetanco.com\/br\/produto\/floramax-b11\/","title":{"rendered":"FLORAMAX-B11<sup>\u00ae<\/sup>"},"content":{"rendered":"<p><strong><span style=\"color: #00397f;\">COMPOSI\u00c7\u00c3O B\u00c1SICA<\/span><\/strong><\/p>\n<p><i><span style=\"font-weight: 400;\">Lactobacillus bulgaricus<\/span><\/i><span style=\"font-weight: 400;\"> (3 cepas),<\/span><\/p>\n<p><i><span style=\"font-weight: 400;\">Lactobacillus casei<\/span><\/i><span style=\"font-weight: 400;\"> (2 cepas),\u00a0<\/span><\/p>\n<p><i><span style=\"font-weight: 400;\">Lactobacillus cellobiosus<\/span><\/i><span style=\"font-weight: 400;\"> (2 cepas),\u00a0<\/span><\/p>\n<p><i><span style=\"font-weight: 400;\">Lactobacillus fermentum<\/span><\/i><span style=\"font-weight: 400;\"> (3 cepas),\u00a0<\/span><\/p>\n<p><i><span style=\"font-weight: 400;\">Lactobacillus helveticus<\/span><\/i><span style=\"font-weight: 400;\"> (1 cepa),\u00a0<\/span><\/p>\n<p><span style=\"font-weight: 400;\">Inulina e Excipientes.<\/span><\/p>\n<p>&nbsp;<\/p>\n<p><strong><span style=\"color: #00397f;\">MODO DE USO<\/span><\/strong><\/p>\n<p><span style=\"font-weight: 400;\">\u00c1gua de bebida: misturar na \u00e1gua de bebida 60 g\/10.000 aves e fornecer durante m\u00ednimo 6 a 12h\/dia, por 3 dias consecutivos. Ap\u00f3s dilu\u00eddo o produto, aplicar no m\u00e1ximo at\u00e9 24 h p\u00f3s-dilui\u00e7\u00e3o. Spray\/Aspers\u00e3o: realizar pr\u00e9-dilui\u00e7\u00e3o do produto 60 g\/10.000 aves e aspergir sobre os animais de 1 dia no incubat\u00f3rio. N\u00e3o utilizar \u00e1gua clorada.\u00a0<\/span><\/p>\n<p>&nbsp;<\/p>\n<p><strong><span style=\"color: #00397f;\">APRESENTA\u00c7\u00c3O<\/span><\/strong><\/p>\n<p><span style=\"font-weight: 400;\">Sach\u00eas de 60 g.<\/span><\/p>\n<p>&nbsp;<\/p>\n<p><strong><span style=\"color: #00397f;\">PER\u00cdODO DE CAR\u00caNCIA<\/span><\/strong><\/p>\n<p><span style=\"font-weight: 400;\">O FLORAMAX-B11<\/span><span style=\"font-weight: 400;\"><sup>\u00ae<\/sup> <\/span><span style=\"font-weight: 400;\">n\u00e3o possui per\u00edodo de car\u00eancia.<\/span><\/p>\n","protected":false},"excerpt":{"rendered":"<p><img loading=\"lazy\" decoding=\"async\" class=\"alignnone wp-image-768\" src=\"https:\/\/vetanco.com\/br\/wp-content\/uploads\/2023\/12\/Poultry-icon.png\" alt=\"\" width=\"70\" height=\"59\" \/><\/p>\n<p><span style=\"font-weight: 400;\">O FLORAMAX-B11<\/span><span style=\"font-weight: 400;\"><sup>\u00ae<\/sup><\/span><span style=\"font-weight: 400;\"> \u00e9 um aditivo probi\u00f3tico composto por bact\u00e9rias ben\u00e9ficas produtoras de \u00e1cido l\u00e1tico, o qual \u00e9 indicado para Aves em todas suas categorias, fases e ciclos de produ\u00e7\u00e3o. O FLORAMAX-B11<\/span><span style=\"font-weight: 400;\"><sup>\u00ae<\/sup><\/span><span style=\"font-weight: 400;\"> otimiza o estabelecimento de uma microbiota intestinal favor\u00e1vel e equilibrada, proporcionando uma melhor sa\u00fade intestinal das aves e resultando em uma melhoria nos par\u00e2metros produtivos, uma modula\u00e7\u00e3o da microbiota protetiva j\u00e1 nos primeiros dias de vida, al\u00e9m de auxiliar na preven\u00e7\u00e3o dos principais enteropat\u00f3genos das aves.<\/span><\/p>\n","protected":false},"featured_media":407,"template":"","meta":[],"product_brand":[],"product_cat":[17],"product_tag":[],"class_list":{"0":"post-32","1":"product","2":"type-product","3":"status-publish","4":"has-post-thumbnail","6":"product_cat-aves","8":"first","9":"onbackorder","10":"shipping-taxable","11":"product-type-simple"},"yoast_head":"<!-- This site is optimized with the Yoast SEO plugin v27.3 - https:\/\/yoast.com\/product\/yoast-seo-wordpress\/ -->\n<title>FLORAMAX-B11\u00ae - Vetanco Brasil<\/title>\n<meta name=\"robots\" content=\"index, follow, max-snippet:-1, max-image-preview:large, max-video-preview:-1\" \/>\n<link rel=\"canonical\" href=\"https:\/\/vetanco.com\/br\/produto\/floramax-b11\/\" \/>\n<meta property=\"og:locale\" content=\"pt_BR\" \/>\n<meta property=\"og:type\" content=\"article\" \/>\n<meta property=\"og:title\" content=\"FLORAMAX-B11\u00ae - Vetanco Brasil\" \/>\n<meta property=\"og:description\" content=\"O FLORAMAX-B11\u00ae \u00e9 um aditivo probi\u00f3tico composto por bact\u00e9rias ben\u00e9ficas produtoras de \u00e1cido l\u00e1tico, o qual \u00e9 indicado para Aves em todas suas categorias, fases e ciclos de produ\u00e7\u00e3o. O FLORAMAX-B11\u00ae otimiza o estabelecimento de uma microbiota intestinal favor\u00e1vel e equilibrada, proporcionando uma melhor sa\u00fade intestinal das aves e resultando em uma melhoria nos par\u00e2metros produtivos, uma modula\u00e7\u00e3o da microbiota protetiva j\u00e1 nos primeiros dias de vida, al\u00e9m de auxiliar na preven\u00e7\u00e3o dos principais enteropat\u00f3genos das aves.\" \/>\n<meta property=\"og:url\" content=\"https:\/\/vetanco.com\/br\/produto\/floramax-b11\/\" \/>\n<meta property=\"og:site_name\" content=\"Vetanco Brasil\" \/>\n<meta property=\"article:modified_time\" content=\"2026-03-19T13:02:31+00:00\" \/>\n<meta property=\"og:image\" content=\"https:\/\/vetanco.com\/br\/wp-content\/uploads\/2023\/12\/FloraMax-B11.png\" \/>\n\t<meta property=\"og:image:width\" content=\"800\" \/>\n\t<meta property=\"og:image:height\" content=\"800\" \/>\n\t<meta property=\"og:image:type\" content=\"image\/png\" \/>\n<meta name=\"twitter:card\" content=\"summary_large_image\" \/>\n<meta name=\"twitter:label1\" content=\"Est. tempo de leitura\" \/>\n\t<meta name=\"twitter:data1\" content=\"1 minuto\" \/>\n<script type=\"application\/ld+json\" class=\"yoast-schema-graph\">{\"@context\":\"https:\\\/\\\/schema.org\",\"@graph\":[{\"@type\":\"WebPage\",\"@id\":\"https:\\\/\\\/vetanco.com\\\/br\\\/produto\\\/floramax-b11\\\/\",\"url\":\"https:\\\/\\\/vetanco.com\\\/br\\\/produto\\\/floramax-b11\\\/\",\"name\":\"FLORAMAX-B11\u00ae - Vetanco Brasil\",\"isPartOf\":{\"@id\":\"https:\\\/\\\/vetanco.com\\\/br\\\/#website\"},\"primaryImageOfPage\":{\"@id\":\"https:\\\/\\\/vetanco.com\\\/br\\\/produto\\\/floramax-b11\\\/#primaryimage\"},\"image\":{\"@id\":\"https:\\\/\\\/vetanco.com\\\/br\\\/produto\\\/floramax-b11\\\/#primaryimage\"},\"thumbnailUrl\":\"https:\\\/\\\/vetanco.com\\\/br\\\/wp-content\\\/uploads\\\/2023\\\/12\\\/FloraMax-B11.png\",\"datePublished\":\"2023-12-16T17:48:41+00:00\",\"dateModified\":\"2026-03-19T13:02:31+00:00\",\"breadcrumb\":{\"@id\":\"https:\\\/\\\/vetanco.com\\\/br\\\/produto\\\/floramax-b11\\\/#breadcrumb\"},\"inLanguage\":\"pt-BR\",\"potentialAction\":[{\"@type\":\"ReadAction\",\"target\":[\"https:\\\/\\\/vetanco.com\\\/br\\\/produto\\\/floramax-b11\\\/\"]}]},{\"@type\":\"ImageObject\",\"inLanguage\":\"pt-BR\",\"@id\":\"https:\\\/\\\/vetanco.com\\\/br\\\/produto\\\/floramax-b11\\\/#primaryimage\",\"url\":\"https:\\\/\\\/vetanco.com\\\/br\\\/wp-content\\\/uploads\\\/2023\\\/12\\\/FloraMax-B11.png\",\"contentUrl\":\"https:\\\/\\\/vetanco.com\\\/br\\\/wp-content\\\/uploads\\\/2023\\\/12\\\/FloraMax-B11.png\",\"width\":800,\"height\":800},{\"@type\":\"BreadcrumbList\",\"@id\":\"https:\\\/\\\/vetanco.com\\\/br\\\/produto\\\/floramax-b11\\\/#breadcrumb\",\"itemListElement\":[{\"@type\":\"ListItem\",\"position\":1,\"name\":\"In\u00edcio\",\"item\":\"https:\\\/\\\/vetanco.com\\\/br\\\/\"},{\"@type\":\"ListItem\",\"position\":2,\"name\":\"Produtos\",\"item\":\"https:\\\/\\\/vetanco.com\\\/br\\\/produtos\\\/\"},{\"@type\":\"ListItem\",\"position\":3,\"name\":\"FLORAMAX-B11\u00ae\"}]},{\"@type\":\"WebSite\",\"@id\":\"https:\\\/\\\/vetanco.com\\\/br\\\/#website\",\"url\":\"https:\\\/\\\/vetanco.com\\\/br\\\/\",\"name\":\"Vetanco Brasil\",\"description\":\"Produtos Seguros para Alimentos Seguros\",\"potentialAction\":[{\"@type\":\"SearchAction\",\"target\":{\"@type\":\"EntryPoint\",\"urlTemplate\":\"https:\\\/\\\/vetanco.com\\\/br\\\/?s={search_term_string}\"},\"query-input\":{\"@type\":\"PropertyValueSpecification\",\"valueRequired\":true,\"valueName\":\"search_term_string\"}}],\"inLanguage\":\"pt-BR\"}]}<\/script>\n<!-- \/ Yoast SEO plugin. -->","yoast_head_json":{"title":"FLORAMAX-B11\u00ae - Vetanco Brasil","robots":{"index":"index","follow":"follow","max-snippet":"max-snippet:-1","max-image-preview":"max-image-preview:large","max-video-preview":"max-video-preview:-1"},"canonical":"https:\/\/vetanco.com\/br\/produto\/floramax-b11\/","og_locale":"pt_BR","og_type":"article","og_title":"FLORAMAX-B11\u00ae - Vetanco Brasil","og_description":"O FLORAMAX-B11\u00ae \u00e9 um aditivo probi\u00f3tico composto por bact\u00e9rias ben\u00e9ficas produtoras de \u00e1cido l\u00e1tico, o qual \u00e9 indicado para Aves em todas suas categorias, fases e ciclos de produ\u00e7\u00e3o. O FLORAMAX-B11\u00ae otimiza o estabelecimento de uma microbiota intestinal favor\u00e1vel e equilibrada, proporcionando uma melhor sa\u00fade intestinal das aves e resultando em uma melhoria nos par\u00e2metros produtivos, uma modula\u00e7\u00e3o da microbiota protetiva j\u00e1 nos primeiros dias de vida, al\u00e9m de auxiliar na preven\u00e7\u00e3o dos principais enteropat\u00f3genos das aves.","og_url":"https:\/\/vetanco.com\/br\/produto\/floramax-b11\/","og_site_name":"Vetanco Brasil","article_modified_time":"2026-03-19T13:02:31+00:00","og_image":[{"width":800,"height":800,"url":"https:\/\/vetanco.com\/br\/wp-content\/uploads\/2023\/12\/FloraMax-B11.png","type":"image\/png"}],"twitter_card":"summary_large_image","twitter_misc":{"Est. tempo de leitura":"1 minuto"},"schema":{"@context":"https:\/\/schema.org","@graph":[{"@type":"WebPage","@id":"https:\/\/vetanco.com\/br\/produto\/floramax-b11\/","url":"https:\/\/vetanco.com\/br\/produto\/floramax-b11\/","name":"FLORAMAX-B11\u00ae - Vetanco Brasil","isPartOf":{"@id":"https:\/\/vetanco.com\/br\/#website"},"primaryImageOfPage":{"@id":"https:\/\/vetanco.com\/br\/produto\/floramax-b11\/#primaryimage"},"image":{"@id":"https:\/\/vetanco.com\/br\/produto\/floramax-b11\/#primaryimage"},"thumbnailUrl":"https:\/\/vetanco.com\/br\/wp-content\/uploads\/2023\/12\/FloraMax-B11.png","datePublished":"2023-12-16T17:48:41+00:00","dateModified":"2026-03-19T13:02:31+00:00","breadcrumb":{"@id":"https:\/\/vetanco.com\/br\/produto\/floramax-b11\/#breadcrumb"},"inLanguage":"pt-BR","potentialAction":[{"@type":"ReadAction","target":["https:\/\/vetanco.com\/br\/produto\/floramax-b11\/"]}]},{"@type":"ImageObject","inLanguage":"pt-BR","@id":"https:\/\/vetanco.com\/br\/produto\/floramax-b11\/#primaryimage","url":"https:\/\/vetanco.com\/br\/wp-content\/uploads\/2023\/12\/FloraMax-B11.png","contentUrl":"https:\/\/vetanco.com\/br\/wp-content\/uploads\/2023\/12\/FloraMax-B11.png","width":800,"height":800},{"@type":"BreadcrumbList","@id":"https:\/\/vetanco.com\/br\/produto\/floramax-b11\/#breadcrumb","itemListElement":[{"@type":"ListItem","position":1,"name":"In\u00edcio","item":"https:\/\/vetanco.com\/br\/"},{"@type":"ListItem","position":2,"name":"Produtos","item":"https:\/\/vetanco.com\/br\/produtos\/"},{"@type":"ListItem","position":3,"name":"FLORAMAX-B11\u00ae"}]},{"@type":"WebSite","@id":"https:\/\/vetanco.com\/br\/#website","url":"https:\/\/vetanco.com\/br\/","name":"Vetanco Brasil","description":"Produtos Seguros para Alimentos Seguros","potentialAction":[{"@type":"SearchAction","target":{"@type":"EntryPoint","urlTemplate":"https:\/\/vetanco.com\/br\/?s={search_term_string}"},"query-input":{"@type":"PropertyValueSpecification","valueRequired":true,"valueName":"search_term_string"}}],"inLanguage":"pt-BR"}]}},"_links":{"self":[{"href":"https:\/\/vetanco.com\/br\/wp-json\/wp\/v2\/product\/32","targetHints":{"allow":["GET"]}}],"collection":[{"href":"https:\/\/vetanco.com\/br\/wp-json\/wp\/v2\/product"}],"about":[{"href":"https:\/\/vetanco.com\/br\/wp-json\/wp\/v2\/types\/product"}],"wp:featuredmedia":[{"embeddable":true,"href":"https:\/\/vetanco.com\/br\/wp-json\/wp\/v2\/media\/407"}],"wp:attachment":[{"href":"https:\/\/vetanco.com\/br\/wp-json\/wp\/v2\/media?parent=32"}],"wp:term":[{"taxonomy":"product_brand","embeddable":true,"href":"https:\/\/vetanco.com\/br\/wp-json\/wp\/v2\/product_brand?post=32"},{"taxonomy":"product_cat","embeddable":true,"href":"https:\/\/vetanco.com\/br\/wp-json\/wp\/v2\/product_cat?post=32"},{"taxonomy":"product_tag","embeddable":true,"href":"https:\/\/vetanco.com\/br\/wp-json\/wp\/v2\/product_tag?post=32"}],"curies":[{"name":"wp","href":"https:\/\/api.w.org\/{rel}","templated":true}]}}