{"id":35,"date":"2023-12-16T15:03:17","date_gmt":"2023-12-16T18:03:17","guid":{"rendered":"https:\/\/vetanco.com\/br\/?post_type=product&#038;p=35"},"modified":"2024-06-20T10:04:00","modified_gmt":"2024-06-20T13:04:00","slug":"uniwallmos-25","status":"publish","type":"product","link":"https:\/\/vetanco.com\/br\/produto\/uniwallmos-25\/","title":{"rendered":"UNIWALL<sup>\u00ae<\/sup>MOS 25"},"content":{"rendered":"<p><strong><span style=\"color: #00397f;\">COMPOSI\u00c7\u00c3O B\u00c1SICA<\/span><\/strong><\/p>\n<p><span style=\"font-weight: 400;\">Parede Celular de Leveduras (cada 100 g cont\u00e9m 25g), Formiato de Am\u00f4nia, Propionato de Am\u00f4nia, \u00c1cido F\u00f3rmico, \u00c1cido Ac\u00e9tico, \u00c1gua e Excipientes.<\/span><\/p>\n<p>&nbsp;<\/p>\n<p><strong><span style=\"color: #00397f;\">MODO DE USO<\/span><\/strong><\/p>\n<p><span style=\"font-weight: 400;\">O UNIWALL<sup>\u00ae<\/sup>MOS 25 deve ser misturado ao alimento na propor\u00e7\u00e3o de 1 kg a 2 kg por tonelada de ra\u00e7\u00e3o, de acordo com a fase de produ\u00e7\u00e3o, objetivos e desafios existentes. <\/span><\/p>\n<p>&nbsp;<\/p>\n<p><strong><span style=\"color: #00397f;\">APRESENTA\u00c7\u00c3O<\/span><\/strong><\/p>\n<p><span style=\"font-weight: 400;\">Sacos de 25 kg.<\/span><\/p>\n<p>&nbsp;<\/p>\n<p><strong><span style=\"color: #00397f;\">PER\u00cdODO DE CAR\u00caNCIA<\/span><\/strong><\/p>\n<p><span style=\"font-weight: 400;\">UNIWALL<\/span><span style=\"font-weight: 400;\"><sup>\u00ae<\/sup><\/span><span style=\"font-weight: 400;\">MOS 25 n\u00e3o possui per\u00edodo de car\u00eancia.<\/span><\/p>\n","protected":false},"excerpt":{"rendered":"<p><img loading=\"lazy\" decoding=\"async\" class=\"alignnone wp-image-768\" src=\"https:\/\/vetanco.com\/br\/wp-content\/uploads\/2023\/12\/Poultry-icon.png\" alt=\"\" width=\"70\" height=\"59\" \/> <img loading=\"lazy\" decoding=\"async\" class=\"alignnone wp-image-769\" src=\"https:\/\/vetanco.com\/br\/wp-content\/uploads\/2023\/12\/Swine-icon.png\" alt=\"\" width=\"70\" height=\"59\" \/><\/p>\n<p><span style=\"font-weight: 400;\">O UNIWALL<\/span><span style=\"font-weight: 400;\"><sup>\u00ae<\/sup><\/span><span style=\"font-weight: 400;\">MOS 25 \u00e9 um aditivo prebi\u00f3tico com \u00e1cidos org\u00e2nicos destinado \u00e0 fabrica\u00e7\u00e3o de produtos para alimenta\u00e7\u00e3o de aves. O UNIWALL<\/span><span style=\"font-weight: 400;\"><sup>\u00ae<\/sup><\/span><span style=\"font-weight: 400;\">MOS 25 tem a combina\u00e7\u00e3o estrat\u00e9gica de tr\u00eas componentes: \u00e1cidos org\u00e2nicos, parede celular de levedura e carrier mineral. Esta formula\u00e7\u00e3o resulta em uma intera\u00e7\u00e3o sin\u00e9rgica, garantindo prote\u00e7\u00e3o contra desafios intestinais e melhores resultados produtivos.<\/span><\/p>\n","protected":false},"featured_media":532,"template":"","meta":[],"product_brand":[],"product_cat":[17,18],"product_tag":[],"class_list":{"0":"post-35","1":"product","2":"type-product","3":"status-publish","4":"has-post-thumbnail","6":"product_cat-aves","7":"product_cat-suinos","9":"first","10":"onbackorder","11":"shipping-taxable","12":"product-type-simple"},"yoast_head":"<!-- This site is optimized with the Yoast SEO plugin v27.3 - https:\/\/yoast.com\/product\/yoast-seo-wordpress\/ -->\n<title>UNIWALL\u00aeMOS 25 - Vetanco Brasil<\/title>\n<meta name=\"robots\" content=\"index, follow, max-snippet:-1, max-image-preview:large, max-video-preview:-1\" \/>\n<link rel=\"canonical\" href=\"https:\/\/vetanco.com\/br\/produto\/uniwallmos-25\/\" \/>\n<meta property=\"og:locale\" content=\"pt_BR\" \/>\n<meta property=\"og:type\" content=\"article\" \/>\n<meta property=\"og:title\" content=\"UNIWALL\u00aeMOS 25 - Vetanco Brasil\" \/>\n<meta property=\"og:description\" content=\"O UNIWALL\u00aeMOS 25 \u00e9 um aditivo prebi\u00f3tico com \u00e1cidos org\u00e2nicos destinado \u00e0 fabrica\u00e7\u00e3o de produtos para alimenta\u00e7\u00e3o de aves. O UNIWALL\u00aeMOS 25 tem a combina\u00e7\u00e3o estrat\u00e9gica de tr\u00eas componentes: \u00e1cidos org\u00e2nicos, parede celular de levedura e carrier mineral. Esta formula\u00e7\u00e3o resulta em uma intera\u00e7\u00e3o sin\u00e9rgica, garantindo prote\u00e7\u00e3o contra desafios intestinais e melhores resultados produtivos.\" \/>\n<meta property=\"og:url\" content=\"https:\/\/vetanco.com\/br\/produto\/uniwallmos-25\/\" \/>\n<meta property=\"og:site_name\" content=\"Vetanco Brasil\" \/>\n<meta property=\"article:modified_time\" content=\"2024-06-20T13:04:00+00:00\" \/>\n<meta property=\"og:image\" content=\"https:\/\/vetanco.com\/br\/wp-content\/uploads\/2023\/12\/UNIWALL-MOS-25.png\" \/>\n\t<meta property=\"og:image:width\" content=\"800\" \/>\n\t<meta property=\"og:image:height\" content=\"800\" \/>\n\t<meta property=\"og:image:type\" content=\"image\/png\" \/>\n<meta name=\"twitter:card\" content=\"summary_large_image\" \/>\n<script type=\"application\/ld+json\" class=\"yoast-schema-graph\">{\"@context\":\"https:\\\/\\\/schema.org\",\"@graph\":[{\"@type\":\"WebPage\",\"@id\":\"https:\\\/\\\/vetanco.com\\\/br\\\/produto\\\/uniwallmos-25\\\/\",\"url\":\"https:\\\/\\\/vetanco.com\\\/br\\\/produto\\\/uniwallmos-25\\\/\",\"name\":\"UNIWALL\u00aeMOS 25 - Vetanco Brasil\",\"isPartOf\":{\"@id\":\"https:\\\/\\\/vetanco.com\\\/br\\\/#website\"},\"primaryImageOfPage\":{\"@id\":\"https:\\\/\\\/vetanco.com\\\/br\\\/produto\\\/uniwallmos-25\\\/#primaryimage\"},\"image\":{\"@id\":\"https:\\\/\\\/vetanco.com\\\/br\\\/produto\\\/uniwallmos-25\\\/#primaryimage\"},\"thumbnailUrl\":\"https:\\\/\\\/vetanco.com\\\/br\\\/wp-content\\\/uploads\\\/2023\\\/12\\\/UNIWALL-MOS-25.png\",\"datePublished\":\"2023-12-16T18:03:17+00:00\",\"dateModified\":\"2024-06-20T13:04:00+00:00\",\"breadcrumb\":{\"@id\":\"https:\\\/\\\/vetanco.com\\\/br\\\/produto\\\/uniwallmos-25\\\/#breadcrumb\"},\"inLanguage\":\"pt-BR\",\"potentialAction\":[{\"@type\":\"ReadAction\",\"target\":[\"https:\\\/\\\/vetanco.com\\\/br\\\/produto\\\/uniwallmos-25\\\/\"]}]},{\"@type\":\"ImageObject\",\"inLanguage\":\"pt-BR\",\"@id\":\"https:\\\/\\\/vetanco.com\\\/br\\\/produto\\\/uniwallmos-25\\\/#primaryimage\",\"url\":\"https:\\\/\\\/vetanco.com\\\/br\\\/wp-content\\\/uploads\\\/2023\\\/12\\\/UNIWALL-MOS-25.png\",\"contentUrl\":\"https:\\\/\\\/vetanco.com\\\/br\\\/wp-content\\\/uploads\\\/2023\\\/12\\\/UNIWALL-MOS-25.png\",\"width\":800,\"height\":800},{\"@type\":\"BreadcrumbList\",\"@id\":\"https:\\\/\\\/vetanco.com\\\/br\\\/produto\\\/uniwallmos-25\\\/#breadcrumb\",\"itemListElement\":[{\"@type\":\"ListItem\",\"position\":1,\"name\":\"In\u00edcio\",\"item\":\"https:\\\/\\\/vetanco.com\\\/br\\\/\"},{\"@type\":\"ListItem\",\"position\":2,\"name\":\"Produtos\",\"item\":\"https:\\\/\\\/vetanco.com\\\/br\\\/produtos\\\/\"},{\"@type\":\"ListItem\",\"position\":3,\"name\":\"UNIWALL\u00aeMOS 25\"}]},{\"@type\":\"WebSite\",\"@id\":\"https:\\\/\\\/vetanco.com\\\/br\\\/#website\",\"url\":\"https:\\\/\\\/vetanco.com\\\/br\\\/\",\"name\":\"Vetanco Brasil\",\"description\":\"Produtos Seguros para Alimentos Seguros\",\"potentialAction\":[{\"@type\":\"SearchAction\",\"target\":{\"@type\":\"EntryPoint\",\"urlTemplate\":\"https:\\\/\\\/vetanco.com\\\/br\\\/?s={search_term_string}\"},\"query-input\":{\"@type\":\"PropertyValueSpecification\",\"valueRequired\":true,\"valueName\":\"search_term_string\"}}],\"inLanguage\":\"pt-BR\"}]}<\/script>\n<!-- \/ Yoast SEO plugin. -->","yoast_head_json":{"title":"UNIWALL\u00aeMOS 25 - Vetanco Brasil","robots":{"index":"index","follow":"follow","max-snippet":"max-snippet:-1","max-image-preview":"max-image-preview:large","max-video-preview":"max-video-preview:-1"},"canonical":"https:\/\/vetanco.com\/br\/produto\/uniwallmos-25\/","og_locale":"pt_BR","og_type":"article","og_title":"UNIWALL\u00aeMOS 25 - Vetanco Brasil","og_description":"O UNIWALL\u00aeMOS 25 \u00e9 um aditivo prebi\u00f3tico com \u00e1cidos org\u00e2nicos destinado \u00e0 fabrica\u00e7\u00e3o de produtos para alimenta\u00e7\u00e3o de aves. O UNIWALL\u00aeMOS 25 tem a combina\u00e7\u00e3o estrat\u00e9gica de tr\u00eas componentes: \u00e1cidos org\u00e2nicos, parede celular de levedura e carrier mineral. Esta formula\u00e7\u00e3o resulta em uma intera\u00e7\u00e3o sin\u00e9rgica, garantindo prote\u00e7\u00e3o contra desafios intestinais e melhores resultados produtivos.","og_url":"https:\/\/vetanco.com\/br\/produto\/uniwallmos-25\/","og_site_name":"Vetanco Brasil","article_modified_time":"2024-06-20T13:04:00+00:00","og_image":[{"width":800,"height":800,"url":"https:\/\/vetanco.com\/br\/wp-content\/uploads\/2023\/12\/UNIWALL-MOS-25.png","type":"image\/png"}],"twitter_card":"summary_large_image","schema":{"@context":"https:\/\/schema.org","@graph":[{"@type":"WebPage","@id":"https:\/\/vetanco.com\/br\/produto\/uniwallmos-25\/","url":"https:\/\/vetanco.com\/br\/produto\/uniwallmos-25\/","name":"UNIWALL\u00aeMOS 25 - Vetanco Brasil","isPartOf":{"@id":"https:\/\/vetanco.com\/br\/#website"},"primaryImageOfPage":{"@id":"https:\/\/vetanco.com\/br\/produto\/uniwallmos-25\/#primaryimage"},"image":{"@id":"https:\/\/vetanco.com\/br\/produto\/uniwallmos-25\/#primaryimage"},"thumbnailUrl":"https:\/\/vetanco.com\/br\/wp-content\/uploads\/2023\/12\/UNIWALL-MOS-25.png","datePublished":"2023-12-16T18:03:17+00:00","dateModified":"2024-06-20T13:04:00+00:00","breadcrumb":{"@id":"https:\/\/vetanco.com\/br\/produto\/uniwallmos-25\/#breadcrumb"},"inLanguage":"pt-BR","potentialAction":[{"@type":"ReadAction","target":["https:\/\/vetanco.com\/br\/produto\/uniwallmos-25\/"]}]},{"@type":"ImageObject","inLanguage":"pt-BR","@id":"https:\/\/vetanco.com\/br\/produto\/uniwallmos-25\/#primaryimage","url":"https:\/\/vetanco.com\/br\/wp-content\/uploads\/2023\/12\/UNIWALL-MOS-25.png","contentUrl":"https:\/\/vetanco.com\/br\/wp-content\/uploads\/2023\/12\/UNIWALL-MOS-25.png","width":800,"height":800},{"@type":"BreadcrumbList","@id":"https:\/\/vetanco.com\/br\/produto\/uniwallmos-25\/#breadcrumb","itemListElement":[{"@type":"ListItem","position":1,"name":"In\u00edcio","item":"https:\/\/vetanco.com\/br\/"},{"@type":"ListItem","position":2,"name":"Produtos","item":"https:\/\/vetanco.com\/br\/produtos\/"},{"@type":"ListItem","position":3,"name":"UNIWALL\u00aeMOS 25"}]},{"@type":"WebSite","@id":"https:\/\/vetanco.com\/br\/#website","url":"https:\/\/vetanco.com\/br\/","name":"Vetanco Brasil","description":"Produtos Seguros para Alimentos Seguros","potentialAction":[{"@type":"SearchAction","target":{"@type":"EntryPoint","urlTemplate":"https:\/\/vetanco.com\/br\/?s={search_term_string}"},"query-input":{"@type":"PropertyValueSpecification","valueRequired":true,"valueName":"search_term_string"}}],"inLanguage":"pt-BR"}]}},"_links":{"self":[{"href":"https:\/\/vetanco.com\/br\/wp-json\/wp\/v2\/product\/35","targetHints":{"allow":["GET"]}}],"collection":[{"href":"https:\/\/vetanco.com\/br\/wp-json\/wp\/v2\/product"}],"about":[{"href":"https:\/\/vetanco.com\/br\/wp-json\/wp\/v2\/types\/product"}],"wp:featuredmedia":[{"embeddable":true,"href":"https:\/\/vetanco.com\/br\/wp-json\/wp\/v2\/media\/532"}],"wp:attachment":[{"href":"https:\/\/vetanco.com\/br\/wp-json\/wp\/v2\/media?parent=35"}],"wp:term":[{"taxonomy":"product_brand","embeddable":true,"href":"https:\/\/vetanco.com\/br\/wp-json\/wp\/v2\/product_brand?post=35"},{"taxonomy":"product_cat","embeddable":true,"href":"https:\/\/vetanco.com\/br\/wp-json\/wp\/v2\/product_cat?post=35"},{"taxonomy":"product_tag","embeddable":true,"href":"https:\/\/vetanco.com\/br\/wp-json\/wp\/v2\/product_tag?post=35"}],"curies":[{"name":"wp","href":"https:\/\/api.w.org\/{rel}","templated":true}]}}