{"id":40,"date":"2023-12-16T15:08:01","date_gmt":"2023-12-16T18:08:01","guid":{"rendered":"https:\/\/vetanco.com\/br\/?post_type=product&#038;p=40"},"modified":"2024-06-20T09:53:38","modified_gmt":"2024-06-20T12:53:38","slug":"bromesol","status":"publish","type":"product","link":"https:\/\/vetanco.com\/br\/produto\/bromesol\/","title":{"rendered":"BROMESOL<sup>\u00ae<\/sup>"},"content":{"rendered":"<p><strong><span style=\"color: #00397f;\">COMPOSI\u00c7\u00c3O B\u00c1SICA<\/span><\/strong><\/p>\n<p><span style=\"font-weight: 400;\">Bromexina e Ve\u00edculo.<\/span><\/p>\n<p>&nbsp;<\/p>\n<p><strong><span style=\"color: #00397f;\">MODO DE USO<\/span><\/strong><\/p>\n<p><span style=\"font-weight: 400;\">O produto pode ser administrado de 1 a 3 mg\/kg de peso vivo por dia, durante 3 a 5 dias consecutivos ou conforme orienta\u00e7\u00e3o do M\u00e9dico Veterin\u00e1rio. O produto pode ser administrado dilu\u00eddo via\u00a0 \u00e1gua de bebida ou aspers\u00e3o, por sistema spray ou pulveriza\u00e7\u00e3o costal, seguindo a\u00a0 correta dilui\u00e7\u00e3o do produto:<\/span><\/p>\n<p><span style=\"font-weight: 400;\">Via Oral: diluir o produto em \u00e1gua de bebida, com administra\u00e7\u00e3o m\u00ednima de 8h.<\/span><\/p>\n<p><span style=\"font-weight: 400;\">Via Aspers\u00e3o\/Spray: diluir o produto em \u00e1gua para aspers\u00e3o\/spray, dividindo a dose em 2 aplica\u00e7\u00f5es di\u00e1rias.<\/span><\/p>\n<p>&nbsp;<\/p>\n<p><strong><span style=\"color: #00397f;\">APRESENTA\u00c7\u00c3O<\/span><\/strong><\/p>\n<p><span style=\"font-weight: 400;\">Frascos de 5 e 20 litros.<\/span><\/p>\n<p>&nbsp;<\/p>\n<p><strong><span style=\"color: #00397f;\">PER\u00cdODO DE CAR\u00caNCIA<\/span><\/strong><\/p>\n<p><span style=\"font-weight: 400;\">BROMESOL<\/span><span style=\"font-weight: 400;\"><sup>\u00ae<\/sup><\/span><span style=\"font-weight: 400;\"> n\u00e3o possui per\u00edodo de car\u00eancia.<\/span><\/p>\n","protected":false},"excerpt":{"rendered":"<p><img loading=\"lazy\" decoding=\"async\" class=\"alignnone wp-image-768\" src=\"https:\/\/vetanco.com\/br\/wp-content\/uploads\/2023\/12\/Poultry-icon.png\" alt=\"\" width=\"70\" height=\"59\" \/> <img loading=\"lazy\" decoding=\"async\" class=\"alignnone wp-image-769\" src=\"https:\/\/vetanco.com\/br\/wp-content\/uploads\/2023\/12\/Swine-icon.png\" alt=\"\" width=\"70\" height=\"59\" \/><\/p>\n<p><span style=\"font-weight: 400;\">O BROMESOL<\/span><span style=\"font-weight: 400;\"><sup>\u00ae<\/sup><\/span><span style=\"font-weight: 400;\"> \u00e9 um agente secreol\u00edtico e expectorante que reduz a viscosidade das secre\u00e7\u00f5es nasais e pulmonares, melhorando a respira\u00e7\u00e3o. Atua como coadjuvante com antibi\u00f3ticos e quimioter\u00e1picos no tratamento de bronquites, broncopneumonias agudas e cr\u00f4nicas, pneumonia viral e\u00a0 processo secund\u00e1rios devido a verminose pulmonar.<\/span><\/p>\n","protected":false},"featured_media":610,"template":"","meta":[],"product_brand":[],"product_cat":[17,18],"product_tag":[],"class_list":{"0":"post-40","1":"product","2":"type-product","3":"status-publish","4":"has-post-thumbnail","6":"product_cat-aves","7":"product_cat-suinos","9":"first","10":"onbackorder","11":"shipping-taxable","12":"product-type-simple"},"yoast_head":"<!-- This site is optimized with the Yoast SEO plugin v27.3 - https:\/\/yoast.com\/product\/yoast-seo-wordpress\/ -->\n<title>BROMESOL\u00ae - Vetanco Brasil<\/title>\n<meta name=\"robots\" content=\"index, follow, max-snippet:-1, max-image-preview:large, max-video-preview:-1\" \/>\n<link rel=\"canonical\" href=\"https:\/\/vetanco.com\/br\/produto\/bromesol\/\" \/>\n<meta property=\"og:locale\" content=\"pt_BR\" \/>\n<meta property=\"og:type\" content=\"article\" \/>\n<meta property=\"og:title\" content=\"BROMESOL\u00ae - Vetanco Brasil\" \/>\n<meta property=\"og:description\" content=\"O BROMESOL\u00ae \u00e9 um agente secreol\u00edtico e expectorante que reduz a viscosidade das secre\u00e7\u00f5es nasais e pulmonares, melhorando a respira\u00e7\u00e3o. Atua como coadjuvante com antibi\u00f3ticos e quimioter\u00e1picos no tratamento de bronquites, broncopneumonias agudas e cr\u00f4nicas, pneumonia viral e\u00a0 processo secund\u00e1rios devido a verminose pulmonar.\" \/>\n<meta property=\"og:url\" content=\"https:\/\/vetanco.com\/br\/produto\/bromesol\/\" \/>\n<meta property=\"og:site_name\" content=\"Vetanco Brasil\" \/>\n<meta property=\"article:modified_time\" content=\"2024-06-20T12:53:38+00:00\" \/>\n<meta property=\"og:image\" content=\"https:\/\/vetanco.com\/br\/wp-content\/uploads\/2023\/12\/BROMESOL.png\" \/>\n\t<meta property=\"og:image:width\" content=\"800\" \/>\n\t<meta property=\"og:image:height\" content=\"800\" \/>\n\t<meta property=\"og:image:type\" content=\"image\/png\" \/>\n<meta name=\"twitter:card\" content=\"summary_large_image\" \/>\n<meta name=\"twitter:label1\" content=\"Est. tempo de leitura\" \/>\n\t<meta name=\"twitter:data1\" content=\"1 minuto\" \/>\n<script type=\"application\/ld+json\" class=\"yoast-schema-graph\">{\"@context\":\"https:\\\/\\\/schema.org\",\"@graph\":[{\"@type\":\"WebPage\",\"@id\":\"https:\\\/\\\/vetanco.com\\\/br\\\/produto\\\/bromesol\\\/\",\"url\":\"https:\\\/\\\/vetanco.com\\\/br\\\/produto\\\/bromesol\\\/\",\"name\":\"BROMESOL\u00ae - Vetanco Brasil\",\"isPartOf\":{\"@id\":\"https:\\\/\\\/vetanco.com\\\/br\\\/#website\"},\"primaryImageOfPage\":{\"@id\":\"https:\\\/\\\/vetanco.com\\\/br\\\/produto\\\/bromesol\\\/#primaryimage\"},\"image\":{\"@id\":\"https:\\\/\\\/vetanco.com\\\/br\\\/produto\\\/bromesol\\\/#primaryimage\"},\"thumbnailUrl\":\"https:\\\/\\\/vetanco.com\\\/br\\\/wp-content\\\/uploads\\\/2023\\\/12\\\/BROMESOL.png\",\"datePublished\":\"2023-12-16T18:08:01+00:00\",\"dateModified\":\"2024-06-20T12:53:38+00:00\",\"breadcrumb\":{\"@id\":\"https:\\\/\\\/vetanco.com\\\/br\\\/produto\\\/bromesol\\\/#breadcrumb\"},\"inLanguage\":\"pt-BR\",\"potentialAction\":[{\"@type\":\"ReadAction\",\"target\":[\"https:\\\/\\\/vetanco.com\\\/br\\\/produto\\\/bromesol\\\/\"]}]},{\"@type\":\"ImageObject\",\"inLanguage\":\"pt-BR\",\"@id\":\"https:\\\/\\\/vetanco.com\\\/br\\\/produto\\\/bromesol\\\/#primaryimage\",\"url\":\"https:\\\/\\\/vetanco.com\\\/br\\\/wp-content\\\/uploads\\\/2023\\\/12\\\/BROMESOL.png\",\"contentUrl\":\"https:\\\/\\\/vetanco.com\\\/br\\\/wp-content\\\/uploads\\\/2023\\\/12\\\/BROMESOL.png\",\"width\":800,\"height\":800},{\"@type\":\"BreadcrumbList\",\"@id\":\"https:\\\/\\\/vetanco.com\\\/br\\\/produto\\\/bromesol\\\/#breadcrumb\",\"itemListElement\":[{\"@type\":\"ListItem\",\"position\":1,\"name\":\"In\u00edcio\",\"item\":\"https:\\\/\\\/vetanco.com\\\/br\\\/\"},{\"@type\":\"ListItem\",\"position\":2,\"name\":\"Produtos\",\"item\":\"https:\\\/\\\/vetanco.com\\\/br\\\/produtos\\\/\"},{\"@type\":\"ListItem\",\"position\":3,\"name\":\"BROMESOL\u00ae\"}]},{\"@type\":\"WebSite\",\"@id\":\"https:\\\/\\\/vetanco.com\\\/br\\\/#website\",\"url\":\"https:\\\/\\\/vetanco.com\\\/br\\\/\",\"name\":\"Vetanco Brasil\",\"description\":\"Produtos Seguros para Alimentos Seguros\",\"potentialAction\":[{\"@type\":\"SearchAction\",\"target\":{\"@type\":\"EntryPoint\",\"urlTemplate\":\"https:\\\/\\\/vetanco.com\\\/br\\\/?s={search_term_string}\"},\"query-input\":{\"@type\":\"PropertyValueSpecification\",\"valueRequired\":true,\"valueName\":\"search_term_string\"}}],\"inLanguage\":\"pt-BR\"}]}<\/script>\n<!-- \/ Yoast SEO plugin. -->","yoast_head_json":{"title":"BROMESOL\u00ae - Vetanco Brasil","robots":{"index":"index","follow":"follow","max-snippet":"max-snippet:-1","max-image-preview":"max-image-preview:large","max-video-preview":"max-video-preview:-1"},"canonical":"https:\/\/vetanco.com\/br\/produto\/bromesol\/","og_locale":"pt_BR","og_type":"article","og_title":"BROMESOL\u00ae - Vetanco Brasil","og_description":"O BROMESOL\u00ae \u00e9 um agente secreol\u00edtico e expectorante que reduz a viscosidade das secre\u00e7\u00f5es nasais e pulmonares, melhorando a respira\u00e7\u00e3o. Atua como coadjuvante com antibi\u00f3ticos e quimioter\u00e1picos no tratamento de bronquites, broncopneumonias agudas e cr\u00f4nicas, pneumonia viral e\u00a0 processo secund\u00e1rios devido a verminose pulmonar.","og_url":"https:\/\/vetanco.com\/br\/produto\/bromesol\/","og_site_name":"Vetanco Brasil","article_modified_time":"2024-06-20T12:53:38+00:00","og_image":[{"width":800,"height":800,"url":"https:\/\/vetanco.com\/br\/wp-content\/uploads\/2023\/12\/BROMESOL.png","type":"image\/png"}],"twitter_card":"summary_large_image","twitter_misc":{"Est. tempo de leitura":"1 minuto"},"schema":{"@context":"https:\/\/schema.org","@graph":[{"@type":"WebPage","@id":"https:\/\/vetanco.com\/br\/produto\/bromesol\/","url":"https:\/\/vetanco.com\/br\/produto\/bromesol\/","name":"BROMESOL\u00ae - Vetanco Brasil","isPartOf":{"@id":"https:\/\/vetanco.com\/br\/#website"},"primaryImageOfPage":{"@id":"https:\/\/vetanco.com\/br\/produto\/bromesol\/#primaryimage"},"image":{"@id":"https:\/\/vetanco.com\/br\/produto\/bromesol\/#primaryimage"},"thumbnailUrl":"https:\/\/vetanco.com\/br\/wp-content\/uploads\/2023\/12\/BROMESOL.png","datePublished":"2023-12-16T18:08:01+00:00","dateModified":"2024-06-20T12:53:38+00:00","breadcrumb":{"@id":"https:\/\/vetanco.com\/br\/produto\/bromesol\/#breadcrumb"},"inLanguage":"pt-BR","potentialAction":[{"@type":"ReadAction","target":["https:\/\/vetanco.com\/br\/produto\/bromesol\/"]}]},{"@type":"ImageObject","inLanguage":"pt-BR","@id":"https:\/\/vetanco.com\/br\/produto\/bromesol\/#primaryimage","url":"https:\/\/vetanco.com\/br\/wp-content\/uploads\/2023\/12\/BROMESOL.png","contentUrl":"https:\/\/vetanco.com\/br\/wp-content\/uploads\/2023\/12\/BROMESOL.png","width":800,"height":800},{"@type":"BreadcrumbList","@id":"https:\/\/vetanco.com\/br\/produto\/bromesol\/#breadcrumb","itemListElement":[{"@type":"ListItem","position":1,"name":"In\u00edcio","item":"https:\/\/vetanco.com\/br\/"},{"@type":"ListItem","position":2,"name":"Produtos","item":"https:\/\/vetanco.com\/br\/produtos\/"},{"@type":"ListItem","position":3,"name":"BROMESOL\u00ae"}]},{"@type":"WebSite","@id":"https:\/\/vetanco.com\/br\/#website","url":"https:\/\/vetanco.com\/br\/","name":"Vetanco Brasil","description":"Produtos Seguros para Alimentos Seguros","potentialAction":[{"@type":"SearchAction","target":{"@type":"EntryPoint","urlTemplate":"https:\/\/vetanco.com\/br\/?s={search_term_string}"},"query-input":{"@type":"PropertyValueSpecification","valueRequired":true,"valueName":"search_term_string"}}],"inLanguage":"pt-BR"}]}},"_links":{"self":[{"href":"https:\/\/vetanco.com\/br\/wp-json\/wp\/v2\/product\/40","targetHints":{"allow":["GET"]}}],"collection":[{"href":"https:\/\/vetanco.com\/br\/wp-json\/wp\/v2\/product"}],"about":[{"href":"https:\/\/vetanco.com\/br\/wp-json\/wp\/v2\/types\/product"}],"wp:featuredmedia":[{"embeddable":true,"href":"https:\/\/vetanco.com\/br\/wp-json\/wp\/v2\/media\/610"}],"wp:attachment":[{"href":"https:\/\/vetanco.com\/br\/wp-json\/wp\/v2\/media?parent=40"}],"wp:term":[{"taxonomy":"product_brand","embeddable":true,"href":"https:\/\/vetanco.com\/br\/wp-json\/wp\/v2\/product_brand?post=40"},{"taxonomy":"product_cat","embeddable":true,"href":"https:\/\/vetanco.com\/br\/wp-json\/wp\/v2\/product_cat?post=40"},{"taxonomy":"product_tag","embeddable":true,"href":"https:\/\/vetanco.com\/br\/wp-json\/wp\/v2\/product_tag?post=40"}],"curies":[{"name":"wp","href":"https:\/\/api.w.org\/{rel}","templated":true}]}}