{"id":41,"date":"2023-12-16T15:08:15","date_gmt":"2023-12-16T18:08:15","guid":{"rendered":"https:\/\/vetanco.com\/br\/?post_type=product&#038;p=41"},"modified":"2024-06-20T09:52:55","modified_gmt":"2024-06-20T12:52:55","slug":"microfludf-oral","status":"publish","type":"product","link":"https:\/\/vetanco.com\/br\/produto\/microfludf-oral\/","title":{"rendered":"MICROFLUD<sup>\u00ae<\/sup>F ORAL"},"content":{"rendered":"<p><strong><span style=\"color: #00397f;\">COMPOSI\u00c7\u00c3O B\u00c1SICA<\/span><\/strong><\/p>\n<p><span style=\"font-weight: 400;\">Florfenicol e Excipientes<\/span><\/p>\n<p>&nbsp;<\/p>\n<p><strong><span style=\"color: #00397f;\">MODO DE USO<\/span><\/strong><\/p>\n<p><span style=\"font-weight: 400;\">O produto deve ser administrado, por via oral, atrav\u00e9s da \u00e1gua de bebida das aves, na dose de 20 mg de princ\u00edpio ativo por kg de peso vivo (equivalente a 500 mL de MICROFLUD<\/span><span style=\"font-weight: 400;\"><sup>\u00ae<\/sup><\/span><span style=\"font-weight: 400;\">F ORAL para 2.500 Kg de peso vivo), durante 5 dias consecutivos. Sendo um antimicrobiano tempo dependente, as aves devem ingerir a dose di\u00e1ria do produto durante o maior per\u00edodo de tempo poss\u00edvel em cada dia de tratamento. O MICROFLUD<\/span><span style=\"font-weight: 400;\"><sup>\u00ae<\/sup><\/span><span style=\"font-weight: 400;\">F ORAL deve ser administrado puro, diretamente na caixa d&#8217;\u00e1gua ou no dosador. Para correta dilui\u00e7\u00e3o de 1 litro de MICROFLUD<\/span><span style=\"font-weight: 400;\"><sup>\u00ae<\/sup><\/span><span style=\"font-weight: 400;\">F ORAL, utilizar 1.000 litros de \u00e1gua.<\/span><\/p>\n<p>&nbsp;<\/p>\n<p><strong><span style=\"color: #00397f;\">APRESENTA\u00c7\u00c3O<\/span><\/strong><\/p>\n<p><span style=\"font-weight: 400;\">Frascos de 500 mL.<\/span><\/p>\n<p>&nbsp;<\/p>\n<p><strong><span style=\"color: #00397f;\">PER\u00cdODO DE CAR\u00caNCIA<\/span><\/strong><\/p>\n<p><span style=\"font-weight: 400;\">O abate dos animais tratados somente deve ser realizado 2 dias ap\u00f3s a \u00faltima administra\u00e7\u00e3o. <\/span><\/p>\n","protected":false},"excerpt":{"rendered":"<p><img loading=\"lazy\" decoding=\"async\" class=\"alignnone wp-image-768\" src=\"https:\/\/vetanco.com\/br\/wp-content\/uploads\/2023\/12\/Poultry-icon.png\" alt=\"\" width=\"70\" height=\"59\" \/><\/p>\n<p><span style=\"font-weight: 400;\">O MICROFLUD<\/span><span style=\"font-weight: 400;\"><sup>\u00ae<\/sup><\/span><span style=\"font-weight: 400;\">F ORAL\u00a0 \u00e9 um produto indicado para o tratamento de infec\u00e7\u00f5es por <\/span><i><span style=\"font-weight: 400;\">Escherichia coli<\/span><\/i><span style=\"font-weight: 400;\"> sens\u00edveis ao Florfenicol em frangos de corte e frangas de reposi\u00e7\u00e3o.<\/span><\/p>\n","protected":false},"featured_media":611,"template":"","meta":[],"product_brand":[],"product_cat":[17],"product_tag":[],"class_list":{"0":"post-41","1":"product","2":"type-product","3":"status-publish","4":"has-post-thumbnail","6":"product_cat-aves","8":"first","9":"onbackorder","10":"shipping-taxable","11":"product-type-simple"},"yoast_head":"<!-- This site is optimized with the Yoast SEO plugin v27.3 - https:\/\/yoast.com\/product\/yoast-seo-wordpress\/ -->\n<title>MICROFLUD\u00aeF ORAL - Vetanco Brasil<\/title>\n<meta name=\"robots\" content=\"index, follow, max-snippet:-1, max-image-preview:large, max-video-preview:-1\" \/>\n<link rel=\"canonical\" href=\"https:\/\/vetanco.com\/br\/produto\/microfludf-oral\/\" \/>\n<meta property=\"og:locale\" content=\"pt_BR\" \/>\n<meta property=\"og:type\" content=\"article\" \/>\n<meta property=\"og:title\" content=\"MICROFLUD\u00aeF ORAL - Vetanco Brasil\" \/>\n<meta property=\"og:description\" content=\"O MICROFLUD\u00aeF ORAL\u00a0 \u00e9 um produto indicado para o tratamento de infec\u00e7\u00f5es por Escherichia coli sens\u00edveis ao Florfenicol em frangos de corte e frangas de reposi\u00e7\u00e3o.\" \/>\n<meta property=\"og:url\" content=\"https:\/\/vetanco.com\/br\/produto\/microfludf-oral\/\" \/>\n<meta property=\"og:site_name\" content=\"Vetanco Brasil\" \/>\n<meta property=\"article:modified_time\" content=\"2024-06-20T12:52:55+00:00\" \/>\n<meta property=\"og:image\" content=\"https:\/\/vetanco.com\/br\/wp-content\/uploads\/2023\/12\/MICROFLUD-F-ORAL.png\" \/>\n\t<meta property=\"og:image:width\" content=\"800\" \/>\n\t<meta property=\"og:image:height\" content=\"800\" \/>\n\t<meta property=\"og:image:type\" content=\"image\/png\" \/>\n<meta name=\"twitter:card\" content=\"summary_large_image\" \/>\n<meta name=\"twitter:label1\" content=\"Est. tempo de leitura\" \/>\n\t<meta name=\"twitter:data1\" content=\"1 minuto\" \/>\n<script type=\"application\/ld+json\" class=\"yoast-schema-graph\">{\"@context\":\"https:\\\/\\\/schema.org\",\"@graph\":[{\"@type\":\"WebPage\",\"@id\":\"https:\\\/\\\/vetanco.com\\\/br\\\/produto\\\/microfludf-oral\\\/\",\"url\":\"https:\\\/\\\/vetanco.com\\\/br\\\/produto\\\/microfludf-oral\\\/\",\"name\":\"MICROFLUD\u00aeF ORAL - Vetanco Brasil\",\"isPartOf\":{\"@id\":\"https:\\\/\\\/vetanco.com\\\/br\\\/#website\"},\"primaryImageOfPage\":{\"@id\":\"https:\\\/\\\/vetanco.com\\\/br\\\/produto\\\/microfludf-oral\\\/#primaryimage\"},\"image\":{\"@id\":\"https:\\\/\\\/vetanco.com\\\/br\\\/produto\\\/microfludf-oral\\\/#primaryimage\"},\"thumbnailUrl\":\"https:\\\/\\\/vetanco.com\\\/br\\\/wp-content\\\/uploads\\\/2023\\\/12\\\/MICROFLUD-F-ORAL.png\",\"datePublished\":\"2023-12-16T18:08:15+00:00\",\"dateModified\":\"2024-06-20T12:52:55+00:00\",\"breadcrumb\":{\"@id\":\"https:\\\/\\\/vetanco.com\\\/br\\\/produto\\\/microfludf-oral\\\/#breadcrumb\"},\"inLanguage\":\"pt-BR\",\"potentialAction\":[{\"@type\":\"ReadAction\",\"target\":[\"https:\\\/\\\/vetanco.com\\\/br\\\/produto\\\/microfludf-oral\\\/\"]}]},{\"@type\":\"ImageObject\",\"inLanguage\":\"pt-BR\",\"@id\":\"https:\\\/\\\/vetanco.com\\\/br\\\/produto\\\/microfludf-oral\\\/#primaryimage\",\"url\":\"https:\\\/\\\/vetanco.com\\\/br\\\/wp-content\\\/uploads\\\/2023\\\/12\\\/MICROFLUD-F-ORAL.png\",\"contentUrl\":\"https:\\\/\\\/vetanco.com\\\/br\\\/wp-content\\\/uploads\\\/2023\\\/12\\\/MICROFLUD-F-ORAL.png\",\"width\":800,\"height\":800},{\"@type\":\"BreadcrumbList\",\"@id\":\"https:\\\/\\\/vetanco.com\\\/br\\\/produto\\\/microfludf-oral\\\/#breadcrumb\",\"itemListElement\":[{\"@type\":\"ListItem\",\"position\":1,\"name\":\"In\u00edcio\",\"item\":\"https:\\\/\\\/vetanco.com\\\/br\\\/\"},{\"@type\":\"ListItem\",\"position\":2,\"name\":\"Produtos\",\"item\":\"https:\\\/\\\/vetanco.com\\\/br\\\/produtos\\\/\"},{\"@type\":\"ListItem\",\"position\":3,\"name\":\"MICROFLUD\u00aeF ORAL\"}]},{\"@type\":\"WebSite\",\"@id\":\"https:\\\/\\\/vetanco.com\\\/br\\\/#website\",\"url\":\"https:\\\/\\\/vetanco.com\\\/br\\\/\",\"name\":\"Vetanco Brasil\",\"description\":\"Produtos Seguros para Alimentos Seguros\",\"potentialAction\":[{\"@type\":\"SearchAction\",\"target\":{\"@type\":\"EntryPoint\",\"urlTemplate\":\"https:\\\/\\\/vetanco.com\\\/br\\\/?s={search_term_string}\"},\"query-input\":{\"@type\":\"PropertyValueSpecification\",\"valueRequired\":true,\"valueName\":\"search_term_string\"}}],\"inLanguage\":\"pt-BR\"}]}<\/script>\n<!-- \/ Yoast SEO plugin. -->","yoast_head_json":{"title":"MICROFLUD\u00aeF ORAL - Vetanco Brasil","robots":{"index":"index","follow":"follow","max-snippet":"max-snippet:-1","max-image-preview":"max-image-preview:large","max-video-preview":"max-video-preview:-1"},"canonical":"https:\/\/vetanco.com\/br\/produto\/microfludf-oral\/","og_locale":"pt_BR","og_type":"article","og_title":"MICROFLUD\u00aeF ORAL - Vetanco Brasil","og_description":"O MICROFLUD\u00aeF ORAL\u00a0 \u00e9 um produto indicado para o tratamento de infec\u00e7\u00f5es por Escherichia coli sens\u00edveis ao Florfenicol em frangos de corte e frangas de reposi\u00e7\u00e3o.","og_url":"https:\/\/vetanco.com\/br\/produto\/microfludf-oral\/","og_site_name":"Vetanco Brasil","article_modified_time":"2024-06-20T12:52:55+00:00","og_image":[{"width":800,"height":800,"url":"https:\/\/vetanco.com\/br\/wp-content\/uploads\/2023\/12\/MICROFLUD-F-ORAL.png","type":"image\/png"}],"twitter_card":"summary_large_image","twitter_misc":{"Est. tempo de leitura":"1 minuto"},"schema":{"@context":"https:\/\/schema.org","@graph":[{"@type":"WebPage","@id":"https:\/\/vetanco.com\/br\/produto\/microfludf-oral\/","url":"https:\/\/vetanco.com\/br\/produto\/microfludf-oral\/","name":"MICROFLUD\u00aeF ORAL - Vetanco Brasil","isPartOf":{"@id":"https:\/\/vetanco.com\/br\/#website"},"primaryImageOfPage":{"@id":"https:\/\/vetanco.com\/br\/produto\/microfludf-oral\/#primaryimage"},"image":{"@id":"https:\/\/vetanco.com\/br\/produto\/microfludf-oral\/#primaryimage"},"thumbnailUrl":"https:\/\/vetanco.com\/br\/wp-content\/uploads\/2023\/12\/MICROFLUD-F-ORAL.png","datePublished":"2023-12-16T18:08:15+00:00","dateModified":"2024-06-20T12:52:55+00:00","breadcrumb":{"@id":"https:\/\/vetanco.com\/br\/produto\/microfludf-oral\/#breadcrumb"},"inLanguage":"pt-BR","potentialAction":[{"@type":"ReadAction","target":["https:\/\/vetanco.com\/br\/produto\/microfludf-oral\/"]}]},{"@type":"ImageObject","inLanguage":"pt-BR","@id":"https:\/\/vetanco.com\/br\/produto\/microfludf-oral\/#primaryimage","url":"https:\/\/vetanco.com\/br\/wp-content\/uploads\/2023\/12\/MICROFLUD-F-ORAL.png","contentUrl":"https:\/\/vetanco.com\/br\/wp-content\/uploads\/2023\/12\/MICROFLUD-F-ORAL.png","width":800,"height":800},{"@type":"BreadcrumbList","@id":"https:\/\/vetanco.com\/br\/produto\/microfludf-oral\/#breadcrumb","itemListElement":[{"@type":"ListItem","position":1,"name":"In\u00edcio","item":"https:\/\/vetanco.com\/br\/"},{"@type":"ListItem","position":2,"name":"Produtos","item":"https:\/\/vetanco.com\/br\/produtos\/"},{"@type":"ListItem","position":3,"name":"MICROFLUD\u00aeF ORAL"}]},{"@type":"WebSite","@id":"https:\/\/vetanco.com\/br\/#website","url":"https:\/\/vetanco.com\/br\/","name":"Vetanco Brasil","description":"Produtos Seguros para Alimentos Seguros","potentialAction":[{"@type":"SearchAction","target":{"@type":"EntryPoint","urlTemplate":"https:\/\/vetanco.com\/br\/?s={search_term_string}"},"query-input":{"@type":"PropertyValueSpecification","valueRequired":true,"valueName":"search_term_string"}}],"inLanguage":"pt-BR"}]}},"_links":{"self":[{"href":"https:\/\/vetanco.com\/br\/wp-json\/wp\/v2\/product\/41","targetHints":{"allow":["GET"]}}],"collection":[{"href":"https:\/\/vetanco.com\/br\/wp-json\/wp\/v2\/product"}],"about":[{"href":"https:\/\/vetanco.com\/br\/wp-json\/wp\/v2\/types\/product"}],"wp:featuredmedia":[{"embeddable":true,"href":"https:\/\/vetanco.com\/br\/wp-json\/wp\/v2\/media\/611"}],"wp:attachment":[{"href":"https:\/\/vetanco.com\/br\/wp-json\/wp\/v2\/media?parent=41"}],"wp:term":[{"taxonomy":"product_brand","embeddable":true,"href":"https:\/\/vetanco.com\/br\/wp-json\/wp\/v2\/product_brand?post=41"},{"taxonomy":"product_cat","embeddable":true,"href":"https:\/\/vetanco.com\/br\/wp-json\/wp\/v2\/product_cat?post=41"},{"taxonomy":"product_tag","embeddable":true,"href":"https:\/\/vetanco.com\/br\/wp-json\/wp\/v2\/product_tag?post=41"}],"curies":[{"name":"wp","href":"https:\/\/api.w.org\/{rel}","templated":true}]}}