{"id":42,"date":"2023-12-16T15:08:26","date_gmt":"2023-12-16T18:08:26","guid":{"rendered":"https:\/\/vetanco.com\/br\/?post_type=product&#038;p=42"},"modified":"2025-10-30T08:05:17","modified_gmt":"2025-10-30T11:05:17","slug":"vetribac-d-solucao","status":"publish","type":"product","link":"https:\/\/vetanco.com\/br\/produto\/vetribac-d-solucao\/","title":{"rendered":"VETRIBAC<sup>\u00ae<\/sup> D SOLU\u00c7\u00c3O"},"content":{"rendered":"<p><strong><span style=\"color: #00397f;\">COMPOSI\u00c7\u00c3O B\u00c1SICA<\/span><\/strong><\/p>\n<p><span style=\"font-weight: 400;\">Diclazuril e excipientes.<\/span><\/p>\n<p>&nbsp;<\/p>\n<p><strong><span style=\"color: #00397f;\">MODO DE USO<\/span><\/strong><\/p>\n<p><span style=\"font-weight: 400;\">O produto deve ser administrado, por via oral, atrav\u00e9s da \u00e1gua de bebida das aves, na dose de 0,5 a 1 mg de princ\u00edpio ativo por kg de peso vivo (equivalente a 1 litro de VETRIBAC<\/span><span style=\"font-weight: 400;\"><sup>\u00ae<\/sup><\/span><span style=\"font-weight: 400;\"> D SOLU\u00c7\u00c3O para 10.000 a 20.000 Kg de peso vivo) durante 2 dias consecutivos.<\/span><\/p>\n<p>&nbsp;<\/p>\n<p><strong><span style=\"color: #00397f;\">APRESENTA\u00c7\u00c3O<\/span><\/strong><\/p>\n<p><span style=\"font-weight: 400;\">Frascos de 500 mL e 1 litro.<\/span><\/p>\n<p>&nbsp;<\/p>\n<p><strong><span style=\"color: #00397f;\">PER\u00cdODO DE CAR\u00caNCIA<\/span><\/strong><\/p>\n<p><span style=\"font-weight: 400;\">O abate das aves tratadas somente deve ser realizado 3 dias ap\u00f3s a \u00faltima administra\u00e7\u00e3o.<\/span><\/p>\n","protected":false},"excerpt":{"rendered":"<p><img loading=\"lazy\" decoding=\"async\" class=\"alignnone wp-image-768\" src=\"https:\/\/vetanco.com\/br\/wp-content\/uploads\/2023\/12\/Poultry-icon.png\" alt=\"\" width=\"70\" height=\"59\" \/> <img loading=\"lazy\" decoding=\"async\" class=\"alignnone wp-image-769\" src=\"https:\/\/vetanco.com\/br\/wp-content\/uploads\/2023\/12\/Swine-icon.png\" alt=\"\" width=\"70\" height=\"59\" \/><\/p>\n<p><span style=\"font-weight: 400;\">O VETRIBAC<\/span><span style=\"font-weight: 400;\"><sup>\u00ae<\/sup><\/span><span style=\"font-weight: 400;\"> D SOLU\u00c7\u00c3O \u00e9 um anticoccidiano qu\u00edmico para uso via \u00e1gua de bebida, composto por Diclazuril. \u00c9 recomendado para o tratamento de coccidioses e coccid\u00edases causadas pelos agentes<\/span><i><span style=\"font-weight: 400;\"> Eimeria acervulina, E. tenella, E. maxima, E. brunetti, E. mivatii e E. necatrix <\/span><\/i><span style=\"font-weight: 400;\">em frangos de corte, frangas de reposi\u00e7\u00e3o e reprodutoras.<\/span><\/p>\n","protected":false},"featured_media":612,"template":"","meta":[],"product_brand":[],"product_cat":[17],"product_tag":[],"class_list":{"0":"post-42","1":"product","2":"type-product","3":"status-publish","4":"has-post-thumbnail","6":"product_cat-aves","8":"first","9":"onbackorder","10":"shipping-taxable","11":"product-type-simple"},"yoast_head":"<!-- This site is optimized with the Yoast SEO plugin v27.3 - https:\/\/yoast.com\/product\/yoast-seo-wordpress\/ -->\n<title>VETRIBAC\u00ae D SOLU\u00c7\u00c3O - Vetanco Brasil<\/title>\n<meta name=\"robots\" content=\"index, follow, max-snippet:-1, max-image-preview:large, max-video-preview:-1\" \/>\n<link rel=\"canonical\" href=\"https:\/\/vetanco.com\/br\/produto\/vetribac-d-solucao\/\" \/>\n<meta property=\"og:locale\" content=\"pt_BR\" \/>\n<meta property=\"og:type\" content=\"article\" \/>\n<meta property=\"og:title\" content=\"VETRIBAC\u00ae D SOLU\u00c7\u00c3O - Vetanco Brasil\" \/>\n<meta property=\"og:description\" content=\"O VETRIBAC\u00ae D SOLU\u00c7\u00c3O \u00e9 um anticoccidiano qu\u00edmico para uso via \u00e1gua de bebida, composto por Diclazuril. \u00c9 recomendado para o tratamento de coccidioses e coccid\u00edases causadas pelos agentes Eimeria acervulina, E. tenella, E. maxima, E. brunetti, E. mivatii e E. necatrix em frangos de corte, frangas de reposi\u00e7\u00e3o e reprodutoras.\" \/>\n<meta property=\"og:url\" content=\"https:\/\/vetanco.com\/br\/produto\/vetribac-d-solucao\/\" \/>\n<meta property=\"og:site_name\" content=\"Vetanco Brasil\" \/>\n<meta property=\"article:modified_time\" content=\"2025-10-30T11:05:17+00:00\" \/>\n<meta property=\"og:image\" content=\"https:\/\/vetanco.com\/br\/wp-content\/uploads\/2023\/12\/VENTRIBAC-D.png\" \/>\n\t<meta property=\"og:image:width\" content=\"800\" \/>\n\t<meta property=\"og:image:height\" content=\"800\" \/>\n\t<meta property=\"og:image:type\" content=\"image\/png\" \/>\n<meta name=\"twitter:card\" content=\"summary_large_image\" \/>\n<meta name=\"twitter:label1\" content=\"Est. tempo de leitura\" \/>\n\t<meta name=\"twitter:data1\" content=\"1 minuto\" \/>\n<script type=\"application\/ld+json\" class=\"yoast-schema-graph\">{\"@context\":\"https:\\\/\\\/schema.org\",\"@graph\":[{\"@type\":\"WebPage\",\"@id\":\"https:\\\/\\\/vetanco.com\\\/br\\\/produto\\\/vetribac-d-solucao\\\/\",\"url\":\"https:\\\/\\\/vetanco.com\\\/br\\\/produto\\\/vetribac-d-solucao\\\/\",\"name\":\"VETRIBAC\u00ae D SOLU\u00c7\u00c3O - Vetanco Brasil\",\"isPartOf\":{\"@id\":\"https:\\\/\\\/vetanco.com\\\/br\\\/#website\"},\"primaryImageOfPage\":{\"@id\":\"https:\\\/\\\/vetanco.com\\\/br\\\/produto\\\/vetribac-d-solucao\\\/#primaryimage\"},\"image\":{\"@id\":\"https:\\\/\\\/vetanco.com\\\/br\\\/produto\\\/vetribac-d-solucao\\\/#primaryimage\"},\"thumbnailUrl\":\"https:\\\/\\\/vetanco.com\\\/br\\\/wp-content\\\/uploads\\\/2023\\\/12\\\/VENTRIBAC-D.png\",\"datePublished\":\"2023-12-16T18:08:26+00:00\",\"dateModified\":\"2025-10-30T11:05:17+00:00\",\"breadcrumb\":{\"@id\":\"https:\\\/\\\/vetanco.com\\\/br\\\/produto\\\/vetribac-d-solucao\\\/#breadcrumb\"},\"inLanguage\":\"pt-BR\",\"potentialAction\":[{\"@type\":\"ReadAction\",\"target\":[\"https:\\\/\\\/vetanco.com\\\/br\\\/produto\\\/vetribac-d-solucao\\\/\"]}]},{\"@type\":\"ImageObject\",\"inLanguage\":\"pt-BR\",\"@id\":\"https:\\\/\\\/vetanco.com\\\/br\\\/produto\\\/vetribac-d-solucao\\\/#primaryimage\",\"url\":\"https:\\\/\\\/vetanco.com\\\/br\\\/wp-content\\\/uploads\\\/2023\\\/12\\\/VENTRIBAC-D.png\",\"contentUrl\":\"https:\\\/\\\/vetanco.com\\\/br\\\/wp-content\\\/uploads\\\/2023\\\/12\\\/VENTRIBAC-D.png\",\"width\":800,\"height\":800},{\"@type\":\"BreadcrumbList\",\"@id\":\"https:\\\/\\\/vetanco.com\\\/br\\\/produto\\\/vetribac-d-solucao\\\/#breadcrumb\",\"itemListElement\":[{\"@type\":\"ListItem\",\"position\":1,\"name\":\"In\u00edcio\",\"item\":\"https:\\\/\\\/vetanco.com\\\/br\\\/\"},{\"@type\":\"ListItem\",\"position\":2,\"name\":\"Produtos\",\"item\":\"https:\\\/\\\/vetanco.com\\\/br\\\/produtos\\\/\"},{\"@type\":\"ListItem\",\"position\":3,\"name\":\"VETRIBAC\u00ae D SOLU\u00c7\u00c3O\"}]},{\"@type\":\"WebSite\",\"@id\":\"https:\\\/\\\/vetanco.com\\\/br\\\/#website\",\"url\":\"https:\\\/\\\/vetanco.com\\\/br\\\/\",\"name\":\"Vetanco Brasil\",\"description\":\"Produtos Seguros para Alimentos Seguros\",\"potentialAction\":[{\"@type\":\"SearchAction\",\"target\":{\"@type\":\"EntryPoint\",\"urlTemplate\":\"https:\\\/\\\/vetanco.com\\\/br\\\/?s={search_term_string}\"},\"query-input\":{\"@type\":\"PropertyValueSpecification\",\"valueRequired\":true,\"valueName\":\"search_term_string\"}}],\"inLanguage\":\"pt-BR\"}]}<\/script>\n<!-- \/ Yoast SEO plugin. -->","yoast_head_json":{"title":"VETRIBAC\u00ae D SOLU\u00c7\u00c3O - Vetanco Brasil","robots":{"index":"index","follow":"follow","max-snippet":"max-snippet:-1","max-image-preview":"max-image-preview:large","max-video-preview":"max-video-preview:-1"},"canonical":"https:\/\/vetanco.com\/br\/produto\/vetribac-d-solucao\/","og_locale":"pt_BR","og_type":"article","og_title":"VETRIBAC\u00ae D SOLU\u00c7\u00c3O - Vetanco Brasil","og_description":"O VETRIBAC\u00ae D SOLU\u00c7\u00c3O \u00e9 um anticoccidiano qu\u00edmico para uso via \u00e1gua de bebida, composto por Diclazuril. \u00c9 recomendado para o tratamento de coccidioses e coccid\u00edases causadas pelos agentes Eimeria acervulina, E. tenella, E. maxima, E. brunetti, E. mivatii e E. necatrix em frangos de corte, frangas de reposi\u00e7\u00e3o e reprodutoras.","og_url":"https:\/\/vetanco.com\/br\/produto\/vetribac-d-solucao\/","og_site_name":"Vetanco Brasil","article_modified_time":"2025-10-30T11:05:17+00:00","og_image":[{"width":800,"height":800,"url":"https:\/\/vetanco.com\/br\/wp-content\/uploads\/2023\/12\/VENTRIBAC-D.png","type":"image\/png"}],"twitter_card":"summary_large_image","twitter_misc":{"Est. tempo de leitura":"1 minuto"},"schema":{"@context":"https:\/\/schema.org","@graph":[{"@type":"WebPage","@id":"https:\/\/vetanco.com\/br\/produto\/vetribac-d-solucao\/","url":"https:\/\/vetanco.com\/br\/produto\/vetribac-d-solucao\/","name":"VETRIBAC\u00ae D SOLU\u00c7\u00c3O - Vetanco Brasil","isPartOf":{"@id":"https:\/\/vetanco.com\/br\/#website"},"primaryImageOfPage":{"@id":"https:\/\/vetanco.com\/br\/produto\/vetribac-d-solucao\/#primaryimage"},"image":{"@id":"https:\/\/vetanco.com\/br\/produto\/vetribac-d-solucao\/#primaryimage"},"thumbnailUrl":"https:\/\/vetanco.com\/br\/wp-content\/uploads\/2023\/12\/VENTRIBAC-D.png","datePublished":"2023-12-16T18:08:26+00:00","dateModified":"2025-10-30T11:05:17+00:00","breadcrumb":{"@id":"https:\/\/vetanco.com\/br\/produto\/vetribac-d-solucao\/#breadcrumb"},"inLanguage":"pt-BR","potentialAction":[{"@type":"ReadAction","target":["https:\/\/vetanco.com\/br\/produto\/vetribac-d-solucao\/"]}]},{"@type":"ImageObject","inLanguage":"pt-BR","@id":"https:\/\/vetanco.com\/br\/produto\/vetribac-d-solucao\/#primaryimage","url":"https:\/\/vetanco.com\/br\/wp-content\/uploads\/2023\/12\/VENTRIBAC-D.png","contentUrl":"https:\/\/vetanco.com\/br\/wp-content\/uploads\/2023\/12\/VENTRIBAC-D.png","width":800,"height":800},{"@type":"BreadcrumbList","@id":"https:\/\/vetanco.com\/br\/produto\/vetribac-d-solucao\/#breadcrumb","itemListElement":[{"@type":"ListItem","position":1,"name":"In\u00edcio","item":"https:\/\/vetanco.com\/br\/"},{"@type":"ListItem","position":2,"name":"Produtos","item":"https:\/\/vetanco.com\/br\/produtos\/"},{"@type":"ListItem","position":3,"name":"VETRIBAC\u00ae D SOLU\u00c7\u00c3O"}]},{"@type":"WebSite","@id":"https:\/\/vetanco.com\/br\/#website","url":"https:\/\/vetanco.com\/br\/","name":"Vetanco Brasil","description":"Produtos Seguros para Alimentos Seguros","potentialAction":[{"@type":"SearchAction","target":{"@type":"EntryPoint","urlTemplate":"https:\/\/vetanco.com\/br\/?s={search_term_string}"},"query-input":{"@type":"PropertyValueSpecification","valueRequired":true,"valueName":"search_term_string"}}],"inLanguage":"pt-BR"}]}},"_links":{"self":[{"href":"https:\/\/vetanco.com\/br\/wp-json\/wp\/v2\/product\/42","targetHints":{"allow":["GET"]}}],"collection":[{"href":"https:\/\/vetanco.com\/br\/wp-json\/wp\/v2\/product"}],"about":[{"href":"https:\/\/vetanco.com\/br\/wp-json\/wp\/v2\/types\/product"}],"wp:featuredmedia":[{"embeddable":true,"href":"https:\/\/vetanco.com\/br\/wp-json\/wp\/v2\/media\/612"}],"wp:attachment":[{"href":"https:\/\/vetanco.com\/br\/wp-json\/wp\/v2\/media?parent=42"}],"wp:term":[{"taxonomy":"product_brand","embeddable":true,"href":"https:\/\/vetanco.com\/br\/wp-json\/wp\/v2\/product_brand?post=42"},{"taxonomy":"product_cat","embeddable":true,"href":"https:\/\/vetanco.com\/br\/wp-json\/wp\/v2\/product_cat?post=42"},{"taxonomy":"product_tag","embeddable":true,"href":"https:\/\/vetanco.com\/br\/wp-json\/wp\/v2\/product_tag?post=42"}],"curies":[{"name":"wp","href":"https:\/\/api.w.org\/{rel}","templated":true}]}}