{"id":43,"date":"2023-12-16T15:08:36","date_gmt":"2023-12-16T18:08:36","guid":{"rendered":"https:\/\/vetanco.com\/br\/?post_type=product&#038;p=43"},"modified":"2025-10-28T15:24:40","modified_gmt":"2025-10-28T18:24:40","slug":"biotech-vac-salmonella","status":"publish","type":"product","link":"https:\/\/vetanco.com\/br\/produto\/biotech-vac-salmonella\/","title":{"rendered":"BIOTECH VAC<sup>\u00ae<\/sup> SALMONELLA"},"content":{"rendered":"<p><strong><span style=\"color: #00397f;\">COMPOSI\u00c7\u00c3O B\u00c1SICA<\/span><\/strong><\/p>\n<p><span style=\"font-weight: 400;\">Subunidade de <\/span><i><span style=\"font-weight: 400;\">Salmonella spp <\/span><\/i><span style=\"font-weight: 400;\">(produzida por <\/span><i><span style=\"font-weight: 400;\">Bacillus subtilis<\/span><\/i><span style=\"font-weight: 400;\">), excipientes e adjuvantes.<\/span><\/p>\n<p>&nbsp;<\/p>\n<p><strong><span style=\"color: #00397f;\">MODO DE USO<\/span><\/strong><\/p>\n<p><span style=\"font-weight: 400;\">Administrar a vacina BIOTECH VAC<\/span><span style=\"font-weight: 400;\"><sup>\u00ae<\/sup><\/span><span style=\"font-weight: 400;\"> SALMONELLA por via oral, em \u00e1gua de bebida, na dose de 0,2 mL do produto por animal, conforme as seguintes recomenda\u00e7\u00f5es:\u00a0<\/span><\/p>\n<p><span style=\"font-weight: 400;\">Aves de Vida Curta: administrar a vacina em 2 doses, sendo a primeira dentro dos 3 primeiros dias de vida das aves, repetindo a vacina\u00e7\u00e3o 14 dias ap\u00f3s a primeira vacina\u00e7\u00e3o.\u00a0<\/span><\/p>\n<p><span style=\"font-weight: 400;\">Aves de Vida Longa: administrar a vacina em 3 doses, sendo a primeira dentro dos 3 primeiros dias de vida das aves, a segunda em um intervalo de at\u00e9 14 dias p\u00f3s-vacina\u00e7\u00e3o, e administrar a terceira dose entre a 12\u00aa e 16\u00aa semana de vida das aves, segundo as condi\u00e7\u00f5es operativas de cada estabelecimento. <\/span><\/p>\n<p>&nbsp;<\/p>\n<p><strong><span style=\"color: #00397f;\">APRESENTA\u00c7\u00c3O<\/span><\/strong><\/p>\n<p><span style=\"font-weight: 400;\">Sach\u00eas de 2 litros.<\/span><\/p>\n<p>&nbsp;<\/p>\n<p><strong><span style=\"color: #00397f;\">PER\u00cdODO DE CAR\u00caNCIA<\/span><\/strong><\/p>\n<p><span style=\"font-weight: 400;\">N\u00e3o possui per\u00edodo de car\u00eancia.<\/span><\/p>\n","protected":false},"excerpt":{"rendered":"<p><img loading=\"lazy\" decoding=\"async\" class=\"alignnone wp-image-768\" src=\"https:\/\/vetanco.com\/br\/wp-content\/uploads\/2023\/12\/Poultry-icon.png\" alt=\"\" width=\"70\" height=\"59\" \/><\/p>\n<p><span style=\"font-weight: 400;\">A BIOTECH VAC<\/span><span style=\"font-weight: 400;\"><sup>\u00ae<\/sup><\/span><span style=\"font-weight: 400;\"> SALMONELLA \u00e9 uma vacina inativada de subunidade, de administra\u00e7\u00e3o oral para prote\u00e7\u00e3o das aves contra sorotipos de salmonelas denominadas m\u00f3veis <\/span><i><span style=\"font-weight: 400;\">(Salmonella Typhimurium, Salmonella Heidelberg, Salmonella Enteritidis e Salmonella Infantis)<\/span><\/i><span style=\"font-weight: 400;\">, considerados de impacto na seguran\u00e7a alimentar. A BIOTECH VAC<\/span><span style=\"font-weight: 400;\"><sup>\u00ae<\/sup><\/span><span style=\"font-weight: 400;\"> SALMONELLA est\u00e1 recoberta por um polissacar\u00eddeo natural respons\u00e1vel por proteger a subunidade em sua passagem atrav\u00e9s do trato gastrointestinal e assegurar o reconhecimento e resposta do sistema imune.<\/span><\/p>\n","protected":false},"featured_media":613,"template":"","meta":[],"product_brand":[],"product_cat":[17],"product_tag":[],"class_list":{"0":"post-43","1":"product","2":"type-product","3":"status-publish","4":"has-post-thumbnail","6":"product_cat-aves","8":"first","9":"onbackorder","10":"shipping-taxable","11":"product-type-simple"},"yoast_head":"<!-- This site is optimized with the Yoast SEO plugin v27.3 - https:\/\/yoast.com\/product\/yoast-seo-wordpress\/ -->\n<title>BIOTECH VAC\u00ae SALMONELLA - Vetanco Brasil<\/title>\n<meta name=\"robots\" content=\"index, follow, max-snippet:-1, max-image-preview:large, max-video-preview:-1\" \/>\n<link rel=\"canonical\" href=\"https:\/\/vetanco.com\/br\/produto\/biotech-vac-salmonella\/\" \/>\n<meta property=\"og:locale\" content=\"pt_BR\" \/>\n<meta property=\"og:type\" content=\"article\" \/>\n<meta property=\"og:title\" content=\"BIOTECH VAC\u00ae SALMONELLA - Vetanco Brasil\" \/>\n<meta property=\"og:description\" content=\"A BIOTECH VAC\u00ae SALMONELLA \u00e9 uma vacina inativada de subunidade, de administra\u00e7\u00e3o oral para prote\u00e7\u00e3o das aves contra sorotipos de salmonelas denominadas m\u00f3veis (Salmonella Typhimurium, Salmonella Heidelberg, Salmonella Enteritidis e Salmonella Infantis), considerados de impacto na seguran\u00e7a alimentar. A BIOTECH VAC\u00ae SALMONELLA est\u00e1 recoberta por um polissacar\u00eddeo natural respons\u00e1vel por proteger a subunidade em sua passagem atrav\u00e9s do trato gastrointestinal e assegurar o reconhecimento e resposta do sistema imune.\" \/>\n<meta property=\"og:url\" content=\"https:\/\/vetanco.com\/br\/produto\/biotech-vac-salmonella\/\" \/>\n<meta property=\"og:site_name\" content=\"Vetanco Brasil\" \/>\n<meta property=\"article:modified_time\" content=\"2025-10-28T18:24:40+00:00\" \/>\n<meta property=\"og:image\" content=\"https:\/\/vetanco.com\/br\/wp-content\/uploads\/2023\/12\/BIOTECH-VAC.png\" \/>\n\t<meta property=\"og:image:width\" content=\"800\" \/>\n\t<meta property=\"og:image:height\" content=\"800\" \/>\n\t<meta property=\"og:image:type\" content=\"image\/png\" \/>\n<meta name=\"twitter:card\" content=\"summary_large_image\" \/>\n<meta name=\"twitter:label1\" content=\"Est. tempo de leitura\" \/>\n\t<meta name=\"twitter:data1\" content=\"1 minuto\" \/>\n<script type=\"application\/ld+json\" class=\"yoast-schema-graph\">{\"@context\":\"https:\\\/\\\/schema.org\",\"@graph\":[{\"@type\":\"WebPage\",\"@id\":\"https:\\\/\\\/vetanco.com\\\/br\\\/produto\\\/biotech-vac-salmonella\\\/\",\"url\":\"https:\\\/\\\/vetanco.com\\\/br\\\/produto\\\/biotech-vac-salmonella\\\/\",\"name\":\"BIOTECH VAC\u00ae SALMONELLA - Vetanco Brasil\",\"isPartOf\":{\"@id\":\"https:\\\/\\\/vetanco.com\\\/br\\\/#website\"},\"primaryImageOfPage\":{\"@id\":\"https:\\\/\\\/vetanco.com\\\/br\\\/produto\\\/biotech-vac-salmonella\\\/#primaryimage\"},\"image\":{\"@id\":\"https:\\\/\\\/vetanco.com\\\/br\\\/produto\\\/biotech-vac-salmonella\\\/#primaryimage\"},\"thumbnailUrl\":\"https:\\\/\\\/vetanco.com\\\/br\\\/wp-content\\\/uploads\\\/2023\\\/12\\\/BIOTECH-VAC.png\",\"datePublished\":\"2023-12-16T18:08:36+00:00\",\"dateModified\":\"2025-10-28T18:24:40+00:00\",\"breadcrumb\":{\"@id\":\"https:\\\/\\\/vetanco.com\\\/br\\\/produto\\\/biotech-vac-salmonella\\\/#breadcrumb\"},\"inLanguage\":\"pt-BR\",\"potentialAction\":[{\"@type\":\"ReadAction\",\"target\":[\"https:\\\/\\\/vetanco.com\\\/br\\\/produto\\\/biotech-vac-salmonella\\\/\"]}]},{\"@type\":\"ImageObject\",\"inLanguage\":\"pt-BR\",\"@id\":\"https:\\\/\\\/vetanco.com\\\/br\\\/produto\\\/biotech-vac-salmonella\\\/#primaryimage\",\"url\":\"https:\\\/\\\/vetanco.com\\\/br\\\/wp-content\\\/uploads\\\/2023\\\/12\\\/BIOTECH-VAC.png\",\"contentUrl\":\"https:\\\/\\\/vetanco.com\\\/br\\\/wp-content\\\/uploads\\\/2023\\\/12\\\/BIOTECH-VAC.png\",\"width\":800,\"height\":800},{\"@type\":\"BreadcrumbList\",\"@id\":\"https:\\\/\\\/vetanco.com\\\/br\\\/produto\\\/biotech-vac-salmonella\\\/#breadcrumb\",\"itemListElement\":[{\"@type\":\"ListItem\",\"position\":1,\"name\":\"In\u00edcio\",\"item\":\"https:\\\/\\\/vetanco.com\\\/br\\\/\"},{\"@type\":\"ListItem\",\"position\":2,\"name\":\"Produtos\",\"item\":\"https:\\\/\\\/vetanco.com\\\/br\\\/produtos\\\/\"},{\"@type\":\"ListItem\",\"position\":3,\"name\":\"BIOTECH VAC\u00ae SALMONELLA\"}]},{\"@type\":\"WebSite\",\"@id\":\"https:\\\/\\\/vetanco.com\\\/br\\\/#website\",\"url\":\"https:\\\/\\\/vetanco.com\\\/br\\\/\",\"name\":\"Vetanco Brasil\",\"description\":\"Produtos Seguros para Alimentos Seguros\",\"potentialAction\":[{\"@type\":\"SearchAction\",\"target\":{\"@type\":\"EntryPoint\",\"urlTemplate\":\"https:\\\/\\\/vetanco.com\\\/br\\\/?s={search_term_string}\"},\"query-input\":{\"@type\":\"PropertyValueSpecification\",\"valueRequired\":true,\"valueName\":\"search_term_string\"}}],\"inLanguage\":\"pt-BR\"}]}<\/script>\n<!-- \/ Yoast SEO plugin. -->","yoast_head_json":{"title":"BIOTECH VAC\u00ae SALMONELLA - Vetanco Brasil","robots":{"index":"index","follow":"follow","max-snippet":"max-snippet:-1","max-image-preview":"max-image-preview:large","max-video-preview":"max-video-preview:-1"},"canonical":"https:\/\/vetanco.com\/br\/produto\/biotech-vac-salmonella\/","og_locale":"pt_BR","og_type":"article","og_title":"BIOTECH VAC\u00ae SALMONELLA - Vetanco Brasil","og_description":"A BIOTECH VAC\u00ae SALMONELLA \u00e9 uma vacina inativada de subunidade, de administra\u00e7\u00e3o oral para prote\u00e7\u00e3o das aves contra sorotipos de salmonelas denominadas m\u00f3veis (Salmonella Typhimurium, Salmonella Heidelberg, Salmonella Enteritidis e Salmonella Infantis), considerados de impacto na seguran\u00e7a alimentar. A BIOTECH VAC\u00ae SALMONELLA est\u00e1 recoberta por um polissacar\u00eddeo natural respons\u00e1vel por proteger a subunidade em sua passagem atrav\u00e9s do trato gastrointestinal e assegurar o reconhecimento e resposta do sistema imune.","og_url":"https:\/\/vetanco.com\/br\/produto\/biotech-vac-salmonella\/","og_site_name":"Vetanco Brasil","article_modified_time":"2025-10-28T18:24:40+00:00","og_image":[{"width":800,"height":800,"url":"https:\/\/vetanco.com\/br\/wp-content\/uploads\/2023\/12\/BIOTECH-VAC.png","type":"image\/png"}],"twitter_card":"summary_large_image","twitter_misc":{"Est. tempo de leitura":"1 minuto"},"schema":{"@context":"https:\/\/schema.org","@graph":[{"@type":"WebPage","@id":"https:\/\/vetanco.com\/br\/produto\/biotech-vac-salmonella\/","url":"https:\/\/vetanco.com\/br\/produto\/biotech-vac-salmonella\/","name":"BIOTECH VAC\u00ae SALMONELLA - Vetanco Brasil","isPartOf":{"@id":"https:\/\/vetanco.com\/br\/#website"},"primaryImageOfPage":{"@id":"https:\/\/vetanco.com\/br\/produto\/biotech-vac-salmonella\/#primaryimage"},"image":{"@id":"https:\/\/vetanco.com\/br\/produto\/biotech-vac-salmonella\/#primaryimage"},"thumbnailUrl":"https:\/\/vetanco.com\/br\/wp-content\/uploads\/2023\/12\/BIOTECH-VAC.png","datePublished":"2023-12-16T18:08:36+00:00","dateModified":"2025-10-28T18:24:40+00:00","breadcrumb":{"@id":"https:\/\/vetanco.com\/br\/produto\/biotech-vac-salmonella\/#breadcrumb"},"inLanguage":"pt-BR","potentialAction":[{"@type":"ReadAction","target":["https:\/\/vetanco.com\/br\/produto\/biotech-vac-salmonella\/"]}]},{"@type":"ImageObject","inLanguage":"pt-BR","@id":"https:\/\/vetanco.com\/br\/produto\/biotech-vac-salmonella\/#primaryimage","url":"https:\/\/vetanco.com\/br\/wp-content\/uploads\/2023\/12\/BIOTECH-VAC.png","contentUrl":"https:\/\/vetanco.com\/br\/wp-content\/uploads\/2023\/12\/BIOTECH-VAC.png","width":800,"height":800},{"@type":"BreadcrumbList","@id":"https:\/\/vetanco.com\/br\/produto\/biotech-vac-salmonella\/#breadcrumb","itemListElement":[{"@type":"ListItem","position":1,"name":"In\u00edcio","item":"https:\/\/vetanco.com\/br\/"},{"@type":"ListItem","position":2,"name":"Produtos","item":"https:\/\/vetanco.com\/br\/produtos\/"},{"@type":"ListItem","position":3,"name":"BIOTECH VAC\u00ae SALMONELLA"}]},{"@type":"WebSite","@id":"https:\/\/vetanco.com\/br\/#website","url":"https:\/\/vetanco.com\/br\/","name":"Vetanco Brasil","description":"Produtos Seguros para Alimentos Seguros","potentialAction":[{"@type":"SearchAction","target":{"@type":"EntryPoint","urlTemplate":"https:\/\/vetanco.com\/br\/?s={search_term_string}"},"query-input":{"@type":"PropertyValueSpecification","valueRequired":true,"valueName":"search_term_string"}}],"inLanguage":"pt-BR"}]}},"_links":{"self":[{"href":"https:\/\/vetanco.com\/br\/wp-json\/wp\/v2\/product\/43","targetHints":{"allow":["GET"]}}],"collection":[{"href":"https:\/\/vetanco.com\/br\/wp-json\/wp\/v2\/product"}],"about":[{"href":"https:\/\/vetanco.com\/br\/wp-json\/wp\/v2\/types\/product"}],"wp:featuredmedia":[{"embeddable":true,"href":"https:\/\/vetanco.com\/br\/wp-json\/wp\/v2\/media\/613"}],"wp:attachment":[{"href":"https:\/\/vetanco.com\/br\/wp-json\/wp\/v2\/media?parent=43"}],"wp:term":[{"taxonomy":"product_brand","embeddable":true,"href":"https:\/\/vetanco.com\/br\/wp-json\/wp\/v2\/product_brand?post=43"},{"taxonomy":"product_cat","embeddable":true,"href":"https:\/\/vetanco.com\/br\/wp-json\/wp\/v2\/product_cat?post=43"},{"taxonomy":"product_tag","embeddable":true,"href":"https:\/\/vetanco.com\/br\/wp-json\/wp\/v2\/product_tag?post=43"}],"curies":[{"name":"wp","href":"https:\/\/api.w.org\/{rel}","templated":true}]}}