{"id":46,"date":"2023-12-16T15:09:22","date_gmt":"2023-12-16T18:09:22","guid":{"rendered":"https:\/\/vetanco.com\/br\/?post_type=product&#038;p=46"},"modified":"2024-06-20T09:50:09","modified_gmt":"2024-06-20T12:50:09","slug":"vetancidpo","status":"publish","type":"product","link":"https:\/\/vetanco.com\/br\/produto\/vetancidpo\/","title":{"rendered":"VETANCID<sup>\u00ae<\/sup>P\u00d3"},"content":{"rendered":"<p><strong><span style=\"color: #00397f;\">COMPOSI\u00c7\u00c3O B\u00c1SICA<\/span><\/strong><\/p>\n<p><span style=\"font-weight: 400;\">Cipermetrina e Excipientes.<\/span><\/p>\n<p>&nbsp;<\/p>\n<p><strong><span style=\"color: #00397f;\">MODO DE USO<\/span><\/strong><\/p>\n<p><span style=\"font-weight: 400;\">O produto deve ser aplicado por polvilhamento, na dose de 3 a 5 g de Vetancid<\/span><span style=\"font-weight: 400;\"><sup>\u00ae<\/sup><\/span><span style=\"font-weight: 400;\">P\u00f3 por m\u00b2 de \u00e1rea de avi\u00e1rio, espalhando o produto sobre as superf\u00edcies das instala\u00e7\u00f5es av\u00edcolas utilizando polvilhadeira manual ou atomizador costal. O tratamento deve ser feito preferencialmente sobre a cama, de 1 a 4 dias antes do alojamento das aves. De acordo com a infesta\u00e7\u00e3o, a aplica\u00e7\u00e3o pode ser repetida ao fim do lote, logo ap\u00f3s a sa\u00edda das aves, ou de acordo com as recomenda\u00e7\u00f5es do M\u00e9dico Veterin\u00e1rio respons\u00e1vel. <\/span><\/p>\n<p>&nbsp;<\/p>\n<p><strong><span style=\"color: #00397f;\">APRESENTA\u00c7\u00c3O<\/span><\/strong><\/p>\n<p><span style=\"font-weight: 400;\">Sacos pl\u00e1sticos de 1 kg, acondicionados em baldes de 15 kg. <\/span><\/p>\n<p>&nbsp;<\/p>\n<p><strong><span style=\"color: #00397f;\">PER\u00cdODO DE CAR\u00caNCIA<\/span><\/strong><\/p>\n<p><span style=\"font-weight: 400;\">O Vetancid<\/span><span style=\"font-weight: 400;\"><sup>\u00ae<\/sup><\/span><span style=\"font-weight: 400;\">P\u00f3 n\u00e3o possui, pois trata-se de um produto para uso no ambiente de cria\u00e7\u00e3o das aves durante o per\u00edodo de intervalo entre lotes.<\/span><\/p>\n","protected":false},"excerpt":{"rendered":"<p><img loading=\"lazy\" decoding=\"async\" class=\"alignnone wp-image-768\" src=\"https:\/\/vetanco.com\/br\/wp-content\/uploads\/2023\/12\/Poultry-icon.png\" alt=\"\" width=\"70\" height=\"59\" \/><\/p>\n<p><span style=\"font-weight: 400;\">O VETANCID<\/span><span style=\"font-weight: 400;\"><sup>\u00ae<\/sup><\/span><span style=\"font-weight: 400;\">P\u00f3\u00a0 \u00e9 indicado como inseticida e repelente de insetos, para controle de cole\u00f3pteros das esp\u00e9cies <\/span><i><span style=\"font-weight: 400;\">Alphitobius diaperinus<\/span><\/i><span style=\"font-weight: 400;\"> e <\/span><i><span style=\"font-weight: 400;\">Alphitobius piceus<\/span><\/i><span style=\"font-weight: 400;\"> (cascudinhos) em instala\u00e7\u00f5es destinadas \u00e0 cria\u00e7\u00e3o de aves.<\/span><\/p>\n","protected":false},"featured_media":616,"template":"","meta":[],"product_brand":[],"product_cat":[17],"product_tag":[],"class_list":{"0":"post-46","1":"product","2":"type-product","3":"status-publish","4":"has-post-thumbnail","6":"product_cat-aves","8":"first","9":"onbackorder","10":"shipping-taxable","11":"product-type-simple"},"yoast_head":"<!-- This site is optimized with the Yoast SEO plugin v27.1.1 - https:\/\/yoast.com\/product\/yoast-seo-wordpress\/ -->\n<title>VETANCID\u00aeP\u00d3 - Vetanco Brasil<\/title>\n<meta name=\"robots\" content=\"index, follow, max-snippet:-1, max-image-preview:large, max-video-preview:-1\" \/>\n<link rel=\"canonical\" href=\"https:\/\/vetanco.com\/br\/produto\/vetancidpo\/\" \/>\n<meta property=\"og:locale\" content=\"pt_BR\" \/>\n<meta property=\"og:type\" content=\"article\" \/>\n<meta property=\"og:title\" content=\"VETANCID\u00aeP\u00d3 - Vetanco Brasil\" \/>\n<meta property=\"og:description\" content=\"O VETANCID\u00aeP\u00f3\u00a0 \u00e9 indicado como inseticida e repelente de insetos, para controle de cole\u00f3pteros das esp\u00e9cies Alphitobius diaperinus e Alphitobius piceus (cascudinhos) em instala\u00e7\u00f5es destinadas \u00e0 cria\u00e7\u00e3o de aves.\" \/>\n<meta property=\"og:url\" content=\"https:\/\/vetanco.com\/br\/produto\/vetancidpo\/\" \/>\n<meta property=\"og:site_name\" content=\"Vetanco Brasil\" \/>\n<meta property=\"article:modified_time\" content=\"2024-06-20T12:50:09+00:00\" \/>\n<meta property=\"og:image\" content=\"https:\/\/vetanco.com\/br\/wp-content\/uploads\/2023\/12\/VETANCID-PO.png\" \/>\n\t<meta property=\"og:image:width\" content=\"800\" \/>\n\t<meta property=\"og:image:height\" content=\"800\" \/>\n\t<meta property=\"og:image:type\" content=\"image\/png\" \/>\n<meta name=\"twitter:card\" content=\"summary_large_image\" \/>\n<meta name=\"twitter:label1\" content=\"Est. tempo de leitura\" \/>\n\t<meta name=\"twitter:data1\" content=\"1 minuto\" \/>\n<script type=\"application\/ld+json\" class=\"yoast-schema-graph\">{\"@context\":\"https:\/\/schema.org\",\"@graph\":[{\"@type\":\"WebPage\",\"@id\":\"https:\/\/vetanco.com\/br\/produto\/vetancidpo\/\",\"url\":\"https:\/\/vetanco.com\/br\/produto\/vetancidpo\/\",\"name\":\"VETANCID\u00aeP\u00d3 - Vetanco Brasil\",\"isPartOf\":{\"@id\":\"https:\/\/vetanco.com\/br\/#website\"},\"primaryImageOfPage\":{\"@id\":\"https:\/\/vetanco.com\/br\/produto\/vetancidpo\/#primaryimage\"},\"image\":{\"@id\":\"https:\/\/vetanco.com\/br\/produto\/vetancidpo\/#primaryimage\"},\"thumbnailUrl\":\"https:\/\/vetanco.com\/br\/wp-content\/uploads\/2023\/12\/VETANCID-PO.png\",\"datePublished\":\"2023-12-16T18:09:22+00:00\",\"dateModified\":\"2024-06-20T12:50:09+00:00\",\"breadcrumb\":{\"@id\":\"https:\/\/vetanco.com\/br\/produto\/vetancidpo\/#breadcrumb\"},\"inLanguage\":\"pt-BR\",\"potentialAction\":[{\"@type\":\"ReadAction\",\"target\":[\"https:\/\/vetanco.com\/br\/produto\/vetancidpo\/\"]}]},{\"@type\":\"ImageObject\",\"inLanguage\":\"pt-BR\",\"@id\":\"https:\/\/vetanco.com\/br\/produto\/vetancidpo\/#primaryimage\",\"url\":\"https:\/\/vetanco.com\/br\/wp-content\/uploads\/2023\/12\/VETANCID-PO.png\",\"contentUrl\":\"https:\/\/vetanco.com\/br\/wp-content\/uploads\/2023\/12\/VETANCID-PO.png\",\"width\":800,\"height\":800},{\"@type\":\"BreadcrumbList\",\"@id\":\"https:\/\/vetanco.com\/br\/produto\/vetancidpo\/#breadcrumb\",\"itemListElement\":[{\"@type\":\"ListItem\",\"position\":1,\"name\":\"In\u00edcio\",\"item\":\"https:\/\/vetanco.com\/br\/\"},{\"@type\":\"ListItem\",\"position\":2,\"name\":\"Produtos\",\"item\":\"https:\/\/vetanco.com\/br\/produtos\/\"},{\"@type\":\"ListItem\",\"position\":3,\"name\":\"VETANCID\u00aeP\u00d3\"}]},{\"@type\":\"WebSite\",\"@id\":\"https:\/\/vetanco.com\/br\/#website\",\"url\":\"https:\/\/vetanco.com\/br\/\",\"name\":\"Vetanco Brasil\",\"description\":\"Produtos Seguros para Alimentos Seguros\",\"potentialAction\":[{\"@type\":\"SearchAction\",\"target\":{\"@type\":\"EntryPoint\",\"urlTemplate\":\"https:\/\/vetanco.com\/br\/?s={search_term_string}\"},\"query-input\":{\"@type\":\"PropertyValueSpecification\",\"valueRequired\":true,\"valueName\":\"search_term_string\"}}],\"inLanguage\":\"pt-BR\"}]}<\/script>\n<!-- \/ Yoast SEO plugin. -->","yoast_head_json":{"title":"VETANCID\u00aeP\u00d3 - Vetanco Brasil","robots":{"index":"index","follow":"follow","max-snippet":"max-snippet:-1","max-image-preview":"max-image-preview:large","max-video-preview":"max-video-preview:-1"},"canonical":"https:\/\/vetanco.com\/br\/produto\/vetancidpo\/","og_locale":"pt_BR","og_type":"article","og_title":"VETANCID\u00aeP\u00d3 - Vetanco Brasil","og_description":"O VETANCID\u00aeP\u00f3\u00a0 \u00e9 indicado como inseticida e repelente de insetos, para controle de cole\u00f3pteros das esp\u00e9cies Alphitobius diaperinus e Alphitobius piceus (cascudinhos) em instala\u00e7\u00f5es destinadas \u00e0 cria\u00e7\u00e3o de aves.","og_url":"https:\/\/vetanco.com\/br\/produto\/vetancidpo\/","og_site_name":"Vetanco Brasil","article_modified_time":"2024-06-20T12:50:09+00:00","og_image":[{"width":800,"height":800,"url":"https:\/\/vetanco.com\/br\/wp-content\/uploads\/2023\/12\/VETANCID-PO.png","type":"image\/png"}],"twitter_card":"summary_large_image","twitter_misc":{"Est. tempo de leitura":"1 minuto"},"schema":{"@context":"https:\/\/schema.org","@graph":[{"@type":"WebPage","@id":"https:\/\/vetanco.com\/br\/produto\/vetancidpo\/","url":"https:\/\/vetanco.com\/br\/produto\/vetancidpo\/","name":"VETANCID\u00aeP\u00d3 - Vetanco Brasil","isPartOf":{"@id":"https:\/\/vetanco.com\/br\/#website"},"primaryImageOfPage":{"@id":"https:\/\/vetanco.com\/br\/produto\/vetancidpo\/#primaryimage"},"image":{"@id":"https:\/\/vetanco.com\/br\/produto\/vetancidpo\/#primaryimage"},"thumbnailUrl":"https:\/\/vetanco.com\/br\/wp-content\/uploads\/2023\/12\/VETANCID-PO.png","datePublished":"2023-12-16T18:09:22+00:00","dateModified":"2024-06-20T12:50:09+00:00","breadcrumb":{"@id":"https:\/\/vetanco.com\/br\/produto\/vetancidpo\/#breadcrumb"},"inLanguage":"pt-BR","potentialAction":[{"@type":"ReadAction","target":["https:\/\/vetanco.com\/br\/produto\/vetancidpo\/"]}]},{"@type":"ImageObject","inLanguage":"pt-BR","@id":"https:\/\/vetanco.com\/br\/produto\/vetancidpo\/#primaryimage","url":"https:\/\/vetanco.com\/br\/wp-content\/uploads\/2023\/12\/VETANCID-PO.png","contentUrl":"https:\/\/vetanco.com\/br\/wp-content\/uploads\/2023\/12\/VETANCID-PO.png","width":800,"height":800},{"@type":"BreadcrumbList","@id":"https:\/\/vetanco.com\/br\/produto\/vetancidpo\/#breadcrumb","itemListElement":[{"@type":"ListItem","position":1,"name":"In\u00edcio","item":"https:\/\/vetanco.com\/br\/"},{"@type":"ListItem","position":2,"name":"Produtos","item":"https:\/\/vetanco.com\/br\/produtos\/"},{"@type":"ListItem","position":3,"name":"VETANCID\u00aeP\u00d3"}]},{"@type":"WebSite","@id":"https:\/\/vetanco.com\/br\/#website","url":"https:\/\/vetanco.com\/br\/","name":"Vetanco Brasil","description":"Produtos Seguros para Alimentos Seguros","potentialAction":[{"@type":"SearchAction","target":{"@type":"EntryPoint","urlTemplate":"https:\/\/vetanco.com\/br\/?s={search_term_string}"},"query-input":{"@type":"PropertyValueSpecification","valueRequired":true,"valueName":"search_term_string"}}],"inLanguage":"pt-BR"}]}},"_links":{"self":[{"href":"https:\/\/vetanco.com\/br\/wp-json\/wp\/v2\/product\/46","targetHints":{"allow":["GET"]}}],"collection":[{"href":"https:\/\/vetanco.com\/br\/wp-json\/wp\/v2\/product"}],"about":[{"href":"https:\/\/vetanco.com\/br\/wp-json\/wp\/v2\/types\/product"}],"wp:featuredmedia":[{"embeddable":true,"href":"https:\/\/vetanco.com\/br\/wp-json\/wp\/v2\/media\/616"}],"wp:attachment":[{"href":"https:\/\/vetanco.com\/br\/wp-json\/wp\/v2\/media?parent=46"}],"wp:term":[{"taxonomy":"product_brand","embeddable":true,"href":"https:\/\/vetanco.com\/br\/wp-json\/wp\/v2\/product_brand?post=46"},{"taxonomy":"product_cat","embeddable":true,"href":"https:\/\/vetanco.com\/br\/wp-json\/wp\/v2\/product_cat?post=46"},{"taxonomy":"product_tag","embeddable":true,"href":"https:\/\/vetanco.com\/br\/wp-json\/wp\/v2\/product_tag?post=46"}],"curies":[{"name":"wp","href":"https:\/\/api.w.org\/{rel}","templated":true}]}}