{"id":47,"date":"2023-12-16T15:09:35","date_gmt":"2023-12-16T18:09:35","guid":{"rendered":"https:\/\/vetanco.com\/br\/?post_type=product&#038;p=47"},"modified":"2024-06-20T10:05:33","modified_gmt":"2024-06-20T13:05:33","slug":"vetancidpo-potencializado","status":"publish","type":"product","link":"https:\/\/vetanco.com\/br\/produto\/vetancidpo-potencializado\/","title":{"rendered":"VETANCID<sup>\u00ae<\/sup>P\u00d3 POTENCIALIZADO"},"content":{"rendered":"<p><strong><span style=\"color: #00397f;\">COMPOSI\u00c7\u00c3O B\u00c1SICA<\/span><\/strong><\/p>\n<p><span style=\"font-weight: 400;\">Cipermetrina, lmidacloprid e Excipientes.<\/span><\/p>\n<p>&nbsp;<\/p>\n<p><strong><span style=\"color: #00397f;\">MODO DE USO<\/span><\/strong><\/p>\n<p><span style=\"font-weight: 400;\">O produto deve ser aplicado por polvilhamento, na dose de 3 a 5 g de VETANCID<\/span><span style=\"font-weight: 400;\"><sup>\u00ae<\/sup><\/span><span style=\"font-weight: 400;\">P\u00d3 POTENCIALIZADO por m\u00b2 de \u00e1rea de avi\u00e1rio, espalhando o produto sobre as superf\u00edcies das instala\u00e7\u00f5es av\u00edcolas utilizando polvilhadeira manual ou atomizador costal. O tratamento deve ser feito preferencialmente sobre a cama, de 1 a 4 dias antes do alojamento das aves. De acordo com a infesta\u00e7\u00e3o, a aplica\u00e7\u00e3o pode ser repetida ao fim do lote, logo ap\u00f3s a sa\u00edda das aves, ou de acordo com as recomenda\u00e7\u00f5es do M\u00e9dico Veterin\u00e1rio respons\u00e1vel. <\/span><\/p>\n<p>&nbsp;<\/p>\n<p><strong><span style=\"color: #00397f;\">APRESENTA\u00c7\u00c3O<\/span><\/strong><\/p>\n<p><span style=\"font-weight: 400;\">Sacos pl\u00e1sticos de 1 kg, acondicionados em baldes de 15 kg.<\/span><\/p>\n<p>&nbsp;<\/p>\n<p><strong><span style=\"color: #00397f;\">PER\u00cdODO DE CAR\u00caNCIA<\/span><\/strong><\/p>\n<p><span style=\"font-weight: 400;\">Ambiente: o produto n\u00e3o requer per\u00edodo de car\u00eancia.\u00a0<\/span><\/p>\n<p><span style=\"font-weight: 400;\">Aves: o abate dos animais tratados com este produto somente deve ser realizado 11 (onze) dias ap\u00f3s a \u00faltima aplica\u00e7\u00e3o.<\/span><\/p>\n","protected":false},"excerpt":{"rendered":"<p><img loading=\"lazy\" decoding=\"async\" class=\"alignnone wp-image-768\" src=\"https:\/\/vetanco.com\/br\/wp-content\/uploads\/2023\/12\/Poultry-icon.png\" alt=\"\" width=\"70\" height=\"59\" \/><\/p>\n<p><span style=\"font-weight: 400;\">O VETANCID<\/span><span style=\"font-weight: 400;\"><sup>\u00ae<\/sup><\/span><span style=\"font-weight: 400;\">P\u00d3 POTENCIALIZADO\u00a0 \u00e9 um inseticida indicado para o tratamento de infesta\u00e7\u00e3o de cole\u00f3pteros (cascudinhos) da esp\u00e9cie <\/span><i><span style=\"font-weight: 400;\">Alphitobius diaperinus<\/span><\/i><span style=\"font-weight: 400;\">, tanto no est\u00e1gio adulto como larval, aplicado em instala\u00e7\u00f5es de cria\u00e7\u00e3o de aves, sendo na presen\u00e7a, ou n\u00e3o, de aves alojadas. <\/span><\/p>\n","protected":false},"featured_media":617,"template":"","meta":[],"product_brand":[],"product_cat":[17],"product_tag":[],"class_list":{"0":"post-47","1":"product","2":"type-product","3":"status-publish","4":"has-post-thumbnail","6":"product_cat-aves","8":"first","9":"onbackorder","10":"shipping-taxable","11":"product-type-simple"},"yoast_head":"<!-- This site is optimized with the Yoast SEO plugin v27.3 - https:\/\/yoast.com\/product\/yoast-seo-wordpress\/ -->\n<title>VETANCID\u00aeP\u00d3 POTENCIALIZADO - Vetanco Brasil<\/title>\n<meta name=\"robots\" content=\"index, follow, max-snippet:-1, max-image-preview:large, max-video-preview:-1\" \/>\n<link rel=\"canonical\" href=\"https:\/\/vetanco.com\/br\/produto\/vetancidpo-potencializado\/\" \/>\n<meta property=\"og:locale\" content=\"pt_BR\" \/>\n<meta property=\"og:type\" content=\"article\" \/>\n<meta property=\"og:title\" content=\"VETANCID\u00aeP\u00d3 POTENCIALIZADO - Vetanco Brasil\" \/>\n<meta property=\"og:description\" content=\"O VETANCID\u00aeP\u00d3 POTENCIALIZADO\u00a0 \u00e9 um inseticida indicado para o tratamento de infesta\u00e7\u00e3o de cole\u00f3pteros (cascudinhos) da esp\u00e9cie Alphitobius diaperinus, tanto no est\u00e1gio adulto como larval, aplicado em instala\u00e7\u00f5es de cria\u00e7\u00e3o de aves, sendo na presen\u00e7a, ou n\u00e3o, de aves alojadas.\" \/>\n<meta property=\"og:url\" content=\"https:\/\/vetanco.com\/br\/produto\/vetancidpo-potencializado\/\" \/>\n<meta property=\"og:site_name\" content=\"Vetanco Brasil\" \/>\n<meta property=\"article:modified_time\" content=\"2024-06-20T13:05:33+00:00\" \/>\n<meta property=\"og:image\" content=\"https:\/\/vetanco.com\/br\/wp-content\/uploads\/2023\/12\/VETANCID-PO-Potencializado.png\" \/>\n\t<meta property=\"og:image:width\" content=\"800\" \/>\n\t<meta property=\"og:image:height\" content=\"800\" \/>\n\t<meta property=\"og:image:type\" content=\"image\/png\" \/>\n<meta name=\"twitter:card\" content=\"summary_large_image\" \/>\n<meta name=\"twitter:label1\" content=\"Est. tempo de leitura\" \/>\n\t<meta name=\"twitter:data1\" content=\"1 minuto\" \/>\n<script type=\"application\/ld+json\" class=\"yoast-schema-graph\">{\"@context\":\"https:\\\/\\\/schema.org\",\"@graph\":[{\"@type\":\"WebPage\",\"@id\":\"https:\\\/\\\/vetanco.com\\\/br\\\/produto\\\/vetancidpo-potencializado\\\/\",\"url\":\"https:\\\/\\\/vetanco.com\\\/br\\\/produto\\\/vetancidpo-potencializado\\\/\",\"name\":\"VETANCID\u00aeP\u00d3 POTENCIALIZADO - Vetanco Brasil\",\"isPartOf\":{\"@id\":\"https:\\\/\\\/vetanco.com\\\/br\\\/#website\"},\"primaryImageOfPage\":{\"@id\":\"https:\\\/\\\/vetanco.com\\\/br\\\/produto\\\/vetancidpo-potencializado\\\/#primaryimage\"},\"image\":{\"@id\":\"https:\\\/\\\/vetanco.com\\\/br\\\/produto\\\/vetancidpo-potencializado\\\/#primaryimage\"},\"thumbnailUrl\":\"https:\\\/\\\/vetanco.com\\\/br\\\/wp-content\\\/uploads\\\/2023\\\/12\\\/VETANCID-PO-Potencializado.png\",\"datePublished\":\"2023-12-16T18:09:35+00:00\",\"dateModified\":\"2024-06-20T13:05:33+00:00\",\"breadcrumb\":{\"@id\":\"https:\\\/\\\/vetanco.com\\\/br\\\/produto\\\/vetancidpo-potencializado\\\/#breadcrumb\"},\"inLanguage\":\"pt-BR\",\"potentialAction\":[{\"@type\":\"ReadAction\",\"target\":[\"https:\\\/\\\/vetanco.com\\\/br\\\/produto\\\/vetancidpo-potencializado\\\/\"]}]},{\"@type\":\"ImageObject\",\"inLanguage\":\"pt-BR\",\"@id\":\"https:\\\/\\\/vetanco.com\\\/br\\\/produto\\\/vetancidpo-potencializado\\\/#primaryimage\",\"url\":\"https:\\\/\\\/vetanco.com\\\/br\\\/wp-content\\\/uploads\\\/2023\\\/12\\\/VETANCID-PO-Potencializado.png\",\"contentUrl\":\"https:\\\/\\\/vetanco.com\\\/br\\\/wp-content\\\/uploads\\\/2023\\\/12\\\/VETANCID-PO-Potencializado.png\",\"width\":800,\"height\":800},{\"@type\":\"BreadcrumbList\",\"@id\":\"https:\\\/\\\/vetanco.com\\\/br\\\/produto\\\/vetancidpo-potencializado\\\/#breadcrumb\",\"itemListElement\":[{\"@type\":\"ListItem\",\"position\":1,\"name\":\"In\u00edcio\",\"item\":\"https:\\\/\\\/vetanco.com\\\/br\\\/\"},{\"@type\":\"ListItem\",\"position\":2,\"name\":\"Produtos\",\"item\":\"https:\\\/\\\/vetanco.com\\\/br\\\/produtos\\\/\"},{\"@type\":\"ListItem\",\"position\":3,\"name\":\"VETANCID\u00aeP\u00d3 POTENCIALIZADO\"}]},{\"@type\":\"WebSite\",\"@id\":\"https:\\\/\\\/vetanco.com\\\/br\\\/#website\",\"url\":\"https:\\\/\\\/vetanco.com\\\/br\\\/\",\"name\":\"Vetanco Brasil\",\"description\":\"Produtos Seguros para Alimentos Seguros\",\"potentialAction\":[{\"@type\":\"SearchAction\",\"target\":{\"@type\":\"EntryPoint\",\"urlTemplate\":\"https:\\\/\\\/vetanco.com\\\/br\\\/?s={search_term_string}\"},\"query-input\":{\"@type\":\"PropertyValueSpecification\",\"valueRequired\":true,\"valueName\":\"search_term_string\"}}],\"inLanguage\":\"pt-BR\"}]}<\/script>\n<!-- \/ Yoast SEO plugin. -->","yoast_head_json":{"title":"VETANCID\u00aeP\u00d3 POTENCIALIZADO - Vetanco Brasil","robots":{"index":"index","follow":"follow","max-snippet":"max-snippet:-1","max-image-preview":"max-image-preview:large","max-video-preview":"max-video-preview:-1"},"canonical":"https:\/\/vetanco.com\/br\/produto\/vetancidpo-potencializado\/","og_locale":"pt_BR","og_type":"article","og_title":"VETANCID\u00aeP\u00d3 POTENCIALIZADO - Vetanco Brasil","og_description":"O VETANCID\u00aeP\u00d3 POTENCIALIZADO\u00a0 \u00e9 um inseticida indicado para o tratamento de infesta\u00e7\u00e3o de cole\u00f3pteros (cascudinhos) da esp\u00e9cie Alphitobius diaperinus, tanto no est\u00e1gio adulto como larval, aplicado em instala\u00e7\u00f5es de cria\u00e7\u00e3o de aves, sendo na presen\u00e7a, ou n\u00e3o, de aves alojadas.","og_url":"https:\/\/vetanco.com\/br\/produto\/vetancidpo-potencializado\/","og_site_name":"Vetanco Brasil","article_modified_time":"2024-06-20T13:05:33+00:00","og_image":[{"width":800,"height":800,"url":"https:\/\/vetanco.com\/br\/wp-content\/uploads\/2023\/12\/VETANCID-PO-Potencializado.png","type":"image\/png"}],"twitter_card":"summary_large_image","twitter_misc":{"Est. tempo de leitura":"1 minuto"},"schema":{"@context":"https:\/\/schema.org","@graph":[{"@type":"WebPage","@id":"https:\/\/vetanco.com\/br\/produto\/vetancidpo-potencializado\/","url":"https:\/\/vetanco.com\/br\/produto\/vetancidpo-potencializado\/","name":"VETANCID\u00aeP\u00d3 POTENCIALIZADO - Vetanco Brasil","isPartOf":{"@id":"https:\/\/vetanco.com\/br\/#website"},"primaryImageOfPage":{"@id":"https:\/\/vetanco.com\/br\/produto\/vetancidpo-potencializado\/#primaryimage"},"image":{"@id":"https:\/\/vetanco.com\/br\/produto\/vetancidpo-potencializado\/#primaryimage"},"thumbnailUrl":"https:\/\/vetanco.com\/br\/wp-content\/uploads\/2023\/12\/VETANCID-PO-Potencializado.png","datePublished":"2023-12-16T18:09:35+00:00","dateModified":"2024-06-20T13:05:33+00:00","breadcrumb":{"@id":"https:\/\/vetanco.com\/br\/produto\/vetancidpo-potencializado\/#breadcrumb"},"inLanguage":"pt-BR","potentialAction":[{"@type":"ReadAction","target":["https:\/\/vetanco.com\/br\/produto\/vetancidpo-potencializado\/"]}]},{"@type":"ImageObject","inLanguage":"pt-BR","@id":"https:\/\/vetanco.com\/br\/produto\/vetancidpo-potencializado\/#primaryimage","url":"https:\/\/vetanco.com\/br\/wp-content\/uploads\/2023\/12\/VETANCID-PO-Potencializado.png","contentUrl":"https:\/\/vetanco.com\/br\/wp-content\/uploads\/2023\/12\/VETANCID-PO-Potencializado.png","width":800,"height":800},{"@type":"BreadcrumbList","@id":"https:\/\/vetanco.com\/br\/produto\/vetancidpo-potencializado\/#breadcrumb","itemListElement":[{"@type":"ListItem","position":1,"name":"In\u00edcio","item":"https:\/\/vetanco.com\/br\/"},{"@type":"ListItem","position":2,"name":"Produtos","item":"https:\/\/vetanco.com\/br\/produtos\/"},{"@type":"ListItem","position":3,"name":"VETANCID\u00aeP\u00d3 POTENCIALIZADO"}]},{"@type":"WebSite","@id":"https:\/\/vetanco.com\/br\/#website","url":"https:\/\/vetanco.com\/br\/","name":"Vetanco Brasil","description":"Produtos Seguros para Alimentos Seguros","potentialAction":[{"@type":"SearchAction","target":{"@type":"EntryPoint","urlTemplate":"https:\/\/vetanco.com\/br\/?s={search_term_string}"},"query-input":{"@type":"PropertyValueSpecification","valueRequired":true,"valueName":"search_term_string"}}],"inLanguage":"pt-BR"}]}},"_links":{"self":[{"href":"https:\/\/vetanco.com\/br\/wp-json\/wp\/v2\/product\/47","targetHints":{"allow":["GET"]}}],"collection":[{"href":"https:\/\/vetanco.com\/br\/wp-json\/wp\/v2\/product"}],"about":[{"href":"https:\/\/vetanco.com\/br\/wp-json\/wp\/v2\/types\/product"}],"wp:featuredmedia":[{"embeddable":true,"href":"https:\/\/vetanco.com\/br\/wp-json\/wp\/v2\/media\/617"}],"wp:attachment":[{"href":"https:\/\/vetanco.com\/br\/wp-json\/wp\/v2\/media?parent=47"}],"wp:term":[{"taxonomy":"product_brand","embeddable":true,"href":"https:\/\/vetanco.com\/br\/wp-json\/wp\/v2\/product_brand?post=47"},{"taxonomy":"product_cat","embeddable":true,"href":"https:\/\/vetanco.com\/br\/wp-json\/wp\/v2\/product_cat?post=47"},{"taxonomy":"product_tag","embeddable":true,"href":"https:\/\/vetanco.com\/br\/wp-json\/wp\/v2\/product_tag?post=47"}],"curies":[{"name":"wp","href":"https:\/\/api.w.org\/{rel}","templated":true}]}}