{"id":49,"date":"2023-12-16T15:14:44","date_gmt":"2023-12-16T18:14:44","guid":{"rendered":"https:\/\/vetanco.com\/br\/?post_type=product&#038;p=49"},"modified":"2024-06-20T09:48:38","modified_gmt":"2024-06-20T12:48:38","slug":"dysantic","status":"publish","type":"product","link":"https:\/\/vetanco.com\/br\/produto\/dysantic\/","title":{"rendered":"DYSANTIC<sup>\u00ae<\/sup>"},"content":{"rendered":"<p><strong><span style=\"color: #00397f;\">COMPOSI\u00c7\u00c3O B\u00c1SICA<\/span><\/strong><\/p>\n<p><span style=\"font-weight: 400;\">Extrato de tomilho, complexo cobre amino\u00e1cido, complexo zinco amino\u00e1cido, Farinha de alfarrobeira e Chic\u00f3ria Seca.<\/span><\/p>\n<p>&nbsp;<\/p>\n<p><strong><span style=\"color: #00397f;\">MODO DE USO<\/span><\/strong><\/p>\n<p><span style=\"font-weight: 400;\">Utilizar o DYSANTIC<\/span><span style=\"font-weight: 400;\"><sup>\u00ae<\/sup><\/span><span style=\"font-weight: 400;\"> adicionando 0,5 a 2,0 kg por tonelada de alimento ou de acordo com a orienta\u00e7\u00e3o do respons\u00e1vel t\u00e9cnico pela elabora\u00e7\u00e3o do produto final.<\/span><\/p>\n<p>&nbsp;<\/p>\n<p><strong><span style=\"color: #00397f;\">APRESENTA\u00c7\u00c3O<\/span><\/strong><\/p>\n<p><span style=\"font-weight: 400;\">Sacos de 20 kg.<\/span><\/p>\n<p>&nbsp;<\/p>\n<p><strong><span style=\"color: #00397f;\">PER\u00cdODO DE CAR\u00caNCIA<\/span><\/strong><\/p>\n<p><span style=\"font-weight: 400;\">DYSANTIC<\/span><span style=\"font-weight: 400;\"><sup>\u00ae<\/sup><\/span><span style=\"font-weight: 400;\"> n\u00e3o possui per\u00edodo de car\u00eancia. <\/span><\/p>\n","protected":false},"excerpt":{"rendered":"<p><img loading=\"lazy\" decoding=\"async\" class=\"alignnone wp-image-769\" src=\"https:\/\/vetanco.com\/br\/wp-content\/uploads\/2023\/12\/Swine-icon.png\" alt=\"\" width=\"70\" height=\"59\" \/><\/p>\n<p><span style=\"font-weight: 400;\">O DYSANTIC<\/span><span style=\"font-weight: 400;\"><sup>\u00ae<\/sup><\/span><span style=\"font-weight: 400;\"> \u00e9 um aditivo destinado aos fabricantes de produtos para alimenta\u00e7\u00e3o animal.<\/span><\/p>\n","protected":false},"featured_media":619,"template":"","meta":[],"product_brand":[],"product_cat":[18],"product_tag":[],"class_list":{"0":"post-49","1":"product","2":"type-product","3":"status-publish","4":"has-post-thumbnail","6":"product_cat-suinos","8":"first","9":"onbackorder","10":"shipping-taxable","11":"product-type-simple"},"yoast_head":"<!-- This site is optimized with the Yoast SEO plugin v27.1.1 - https:\/\/yoast.com\/product\/yoast-seo-wordpress\/ -->\n<title>DYSANTIC\u00ae - Vetanco Brasil<\/title>\n<meta name=\"robots\" content=\"index, follow, max-snippet:-1, max-image-preview:large, max-video-preview:-1\" \/>\n<link rel=\"canonical\" href=\"https:\/\/vetanco.com\/br\/produto\/dysantic\/\" \/>\n<meta property=\"og:locale\" content=\"pt_BR\" \/>\n<meta property=\"og:type\" content=\"article\" \/>\n<meta property=\"og:title\" content=\"DYSANTIC\u00ae - Vetanco Brasil\" \/>\n<meta property=\"og:description\" content=\"O DYSANTIC\u00ae \u00e9 um aditivo destinado aos fabricantes de produtos para alimenta\u00e7\u00e3o animal.\" \/>\n<meta property=\"og:url\" content=\"https:\/\/vetanco.com\/br\/produto\/dysantic\/\" \/>\n<meta property=\"og:site_name\" content=\"Vetanco Brasil\" \/>\n<meta property=\"article:modified_time\" content=\"2024-06-20T12:48:38+00:00\" \/>\n<meta property=\"og:image\" content=\"https:\/\/vetanco.com\/br\/wp-content\/uploads\/2023\/12\/DYSANTIC.png\" \/>\n\t<meta property=\"og:image:width\" content=\"800\" \/>\n\t<meta property=\"og:image:height\" content=\"800\" \/>\n\t<meta property=\"og:image:type\" content=\"image\/png\" \/>\n<meta name=\"twitter:card\" content=\"summary_large_image\" \/>\n<script type=\"application\/ld+json\" class=\"yoast-schema-graph\">{\"@context\":\"https:\/\/schema.org\",\"@graph\":[{\"@type\":\"WebPage\",\"@id\":\"https:\/\/vetanco.com\/br\/produto\/dysantic\/\",\"url\":\"https:\/\/vetanco.com\/br\/produto\/dysantic\/\",\"name\":\"DYSANTIC\u00ae - Vetanco Brasil\",\"isPartOf\":{\"@id\":\"https:\/\/vetanco.com\/br\/#website\"},\"primaryImageOfPage\":{\"@id\":\"https:\/\/vetanco.com\/br\/produto\/dysantic\/#primaryimage\"},\"image\":{\"@id\":\"https:\/\/vetanco.com\/br\/produto\/dysantic\/#primaryimage\"},\"thumbnailUrl\":\"https:\/\/vetanco.com\/br\/wp-content\/uploads\/2023\/12\/DYSANTIC.png\",\"datePublished\":\"2023-12-16T18:14:44+00:00\",\"dateModified\":\"2024-06-20T12:48:38+00:00\",\"breadcrumb\":{\"@id\":\"https:\/\/vetanco.com\/br\/produto\/dysantic\/#breadcrumb\"},\"inLanguage\":\"pt-BR\",\"potentialAction\":[{\"@type\":\"ReadAction\",\"target\":[\"https:\/\/vetanco.com\/br\/produto\/dysantic\/\"]}]},{\"@type\":\"ImageObject\",\"inLanguage\":\"pt-BR\",\"@id\":\"https:\/\/vetanco.com\/br\/produto\/dysantic\/#primaryimage\",\"url\":\"https:\/\/vetanco.com\/br\/wp-content\/uploads\/2023\/12\/DYSANTIC.png\",\"contentUrl\":\"https:\/\/vetanco.com\/br\/wp-content\/uploads\/2023\/12\/DYSANTIC.png\",\"width\":800,\"height\":800},{\"@type\":\"BreadcrumbList\",\"@id\":\"https:\/\/vetanco.com\/br\/produto\/dysantic\/#breadcrumb\",\"itemListElement\":[{\"@type\":\"ListItem\",\"position\":1,\"name\":\"In\u00edcio\",\"item\":\"https:\/\/vetanco.com\/br\/\"},{\"@type\":\"ListItem\",\"position\":2,\"name\":\"Produtos\",\"item\":\"https:\/\/vetanco.com\/br\/produtos\/\"},{\"@type\":\"ListItem\",\"position\":3,\"name\":\"DYSANTIC\u00ae\"}]},{\"@type\":\"WebSite\",\"@id\":\"https:\/\/vetanco.com\/br\/#website\",\"url\":\"https:\/\/vetanco.com\/br\/\",\"name\":\"Vetanco Brasil\",\"description\":\"Produtos Seguros para Alimentos Seguros\",\"potentialAction\":[{\"@type\":\"SearchAction\",\"target\":{\"@type\":\"EntryPoint\",\"urlTemplate\":\"https:\/\/vetanco.com\/br\/?s={search_term_string}\"},\"query-input\":{\"@type\":\"PropertyValueSpecification\",\"valueRequired\":true,\"valueName\":\"search_term_string\"}}],\"inLanguage\":\"pt-BR\"}]}<\/script>\n<!-- \/ Yoast SEO plugin. -->","yoast_head_json":{"title":"DYSANTIC\u00ae - Vetanco Brasil","robots":{"index":"index","follow":"follow","max-snippet":"max-snippet:-1","max-image-preview":"max-image-preview:large","max-video-preview":"max-video-preview:-1"},"canonical":"https:\/\/vetanco.com\/br\/produto\/dysantic\/","og_locale":"pt_BR","og_type":"article","og_title":"DYSANTIC\u00ae - Vetanco Brasil","og_description":"O DYSANTIC\u00ae \u00e9 um aditivo destinado aos fabricantes de produtos para alimenta\u00e7\u00e3o animal.","og_url":"https:\/\/vetanco.com\/br\/produto\/dysantic\/","og_site_name":"Vetanco Brasil","article_modified_time":"2024-06-20T12:48:38+00:00","og_image":[{"width":800,"height":800,"url":"https:\/\/vetanco.com\/br\/wp-content\/uploads\/2023\/12\/DYSANTIC.png","type":"image\/png"}],"twitter_card":"summary_large_image","schema":{"@context":"https:\/\/schema.org","@graph":[{"@type":"WebPage","@id":"https:\/\/vetanco.com\/br\/produto\/dysantic\/","url":"https:\/\/vetanco.com\/br\/produto\/dysantic\/","name":"DYSANTIC\u00ae - Vetanco Brasil","isPartOf":{"@id":"https:\/\/vetanco.com\/br\/#website"},"primaryImageOfPage":{"@id":"https:\/\/vetanco.com\/br\/produto\/dysantic\/#primaryimage"},"image":{"@id":"https:\/\/vetanco.com\/br\/produto\/dysantic\/#primaryimage"},"thumbnailUrl":"https:\/\/vetanco.com\/br\/wp-content\/uploads\/2023\/12\/DYSANTIC.png","datePublished":"2023-12-16T18:14:44+00:00","dateModified":"2024-06-20T12:48:38+00:00","breadcrumb":{"@id":"https:\/\/vetanco.com\/br\/produto\/dysantic\/#breadcrumb"},"inLanguage":"pt-BR","potentialAction":[{"@type":"ReadAction","target":["https:\/\/vetanco.com\/br\/produto\/dysantic\/"]}]},{"@type":"ImageObject","inLanguage":"pt-BR","@id":"https:\/\/vetanco.com\/br\/produto\/dysantic\/#primaryimage","url":"https:\/\/vetanco.com\/br\/wp-content\/uploads\/2023\/12\/DYSANTIC.png","contentUrl":"https:\/\/vetanco.com\/br\/wp-content\/uploads\/2023\/12\/DYSANTIC.png","width":800,"height":800},{"@type":"BreadcrumbList","@id":"https:\/\/vetanco.com\/br\/produto\/dysantic\/#breadcrumb","itemListElement":[{"@type":"ListItem","position":1,"name":"In\u00edcio","item":"https:\/\/vetanco.com\/br\/"},{"@type":"ListItem","position":2,"name":"Produtos","item":"https:\/\/vetanco.com\/br\/produtos\/"},{"@type":"ListItem","position":3,"name":"DYSANTIC\u00ae"}]},{"@type":"WebSite","@id":"https:\/\/vetanco.com\/br\/#website","url":"https:\/\/vetanco.com\/br\/","name":"Vetanco Brasil","description":"Produtos Seguros para Alimentos Seguros","potentialAction":[{"@type":"SearchAction","target":{"@type":"EntryPoint","urlTemplate":"https:\/\/vetanco.com\/br\/?s={search_term_string}"},"query-input":{"@type":"PropertyValueSpecification","valueRequired":true,"valueName":"search_term_string"}}],"inLanguage":"pt-BR"}]}},"_links":{"self":[{"href":"https:\/\/vetanco.com\/br\/wp-json\/wp\/v2\/product\/49","targetHints":{"allow":["GET"]}}],"collection":[{"href":"https:\/\/vetanco.com\/br\/wp-json\/wp\/v2\/product"}],"about":[{"href":"https:\/\/vetanco.com\/br\/wp-json\/wp\/v2\/types\/product"}],"wp:featuredmedia":[{"embeddable":true,"href":"https:\/\/vetanco.com\/br\/wp-json\/wp\/v2\/media\/619"}],"wp:attachment":[{"href":"https:\/\/vetanco.com\/br\/wp-json\/wp\/v2\/media?parent=49"}],"wp:term":[{"taxonomy":"product_brand","embeddable":true,"href":"https:\/\/vetanco.com\/br\/wp-json\/wp\/v2\/product_brand?post=49"},{"taxonomy":"product_cat","embeddable":true,"href":"https:\/\/vetanco.com\/br\/wp-json\/wp\/v2\/product_cat?post=49"},{"taxonomy":"product_tag","embeddable":true,"href":"https:\/\/vetanco.com\/br\/wp-json\/wp\/v2\/product_tag?post=49"}],"curies":[{"name":"wp","href":"https:\/\/api.w.org\/{rel}","templated":true}]}}