{"id":59,"date":"2023-12-16T15:17:45","date_gmt":"2023-12-16T18:17:45","guid":{"rendered":"https:\/\/vetanco.com\/br\/?post_type=product&#038;p=59"},"modified":"2024-06-20T09:45:29","modified_gmt":"2024-06-20T12:45:29","slug":"microflud-f","status":"publish","type":"product","link":"https:\/\/vetanco.com\/br\/produto\/microflud-f\/","title":{"rendered":"MICROFLUD<sup>\u00ae<\/sup> F"},"content":{"rendered":"<p><strong><span style=\"color: #00397f;\">COMPOSI\u00c7\u00c3O B\u00c1SICA<\/span><\/strong><\/p>\n<p><span style=\"font-weight: 400;\">Florfenicol e Excipientes<\/span><\/p>\n<p>&nbsp;<\/p>\n<p><strong><span style=\"color: #00397f;\">MODO DE USO<\/span><\/strong><\/p>\n<p><span style=\"font-weight: 400;\">O MICROFLUD<\/span><span style=\"font-weight: 400;\"><sup>\u00ae<\/sup><\/span><span style=\"font-weight: 400;\"> F deve ser administrado por via intramuscular, na dose de 15 mg de princ\u00edpio ativo por kg de peso vivo (equivalente a 1 mL de MICROFLUD<\/span><span style=\"font-weight: 400;\"><sup>\u00ae<\/sup><\/span><span style=\"font-weight: 400;\"> F para 20 kg de peso vivo). Deve ser administrado um total de duas aplica\u00e7\u00f5es, com intervalo de 48 horas entre a primeira e a segunda administra\u00e7\u00e3o. <\/span><\/p>\n<p>&nbsp;<\/p>\n<p><strong><span style=\"color: #00397f;\">APRESENTA\u00c7\u00c3O<\/span><\/strong><\/p>\n<p><span style=\"font-weight: 400;\">Frascos de 100 mL.<\/span><\/p>\n<p>&nbsp;<\/p>\n<p><strong><span style=\"color: #00397f;\">PER\u00cdODO DE CAR\u00caNCIA<\/span><\/strong><\/p>\n<p><span style=\"font-weight: 400;\">O abate dos su\u00ednos para consumo humano somente poder\u00e1 ser realizado 7 dias ap\u00f3s a \u00faltima aplica\u00e7\u00e3o.<\/span><\/p>\n","protected":false},"excerpt":{"rendered":"<p><img loading=\"lazy\" decoding=\"async\" class=\"alignnone wp-image-769\" src=\"https:\/\/vetanco.com\/br\/wp-content\/uploads\/2023\/12\/Swine-icon.png\" alt=\"\" width=\"70\" height=\"59\" \/><\/p>\n<p><span style=\"font-weight: 400;\">O MICROFLUD<\/span><span style=\"font-weight: 400;\"><sup>\u00ae<\/sup><\/span><span style=\"font-weight: 400;\"> F \u00e9 composto por Florfenicol, um antimicrobiano sint\u00e9tico, tempo dependente da classe dos anfenic\u00f3is. Possui amplo espectro de a\u00e7\u00e3o, indicado para tratamento de enfermidades causadas por microorganismos Gram-positivos e Gram-negativos sens\u00edveis ao Florfenicol.<\/span><\/p>\n","protected":false},"featured_media":624,"template":"","meta":[],"product_brand":[],"product_cat":[18],"product_tag":[],"class_list":{"0":"post-59","1":"product","2":"type-product","3":"status-publish","4":"has-post-thumbnail","6":"product_cat-suinos","8":"first","9":"onbackorder","10":"shipping-taxable","11":"product-type-simple"},"yoast_head":"<!-- This site is optimized with the Yoast SEO plugin v27.1.1 - https:\/\/yoast.com\/product\/yoast-seo-wordpress\/ -->\n<title>MICROFLUD\u00ae F - Vetanco Brasil<\/title>\n<meta name=\"robots\" content=\"index, follow, max-snippet:-1, max-image-preview:large, max-video-preview:-1\" \/>\n<link rel=\"canonical\" href=\"https:\/\/vetanco.com\/br\/produto\/microflud-f\/\" \/>\n<meta property=\"og:locale\" content=\"pt_BR\" \/>\n<meta property=\"og:type\" content=\"article\" \/>\n<meta property=\"og:title\" content=\"MICROFLUD\u00ae F - Vetanco Brasil\" \/>\n<meta property=\"og:description\" content=\"O MICROFLUD\u00ae F \u00e9 composto por Florfenicol, um antimicrobiano sint\u00e9tico, tempo dependente da classe dos anfenic\u00f3is. Possui amplo espectro de a\u00e7\u00e3o, indicado para tratamento de enfermidades causadas por microorganismos Gram-positivos e Gram-negativos sens\u00edveis ao Florfenicol.\" \/>\n<meta property=\"og:url\" content=\"https:\/\/vetanco.com\/br\/produto\/microflud-f\/\" \/>\n<meta property=\"og:site_name\" content=\"Vetanco Brasil\" \/>\n<meta property=\"article:modified_time\" content=\"2024-06-20T12:45:29+00:00\" \/>\n<meta property=\"og:image\" content=\"https:\/\/vetanco.com\/br\/wp-content\/uploads\/2023\/12\/MICROFLUD-F.png\" \/>\n\t<meta property=\"og:image:width\" content=\"800\" \/>\n\t<meta property=\"og:image:height\" content=\"800\" \/>\n\t<meta property=\"og:image:type\" content=\"image\/png\" \/>\n<meta name=\"twitter:card\" content=\"summary_large_image\" \/>\n<script type=\"application\/ld+json\" class=\"yoast-schema-graph\">{\"@context\":\"https:\/\/schema.org\",\"@graph\":[{\"@type\":\"WebPage\",\"@id\":\"https:\/\/vetanco.com\/br\/produto\/microflud-f\/\",\"url\":\"https:\/\/vetanco.com\/br\/produto\/microflud-f\/\",\"name\":\"MICROFLUD\u00ae F - Vetanco Brasil\",\"isPartOf\":{\"@id\":\"https:\/\/vetanco.com\/br\/#website\"},\"primaryImageOfPage\":{\"@id\":\"https:\/\/vetanco.com\/br\/produto\/microflud-f\/#primaryimage\"},\"image\":{\"@id\":\"https:\/\/vetanco.com\/br\/produto\/microflud-f\/#primaryimage\"},\"thumbnailUrl\":\"https:\/\/vetanco.com\/br\/wp-content\/uploads\/2023\/12\/MICROFLUD-F.png\",\"datePublished\":\"2023-12-16T18:17:45+00:00\",\"dateModified\":\"2024-06-20T12:45:29+00:00\",\"breadcrumb\":{\"@id\":\"https:\/\/vetanco.com\/br\/produto\/microflud-f\/#breadcrumb\"},\"inLanguage\":\"pt-BR\",\"potentialAction\":[{\"@type\":\"ReadAction\",\"target\":[\"https:\/\/vetanco.com\/br\/produto\/microflud-f\/\"]}]},{\"@type\":\"ImageObject\",\"inLanguage\":\"pt-BR\",\"@id\":\"https:\/\/vetanco.com\/br\/produto\/microflud-f\/#primaryimage\",\"url\":\"https:\/\/vetanco.com\/br\/wp-content\/uploads\/2023\/12\/MICROFLUD-F.png\",\"contentUrl\":\"https:\/\/vetanco.com\/br\/wp-content\/uploads\/2023\/12\/MICROFLUD-F.png\",\"width\":800,\"height\":800},{\"@type\":\"BreadcrumbList\",\"@id\":\"https:\/\/vetanco.com\/br\/produto\/microflud-f\/#breadcrumb\",\"itemListElement\":[{\"@type\":\"ListItem\",\"position\":1,\"name\":\"In\u00edcio\",\"item\":\"https:\/\/vetanco.com\/br\/\"},{\"@type\":\"ListItem\",\"position\":2,\"name\":\"Produtos\",\"item\":\"https:\/\/vetanco.com\/br\/produtos\/\"},{\"@type\":\"ListItem\",\"position\":3,\"name\":\"MICROFLUD\u00ae F\"}]},{\"@type\":\"WebSite\",\"@id\":\"https:\/\/vetanco.com\/br\/#website\",\"url\":\"https:\/\/vetanco.com\/br\/\",\"name\":\"Vetanco Brasil\",\"description\":\"Produtos Seguros para Alimentos Seguros\",\"potentialAction\":[{\"@type\":\"SearchAction\",\"target\":{\"@type\":\"EntryPoint\",\"urlTemplate\":\"https:\/\/vetanco.com\/br\/?s={search_term_string}\"},\"query-input\":{\"@type\":\"PropertyValueSpecification\",\"valueRequired\":true,\"valueName\":\"search_term_string\"}}],\"inLanguage\":\"pt-BR\"}]}<\/script>\n<!-- \/ Yoast SEO plugin. -->","yoast_head_json":{"title":"MICROFLUD\u00ae F - Vetanco Brasil","robots":{"index":"index","follow":"follow","max-snippet":"max-snippet:-1","max-image-preview":"max-image-preview:large","max-video-preview":"max-video-preview:-1"},"canonical":"https:\/\/vetanco.com\/br\/produto\/microflud-f\/","og_locale":"pt_BR","og_type":"article","og_title":"MICROFLUD\u00ae F - Vetanco Brasil","og_description":"O MICROFLUD\u00ae F \u00e9 composto por Florfenicol, um antimicrobiano sint\u00e9tico, tempo dependente da classe dos anfenic\u00f3is. Possui amplo espectro de a\u00e7\u00e3o, indicado para tratamento de enfermidades causadas por microorganismos Gram-positivos e Gram-negativos sens\u00edveis ao Florfenicol.","og_url":"https:\/\/vetanco.com\/br\/produto\/microflud-f\/","og_site_name":"Vetanco Brasil","article_modified_time":"2024-06-20T12:45:29+00:00","og_image":[{"width":800,"height":800,"url":"https:\/\/vetanco.com\/br\/wp-content\/uploads\/2023\/12\/MICROFLUD-F.png","type":"image\/png"}],"twitter_card":"summary_large_image","schema":{"@context":"https:\/\/schema.org","@graph":[{"@type":"WebPage","@id":"https:\/\/vetanco.com\/br\/produto\/microflud-f\/","url":"https:\/\/vetanco.com\/br\/produto\/microflud-f\/","name":"MICROFLUD\u00ae F - Vetanco Brasil","isPartOf":{"@id":"https:\/\/vetanco.com\/br\/#website"},"primaryImageOfPage":{"@id":"https:\/\/vetanco.com\/br\/produto\/microflud-f\/#primaryimage"},"image":{"@id":"https:\/\/vetanco.com\/br\/produto\/microflud-f\/#primaryimage"},"thumbnailUrl":"https:\/\/vetanco.com\/br\/wp-content\/uploads\/2023\/12\/MICROFLUD-F.png","datePublished":"2023-12-16T18:17:45+00:00","dateModified":"2024-06-20T12:45:29+00:00","breadcrumb":{"@id":"https:\/\/vetanco.com\/br\/produto\/microflud-f\/#breadcrumb"},"inLanguage":"pt-BR","potentialAction":[{"@type":"ReadAction","target":["https:\/\/vetanco.com\/br\/produto\/microflud-f\/"]}]},{"@type":"ImageObject","inLanguage":"pt-BR","@id":"https:\/\/vetanco.com\/br\/produto\/microflud-f\/#primaryimage","url":"https:\/\/vetanco.com\/br\/wp-content\/uploads\/2023\/12\/MICROFLUD-F.png","contentUrl":"https:\/\/vetanco.com\/br\/wp-content\/uploads\/2023\/12\/MICROFLUD-F.png","width":800,"height":800},{"@type":"BreadcrumbList","@id":"https:\/\/vetanco.com\/br\/produto\/microflud-f\/#breadcrumb","itemListElement":[{"@type":"ListItem","position":1,"name":"In\u00edcio","item":"https:\/\/vetanco.com\/br\/"},{"@type":"ListItem","position":2,"name":"Produtos","item":"https:\/\/vetanco.com\/br\/produtos\/"},{"@type":"ListItem","position":3,"name":"MICROFLUD\u00ae F"}]},{"@type":"WebSite","@id":"https:\/\/vetanco.com\/br\/#website","url":"https:\/\/vetanco.com\/br\/","name":"Vetanco Brasil","description":"Produtos Seguros para Alimentos Seguros","potentialAction":[{"@type":"SearchAction","target":{"@type":"EntryPoint","urlTemplate":"https:\/\/vetanco.com\/br\/?s={search_term_string}"},"query-input":{"@type":"PropertyValueSpecification","valueRequired":true,"valueName":"search_term_string"}}],"inLanguage":"pt-BR"}]}},"_links":{"self":[{"href":"https:\/\/vetanco.com\/br\/wp-json\/wp\/v2\/product\/59","targetHints":{"allow":["GET"]}}],"collection":[{"href":"https:\/\/vetanco.com\/br\/wp-json\/wp\/v2\/product"}],"about":[{"href":"https:\/\/vetanco.com\/br\/wp-json\/wp\/v2\/types\/product"}],"wp:featuredmedia":[{"embeddable":true,"href":"https:\/\/vetanco.com\/br\/wp-json\/wp\/v2\/media\/624"}],"wp:attachment":[{"href":"https:\/\/vetanco.com\/br\/wp-json\/wp\/v2\/media?parent=59"}],"wp:term":[{"taxonomy":"product_brand","embeddable":true,"href":"https:\/\/vetanco.com\/br\/wp-json\/wp\/v2\/product_brand?post=59"},{"taxonomy":"product_cat","embeddable":true,"href":"https:\/\/vetanco.com\/br\/wp-json\/wp\/v2\/product_cat?post=59"},{"taxonomy":"product_tag","embeddable":true,"href":"https:\/\/vetanco.com\/br\/wp-json\/wp\/v2\/product_tag?post=59"}],"curies":[{"name":"wp","href":"https:\/\/api.w.org\/{rel}","templated":true}]}}