{"id":60,"date":"2023-12-16T15:17:58","date_gmt":"2023-12-16T18:17:58","guid":{"rendered":"https:\/\/vetanco.com\/br\/?post_type=product&#038;p=60"},"modified":"2026-01-27T15:34:19","modified_gmt":"2026-01-27T18:34:19","slug":"detoxa-plus-controle-estrategico-de-micotoxinas","status":"publish","type":"product","link":"https:\/\/vetanco.com\/br\/produto\/detoxa-plus-controle-estrategico-de-micotoxinas\/","title":{"rendered":"DETOXA PLUS<sup>\u00ae<\/sup>"},"content":{"rendered":"<p><strong><span style=\"color: #00397f;\">COMPOSI\u00c7\u00c3O B\u00c1SICA<\/span><\/strong><\/p>\n<p><span style=\"font-weight: 400;\">Lisado de <\/span><i><span style=\"font-weight: 400;\">Saccharomyces cerevisiae<\/span><\/i><span style=\"font-weight: 400;\"> e Excipientes;<\/span><\/p>\n<p><strong><span style=\"color: #00397f;\">MODO DE USO<\/span><\/strong><\/p>\n<p><span style=\"font-weight: 400;\">O DETOXA PLUS<\/span><span style=\"font-weight: 400;\"><sup>\u00ae<\/sup><\/span><span style=\"font-weight: 400;\"> deve ser misturado ao alimento na propor\u00e7\u00e3o de 0,5 a 1,0 kg por tonelada de ra\u00e7\u00e3o, de acordo com a fase de produ\u00e7\u00e3o, objetivos e contamina\u00e7\u00f5es existentes.<\/span><\/p>\n<p><strong><span style=\"color: #00397f;\">APRESENTA\u00c7\u00c3O<\/span><\/strong><\/p>\n<p><span style=\"font-weight: 400;\">Sacos de 25 kg.<\/span><\/p>\n<p><strong><span style=\"color: #00397f;\">PER\u00cdODO DE CAR\u00caNCIA<\/span><\/strong><\/p>\n<p><span style=\"font-weight: 400;\">O DETOXA PLUS<\/span><span style=\"font-weight: 400;\"><sup>\u00ae<\/sup><\/span><span style=\"font-weight: 400;\"> n\u00e3o possui per\u00edodo de car\u00eancia.<\/span><\/p>\n","protected":false},"excerpt":{"rendered":"<p><img loading=\"lazy\" decoding=\"async\" class=\"alignnone wp-image-768\" src=\"https:\/\/vetanco.com\/br\/wp-content\/uploads\/2023\/12\/Poultry-icon.png\" alt=\"\" width=\"70\" height=\"59\" \/> <img loading=\"lazy\" decoding=\"async\" class=\"alignnone wp-image-769\" src=\"https:\/\/vetanco.com\/br\/wp-content\/uploads\/2023\/12\/Swine-icon.png\" alt=\"\" width=\"70\" height=\"59\" \/><\/p>\n<p><span style=\"font-weight: 400;\">O DETOXA PLUS<\/span><span style=\"font-weight: 400;\"><sup>\u00ae<\/sup><\/span><span style=\"font-weight: 400;\"> \u00e9 um Aditivo Anti-Micotoxinas indicado para inativa\u00e7\u00e3o de Zearalenona, Toxina T2, Fumoninsina, Ocratoxina e Adsor\u00e7\u00e3o de Aflatoxinas em produtos destinados a alimenta\u00e7\u00e3o animal.<\/span><\/p>\n<p><strong>Dados para tomada de decis\u00e3o!<\/strong><\/p>\n<p>Baixe a vers\u00e3o 2025 do<strong> <a href=\"https:\/\/cloud.mkt.vetanco.com\/micotoxinas2025\">eBook Micotoxina: Preval\u00eancia na Am\u00e9rica Latina.<\/a><\/strong><\/p>\n<p>Mais de 12 mil an\u00e1lises feitas pela equipe do VetanLab, tabulados nesta publica\u00e7\u00e3o. Boa leitura!<\/p>\n","protected":false},"featured_media":615,"template":"","meta":[],"product_brand":[],"product_cat":[16,17,18],"product_tag":[492],"class_list":{"0":"post-60","1":"product","2":"type-product","3":"status-publish","4":"has-post-thumbnail","6":"product_cat-bovinos","7":"product_cat-aves","8":"product_cat-suinos","9":"product_tag-micotoxina-detoxa-plus-dr-bata-inativacao","11":"first","12":"onbackorder","13":"shipping-taxable","14":"product-type-simple"},"yoast_head":"<!-- This site is optimized with the Yoast SEO plugin v27.1.1 - https:\/\/yoast.com\/product\/yoast-seo-wordpress\/ -->\n<title>DETOXA PLUS\u00ae - Controle estrat\u00e9gico de micotoxinas<\/title>\n<meta name=\"description\" content=\"O DETOXA PLUS\u00ae \u00e9 o que h\u00e1 de mais tecnologico aditivo indicado para inativa\u00e7\u00e3o de Micotoxinas em produtos destinados a alimenta\u00e7\u00e3o animal.\" \/>\n<meta name=\"robots\" content=\"index, follow, max-snippet:-1, max-image-preview:large, max-video-preview:-1\" \/>\n<link rel=\"canonical\" href=\"https:\/\/vetanco.com\/br\/produto\/detoxa-plus-controle-estrategico-de-micotoxinas\/\" \/>\n<meta property=\"og:locale\" content=\"pt_BR\" \/>\n<meta property=\"og:type\" content=\"article\" \/>\n<meta property=\"og:title\" content=\"DETOXA PLUS\u00ae - Controle estrat\u00e9gico de micotoxinas\" \/>\n<meta property=\"og:description\" content=\"O DETOXA PLUS\u00ae \u00e9 o que h\u00e1 de mais tecnologico aditivo indicado para inativa\u00e7\u00e3o de Micotoxinas em produtos destinados a alimenta\u00e7\u00e3o animal.\" \/>\n<meta property=\"og:url\" content=\"https:\/\/vetanco.com\/br\/produto\/detoxa-plus-controle-estrategico-de-micotoxinas\/\" \/>\n<meta property=\"og:site_name\" content=\"Vetanco Brasil\" \/>\n<meta property=\"article:modified_time\" content=\"2026-01-27T18:34:19+00:00\" \/>\n<meta property=\"og:image\" content=\"https:\/\/vetanco.com\/br\/wp-content\/uploads\/2023\/12\/DETOXA-PLUS.png\" \/>\n\t<meta property=\"og:image:width\" content=\"800\" \/>\n\t<meta property=\"og:image:height\" content=\"800\" \/>\n\t<meta property=\"og:image:type\" content=\"image\/png\" \/>\n<meta name=\"twitter:card\" content=\"summary_large_image\" \/>\n<meta name=\"twitter:label1\" content=\"Est. tempo de leitura\" \/>\n\t<meta name=\"twitter:data1\" content=\"1 minuto\" \/>\n<script type=\"application\/ld+json\" class=\"yoast-schema-graph\">{\"@context\":\"https:\/\/schema.org\",\"@graph\":[{\"@type\":\"WebPage\",\"@id\":\"https:\/\/vetanco.com\/br\/produto\/detoxa-plus-controle-estrategico-de-micotoxinas\/\",\"url\":\"https:\/\/vetanco.com\/br\/produto\/detoxa-plus-controle-estrategico-de-micotoxinas\/\",\"name\":\"DETOXA PLUS\u00ae - Controle estrat\u00e9gico de micotoxinas\",\"isPartOf\":{\"@id\":\"https:\/\/vetanco.com\/br\/#website\"},\"primaryImageOfPage\":{\"@id\":\"https:\/\/vetanco.com\/br\/produto\/detoxa-plus-controle-estrategico-de-micotoxinas\/#primaryimage\"},\"image\":{\"@id\":\"https:\/\/vetanco.com\/br\/produto\/detoxa-plus-controle-estrategico-de-micotoxinas\/#primaryimage\"},\"thumbnailUrl\":\"https:\/\/vetanco.com\/br\/wp-content\/uploads\/2023\/12\/DETOXA-PLUS.png\",\"datePublished\":\"2023-12-16T18:17:58+00:00\",\"dateModified\":\"2026-01-27T18:34:19+00:00\",\"description\":\"O DETOXA PLUS\u00ae \u00e9 o que h\u00e1 de mais tecnologico aditivo indicado para inativa\u00e7\u00e3o de Micotoxinas em produtos destinados a alimenta\u00e7\u00e3o animal.\",\"breadcrumb\":{\"@id\":\"https:\/\/vetanco.com\/br\/produto\/detoxa-plus-controle-estrategico-de-micotoxinas\/#breadcrumb\"},\"inLanguage\":\"pt-BR\",\"potentialAction\":[{\"@type\":\"ReadAction\",\"target\":[\"https:\/\/vetanco.com\/br\/produto\/detoxa-plus-controle-estrategico-de-micotoxinas\/\"]}]},{\"@type\":\"ImageObject\",\"inLanguage\":\"pt-BR\",\"@id\":\"https:\/\/vetanco.com\/br\/produto\/detoxa-plus-controle-estrategico-de-micotoxinas\/#primaryimage\",\"url\":\"https:\/\/vetanco.com\/br\/wp-content\/uploads\/2023\/12\/DETOXA-PLUS.png\",\"contentUrl\":\"https:\/\/vetanco.com\/br\/wp-content\/uploads\/2023\/12\/DETOXA-PLUS.png\",\"width\":800,\"height\":800},{\"@type\":\"BreadcrumbList\",\"@id\":\"https:\/\/vetanco.com\/br\/produto\/detoxa-plus-controle-estrategico-de-micotoxinas\/#breadcrumb\",\"itemListElement\":[{\"@type\":\"ListItem\",\"position\":1,\"name\":\"In\u00edcio\",\"item\":\"https:\/\/vetanco.com\/br\/\"},{\"@type\":\"ListItem\",\"position\":2,\"name\":\"Produtos\",\"item\":\"https:\/\/vetanco.com\/br\/produtos\/\"},{\"@type\":\"ListItem\",\"position\":3,\"name\":\"DETOXA PLUS\u00ae\"}]},{\"@type\":\"WebSite\",\"@id\":\"https:\/\/vetanco.com\/br\/#website\",\"url\":\"https:\/\/vetanco.com\/br\/\",\"name\":\"Vetanco Brasil\",\"description\":\"Produtos Seguros para Alimentos Seguros\",\"potentialAction\":[{\"@type\":\"SearchAction\",\"target\":{\"@type\":\"EntryPoint\",\"urlTemplate\":\"https:\/\/vetanco.com\/br\/?s={search_term_string}\"},\"query-input\":{\"@type\":\"PropertyValueSpecification\",\"valueRequired\":true,\"valueName\":\"search_term_string\"}}],\"inLanguage\":\"pt-BR\"}]}<\/script>\n<!-- \/ Yoast SEO plugin. -->","yoast_head_json":{"title":"DETOXA PLUS\u00ae - Controle estrat\u00e9gico de micotoxinas","description":"O DETOXA PLUS\u00ae \u00e9 o que h\u00e1 de mais tecnologico aditivo indicado para inativa\u00e7\u00e3o de Micotoxinas em produtos destinados a alimenta\u00e7\u00e3o animal.","robots":{"index":"index","follow":"follow","max-snippet":"max-snippet:-1","max-image-preview":"max-image-preview:large","max-video-preview":"max-video-preview:-1"},"canonical":"https:\/\/vetanco.com\/br\/produto\/detoxa-plus-controle-estrategico-de-micotoxinas\/","og_locale":"pt_BR","og_type":"article","og_title":"DETOXA PLUS\u00ae - Controle estrat\u00e9gico de micotoxinas","og_description":"O DETOXA PLUS\u00ae \u00e9 o que h\u00e1 de mais tecnologico aditivo indicado para inativa\u00e7\u00e3o de Micotoxinas em produtos destinados a alimenta\u00e7\u00e3o animal.","og_url":"https:\/\/vetanco.com\/br\/produto\/detoxa-plus-controle-estrategico-de-micotoxinas\/","og_site_name":"Vetanco Brasil","article_modified_time":"2026-01-27T18:34:19+00:00","og_image":[{"width":800,"height":800,"url":"https:\/\/vetanco.com\/br\/wp-content\/uploads\/2023\/12\/DETOXA-PLUS.png","type":"image\/png"}],"twitter_card":"summary_large_image","twitter_misc":{"Est. tempo de leitura":"1 minuto"},"schema":{"@context":"https:\/\/schema.org","@graph":[{"@type":"WebPage","@id":"https:\/\/vetanco.com\/br\/produto\/detoxa-plus-controle-estrategico-de-micotoxinas\/","url":"https:\/\/vetanco.com\/br\/produto\/detoxa-plus-controle-estrategico-de-micotoxinas\/","name":"DETOXA PLUS\u00ae - Controle estrat\u00e9gico de micotoxinas","isPartOf":{"@id":"https:\/\/vetanco.com\/br\/#website"},"primaryImageOfPage":{"@id":"https:\/\/vetanco.com\/br\/produto\/detoxa-plus-controle-estrategico-de-micotoxinas\/#primaryimage"},"image":{"@id":"https:\/\/vetanco.com\/br\/produto\/detoxa-plus-controle-estrategico-de-micotoxinas\/#primaryimage"},"thumbnailUrl":"https:\/\/vetanco.com\/br\/wp-content\/uploads\/2023\/12\/DETOXA-PLUS.png","datePublished":"2023-12-16T18:17:58+00:00","dateModified":"2026-01-27T18:34:19+00:00","description":"O DETOXA PLUS\u00ae \u00e9 o que h\u00e1 de mais tecnologico aditivo indicado para inativa\u00e7\u00e3o de Micotoxinas em produtos destinados a alimenta\u00e7\u00e3o animal.","breadcrumb":{"@id":"https:\/\/vetanco.com\/br\/produto\/detoxa-plus-controle-estrategico-de-micotoxinas\/#breadcrumb"},"inLanguage":"pt-BR","potentialAction":[{"@type":"ReadAction","target":["https:\/\/vetanco.com\/br\/produto\/detoxa-plus-controle-estrategico-de-micotoxinas\/"]}]},{"@type":"ImageObject","inLanguage":"pt-BR","@id":"https:\/\/vetanco.com\/br\/produto\/detoxa-plus-controle-estrategico-de-micotoxinas\/#primaryimage","url":"https:\/\/vetanco.com\/br\/wp-content\/uploads\/2023\/12\/DETOXA-PLUS.png","contentUrl":"https:\/\/vetanco.com\/br\/wp-content\/uploads\/2023\/12\/DETOXA-PLUS.png","width":800,"height":800},{"@type":"BreadcrumbList","@id":"https:\/\/vetanco.com\/br\/produto\/detoxa-plus-controle-estrategico-de-micotoxinas\/#breadcrumb","itemListElement":[{"@type":"ListItem","position":1,"name":"In\u00edcio","item":"https:\/\/vetanco.com\/br\/"},{"@type":"ListItem","position":2,"name":"Produtos","item":"https:\/\/vetanco.com\/br\/produtos\/"},{"@type":"ListItem","position":3,"name":"DETOXA PLUS\u00ae"}]},{"@type":"WebSite","@id":"https:\/\/vetanco.com\/br\/#website","url":"https:\/\/vetanco.com\/br\/","name":"Vetanco Brasil","description":"Produtos Seguros para Alimentos Seguros","potentialAction":[{"@type":"SearchAction","target":{"@type":"EntryPoint","urlTemplate":"https:\/\/vetanco.com\/br\/?s={search_term_string}"},"query-input":{"@type":"PropertyValueSpecification","valueRequired":true,"valueName":"search_term_string"}}],"inLanguage":"pt-BR"}]}},"_links":{"self":[{"href":"https:\/\/vetanco.com\/br\/wp-json\/wp\/v2\/product\/60","targetHints":{"allow":["GET"]}}],"collection":[{"href":"https:\/\/vetanco.com\/br\/wp-json\/wp\/v2\/product"}],"about":[{"href":"https:\/\/vetanco.com\/br\/wp-json\/wp\/v2\/types\/product"}],"wp:featuredmedia":[{"embeddable":true,"href":"https:\/\/vetanco.com\/br\/wp-json\/wp\/v2\/media\/615"}],"wp:attachment":[{"href":"https:\/\/vetanco.com\/br\/wp-json\/wp\/v2\/media?parent=60"}],"wp:term":[{"taxonomy":"product_brand","embeddable":true,"href":"https:\/\/vetanco.com\/br\/wp-json\/wp\/v2\/product_brand?post=60"},{"taxonomy":"product_cat","embeddable":true,"href":"https:\/\/vetanco.com\/br\/wp-json\/wp\/v2\/product_cat?post=60"},{"taxonomy":"product_tag","embeddable":true,"href":"https:\/\/vetanco.com\/br\/wp-json\/wp\/v2\/product_tag?post=60"}],"curies":[{"name":"wp","href":"https:\/\/api.w.org\/{rel}","templated":true}]}}