{"id":11038,"date":"2024-11-12T07:31:56","date_gmt":"2024-11-12T12:31:56","guid":{"rendered":"https:\/\/vetanco.com\/co\/?post_type=product&#038;p=11038"},"modified":"2025-02-05T07:00:39","modified_gmt":"2025-02-05T12:00:39","slug":"di-heptarine-s-premix","status":"publish","type":"product","link":"https:\/\/vetanco.com\/co\/produto\/di-heptarine-s-premix\/","title":{"rendered":"DI HEPTARINE S<sup>\u00ae<\/sup> PREMIX"},"content":{"rendered":"<p><span style=\"color: #00397f;\"><strong>COMPOSICI\u00d3N<\/strong><\/span><\/p>\n<p>Silimarina y complejo fosf\u00e1tido, tecnolog\u00eda que incrementa su absorci\u00f3n y biodisponibilidad.<\/p>\n<p>&nbsp;<\/p>\n<p><span style=\"color: #00397f;\"><b>INDICACIONES<\/b><\/span><\/p>\n<ul>\n<li><em>Dosis Aves:<\/em> 250 &#8211; 500 gr \/tonelada de alimento.<\/li>\n<li><em>Dosis Cerdos: <\/em><\/li>\n<\/ul>\n<ol>\n<li>Gestaci\u00f3n: 250gr \/tonelada de alimento.<\/li>\n<li>Lactancia: 500gr &#8211; 750gr \/tonelada de alimento.<\/li>\n<li>Machos reproductores: 500gr \/tonelada de alimento.<\/li>\n<\/ol>\n<p>&nbsp;<\/p>\n<p><span style=\"color: #00397f;\"><strong>PRESENTACI\u00d3N<\/strong><\/span><\/p>\n<p>Saco de 25kg.<\/p>\n","protected":false},"excerpt":{"rendered":"<p><img loading=\"lazy\" decoding=\"async\" class=\"alignnone size-full wp-image-10940\" src=\"https:\/\/vetanco.com\/co\/wp-content\/uploads\/2024\/11\/Picto-Aves-2.png\" alt=\"\" width=\"75\" height=\"63\" \/> <img loading=\"lazy\" decoding=\"async\" class=\"alignnone size-full wp-image-10886\" src=\"https:\/\/vetanco.com\/co\/wp-content\/uploads\/2024\/11\/Picto-Cerdos.png\" alt=\"\" width=\"75\" height=\"63\" \/><\/p>\n<p><strong>Antiinflamatorio- Antioxidante- Regenerador celular.<\/strong><\/p>\n<p>Complemento ideal en la prevenci\u00f3n y terapia de alteraciones metab\u00f3licas provocadas por estr\u00e9s, desaf\u00edo por micotoxinas, agentes virales o bacterianos.<\/p>\n<p>Uso en pollo, ponedoras y reproductoras. Tambien para uso en cerdos.<\/p>\n","protected":false},"featured_media":12267,"comment_status":"open","ping_status":"closed","template":"","meta":[],"product_brand":[],"product_cat":[230],"product_tag":[],"class_list":{"0":"post-11038","1":"product","2":"type-product","3":"status-publish","4":"has-post-thumbnail","6":"product_cat-regulador-metabolico","8":"first","9":"instock","10":"shipping-taxable","11":"product-type-simple"},"yoast_head":"<!-- This site is optimized with the Yoast SEO plugin v27.3 - https:\/\/yoast.com\/product\/yoast-seo-wordpress\/ -->\n<title>DI HEPTARINE S\u00ae PREMIX - Vetanco Colombia<\/title>\n<meta name=\"description\" content=\"Complemento ideal en la prevenci\u00f3n y terapia de alteraciones metab\u00f3licas provocadas por estr\u00e9s, desaf\u00edo por micotoxinas, agentes virales o bacterianos.\" \/>\n<meta name=\"robots\" content=\"index, follow, max-snippet:-1, max-image-preview:large, max-video-preview:-1\" \/>\n<link rel=\"canonical\" href=\"https:\/\/vetanco.com\/co\/produto\/di-heptarine-s-premix\/\" \/>\n<meta property=\"og:locale\" content=\"es_ES\" \/>\n<meta property=\"og:type\" content=\"article\" \/>\n<meta property=\"og:title\" content=\"DI HEPTARINE S\u00ae PREMIX - Vetanco Colombia\" \/>\n<meta property=\"og:description\" content=\"Complemento ideal en la prevenci\u00f3n y terapia de alteraciones metab\u00f3licas provocadas por estr\u00e9s, desaf\u00edo por micotoxinas, agentes virales o bacterianos.\" \/>\n<meta property=\"og:url\" content=\"https:\/\/vetanco.com\/co\/produto\/di-heptarine-s-premix\/\" \/>\n<meta property=\"og:site_name\" content=\"Vetanco Colombia\" \/>\n<meta property=\"article:modified_time\" content=\"2025-02-05T12:00:39+00:00\" \/>\n<meta property=\"og:image\" content=\"https:\/\/vetanco.com\/co\/wp-content\/uploads\/2024\/10\/Di-Heptarine-S-Premix-2.png\" \/>\n\t<meta property=\"og:image:width\" content=\"800\" \/>\n\t<meta property=\"og:image:height\" content=\"800\" \/>\n\t<meta property=\"og:image:type\" content=\"image\/png\" \/>\n<meta name=\"twitter:card\" content=\"summary_large_image\" \/>\n<meta name=\"twitter:label1\" content=\"Tiempo de lectura\" \/>\n\t<meta name=\"twitter:data1\" content=\"1 minuto\" \/>\n<script type=\"application\/ld+json\" class=\"yoast-schema-graph\">{\"@context\":\"https:\\\/\\\/schema.org\",\"@graph\":[{\"@type\":\"WebPage\",\"@id\":\"https:\\\/\\\/vetanco.com\\\/co\\\/produto\\\/di-heptarine-s-premix\\\/\",\"url\":\"https:\\\/\\\/vetanco.com\\\/co\\\/produto\\\/di-heptarine-s-premix\\\/\",\"name\":\"DI HEPTARINE S\u00ae PREMIX - Vetanco Colombia\",\"isPartOf\":{\"@id\":\"https:\\\/\\\/vetanco.com\\\/co\\\/#website\"},\"primaryImageOfPage\":{\"@id\":\"https:\\\/\\\/vetanco.com\\\/co\\\/produto\\\/di-heptarine-s-premix\\\/#primaryimage\"},\"image\":{\"@id\":\"https:\\\/\\\/vetanco.com\\\/co\\\/produto\\\/di-heptarine-s-premix\\\/#primaryimage\"},\"thumbnailUrl\":\"https:\\\/\\\/vetanco.com\\\/co\\\/wp-content\\\/uploads\\\/2024\\\/10\\\/Di-Heptarine-S-Premix-2.png\",\"datePublished\":\"2024-11-12T12:31:56+00:00\",\"dateModified\":\"2025-02-05T12:00:39+00:00\",\"description\":\"Complemento ideal en la prevenci\u00f3n y terapia de alteraciones metab\u00f3licas provocadas por estr\u00e9s, desaf\u00edo por micotoxinas, agentes virales o bacterianos.\",\"breadcrumb\":{\"@id\":\"https:\\\/\\\/vetanco.com\\\/co\\\/produto\\\/di-heptarine-s-premix\\\/#breadcrumb\"},\"inLanguage\":\"es-CO\",\"potentialAction\":[{\"@type\":\"ReadAction\",\"target\":[\"https:\\\/\\\/vetanco.com\\\/co\\\/produto\\\/di-heptarine-s-premix\\\/\"]}]},{\"@type\":\"ImageObject\",\"inLanguage\":\"es-CO\",\"@id\":\"https:\\\/\\\/vetanco.com\\\/co\\\/produto\\\/di-heptarine-s-premix\\\/#primaryimage\",\"url\":\"https:\\\/\\\/vetanco.com\\\/co\\\/wp-content\\\/uploads\\\/2024\\\/10\\\/Di-Heptarine-S-Premix-2.png\",\"contentUrl\":\"https:\\\/\\\/vetanco.com\\\/co\\\/wp-content\\\/uploads\\\/2024\\\/10\\\/Di-Heptarine-S-Premix-2.png\",\"width\":800,\"height\":800},{\"@type\":\"BreadcrumbList\",\"@id\":\"https:\\\/\\\/vetanco.com\\\/co\\\/produto\\\/di-heptarine-s-premix\\\/#breadcrumb\",\"itemListElement\":[{\"@type\":\"ListItem\",\"position\":1,\"name\":\"In\u00edcio\",\"item\":\"https:\\\/\\\/vetanco.com\\\/co\\\/\"},{\"@type\":\"ListItem\",\"position\":2,\"name\":\"Productos\",\"item\":\"https:\\\/\\\/vetanco.com\\\/co\\\/productos\\\/\"},{\"@type\":\"ListItem\",\"position\":3,\"name\":\"DI HEPTARINE S\u00ae PREMIX\"}]},{\"@type\":\"WebSite\",\"@id\":\"https:\\\/\\\/vetanco.com\\\/co\\\/#website\",\"url\":\"https:\\\/\\\/vetanco.com\\\/co\\\/\",\"name\":\"Vetanco Colombia\",\"description\":\"Productos Seguros para Alimentos Seguros\",\"potentialAction\":[{\"@type\":\"SearchAction\",\"target\":{\"@type\":\"EntryPoint\",\"urlTemplate\":\"https:\\\/\\\/vetanco.com\\\/co\\\/?s={search_term_string}\"},\"query-input\":{\"@type\":\"PropertyValueSpecification\",\"valueRequired\":true,\"valueName\":\"search_term_string\"}}],\"inLanguage\":\"es-CO\"}]}<\/script>\n<!-- \/ Yoast SEO plugin. -->","yoast_head_json":{"title":"DI HEPTARINE S\u00ae PREMIX - Vetanco Colombia","description":"Complemento ideal en la prevenci\u00f3n y terapia de alteraciones metab\u00f3licas provocadas por estr\u00e9s, desaf\u00edo por micotoxinas, agentes virales o bacterianos.","robots":{"index":"index","follow":"follow","max-snippet":"max-snippet:-1","max-image-preview":"max-image-preview:large","max-video-preview":"max-video-preview:-1"},"canonical":"https:\/\/vetanco.com\/co\/produto\/di-heptarine-s-premix\/","og_locale":"es_ES","og_type":"article","og_title":"DI HEPTARINE S\u00ae PREMIX - Vetanco Colombia","og_description":"Complemento ideal en la prevenci\u00f3n y terapia de alteraciones metab\u00f3licas provocadas por estr\u00e9s, desaf\u00edo por micotoxinas, agentes virales o bacterianos.","og_url":"https:\/\/vetanco.com\/co\/produto\/di-heptarine-s-premix\/","og_site_name":"Vetanco Colombia","article_modified_time":"2025-02-05T12:00:39+00:00","og_image":[{"width":800,"height":800,"url":"https:\/\/vetanco.com\/co\/wp-content\/uploads\/2024\/10\/Di-Heptarine-S-Premix-2.png","type":"image\/png"}],"twitter_card":"summary_large_image","twitter_misc":{"Tiempo de lectura":"1 minuto"},"schema":{"@context":"https:\/\/schema.org","@graph":[{"@type":"WebPage","@id":"https:\/\/vetanco.com\/co\/produto\/di-heptarine-s-premix\/","url":"https:\/\/vetanco.com\/co\/produto\/di-heptarine-s-premix\/","name":"DI HEPTARINE S\u00ae PREMIX - Vetanco Colombia","isPartOf":{"@id":"https:\/\/vetanco.com\/co\/#website"},"primaryImageOfPage":{"@id":"https:\/\/vetanco.com\/co\/produto\/di-heptarine-s-premix\/#primaryimage"},"image":{"@id":"https:\/\/vetanco.com\/co\/produto\/di-heptarine-s-premix\/#primaryimage"},"thumbnailUrl":"https:\/\/vetanco.com\/co\/wp-content\/uploads\/2024\/10\/Di-Heptarine-S-Premix-2.png","datePublished":"2024-11-12T12:31:56+00:00","dateModified":"2025-02-05T12:00:39+00:00","description":"Complemento ideal en la prevenci\u00f3n y terapia de alteraciones metab\u00f3licas provocadas por estr\u00e9s, desaf\u00edo por micotoxinas, agentes virales o bacterianos.","breadcrumb":{"@id":"https:\/\/vetanco.com\/co\/produto\/di-heptarine-s-premix\/#breadcrumb"},"inLanguage":"es-CO","potentialAction":[{"@type":"ReadAction","target":["https:\/\/vetanco.com\/co\/produto\/di-heptarine-s-premix\/"]}]},{"@type":"ImageObject","inLanguage":"es-CO","@id":"https:\/\/vetanco.com\/co\/produto\/di-heptarine-s-premix\/#primaryimage","url":"https:\/\/vetanco.com\/co\/wp-content\/uploads\/2024\/10\/Di-Heptarine-S-Premix-2.png","contentUrl":"https:\/\/vetanco.com\/co\/wp-content\/uploads\/2024\/10\/Di-Heptarine-S-Premix-2.png","width":800,"height":800},{"@type":"BreadcrumbList","@id":"https:\/\/vetanco.com\/co\/produto\/di-heptarine-s-premix\/#breadcrumb","itemListElement":[{"@type":"ListItem","position":1,"name":"In\u00edcio","item":"https:\/\/vetanco.com\/co\/"},{"@type":"ListItem","position":2,"name":"Productos","item":"https:\/\/vetanco.com\/co\/productos\/"},{"@type":"ListItem","position":3,"name":"DI HEPTARINE S\u00ae PREMIX"}]},{"@type":"WebSite","@id":"https:\/\/vetanco.com\/co\/#website","url":"https:\/\/vetanco.com\/co\/","name":"Vetanco Colombia","description":"Productos Seguros para Alimentos Seguros","potentialAction":[{"@type":"SearchAction","target":{"@type":"EntryPoint","urlTemplate":"https:\/\/vetanco.com\/co\/?s={search_term_string}"},"query-input":{"@type":"PropertyValueSpecification","valueRequired":true,"valueName":"search_term_string"}}],"inLanguage":"es-CO"}]}},"_links":{"self":[{"href":"https:\/\/vetanco.com\/co\/wp-json\/wp\/v2\/product\/11038","targetHints":{"allow":["GET"]}}],"collection":[{"href":"https:\/\/vetanco.com\/co\/wp-json\/wp\/v2\/product"}],"about":[{"href":"https:\/\/vetanco.com\/co\/wp-json\/wp\/v2\/types\/product"}],"replies":[{"embeddable":true,"href":"https:\/\/vetanco.com\/co\/wp-json\/wp\/v2\/comments?post=11038"}],"wp:featuredmedia":[{"embeddable":true,"href":"https:\/\/vetanco.com\/co\/wp-json\/wp\/v2\/media\/12267"}],"wp:attachment":[{"href":"https:\/\/vetanco.com\/co\/wp-json\/wp\/v2\/media?parent=11038"}],"wp:term":[{"taxonomy":"product_brand","embeddable":true,"href":"https:\/\/vetanco.com\/co\/wp-json\/wp\/v2\/product_brand?post=11038"},{"taxonomy":"product_cat","embeddable":true,"href":"https:\/\/vetanco.com\/co\/wp-json\/wp\/v2\/product_cat?post=11038"},{"taxonomy":"product_tag","embeddable":true,"href":"https:\/\/vetanco.com\/co\/wp-json\/wp\/v2\/product_tag?post=11038"}],"curies":[{"name":"wp","href":"https:\/\/api.w.org\/{rel}","templated":true}]}}