{"id":11043,"date":"2024-11-12T08:14:34","date_gmt":"2024-11-12T13:14:34","guid":{"rendered":"https:\/\/vetanco.com\/co\/?post_type=product&#038;p=11043"},"modified":"2025-12-10T17:21:59","modified_gmt":"2025-12-10T22:21:59","slug":"neutroxin","status":"publish","type":"product","link":"https:\/\/vetanco.com\/co\/produto\/neutroxin\/","title":{"rendered":"NEUTROXIN<sup>\u00ae<\/sup>"},"content":{"rendered":"<p><span style=\"color: #00397f;\"><strong>COMPOSICI\u00d3N<\/strong><\/span><\/p>\n<p>Aditivo biopromotor compuesto por cepas inactivadas de <em>bacilus subtilis<\/em> y sus metabolitos.<\/p>\n<p>&nbsp;<\/p>\n<p><span style=\"color: #00397f;\"><strong>DOSIS<\/strong><\/span><\/p>\n<ul>\n<li><em>Aves:<\/em> 0,2ml\/ave (1 litro\/5000aves), en el agua de bebida, dentro de los 3 primeros d\u00edas de vida y repetir 14 d\u00edas despu\u00e9s.<\/li>\n<li><em>Cerdos:<\/em> 2ml\/lech\u00f3n v\u00eda oral al tercer d\u00eda de edad y repetir esta dosis 14 d\u00edas despu\u00e9s.<\/li>\n<\/ul>\n<p>&nbsp;<\/p>\n<p><span style=\"color: #00397f;\"><strong>PRESENTACI\u00d3N<\/strong><\/span><\/p>\n<p>Frasco x 1 litro.<\/p>\n","protected":false},"excerpt":{"rendered":"<p><img loading=\"lazy\" decoding=\"async\" class=\"alignnone size-full wp-image-10940\" src=\"https:\/\/vetanco.com\/co\/wp-content\/uploads\/2024\/11\/Picto-Aves-2.png\" alt=\"\" width=\"75\" height=\"63\" \/> <img loading=\"lazy\" decoding=\"async\" class=\"alignnone size-full wp-image-10886\" src=\"https:\/\/vetanco.com\/co\/wp-content\/uploads\/2024\/11\/Picto-Cerdos.png\" alt=\"\" width=\"75\" height=\"63\" \/><\/p>\n<p><strong>Soluci\u00f3n Oral.<\/strong><\/p>\n<p><strong>Aditivo prebi\u00f3tico l\u00edquido.<\/strong><\/p>\n<p>Estimulante de la respuesta inmune de glucosa.<\/p>\n<p>Favorece el equilibrio de la microbiota intestinal al brindar una amplia protecci\u00f3n contra las afecciones ent\u00e9ricas ocasionadas por bacterias Gram negativas.<\/p>\n","protected":false},"featured_media":11063,"comment_status":"open","ping_status":"closed","template":"","meta":[],"product_brand":[],"product_cat":[234],"product_tag":[],"class_list":{"0":"post-11043","1":"product","2":"type-product","3":"status-publish","4":"has-post-thumbnail","6":"product_cat-aditivos","8":"first","9":"instock","10":"shipping-taxable","11":"product-type-simple"},"yoast_head":"<!-- This site is optimized with the Yoast SEO plugin v27.3 - https:\/\/yoast.com\/product\/yoast-seo-wordpress\/ -->\n<title>NEUTROXIN\u00ae - Vetanco Colombia<\/title>\n<meta name=\"description\" content=\"Producto de la l\u00ednea BV Science especialmente formulado para ser usado en aves como estimulante de la respuesta inmune de glucosa.\" \/>\n<meta name=\"robots\" content=\"index, follow, max-snippet:-1, max-image-preview:large, max-video-preview:-1\" \/>\n<link rel=\"canonical\" href=\"https:\/\/vetanco.com\/co\/produto\/neutroxin\/\" \/>\n<meta property=\"og:locale\" content=\"es_ES\" \/>\n<meta property=\"og:type\" content=\"article\" \/>\n<meta property=\"og:title\" content=\"NEUTROXIN\u00ae - Vetanco Colombia\" \/>\n<meta property=\"og:description\" content=\"Producto de la l\u00ednea BV Science especialmente formulado para ser usado en aves como estimulante de la respuesta inmune de glucosa.\" \/>\n<meta property=\"og:url\" content=\"https:\/\/vetanco.com\/co\/produto\/neutroxin\/\" \/>\n<meta property=\"og:site_name\" content=\"Vetanco Colombia\" \/>\n<meta property=\"article:modified_time\" content=\"2025-12-10T22:21:59+00:00\" \/>\n<meta property=\"og:image\" content=\"https:\/\/vetanco.com\/co\/wp-content\/uploads\/2024\/11\/images-2.png\" \/>\n\t<meta property=\"og:image:width\" content=\"225\" \/>\n\t<meta property=\"og:image:height\" content=\"225\" \/>\n\t<meta property=\"og:image:type\" content=\"image\/png\" \/>\n<meta name=\"twitter:card\" content=\"summary_large_image\" \/>\n<meta name=\"twitter:label1\" content=\"Tiempo de lectura\" \/>\n\t<meta name=\"twitter:data1\" content=\"1 minuto\" \/>\n<script type=\"application\/ld+json\" class=\"yoast-schema-graph\">{\"@context\":\"https:\\\/\\\/schema.org\",\"@graph\":[{\"@type\":\"WebPage\",\"@id\":\"https:\\\/\\\/vetanco.com\\\/co\\\/produto\\\/neutroxin\\\/\",\"url\":\"https:\\\/\\\/vetanco.com\\\/co\\\/produto\\\/neutroxin\\\/\",\"name\":\"NEUTROXIN\u00ae - Vetanco Colombia\",\"isPartOf\":{\"@id\":\"https:\\\/\\\/vetanco.com\\\/co\\\/#website\"},\"primaryImageOfPage\":{\"@id\":\"https:\\\/\\\/vetanco.com\\\/co\\\/produto\\\/neutroxin\\\/#primaryimage\"},\"image\":{\"@id\":\"https:\\\/\\\/vetanco.com\\\/co\\\/produto\\\/neutroxin\\\/#primaryimage\"},\"thumbnailUrl\":\"https:\\\/\\\/vetanco.com\\\/co\\\/wp-content\\\/uploads\\\/2024\\\/11\\\/images-2.png\",\"datePublished\":\"2024-11-12T13:14:34+00:00\",\"dateModified\":\"2025-12-10T22:21:59+00:00\",\"description\":\"Producto de la l\u00ednea BV Science especialmente formulado para ser usado en aves como estimulante de la respuesta inmune de glucosa.\",\"breadcrumb\":{\"@id\":\"https:\\\/\\\/vetanco.com\\\/co\\\/produto\\\/neutroxin\\\/#breadcrumb\"},\"inLanguage\":\"es-CO\",\"potentialAction\":[{\"@type\":\"ReadAction\",\"target\":[\"https:\\\/\\\/vetanco.com\\\/co\\\/produto\\\/neutroxin\\\/\"]}]},{\"@type\":\"ImageObject\",\"inLanguage\":\"es-CO\",\"@id\":\"https:\\\/\\\/vetanco.com\\\/co\\\/produto\\\/neutroxin\\\/#primaryimage\",\"url\":\"https:\\\/\\\/vetanco.com\\\/co\\\/wp-content\\\/uploads\\\/2024\\\/11\\\/images-2.png\",\"contentUrl\":\"https:\\\/\\\/vetanco.com\\\/co\\\/wp-content\\\/uploads\\\/2024\\\/11\\\/images-2.png\",\"width\":225,\"height\":225},{\"@type\":\"BreadcrumbList\",\"@id\":\"https:\\\/\\\/vetanco.com\\\/co\\\/produto\\\/neutroxin\\\/#breadcrumb\",\"itemListElement\":[{\"@type\":\"ListItem\",\"position\":1,\"name\":\"In\u00edcio\",\"item\":\"https:\\\/\\\/vetanco.com\\\/co\\\/\"},{\"@type\":\"ListItem\",\"position\":2,\"name\":\"Productos\",\"item\":\"https:\\\/\\\/vetanco.com\\\/co\\\/productos\\\/\"},{\"@type\":\"ListItem\",\"position\":3,\"name\":\"NEUTROXIN\u00ae\"}]},{\"@type\":\"WebSite\",\"@id\":\"https:\\\/\\\/vetanco.com\\\/co\\\/#website\",\"url\":\"https:\\\/\\\/vetanco.com\\\/co\\\/\",\"name\":\"Vetanco Colombia\",\"description\":\"Productos Seguros para Alimentos Seguros\",\"potentialAction\":[{\"@type\":\"SearchAction\",\"target\":{\"@type\":\"EntryPoint\",\"urlTemplate\":\"https:\\\/\\\/vetanco.com\\\/co\\\/?s={search_term_string}\"},\"query-input\":{\"@type\":\"PropertyValueSpecification\",\"valueRequired\":true,\"valueName\":\"search_term_string\"}}],\"inLanguage\":\"es-CO\"}]}<\/script>\n<!-- \/ Yoast SEO plugin. -->","yoast_head_json":{"title":"NEUTROXIN\u00ae - Vetanco Colombia","description":"Producto de la l\u00ednea BV Science especialmente formulado para ser usado en aves como estimulante de la respuesta inmune de glucosa.","robots":{"index":"index","follow":"follow","max-snippet":"max-snippet:-1","max-image-preview":"max-image-preview:large","max-video-preview":"max-video-preview:-1"},"canonical":"https:\/\/vetanco.com\/co\/produto\/neutroxin\/","og_locale":"es_ES","og_type":"article","og_title":"NEUTROXIN\u00ae - Vetanco Colombia","og_description":"Producto de la l\u00ednea BV Science especialmente formulado para ser usado en aves como estimulante de la respuesta inmune de glucosa.","og_url":"https:\/\/vetanco.com\/co\/produto\/neutroxin\/","og_site_name":"Vetanco Colombia","article_modified_time":"2025-12-10T22:21:59+00:00","og_image":[{"width":225,"height":225,"url":"https:\/\/vetanco.com\/co\/wp-content\/uploads\/2024\/11\/images-2.png","type":"image\/png"}],"twitter_card":"summary_large_image","twitter_misc":{"Tiempo de lectura":"1 minuto"},"schema":{"@context":"https:\/\/schema.org","@graph":[{"@type":"WebPage","@id":"https:\/\/vetanco.com\/co\/produto\/neutroxin\/","url":"https:\/\/vetanco.com\/co\/produto\/neutroxin\/","name":"NEUTROXIN\u00ae - Vetanco Colombia","isPartOf":{"@id":"https:\/\/vetanco.com\/co\/#website"},"primaryImageOfPage":{"@id":"https:\/\/vetanco.com\/co\/produto\/neutroxin\/#primaryimage"},"image":{"@id":"https:\/\/vetanco.com\/co\/produto\/neutroxin\/#primaryimage"},"thumbnailUrl":"https:\/\/vetanco.com\/co\/wp-content\/uploads\/2024\/11\/images-2.png","datePublished":"2024-11-12T13:14:34+00:00","dateModified":"2025-12-10T22:21:59+00:00","description":"Producto de la l\u00ednea BV Science especialmente formulado para ser usado en aves como estimulante de la respuesta inmune de glucosa.","breadcrumb":{"@id":"https:\/\/vetanco.com\/co\/produto\/neutroxin\/#breadcrumb"},"inLanguage":"es-CO","potentialAction":[{"@type":"ReadAction","target":["https:\/\/vetanco.com\/co\/produto\/neutroxin\/"]}]},{"@type":"ImageObject","inLanguage":"es-CO","@id":"https:\/\/vetanco.com\/co\/produto\/neutroxin\/#primaryimage","url":"https:\/\/vetanco.com\/co\/wp-content\/uploads\/2024\/11\/images-2.png","contentUrl":"https:\/\/vetanco.com\/co\/wp-content\/uploads\/2024\/11\/images-2.png","width":225,"height":225},{"@type":"BreadcrumbList","@id":"https:\/\/vetanco.com\/co\/produto\/neutroxin\/#breadcrumb","itemListElement":[{"@type":"ListItem","position":1,"name":"In\u00edcio","item":"https:\/\/vetanco.com\/co\/"},{"@type":"ListItem","position":2,"name":"Productos","item":"https:\/\/vetanco.com\/co\/productos\/"},{"@type":"ListItem","position":3,"name":"NEUTROXIN\u00ae"}]},{"@type":"WebSite","@id":"https:\/\/vetanco.com\/co\/#website","url":"https:\/\/vetanco.com\/co\/","name":"Vetanco Colombia","description":"Productos Seguros para Alimentos Seguros","potentialAction":[{"@type":"SearchAction","target":{"@type":"EntryPoint","urlTemplate":"https:\/\/vetanco.com\/co\/?s={search_term_string}"},"query-input":{"@type":"PropertyValueSpecification","valueRequired":true,"valueName":"search_term_string"}}],"inLanguage":"es-CO"}]}},"_links":{"self":[{"href":"https:\/\/vetanco.com\/co\/wp-json\/wp\/v2\/product\/11043","targetHints":{"allow":["GET"]}}],"collection":[{"href":"https:\/\/vetanco.com\/co\/wp-json\/wp\/v2\/product"}],"about":[{"href":"https:\/\/vetanco.com\/co\/wp-json\/wp\/v2\/types\/product"}],"replies":[{"embeddable":true,"href":"https:\/\/vetanco.com\/co\/wp-json\/wp\/v2\/comments?post=11043"}],"wp:featuredmedia":[{"embeddable":true,"href":"https:\/\/vetanco.com\/co\/wp-json\/wp\/v2\/media\/11063"}],"wp:attachment":[{"href":"https:\/\/vetanco.com\/co\/wp-json\/wp\/v2\/media?parent=11043"}],"wp:term":[{"taxonomy":"product_brand","embeddable":true,"href":"https:\/\/vetanco.com\/co\/wp-json\/wp\/v2\/product_brand?post=11043"},{"taxonomy":"product_cat","embeddable":true,"href":"https:\/\/vetanco.com\/co\/wp-json\/wp\/v2\/product_cat?post=11043"},{"taxonomy":"product_tag","embeddable":true,"href":"https:\/\/vetanco.com\/co\/wp-json\/wp\/v2\/product_tag?post=11043"}],"curies":[{"name":"wp","href":"https:\/\/api.w.org\/{rel}","templated":true}]}}