{"id":11057,"date":"2024-11-12T10:16:48","date_gmt":"2024-11-12T15:16:48","guid":{"rendered":"https:\/\/vetanco.com\/co\/?post_type=product&#038;p=11057"},"modified":"2025-02-05T07:16:35","modified_gmt":"2025-02-05T12:16:35","slug":"floramax-b-11","status":"publish","type":"product","link":"https:\/\/vetanco.com\/co\/produto\/floramax-b-11\/","title":{"rendered":"FLORAMAX B-11<sup>\u00ae<\/sup>"},"content":{"rendered":"<p><span style=\"color: #00397f;\"><strong>COMPOSICI\u00d3N<\/strong><\/span><\/p>\n<p>Cepas de <em>Lactobacillus<\/em> espec\u00edficos av\u00edcolas.<\/p>\n<p>&nbsp;<\/p>\n<p><span style=\"color: #00397f;\"><strong>DOSIS<\/strong><\/span><\/p>\n<p>1 sobre de 60 gr por cada 10.000 aves. Previamente se debe inactivar el cloro.<\/p>\n","protected":false},"excerpt":{"rendered":"<p><img loading=\"lazy\" decoding=\"async\" class=\"alignnone size-full wp-image-10887\" src=\"https:\/\/vetanco.com\/co\/wp-content\/uploads\/2024\/11\/Picto-Aves.png\" alt=\"\" width=\"75\" height=\"63\" \/><\/p>\n<p><strong>Aditivo Probi\u00f3tico &#8211; Producto de investigaci\u00f3n de la Universidad de Arkansas.<\/strong><\/p>\n<p>Compite con la flora pat\u00f3gena generando efectos ben\u00e9ficos para el hospedador. Mejorando par\u00e1metros productivos.<\/p>\n","protected":false},"featured_media":12268,"comment_status":"open","ping_status":"closed","template":"","meta":[],"product_brand":[],"product_cat":[242],"product_tag":[],"class_list":{"0":"post-11057","1":"product","2":"type-product","3":"status-publish","4":"has-post-thumbnail","6":"product_cat-probioticos","8":"first","9":"instock","10":"shipping-taxable","11":"product-type-simple"},"yoast_head":"<!-- This site is optimized with the Yoast SEO plugin v27.1.1 - https:\/\/yoast.com\/product\/yoast-seo-wordpress\/ -->\n<title>FLORAMAX B-11\u00ae - Vetanco Colombia<\/title>\n<meta name=\"description\" content=\"Producto de la l\u00ednea Vetanco que compite con la flora pat\u00f3gena generando efectos ben\u00e9ficos para el hospedador y mejorando par\u00e1metros productivos.\" \/>\n<meta name=\"robots\" content=\"index, follow, max-snippet:-1, max-image-preview:large, max-video-preview:-1\" \/>\n<link rel=\"canonical\" href=\"https:\/\/vetanco.com\/co\/produto\/floramax-b-11\/\" \/>\n<meta property=\"og:locale\" content=\"es_ES\" \/>\n<meta property=\"og:type\" content=\"article\" \/>\n<meta property=\"og:title\" content=\"FLORAMAX B-11\u00ae - Vetanco Colombia\" \/>\n<meta property=\"og:description\" content=\"Producto de la l\u00ednea Vetanco que compite con la flora pat\u00f3gena generando efectos ben\u00e9ficos para el hospedador y mejorando par\u00e1metros productivos.\" \/>\n<meta property=\"og:url\" content=\"https:\/\/vetanco.com\/co\/produto\/floramax-b-11\/\" \/>\n<meta property=\"og:site_name\" content=\"Vetanco Colombia\" \/>\n<meta property=\"article:modified_time\" content=\"2025-02-05T12:16:35+00:00\" \/>\n<meta property=\"og:image\" content=\"https:\/\/vetanco.com\/co\/wp-content\/uploads\/2024\/10\/Floramax-B11.png\" \/>\n\t<meta property=\"og:image:width\" content=\"800\" \/>\n\t<meta property=\"og:image:height\" content=\"800\" \/>\n\t<meta property=\"og:image:type\" content=\"image\/png\" \/>\n<meta name=\"twitter:card\" content=\"summary_large_image\" \/>\n<meta name=\"twitter:label1\" content=\"Tiempo de lectura\" \/>\n\t<meta name=\"twitter:data1\" content=\"1 minuto\" \/>\n<script type=\"application\/ld+json\" class=\"yoast-schema-graph\">{\"@context\":\"https:\/\/schema.org\",\"@graph\":[{\"@type\":\"WebPage\",\"@id\":\"https:\/\/vetanco.com\/co\/produto\/floramax-b-11\/\",\"url\":\"https:\/\/vetanco.com\/co\/produto\/floramax-b-11\/\",\"name\":\"FLORAMAX B-11\u00ae - Vetanco Colombia\",\"isPartOf\":{\"@id\":\"https:\/\/vetanco.com\/co\/#website\"},\"primaryImageOfPage\":{\"@id\":\"https:\/\/vetanco.com\/co\/produto\/floramax-b-11\/#primaryimage\"},\"image\":{\"@id\":\"https:\/\/vetanco.com\/co\/produto\/floramax-b-11\/#primaryimage\"},\"thumbnailUrl\":\"https:\/\/vetanco.com\/co\/wp-content\/uploads\/2024\/10\/Floramax-B11.png\",\"datePublished\":\"2024-11-12T15:16:48+00:00\",\"dateModified\":\"2025-02-05T12:16:35+00:00\",\"description\":\"Producto de la l\u00ednea Vetanco que compite con la flora pat\u00f3gena generando efectos ben\u00e9ficos para el hospedador y mejorando par\u00e1metros productivos.\",\"breadcrumb\":{\"@id\":\"https:\/\/vetanco.com\/co\/produto\/floramax-b-11\/#breadcrumb\"},\"inLanguage\":\"es-CO\",\"potentialAction\":[{\"@type\":\"ReadAction\",\"target\":[\"https:\/\/vetanco.com\/co\/produto\/floramax-b-11\/\"]}]},{\"@type\":\"ImageObject\",\"inLanguage\":\"es-CO\",\"@id\":\"https:\/\/vetanco.com\/co\/produto\/floramax-b-11\/#primaryimage\",\"url\":\"https:\/\/vetanco.com\/co\/wp-content\/uploads\/2024\/10\/Floramax-B11.png\",\"contentUrl\":\"https:\/\/vetanco.com\/co\/wp-content\/uploads\/2024\/10\/Floramax-B11.png\",\"width\":800,\"height\":800},{\"@type\":\"BreadcrumbList\",\"@id\":\"https:\/\/vetanco.com\/co\/produto\/floramax-b-11\/#breadcrumb\",\"itemListElement\":[{\"@type\":\"ListItem\",\"position\":1,\"name\":\"In\u00edcio\",\"item\":\"https:\/\/vetanco.com\/co\/\"},{\"@type\":\"ListItem\",\"position\":2,\"name\":\"Productos\",\"item\":\"https:\/\/vetanco.com\/co\/productos\/\"},{\"@type\":\"ListItem\",\"position\":3,\"name\":\"FLORAMAX B-11\u00ae\"}]},{\"@type\":\"WebSite\",\"@id\":\"https:\/\/vetanco.com\/co\/#website\",\"url\":\"https:\/\/vetanco.com\/co\/\",\"name\":\"Vetanco Colombia\",\"description\":\"Productos Seguros para Alimentos Seguros\",\"potentialAction\":[{\"@type\":\"SearchAction\",\"target\":{\"@type\":\"EntryPoint\",\"urlTemplate\":\"https:\/\/vetanco.com\/co\/?s={search_term_string}\"},\"query-input\":{\"@type\":\"PropertyValueSpecification\",\"valueRequired\":true,\"valueName\":\"search_term_string\"}}],\"inLanguage\":\"es-CO\"}]}<\/script>\n<!-- \/ Yoast SEO plugin. -->","yoast_head_json":{"title":"FLORAMAX B-11\u00ae - Vetanco Colombia","description":"Producto de la l\u00ednea Vetanco que compite con la flora pat\u00f3gena generando efectos ben\u00e9ficos para el hospedador y mejorando par\u00e1metros productivos.","robots":{"index":"index","follow":"follow","max-snippet":"max-snippet:-1","max-image-preview":"max-image-preview:large","max-video-preview":"max-video-preview:-1"},"canonical":"https:\/\/vetanco.com\/co\/produto\/floramax-b-11\/","og_locale":"es_ES","og_type":"article","og_title":"FLORAMAX B-11\u00ae - Vetanco Colombia","og_description":"Producto de la l\u00ednea Vetanco que compite con la flora pat\u00f3gena generando efectos ben\u00e9ficos para el hospedador y mejorando par\u00e1metros productivos.","og_url":"https:\/\/vetanco.com\/co\/produto\/floramax-b-11\/","og_site_name":"Vetanco Colombia","article_modified_time":"2025-02-05T12:16:35+00:00","og_image":[{"width":800,"height":800,"url":"https:\/\/vetanco.com\/co\/wp-content\/uploads\/2024\/10\/Floramax-B11.png","type":"image\/png"}],"twitter_card":"summary_large_image","twitter_misc":{"Tiempo de lectura":"1 minuto"},"schema":{"@context":"https:\/\/schema.org","@graph":[{"@type":"WebPage","@id":"https:\/\/vetanco.com\/co\/produto\/floramax-b-11\/","url":"https:\/\/vetanco.com\/co\/produto\/floramax-b-11\/","name":"FLORAMAX B-11\u00ae - Vetanco Colombia","isPartOf":{"@id":"https:\/\/vetanco.com\/co\/#website"},"primaryImageOfPage":{"@id":"https:\/\/vetanco.com\/co\/produto\/floramax-b-11\/#primaryimage"},"image":{"@id":"https:\/\/vetanco.com\/co\/produto\/floramax-b-11\/#primaryimage"},"thumbnailUrl":"https:\/\/vetanco.com\/co\/wp-content\/uploads\/2024\/10\/Floramax-B11.png","datePublished":"2024-11-12T15:16:48+00:00","dateModified":"2025-02-05T12:16:35+00:00","description":"Producto de la l\u00ednea Vetanco que compite con la flora pat\u00f3gena generando efectos ben\u00e9ficos para el hospedador y mejorando par\u00e1metros productivos.","breadcrumb":{"@id":"https:\/\/vetanco.com\/co\/produto\/floramax-b-11\/#breadcrumb"},"inLanguage":"es-CO","potentialAction":[{"@type":"ReadAction","target":["https:\/\/vetanco.com\/co\/produto\/floramax-b-11\/"]}]},{"@type":"ImageObject","inLanguage":"es-CO","@id":"https:\/\/vetanco.com\/co\/produto\/floramax-b-11\/#primaryimage","url":"https:\/\/vetanco.com\/co\/wp-content\/uploads\/2024\/10\/Floramax-B11.png","contentUrl":"https:\/\/vetanco.com\/co\/wp-content\/uploads\/2024\/10\/Floramax-B11.png","width":800,"height":800},{"@type":"BreadcrumbList","@id":"https:\/\/vetanco.com\/co\/produto\/floramax-b-11\/#breadcrumb","itemListElement":[{"@type":"ListItem","position":1,"name":"In\u00edcio","item":"https:\/\/vetanco.com\/co\/"},{"@type":"ListItem","position":2,"name":"Productos","item":"https:\/\/vetanco.com\/co\/productos\/"},{"@type":"ListItem","position":3,"name":"FLORAMAX B-11\u00ae"}]},{"@type":"WebSite","@id":"https:\/\/vetanco.com\/co\/#website","url":"https:\/\/vetanco.com\/co\/","name":"Vetanco Colombia","description":"Productos Seguros para Alimentos Seguros","potentialAction":[{"@type":"SearchAction","target":{"@type":"EntryPoint","urlTemplate":"https:\/\/vetanco.com\/co\/?s={search_term_string}"},"query-input":{"@type":"PropertyValueSpecification","valueRequired":true,"valueName":"search_term_string"}}],"inLanguage":"es-CO"}]}},"_links":{"self":[{"href":"https:\/\/vetanco.com\/co\/wp-json\/wp\/v2\/product\/11057","targetHints":{"allow":["GET"]}}],"collection":[{"href":"https:\/\/vetanco.com\/co\/wp-json\/wp\/v2\/product"}],"about":[{"href":"https:\/\/vetanco.com\/co\/wp-json\/wp\/v2\/types\/product"}],"replies":[{"embeddable":true,"href":"https:\/\/vetanco.com\/co\/wp-json\/wp\/v2\/comments?post=11057"}],"wp:featuredmedia":[{"embeddable":true,"href":"https:\/\/vetanco.com\/co\/wp-json\/wp\/v2\/media\/12268"}],"wp:attachment":[{"href":"https:\/\/vetanco.com\/co\/wp-json\/wp\/v2\/media?parent=11057"}],"wp:term":[{"taxonomy":"product_brand","embeddable":true,"href":"https:\/\/vetanco.com\/co\/wp-json\/wp\/v2\/product_brand?post=11057"},{"taxonomy":"product_cat","embeddable":true,"href":"https:\/\/vetanco.com\/co\/wp-json\/wp\/v2\/product_cat?post=11057"},{"taxonomy":"product_tag","embeddable":true,"href":"https:\/\/vetanco.com\/co\/wp-json\/wp\/v2\/product_tag?post=11057"}],"curies":[{"name":"wp","href":"https:\/\/api.w.org\/{rel}","templated":true}]}}