{"id":11066,"date":"2024-11-12T12:45:26","date_gmt":"2024-11-12T17:45:26","guid":{"rendered":"https:\/\/vetanco.com\/co\/?post_type=product&#038;p=11066"},"modified":"2025-02-05T06:57:38","modified_gmt":"2025-02-05T11:57:38","slug":"biotech-vac-salmonella","status":"publish","type":"product","link":"https:\/\/vetanco.com\/co\/produto\/biotech-vac-salmonella\/","title":{"rendered":"BIOTECH VAC<sup>\u00ae<\/sup> SALMONELLA"},"content":{"rendered":"<p><span style=\"color: #00397f;\"><strong>COMPOSICI\u00d3N<\/strong><\/span><\/p>\n<p>Vacuna inactivada a subunidad.<\/p>\n<p>&nbsp;<\/p>\n<p><span style=\"color: #00397f;\"><strong>INDICACI\u00d3N<\/strong><\/span><\/p>\n<p>Inmunizaci\u00f3n activa de aves contra los serogrupos de Salmonella <strong>B<\/strong> (<em>Typhimurium y Heidelberg<\/em>), <strong>C<\/strong> (<em>Infantis<\/em>) y <strong>D<\/strong> (<em>Enteriditis<\/em>).<\/p>\n<p>&nbsp;<\/p>\n<p><span style=\"color: #00397f;\"><strong>ADMINISTRACI\u00d3N<\/strong><\/span><\/p>\n<p>Biotech Vac Salmonella es de administraci\u00f3n oral, v\u00eda agua de bebida, a raz\u00f3n de 0,2ml\/ave por aplicaci\u00f3n (1 litro equivale a 5.000 dosis).<\/p>\n<ul>\n<li><em>Pollos de Engorde: <\/em>Administrar la primera dosis antes de tercer d\u00eda de vida y la segunda dosis 14 d\u00edas despu\u00e9s.<\/li>\n<li><em>Ponedoras comerciales y reproductoras: <\/em>Administrar la primera dosis antes del tercer d\u00eda de vida, la segunda dosis 14 d\u00edas despues y la tercera dosis antes del inicio de la producci\u00f3n.<\/li>\n<\/ul>\n<p>&nbsp;<\/p>\n<p><span style=\"color: #00397f;\"><strong>PRECAUCIONES<\/strong><\/span><\/p>\n<p>Agitar y mezclar bien antes de usar. No mezclar con otras vacunas. Mantener fuera del alcance los ni\u00f1os.<\/p>\n","protected":false},"excerpt":{"rendered":"<p><img loading=\"lazy\" decoding=\"async\" class=\"alignnone size-full wp-image-10940\" src=\"https:\/\/vetanco.com\/co\/wp-content\/uploads\/2024\/11\/Picto-Aves-2.png\" alt=\"\" width=\"75\" height=\"63\" \/><\/p>\n<p><strong>\u00a1La primera vacuna de subunidad contra salmonellas parat\u00edficas del mundo!<\/strong><\/p>\n<p>Una vacuna inactivada (muerta) a subunidad, de administraci\u00f3n en agua de bebida, que provee protecci\u00f3n contra serotipos de Salmonella considerados de gran impacto en la seguridad alimentaria. La subunidad est\u00e1 recubierta por un polisac\u00e1rido natural que la protege y le permite ser reconocida por el sistema inmune en el tracto gastrointestinal, imitando la forma natural de infecci\u00f3n y generando una respuesta inmune completa.<\/p>\n","protected":false},"featured_media":12253,"comment_status":"open","ping_status":"closed","template":"","meta":[],"product_brand":[],"product_cat":[255],"product_tag":[],"class_list":{"0":"post-11066","1":"product","2":"type-product","3":"status-publish","4":"has-post-thumbnail","6":"product_cat-biologico","8":"first","9":"instock","10":"shipping-taxable","11":"product-type-simple"},"yoast_head":"<!-- This site is optimized with the Yoast SEO plugin v27.1.1 - https:\/\/yoast.com\/product\/yoast-seo-wordpress\/ -->\n<title>BIOTECH VAC\u00ae SALMONELLA - Vetanco Colombia<\/title>\n<meta name=\"description\" content=\"Una vacuna inactivada (muerta) a subunidad, de administraci\u00f3n en agua de bebida, que provee protecci\u00f3n contra serotipos de Salmonella.\" \/>\n<meta name=\"robots\" content=\"index, follow, max-snippet:-1, max-image-preview:large, max-video-preview:-1\" \/>\n<link rel=\"canonical\" href=\"https:\/\/vetanco.com\/co\/produto\/biotech-vac-salmonella\/\" \/>\n<meta property=\"og:locale\" content=\"es_ES\" \/>\n<meta property=\"og:type\" content=\"article\" \/>\n<meta property=\"og:title\" content=\"BIOTECH VAC\u00ae SALMONELLA - Vetanco Colombia\" \/>\n<meta property=\"og:description\" content=\"Una vacuna inactivada (muerta) a subunidad, de administraci\u00f3n en agua de bebida, que provee protecci\u00f3n contra serotipos de Salmonella.\" \/>\n<meta property=\"og:url\" content=\"https:\/\/vetanco.com\/co\/produto\/biotech-vac-salmonella\/\" \/>\n<meta property=\"og:site_name\" content=\"Vetanco Colombia\" \/>\n<meta property=\"article:modified_time\" content=\"2025-02-05T11:57:38+00:00\" \/>\n<meta property=\"og:image\" content=\"https:\/\/vetanco.com\/co\/wp-content\/uploads\/2024\/10\/Biotech-Vac-Salmonella.png\" \/>\n\t<meta property=\"og:image:width\" content=\"800\" \/>\n\t<meta property=\"og:image:height\" content=\"800\" \/>\n\t<meta property=\"og:image:type\" content=\"image\/png\" \/>\n<meta name=\"twitter:card\" content=\"summary_large_image\" \/>\n<meta name=\"twitter:label1\" content=\"Tiempo de lectura\" \/>\n\t<meta name=\"twitter:data1\" content=\"1 minuto\" \/>\n<script type=\"application\/ld+json\" class=\"yoast-schema-graph\">{\"@context\":\"https:\/\/schema.org\",\"@graph\":[{\"@type\":\"WebPage\",\"@id\":\"https:\/\/vetanco.com\/co\/produto\/biotech-vac-salmonella\/\",\"url\":\"https:\/\/vetanco.com\/co\/produto\/biotech-vac-salmonella\/\",\"name\":\"BIOTECH VAC\u00ae SALMONELLA - Vetanco Colombia\",\"isPartOf\":{\"@id\":\"https:\/\/vetanco.com\/co\/#website\"},\"primaryImageOfPage\":{\"@id\":\"https:\/\/vetanco.com\/co\/produto\/biotech-vac-salmonella\/#primaryimage\"},\"image\":{\"@id\":\"https:\/\/vetanco.com\/co\/produto\/biotech-vac-salmonella\/#primaryimage\"},\"thumbnailUrl\":\"https:\/\/vetanco.com\/co\/wp-content\/uploads\/2024\/10\/Biotech-Vac-Salmonella.png\",\"datePublished\":\"2024-11-12T17:45:26+00:00\",\"dateModified\":\"2025-02-05T11:57:38+00:00\",\"description\":\"Una vacuna inactivada (muerta) a subunidad, de administraci\u00f3n en agua de bebida, que provee protecci\u00f3n contra serotipos de Salmonella.\",\"breadcrumb\":{\"@id\":\"https:\/\/vetanco.com\/co\/produto\/biotech-vac-salmonella\/#breadcrumb\"},\"inLanguage\":\"es-CO\",\"potentialAction\":[{\"@type\":\"ReadAction\",\"target\":[\"https:\/\/vetanco.com\/co\/produto\/biotech-vac-salmonella\/\"]}]},{\"@type\":\"ImageObject\",\"inLanguage\":\"es-CO\",\"@id\":\"https:\/\/vetanco.com\/co\/produto\/biotech-vac-salmonella\/#primaryimage\",\"url\":\"https:\/\/vetanco.com\/co\/wp-content\/uploads\/2024\/10\/Biotech-Vac-Salmonella.png\",\"contentUrl\":\"https:\/\/vetanco.com\/co\/wp-content\/uploads\/2024\/10\/Biotech-Vac-Salmonella.png\",\"width\":800,\"height\":800},{\"@type\":\"BreadcrumbList\",\"@id\":\"https:\/\/vetanco.com\/co\/produto\/biotech-vac-salmonella\/#breadcrumb\",\"itemListElement\":[{\"@type\":\"ListItem\",\"position\":1,\"name\":\"In\u00edcio\",\"item\":\"https:\/\/vetanco.com\/co\/\"},{\"@type\":\"ListItem\",\"position\":2,\"name\":\"Productos\",\"item\":\"https:\/\/vetanco.com\/co\/productos\/\"},{\"@type\":\"ListItem\",\"position\":3,\"name\":\"BIOTECH VAC\u00ae SALMONELLA\"}]},{\"@type\":\"WebSite\",\"@id\":\"https:\/\/vetanco.com\/co\/#website\",\"url\":\"https:\/\/vetanco.com\/co\/\",\"name\":\"Vetanco Colombia\",\"description\":\"Productos Seguros para Alimentos Seguros\",\"potentialAction\":[{\"@type\":\"SearchAction\",\"target\":{\"@type\":\"EntryPoint\",\"urlTemplate\":\"https:\/\/vetanco.com\/co\/?s={search_term_string}\"},\"query-input\":{\"@type\":\"PropertyValueSpecification\",\"valueRequired\":true,\"valueName\":\"search_term_string\"}}],\"inLanguage\":\"es-CO\"}]}<\/script>\n<!-- \/ Yoast SEO plugin. -->","yoast_head_json":{"title":"BIOTECH VAC\u00ae SALMONELLA - Vetanco Colombia","description":"Una vacuna inactivada (muerta) a subunidad, de administraci\u00f3n en agua de bebida, que provee protecci\u00f3n contra serotipos de Salmonella.","robots":{"index":"index","follow":"follow","max-snippet":"max-snippet:-1","max-image-preview":"max-image-preview:large","max-video-preview":"max-video-preview:-1"},"canonical":"https:\/\/vetanco.com\/co\/produto\/biotech-vac-salmonella\/","og_locale":"es_ES","og_type":"article","og_title":"BIOTECH VAC\u00ae SALMONELLA - Vetanco Colombia","og_description":"Una vacuna inactivada (muerta) a subunidad, de administraci\u00f3n en agua de bebida, que provee protecci\u00f3n contra serotipos de Salmonella.","og_url":"https:\/\/vetanco.com\/co\/produto\/biotech-vac-salmonella\/","og_site_name":"Vetanco Colombia","article_modified_time":"2025-02-05T11:57:38+00:00","og_image":[{"width":800,"height":800,"url":"https:\/\/vetanco.com\/co\/wp-content\/uploads\/2024\/10\/Biotech-Vac-Salmonella.png","type":"image\/png"}],"twitter_card":"summary_large_image","twitter_misc":{"Tiempo de lectura":"1 minuto"},"schema":{"@context":"https:\/\/schema.org","@graph":[{"@type":"WebPage","@id":"https:\/\/vetanco.com\/co\/produto\/biotech-vac-salmonella\/","url":"https:\/\/vetanco.com\/co\/produto\/biotech-vac-salmonella\/","name":"BIOTECH VAC\u00ae SALMONELLA - Vetanco Colombia","isPartOf":{"@id":"https:\/\/vetanco.com\/co\/#website"},"primaryImageOfPage":{"@id":"https:\/\/vetanco.com\/co\/produto\/biotech-vac-salmonella\/#primaryimage"},"image":{"@id":"https:\/\/vetanco.com\/co\/produto\/biotech-vac-salmonella\/#primaryimage"},"thumbnailUrl":"https:\/\/vetanco.com\/co\/wp-content\/uploads\/2024\/10\/Biotech-Vac-Salmonella.png","datePublished":"2024-11-12T17:45:26+00:00","dateModified":"2025-02-05T11:57:38+00:00","description":"Una vacuna inactivada (muerta) a subunidad, de administraci\u00f3n en agua de bebida, que provee protecci\u00f3n contra serotipos de Salmonella.","breadcrumb":{"@id":"https:\/\/vetanco.com\/co\/produto\/biotech-vac-salmonella\/#breadcrumb"},"inLanguage":"es-CO","potentialAction":[{"@type":"ReadAction","target":["https:\/\/vetanco.com\/co\/produto\/biotech-vac-salmonella\/"]}]},{"@type":"ImageObject","inLanguage":"es-CO","@id":"https:\/\/vetanco.com\/co\/produto\/biotech-vac-salmonella\/#primaryimage","url":"https:\/\/vetanco.com\/co\/wp-content\/uploads\/2024\/10\/Biotech-Vac-Salmonella.png","contentUrl":"https:\/\/vetanco.com\/co\/wp-content\/uploads\/2024\/10\/Biotech-Vac-Salmonella.png","width":800,"height":800},{"@type":"BreadcrumbList","@id":"https:\/\/vetanco.com\/co\/produto\/biotech-vac-salmonella\/#breadcrumb","itemListElement":[{"@type":"ListItem","position":1,"name":"In\u00edcio","item":"https:\/\/vetanco.com\/co\/"},{"@type":"ListItem","position":2,"name":"Productos","item":"https:\/\/vetanco.com\/co\/productos\/"},{"@type":"ListItem","position":3,"name":"BIOTECH VAC\u00ae SALMONELLA"}]},{"@type":"WebSite","@id":"https:\/\/vetanco.com\/co\/#website","url":"https:\/\/vetanco.com\/co\/","name":"Vetanco Colombia","description":"Productos Seguros para Alimentos Seguros","potentialAction":[{"@type":"SearchAction","target":{"@type":"EntryPoint","urlTemplate":"https:\/\/vetanco.com\/co\/?s={search_term_string}"},"query-input":{"@type":"PropertyValueSpecification","valueRequired":true,"valueName":"search_term_string"}}],"inLanguage":"es-CO"}]}},"_links":{"self":[{"href":"https:\/\/vetanco.com\/co\/wp-json\/wp\/v2\/product\/11066","targetHints":{"allow":["GET"]}}],"collection":[{"href":"https:\/\/vetanco.com\/co\/wp-json\/wp\/v2\/product"}],"about":[{"href":"https:\/\/vetanco.com\/co\/wp-json\/wp\/v2\/types\/product"}],"replies":[{"embeddable":true,"href":"https:\/\/vetanco.com\/co\/wp-json\/wp\/v2\/comments?post=11066"}],"wp:featuredmedia":[{"embeddable":true,"href":"https:\/\/vetanco.com\/co\/wp-json\/wp\/v2\/media\/12253"}],"wp:attachment":[{"href":"https:\/\/vetanco.com\/co\/wp-json\/wp\/v2\/media?parent=11066"}],"wp:term":[{"taxonomy":"product_brand","embeddable":true,"href":"https:\/\/vetanco.com\/co\/wp-json\/wp\/v2\/product_brand?post=11066"},{"taxonomy":"product_cat","embeddable":true,"href":"https:\/\/vetanco.com\/co\/wp-json\/wp\/v2\/product_cat?post=11066"},{"taxonomy":"product_tag","embeddable":true,"href":"https:\/\/vetanco.com\/co\/wp-json\/wp\/v2\/product_tag?post=11066"}],"curies":[{"name":"wp","href":"https:\/\/api.w.org\/{rel}","templated":true}]}}