{"id":15657,"date":"2026-04-20T15:41:06","date_gmt":"2026-04-20T18:41:06","guid":{"rendered":"https:\/\/vetanco.com\/es\/?page_id=15657"},"modified":"2026-04-20T16:12:36","modified_gmt":"2026-04-20T19:12:36","slug":"vetanco-recibio-la-visita-de-jamaica-broilers-group","status":"publish","type":"page","link":"https:\/\/vetanco.com\/es\/vetanco-recibio-la-visita-de-jamaica-broilers-group\/","title":{"rendered":"Vetanco recibi\u00f3 la visita de Jamaica Broilers Group"},"content":{"rendered":"\n\n\n<p>Fortaleciendo la colaboraci\u00f3n en soluciones biotecnol\u00f3gicas y estrategias de control para el beneficio productivo y la salud de las aves.<\/p>\n\n\n\n<p>Durante el mes de marzo, <strong>Vetanco y BV Science<\/strong> recibieron en la Argentina a representantes de <strong>Jamaica Broilers Group<\/strong>, un cliente estrat\u00e9gico con el que se proyecta consolidar una alianza comercial de largo plazo, especialmente en el desarrollo de soluciones vinculadas a la vacuna <strong>Biotech Vac Salmonella<\/strong>.<\/p>\n\n\n\n<p>Esta visita fue impulsada y organizada por la Gerencia de la filial Colombia, en conjunto con el equipo de Avicultura de la Argentina (casa matriz), reflejando el trabajo coordinado entre regiones para potenciar oportunidades comerciales y t\u00e9cnicas.<\/p>\n\n\n\n<p>La delegaci\u00f3n estuvo conformada por el Dr. Elton Burnett, Health Services and Laboratory Leader; la Dra. Kareen Robinson, Grow-out and Veterinary Team Leader; y la Dra. Lydia Hutchinson, integrante del equipo veterinario, especializada en vacunaci\u00f3n y toma de muestras.<\/p>\n\n\n\n<p>La visita tuvo como eje principal el seguimiento de los avances en la implementaci\u00f3n de <strong>Biotech Vac Salmonella<\/strong>, actualmente en fase de evaluaci\u00f3n por parte de la compa\u00f1\u00eda. En este marco, se llev\u00f3 adelante un programa t\u00e9cnico intensivo de tres d\u00edas, orientado a profundizar el intercambio de conocimientos y experiencias, as\u00ed como a presentar las capacidades productivas y cient\u00edficas de Vetanco.<\/p>\n\n\n\n<p>Durante la agenda, los visitantes recorrieron el <strong>Centro de Diagn\u00f3stico Veterinario (CDV)<\/strong>, donde pudieron conocer de primera mano la planta de biotecnolog\u00eda y los procesos de producci\u00f3n de vacunas, incluyendo sus est\u00e1ndares de calidad y controles asociados.<\/p>\n\n\n\n<figure class=\"wp-block-image size-large\"><img loading=\"lazy\" decoding=\"async\" width=\"1024\" height=\"576\" src=\"https:\/\/vetanco.com\/es\/wp-content\/uploads\/2026\/04\/WhatsApp-Image-2026-03-18-at-16.29.26-1024x576.jpeg\" alt=\"\" class=\"wp-image-15655\" srcset=\"https:\/\/vetanco.com\/es\/wp-content\/uploads\/2026\/04\/WhatsApp-Image-2026-03-18-at-16.29.26-1024x576.jpeg 1024w, https:\/\/vetanco.com\/es\/wp-content\/uploads\/2026\/04\/WhatsApp-Image-2026-03-18-at-16.29.26-300x169.jpeg 300w, https:\/\/vetanco.com\/es\/wp-content\/uploads\/2026\/04\/WhatsApp-Image-2026-03-18-at-16.29.26-768x432.jpeg 768w, https:\/\/vetanco.com\/es\/wp-content\/uploads\/2026\/04\/WhatsApp-Image-2026-03-18-at-16.29.26-510x287.jpeg 510w, https:\/\/vetanco.com\/es\/wp-content\/uploads\/2026\/04\/WhatsApp-Image-2026-03-18-at-16.29.26.jpeg 1280w\" sizes=\"auto, (max-width: 1024px) 100vw, 1024px\" \/><\/figure>\n\n\n\n<p>Asimismo, la delegaci\u00f3n visit\u00f3 la planta de Vetanco en Villa Martelli, donde participaron de una jornada t\u00e9cnica junto a referentes del equipo, entre ellos la Dra. Sherry Layton, Directora Cient\u00edfica de Vetanco y BV Science; el Dr. Mariano Fern\u00e1ndez Miyakawa, L\u00edder de Innovaci\u00f3n y Desarrollo in Feed; el Dr. Bruno Vecchi Galenda, Gerente T\u00e9cnico Regional Av\u00edcola; el Dr. Mart\u00edn Cardaci, Gerente de Negocios Internacionales, Irma Cecilia Reyes, Consultora Regional de Avicultura y Pedro Mesa, Representante T\u00e9cnico Comercial del equipo de la filial Colombia.<\/p>\n\n\n\n<p>En este espacio se desarrollaron presentaciones enfocadas en la innovaci\u00f3n y la visi\u00f3n integral de Vetanco, el futuro de las vacunas en la avicultura y casos de \u00e9xito en la industria, promoviendo un valioso intercambio t\u00e9cnico entre los equipos.<\/p>\n\n\n\n<figure class=\"wp-block-gallery has-nested-images columns-default is-cropped wp-block-gallery-2 is-layout-flex wp-block-gallery-is-layout-flex\">\n<figure class=\"wp-block-image size-large\"><img loading=\"lazy\" decoding=\"async\" width=\"1024\" height=\"683\" data-id=\"15649\" src=\"https:\/\/vetanco.com\/es\/wp-content\/uploads\/2026\/04\/DSC_9687-1024x683.jpg\" alt=\"\" class=\"wp-image-15649\" srcset=\"https:\/\/vetanco.com\/es\/wp-content\/uploads\/2026\/04\/DSC_9687-1024x683.jpg 1024w, https:\/\/vetanco.com\/es\/wp-content\/uploads\/2026\/04\/DSC_9687-300x200.jpg 300w, https:\/\/vetanco.com\/es\/wp-content\/uploads\/2026\/04\/DSC_9687-768x512.jpg 768w, https:\/\/vetanco.com\/es\/wp-content\/uploads\/2026\/04\/DSC_9687-510x340.jpg 510w, https:\/\/vetanco.com\/es\/wp-content\/uploads\/2026\/04\/DSC_9687.jpg 1230w\" sizes=\"auto, (max-width: 1024px) 100vw, 1024px\" \/><\/figure>\n\n\n\n<figure class=\"wp-block-image size-large\"><img loading=\"lazy\" decoding=\"async\" width=\"683\" height=\"1024\" data-id=\"15651\" src=\"https:\/\/vetanco.com\/es\/wp-content\/uploads\/2026\/04\/DSC_9728-683x1024.jpg\" alt=\"\" class=\"wp-image-15651\" srcset=\"https:\/\/vetanco.com\/es\/wp-content\/uploads\/2026\/04\/DSC_9728-683x1024.jpg 683w, https:\/\/vetanco.com\/es\/wp-content\/uploads\/2026\/04\/DSC_9728-200x300.jpg 200w, https:\/\/vetanco.com\/es\/wp-content\/uploads\/2026\/04\/DSC_9728-768x1152.jpg 768w, https:\/\/vetanco.com\/es\/wp-content\/uploads\/2026\/04\/DSC_9728-510x765.jpg 510w, https:\/\/vetanco.com\/es\/wp-content\/uploads\/2026\/04\/DSC_9728.jpg 820w\" sizes=\"auto, (max-width: 683px) 100vw, 683px\" \/><\/figure>\n\n\n\n<figure class=\"wp-block-image size-large\"><img loading=\"lazy\" decoding=\"async\" width=\"1024\" height=\"683\" data-id=\"15653\" src=\"https:\/\/vetanco.com\/es\/wp-content\/uploads\/2026\/04\/DSC_9783-1024x683.jpg\" alt=\"\" class=\"wp-image-15653\" srcset=\"https:\/\/vetanco.com\/es\/wp-content\/uploads\/2026\/04\/DSC_9783-1024x683.jpg 1024w, https:\/\/vetanco.com\/es\/wp-content\/uploads\/2026\/04\/DSC_9783-300x200.jpg 300w, https:\/\/vetanco.com\/es\/wp-content\/uploads\/2026\/04\/DSC_9783-768x512.jpg 768w, https:\/\/vetanco.com\/es\/wp-content\/uploads\/2026\/04\/DSC_9783-510x340.jpg 510w, https:\/\/vetanco.com\/es\/wp-content\/uploads\/2026\/04\/DSC_9783.jpg 1230w\" sizes=\"auto, (max-width: 1024px) 100vw, 1024px\" \/><\/figure>\n<\/figure>\n\n\n\n<p>Adem\u00e1s de las actividades profesionales, la agenda incluy\u00f3 instancias para compartir y disfrutar de la ciudad de Buenos Aires, fortaleciendo los v\u00ednculos y consolidando la relaci\u00f3n entre ambas compa\u00f1\u00edas.<\/p>\n\n\n\n<p>Esta visita representa un paso m\u00e1s en la construcci\u00f3n de una relaci\u00f3n estrat\u00e9gica con Jamaica Broilers Group, basada en la confianza, la innovaci\u00f3n y el desarrollo conjunto de soluciones de alto valor para la industria av\u00edcola.<\/p>\n","protected":false},"excerpt":{"rendered":"<p>Fortaleciendo la colaboraci\u00f3n en soluciones biotecnol\u00f3gicas y estrategias de control para el beneficio productivo y la salud de las aves. Durante el mes de marzo, Vetanco y BV Science recibieron en la Argentina a representantes de Jamaica Broilers Group, un cliente estrat\u00e9gico con el que se proyecta consolidar una alianza comercial de largo plazo, especialmente [&#8230;]\n","protected":false},"author":8,"featured_media":15655,"parent":0,"menu_order":0,"comment_status":"closed","ping_status":"closed","template":"","meta":{"footnotes":""},"class_list":["post-15657","page","type-page","status-publish","has-post-thumbnail","hentry"],"yoast_head":"<!-- This site is optimized with the Yoast SEO plugin v27.3 - https:\/\/yoast.com\/product\/yoast-seo-wordpress\/ -->\n<title>Vetanco recibi\u00f3 la visita de Jamaica Broilers Group - Vetanco Argentina<\/title>\n<meta name=\"description\" content=\"Vetanco y BV Science recibieron a un cliente estrat\u00e9gico con el que se proyecta consolidar una alianza comercial de largo plazo.\" \/>\n<meta name=\"robots\" content=\"index, follow, max-snippet:-1, max-image-preview:large, max-video-preview:-1\" \/>\n<link rel=\"canonical\" href=\"https:\/\/vetanco.com\/es\/vetanco-recibio-la-visita-de-jamaica-broilers-group\/\" \/>\n<meta property=\"og:locale\" content=\"es_ES\" \/>\n<meta property=\"og:type\" content=\"article\" \/>\n<meta property=\"og:title\" content=\"Vetanco recibi\u00f3 la visita de Jamaica Broilers Group - Vetanco Argentina\" \/>\n<meta property=\"og:description\" content=\"Vetanco y BV Science recibieron a un cliente estrat\u00e9gico con el que se proyecta consolidar una alianza comercial de largo plazo.\" \/>\n<meta property=\"og:url\" content=\"https:\/\/vetanco.com\/es\/vetanco-recibio-la-visita-de-jamaica-broilers-group\/\" \/>\n<meta property=\"og:site_name\" content=\"Vetanco Argentina\" \/>\n<meta property=\"article:publisher\" content=\"https:\/\/www.facebook.com\/vetancoargentina\" \/>\n<meta property=\"article:modified_time\" content=\"2026-04-20T19:12:36+00:00\" \/>\n<meta property=\"og:image\" content=\"https:\/\/vetanco.com\/es\/wp-content\/uploads\/2026\/04\/WhatsApp-Image-2026-03-18-at-16.29.26.jpeg\" \/>\n\t<meta property=\"og:image:width\" content=\"1280\" \/>\n\t<meta property=\"og:image:height\" content=\"720\" \/>\n\t<meta property=\"og:image:type\" content=\"image\/jpeg\" \/>\n<meta name=\"twitter:card\" content=\"summary_large_image\" \/>\n<meta name=\"twitter:label1\" content=\"Tiempo de lectura\" \/>\n\t<meta name=\"twitter:data1\" content=\"3 minutos\" \/>\n<script type=\"application\/ld+json\" class=\"yoast-schema-graph\">{\"@context\":\"https:\\\/\\\/schema.org\",\"@graph\":[{\"@type\":\"WebPage\",\"@id\":\"https:\\\/\\\/vetanco.com\\\/es\\\/vetanco-recibio-la-visita-de-jamaica-broilers-group\\\/\",\"url\":\"https:\\\/\\\/vetanco.com\\\/es\\\/vetanco-recibio-la-visita-de-jamaica-broilers-group\\\/\",\"name\":\"Vetanco recibi\u00f3 la visita de Jamaica Broilers Group - Vetanco Argentina\",\"isPartOf\":{\"@id\":\"https:\\\/\\\/vetanco.com\\\/es\\\/#website\"},\"primaryImageOfPage\":{\"@id\":\"https:\\\/\\\/vetanco.com\\\/es\\\/vetanco-recibio-la-visita-de-jamaica-broilers-group\\\/#primaryimage\"},\"image\":{\"@id\":\"https:\\\/\\\/vetanco.com\\\/es\\\/vetanco-recibio-la-visita-de-jamaica-broilers-group\\\/#primaryimage\"},\"thumbnailUrl\":\"https:\\\/\\\/vetanco.com\\\/es\\\/wp-content\\\/uploads\\\/2026\\\/04\\\/WhatsApp-Image-2026-03-18-at-16.29.26.jpeg\",\"datePublished\":\"2026-04-20T18:41:06+00:00\",\"dateModified\":\"2026-04-20T19:12:36+00:00\",\"description\":\"Vetanco y BV Science recibieron a un cliente estrat\u00e9gico con el que se proyecta consolidar una alianza comercial de largo plazo.\",\"breadcrumb\":{\"@id\":\"https:\\\/\\\/vetanco.com\\\/es\\\/vetanco-recibio-la-visita-de-jamaica-broilers-group\\\/#breadcrumb\"},\"inLanguage\":\"es\",\"potentialAction\":[{\"@type\":\"ReadAction\",\"target\":[\"https:\\\/\\\/vetanco.com\\\/es\\\/vetanco-recibio-la-visita-de-jamaica-broilers-group\\\/\"]}]},{\"@type\":\"ImageObject\",\"inLanguage\":\"es\",\"@id\":\"https:\\\/\\\/vetanco.com\\\/es\\\/vetanco-recibio-la-visita-de-jamaica-broilers-group\\\/#primaryimage\",\"url\":\"https:\\\/\\\/vetanco.com\\\/es\\\/wp-content\\\/uploads\\\/2026\\\/04\\\/WhatsApp-Image-2026-03-18-at-16.29.26.jpeg\",\"contentUrl\":\"https:\\\/\\\/vetanco.com\\\/es\\\/wp-content\\\/uploads\\\/2026\\\/04\\\/WhatsApp-Image-2026-03-18-at-16.29.26.jpeg\",\"width\":1280,\"height\":720},{\"@type\":\"BreadcrumbList\",\"@id\":\"https:\\\/\\\/vetanco.com\\\/es\\\/vetanco-recibio-la-visita-de-jamaica-broilers-group\\\/#breadcrumb\",\"itemListElement\":[{\"@type\":\"ListItem\",\"position\":1,\"name\":\"In\u00edcio\",\"item\":\"https:\\\/\\\/vetanco.com\\\/es\\\/\"},{\"@type\":\"ListItem\",\"position\":2,\"name\":\"Vetanco recibi\u00f3 la visita de Jamaica Broilers Group\"}]},{\"@type\":\"WebSite\",\"@id\":\"https:\\\/\\\/vetanco.com\\\/es\\\/#website\",\"url\":\"https:\\\/\\\/vetanco.com\\\/es\\\/\",\"name\":\"Vetanco Argentina\",\"description\":\"Productos Seguros para Alimentos Seguros\",\"potentialAction\":[{\"@type\":\"SearchAction\",\"target\":{\"@type\":\"EntryPoint\",\"urlTemplate\":\"https:\\\/\\\/vetanco.com\\\/es\\\/?s={search_term_string}\"},\"query-input\":{\"@type\":\"PropertyValueSpecification\",\"valueRequired\":true,\"valueName\":\"search_term_string\"}}],\"inLanguage\":\"es\"}]}<\/script>\n<!-- \/ Yoast SEO plugin. -->","yoast_head_json":{"title":"Vetanco recibi\u00f3 la visita de Jamaica Broilers Group - Vetanco Argentina","description":"Vetanco y BV Science recibieron a un cliente estrat\u00e9gico con el que se proyecta consolidar una alianza comercial de largo plazo.","robots":{"index":"index","follow":"follow","max-snippet":"max-snippet:-1","max-image-preview":"max-image-preview:large","max-video-preview":"max-video-preview:-1"},"canonical":"https:\/\/vetanco.com\/es\/vetanco-recibio-la-visita-de-jamaica-broilers-group\/","og_locale":"es_ES","og_type":"article","og_title":"Vetanco recibi\u00f3 la visita de Jamaica Broilers Group - Vetanco Argentina","og_description":"Vetanco y BV Science recibieron a un cliente estrat\u00e9gico con el que se proyecta consolidar una alianza comercial de largo plazo.","og_url":"https:\/\/vetanco.com\/es\/vetanco-recibio-la-visita-de-jamaica-broilers-group\/","og_site_name":"Vetanco Argentina","article_publisher":"https:\/\/www.facebook.com\/vetancoargentina","article_modified_time":"2026-04-20T19:12:36+00:00","og_image":[{"width":1280,"height":720,"url":"https:\/\/vetanco.com\/es\/wp-content\/uploads\/2026\/04\/WhatsApp-Image-2026-03-18-at-16.29.26.jpeg","type":"image\/jpeg"}],"twitter_card":"summary_large_image","twitter_misc":{"Tiempo de lectura":"3 minutos"},"schema":{"@context":"https:\/\/schema.org","@graph":[{"@type":"WebPage","@id":"https:\/\/vetanco.com\/es\/vetanco-recibio-la-visita-de-jamaica-broilers-group\/","url":"https:\/\/vetanco.com\/es\/vetanco-recibio-la-visita-de-jamaica-broilers-group\/","name":"Vetanco recibi\u00f3 la visita de Jamaica Broilers Group - Vetanco Argentina","isPartOf":{"@id":"https:\/\/vetanco.com\/es\/#website"},"primaryImageOfPage":{"@id":"https:\/\/vetanco.com\/es\/vetanco-recibio-la-visita-de-jamaica-broilers-group\/#primaryimage"},"image":{"@id":"https:\/\/vetanco.com\/es\/vetanco-recibio-la-visita-de-jamaica-broilers-group\/#primaryimage"},"thumbnailUrl":"https:\/\/vetanco.com\/es\/wp-content\/uploads\/2026\/04\/WhatsApp-Image-2026-03-18-at-16.29.26.jpeg","datePublished":"2026-04-20T18:41:06+00:00","dateModified":"2026-04-20T19:12:36+00:00","description":"Vetanco y BV Science recibieron a un cliente estrat\u00e9gico con el que se proyecta consolidar una alianza comercial de largo plazo.","breadcrumb":{"@id":"https:\/\/vetanco.com\/es\/vetanco-recibio-la-visita-de-jamaica-broilers-group\/#breadcrumb"},"inLanguage":"es","potentialAction":[{"@type":"ReadAction","target":["https:\/\/vetanco.com\/es\/vetanco-recibio-la-visita-de-jamaica-broilers-group\/"]}]},{"@type":"ImageObject","inLanguage":"es","@id":"https:\/\/vetanco.com\/es\/vetanco-recibio-la-visita-de-jamaica-broilers-group\/#primaryimage","url":"https:\/\/vetanco.com\/es\/wp-content\/uploads\/2026\/04\/WhatsApp-Image-2026-03-18-at-16.29.26.jpeg","contentUrl":"https:\/\/vetanco.com\/es\/wp-content\/uploads\/2026\/04\/WhatsApp-Image-2026-03-18-at-16.29.26.jpeg","width":1280,"height":720},{"@type":"BreadcrumbList","@id":"https:\/\/vetanco.com\/es\/vetanco-recibio-la-visita-de-jamaica-broilers-group\/#breadcrumb","itemListElement":[{"@type":"ListItem","position":1,"name":"In\u00edcio","item":"https:\/\/vetanco.com\/es\/"},{"@type":"ListItem","position":2,"name":"Vetanco recibi\u00f3 la visita de Jamaica Broilers Group"}]},{"@type":"WebSite","@id":"https:\/\/vetanco.com\/es\/#website","url":"https:\/\/vetanco.com\/es\/","name":"Vetanco Argentina","description":"Productos Seguros para Alimentos Seguros","potentialAction":[{"@type":"SearchAction","target":{"@type":"EntryPoint","urlTemplate":"https:\/\/vetanco.com\/es\/?s={search_term_string}"},"query-input":{"@type":"PropertyValueSpecification","valueRequired":true,"valueName":"search_term_string"}}],"inLanguage":"es"}]}},"_links":{"self":[{"href":"https:\/\/vetanco.com\/es\/wp-json\/wp\/v2\/pages\/15657","targetHints":{"allow":["GET"]}}],"collection":[{"href":"https:\/\/vetanco.com\/es\/wp-json\/wp\/v2\/pages"}],"about":[{"href":"https:\/\/vetanco.com\/es\/wp-json\/wp\/v2\/types\/page"}],"author":[{"embeddable":true,"href":"https:\/\/vetanco.com\/es\/wp-json\/wp\/v2\/users\/8"}],"replies":[{"embeddable":true,"href":"https:\/\/vetanco.com\/es\/wp-json\/wp\/v2\/comments?post=15657"}],"version-history":[{"count":1,"href":"https:\/\/vetanco.com\/es\/wp-json\/wp\/v2\/pages\/15657\/revisions"}],"predecessor-version":[{"id":15658,"href":"https:\/\/vetanco.com\/es\/wp-json\/wp\/v2\/pages\/15657\/revisions\/15658"}],"wp:featuredmedia":[{"embeddable":true,"href":"https:\/\/vetanco.com\/es\/wp-json\/wp\/v2\/media\/15655"}],"wp:attachment":[{"href":"https:\/\/vetanco.com\/es\/wp-json\/wp\/v2\/media?parent=15657"}],"curies":[{"name":"wp","href":"https:\/\/api.w.org\/{rel}","templated":true}]}}