{"id":6434,"date":"2024-06-05T08:00:30","date_gmt":"2024-06-05T11:00:30","guid":{"rendered":"https:\/\/vetanco.com\/br\/?page_id=15828"},"modified":"2025-03-27T15:06:46","modified_gmt":"2025-03-27T18:06:46","slug":"app","status":"publish","type":"page","link":"https:\/\/vetanco.com\/es\/app\/","title":{"rendered":"APP"},"content":{"rendered":"\n\n\t<section class=\"section\" id=\"section_1297875956\">\n\t\t<div class=\"section-bg fill\" >\n\t\t\t\t\t\t\t\t\t\n\t\t\t\n\n\t\t<\/div>\n\n\t\t\n\n\t\t<div class=\"section-content relative\">\n\t\t\t\n\n\t<div id=\"gap-192557278\" class=\"gap-element clearfix\" style=\"display:block; height:auto;\">\n\t\t\n<style>\n#gap-192557278 {\n  padding-top: 200px;\n}\n@media (min-width:550px) {\n  #gap-192557278 {\n    padding-top: 100px;\n  }\n}\n@media (min-width:850px) {\n  #gap-192557278 {\n    padding-top: 0px;\n  }\n}\n<\/style>\n\t<\/div>\n\t\n\n<div class=\"row row-collapse row-full-width align-middle align-center\"  id=\"row-1592852302\">\n\n\n\t<div id=\"col-42338052\" class=\"col small-12 large-12\"  >\n\t\t\t\t<div class=\"col-inner\"  >\n\t\t\t\n\t\t\t\n\n\n  <div class=\"banner has-hover\" id=\"banner-157582335\">\n          <div class=\"banner-inner fill\">\n        <div class=\"banner-bg fill\" >\n                                                \n                    <\/div>\n\t\t\n        <div class=\"banner-layers container\">\n            <div class=\"fill banner-link\"><\/div>            \n\n\t<div class=\"img has-hover x50 md-x50 lg-x50 y100 md-y100 lg-y100\" id=\"image_102997565\">\n\t\t\t\t\t\t\t\t<div class=\"img-inner image-cover dark\" style=\"padding-top:38%;\">\n\t\t\t<img loading=\"lazy\" decoding=\"async\" width=\"1020\" height=\"425\" src=\"https:\/\/vetanco.com\/es\/wp-content\/uploads\/2025\/01\/APPS-1024x427.png\" class=\"attachment-large size-large\" alt=\"\" srcset=\"https:\/\/vetanco.com\/es\/wp-content\/uploads\/2025\/01\/APPS-1024x427.png 1024w, https:\/\/vetanco.com\/es\/wp-content\/uploads\/2025\/01\/APPS-300x125.png 300w, https:\/\/vetanco.com\/es\/wp-content\/uploads\/2025\/01\/APPS-768x320.png 768w, https:\/\/vetanco.com\/es\/wp-content\/uploads\/2025\/01\/APPS-1536x640.png 1536w, https:\/\/vetanco.com\/es\/wp-content\/uploads\/2025\/01\/APPS-510x213.png 510w, https:\/\/vetanco.com\/es\/wp-content\/uploads\/2025\/01\/APPS.png 1920w\" sizes=\"auto, (max-width: 1020px) 100vw, 1020px\" \/>\t\t\t\t\t\t\n\t\t\t\t\t<\/div>\n\t\t\t\t\t\t\t\t\n<style>\n#image_102997565 {\n  width: 100%;\n}\n<\/style>\n\t<\/div>\n\t\n\n   <div id=\"text-box-590969708\" class=\"text-box banner-layer x50 md-x50 lg-x50 y5 md-y15 lg-y50 res-text\">\n                     <div data-animate=\"bounceIn\">           <div class=\"text-box-content text dark\">\n              \n              <div class=\"text-inner text-center\">\n                  \n\n\t<div id=\"text-1936469509\" class=\"text\">\n\t\t\n\n<p style=\"text-align: center;\"><strong><span style=\"color: #274684; font-size: 100%;\"><span style=\"color: #008ae9;\">Miramos <span style=\"color: #274684;\">al futuro<\/span> con la misma <span style=\"color: #274684;\">determinaci\u00f3n que nos ha guiado<\/span> desde el principio<\/span><\/span><\/strong><\/p>\n\t\t\n<style>\n#text-1936469509 {\n  font-size: 1.25rem;\n  line-height: 1.15;\n}\n@media (min-width:550px) {\n  #text-1936469509 {\n    font-size: 2.2rem;\n  }\n}\n@media (min-width:850px) {\n  #text-1936469509 {\n    font-size: 2.3rem;\n  }\n}\n<\/style>\n\t<\/div>\n\t\n\n              <\/div>\n           <\/div>\n       <\/div>                     \n<style>\n#text-box-590969708 {\n  margin: -22px 0px 0px 0px;\n  width: 80%;\n}\n#text-box-590969708 .text-box-content {\n  font-size: 150%;\n}\n@media (min-width:550px) {\n  #text-box-590969708 {\n    width: 63%;\n  }\n}\n@media (min-width:850px) {\n  #text-box-590969708 {\n    width: 47%;\n  }\n}\n<\/style>\n    <\/div>\n \n\n        <\/div>\n      <\/div>\n\n            \n<style>\n#banner-157582335 {\n  padding-top: 60%;\n  background-color: #ffffff;\n}\n@media (min-width:550px) {\n  #banner-157582335 {\n    padding-top: 60%;\n  }\n}\n@media (min-width:850px) {\n  #banner-157582335 {\n    padding-top: 50%;\n  }\n}\n<\/style>\n  <\/div>\n\n\n\n\t\t<\/div>\n\t\t\t\t\t<\/div>\n\n\t\n\n<\/div>\n\n\t\t<\/div>\n\n\t\t\n<style>\n#section_1297875956 {\n  padding-top: 0px;\n  padding-bottom: 0px;\n}\n@media (min-width:550px) {\n  #section_1297875956 {\n    padding-top: 0px;\n    padding-bottom: 0px;\n  }\n}\n<\/style>\n\t<\/section>\n\t\n\n\t<section class=\"section dark\" id=\"section_1809781747\">\n\t\t<div class=\"section-bg fill\" >\n\t\t\t\t\t\t\t\t\t\n\t\t\t\n\n\t\t<\/div>\n\n\t\t\n\n\t\t<div class=\"section-content relative\">\n\t\t\t\n\n\t<div id=\"gap-1256017002\" class=\"gap-element clearfix\" style=\"display:block; height:auto;\">\n\t\t\n<style>\n#gap-1256017002 {\n  padding-top: 20px;\n}\n@media (min-width:550px) {\n  #gap-1256017002 {\n    padding-top: 50px;\n  }\n}\n<\/style>\n\t<\/div>\n\t\n\n<div class=\"row align-center\"  id=\"row-116481092\">\n\n\n\n\t<div id=\"col-291641221\" class=\"col medium-5 small-11 large-4\"  data-animate=\"fadeInDown\">\n\t\t\t\t<div class=\"col-inner\"  >\n\t\t\t\n\t\t\t\n\n\t<div id=\"text-368323899\" class=\"text\">\n\t\t\n\n<p><strong><span style=\"color: #00aeef; font-size: 120%;\"><span style=\"color: #003f89;\">Estamos aqu\u00ed<\/span> para brindarle el<span style=\"color: #003f89;\"> apoyo<\/span> que necesita en su <span style=\"color: #003f89;\">toma de decisiones.<\/span><\/span><\/strong><\/p>\n\t\t\n<style>\n#text-368323899 {\n  font-size: 1.15rem;\n  line-height: 1.25;\n  text-align: left;\n}\n@media (min-width:550px) {\n  #text-368323899 {\n    font-size: 1.65rem;\n  }\n}\n@media (min-width:850px) {\n  #text-368323899 {\n    line-height: 1.1;\n  }\n}\n<\/style>\n\t<\/div>\n\t\n\n\t\t<\/div>\n\t\t\t\t\n<style>\n#col-291641221 > .col-inner {\n  padding: 0px 0px 0px 0px;\n  margin: 0px 0px -30px 0px;\n}\n@media (min-width:550px) {\n  #col-291641221 > .col-inner {\n    padding: 0px 0px 0px 15px;\n  }\n}\n<\/style>\n\t<\/div>\n\n\t\n\n\t<div id=\"col-426790798\" class=\"col medium-7 small-11 large-6\"  data-animate=\"fadeInDown\">\n\t\t\t\t<div class=\"col-inner\"  >\n\t\t\t\n\t\t\t\n\n\t<div id=\"text-1514573149\" class=\"text\">\n\t\t\n\n<p style=\"text-align: justify;\"><strong><span style=\"font-size: 110%; color: #333333;\">Cumpliendo la misi\u00f3n de promover la salud animal y la seguridad alimentaria, y con la visi\u00f3n de ser un referente en la generaci\u00f3n de valor para el cliente y para la agroindustria, VETANCO\u00ae ofrece un paquete completo de soluciones. <\/span><\/strong><\/p>\n<p style=\"text-align: justify;\"><strong><span style=\"font-size: 110%; color: #333333;\">Detr\u00e1s de cada uno de ellos est\u00e1 nuestra mayor pasi\u00f3n: entregar valor a nuestros clientes.<\/span><\/strong><\/p>\n\t\t\n<style>\n#text-1514573149 {\n  font-size: 0.9rem;\n  text-align: left;\n}\n<\/style>\n\t<\/div>\n\t\n\n\t\t<\/div>\n\t\t\t\t\n<style>\n#col-426790798 > .col-inner {\n  padding: 0px 15px 0px 0px;\n  margin: 0px 0px -90px 0px;\n}\n@media (min-width:550px) {\n  #col-426790798 > .col-inner {\n    margin: 0px 0px -90px 0px;\n  }\n}\n@media (min-width:850px) {\n  #col-426790798 > .col-inner {\n    padding: 0px 0px 0px 40px;\n  }\n}\n<\/style>\n\t<\/div>\n\n\t\n\n<\/div>\n\t<div id=\"gap-1760115558\" class=\"gap-element clearfix\" style=\"display:block; height:auto;\">\n\t\t\n<style>\n#gap-1760115558 {\n  padding-top: 50px;\n}\n@media (min-width:550px) {\n  #gap-1760115558 {\n    padding-top: 70px;\n  }\n}\n<\/style>\n\t<\/div>\n\t\n\n\n\t\t<\/div>\n\n\t\t\n<style>\n#section_1809781747 {\n  padding-top: 30px;\n  padding-bottom: 30px;\n  background-color: rgb(245, 247, 251);\n}\n<\/style>\n\t<\/section>\n\t\n\n\t<section class=\"section\" id=\"section_448703290\">\n\t\t<div class=\"section-bg fill\" >\n\t\t\t\t\t\t\t\t\t<div class=\"section-bg-overlay absolute fill\"><\/div>\n\t\t\t\n\n\t\t<\/div>\n\n\t\t\n\t<div class=\"ux-shape-divider ux-shape-divider--bottom ux-shape-divider--style-curve\">\n\t\t<svg viewBox=\"0 0 1000 100\" xmlns=\"http:\/\/www.w3.org\/2000\/svg\" preserveAspectRatio=\"none\">\n\t<path class=\"ux-shape-fill\" d=\"M0 0C0 0 200 50 500 50C800 50 1000 0 1000 0V101H0V1V0Z\"\/>\n<\/svg>\n\t<\/div>\n\n\t\t<div class=\"section-content relative\">\n\t\t\t\n\n\t<div id=\"gap-224581158\" class=\"gap-element clearfix\" style=\"display:block; height:auto;\">\n\t\t\n<style>\n#gap-224581158 {\n  padding-top: 30px;\n}\n@media (min-width:550px) {\n  #gap-224581158 {\n    padding-top: 80px;\n  }\n}\n<\/style>\n\t<\/div>\n\t\n\n<div class=\"row align-middle align-center\"  id=\"row-428421254\">\n\n\n\t<div id=\"col-760341428\" class=\"col medium-9 small-11 large-8\"  data-animate=\"fadeInDown\">\n\t\t\t\t<div class=\"col-inner dark\"  >\n\t\t\t\n\t\t\t\n\n\t<div id=\"text-3177094837\" class=\"text\">\n\t\t\n\n<h2 style=\"text-align: center;\"><strong><span style=\"font-size: 100%; color: #00adef;\">Aplicaciones exclusivas para la toma de decisiones<\/span><\/strong><\/h2>\n\t\t\n<style>\n#text-3177094837 {\n  font-size: 1.5rem;\n  line-height: 1.25;\n  text-align: left;\n}\n@media (min-width:550px) {\n  #text-3177094837 {\n    font-size: 1.6rem;\n    text-align: center;\n  }\n}\n@media (min-width:850px) {\n  #text-3177094837 {\n    line-height: 1.45;\n  }\n}\n<\/style>\n\t<\/div>\n\t\n\t<div id=\"text-3273452251\" class=\"text\">\n\t\t\n\n<p><strong>Las respuestas correctas, en el momento correcto<\/strong><\/p>\n\t\t\n<style>\n#text-3273452251 {\n  font-size: 1.1rem;\n  line-height: 1.25;\n  text-align: center;\n}\n@media (min-width:550px) {\n  #text-3273452251 {\n    font-size: 1.3rem;\n    text-align: center;\n  }\n}\n@media (min-width:850px) {\n  #text-3273452251 {\n    font-size: 1.55rem;\n    line-height: 1.45;\n  }\n}\n<\/style>\n\t<\/div>\n\t\n\t<div id=\"gap-647372487\" class=\"gap-element clearfix\" style=\"display:block; height:auto;\">\n\t\t\n<style>\n#gap-647372487 {\n  padding-top: 80px;\n}\n@media (min-width:550px) {\n  #gap-647372487 {\n    padding-top: 120px;\n  }\n}\n<\/style>\n\t<\/div>\n\t\n\n\n\t\t<\/div>\n\t\t\t\t\t<\/div>\n\n\t\n\n<\/div>\n\n\t\t<\/div>\n\n\t\t\n<style>\n#section_448703290 {\n  padding-top: 40px;\n  padding-bottom: 40px;\n}\n#section_448703290 .section-bg-overlay {\n  background-color: rgb(0, 57, 127);\n}\n#section_448703290 .ux-shape-divider--bottom svg {\n  height: 200px;\n  --divider-width: 300%;\n}\n#section_448703290 .ux-shape-divider--bottom .ux-shape-fill {\n  fill: #e6e7e8;\n}\n@media (min-width:550px) {\n  #section_448703290 {\n    padding-top: 0px;\n    padding-bottom: 0px;\n  }\n}\n<\/style>\n\t<\/section>\n\t\n\n\t<section class=\"section\" id=\"section_519327106\">\n\t\t<div class=\"section-bg fill\" >\n\t\t\t\t\t\t\t\t\t\n\t\t\t\n\n\t\t<\/div>\n\n\t\t\n\n\t\t<div class=\"section-content relative\">\n\t\t\t\n\n<div class=\"row row-collapse align-center\"  id=\"row-489062270\">\n\n\n\t<div id=\"col-72543403\" class=\"col medium-11 small-12 large-12\"  >\n\t\t\t\t<div class=\"col-inner\"  >\n\t\t\t\n\t\t\t\n\n<div class=\"row align-middle align-center\"  id=\"row-439378431\">\n\n\n\t<div id=\"col-210799271\" class=\"col medium-5 small-12 large-5\"  >\n\t\t\t\t<div class=\"col-inner text-center\"  >\n\t\t\t\n\t\t\t\n\n\t<div class=\"img has-hover x md-x lg-x y md-y lg-y\" id=\"image_696201873\">\n\t\t\t\t\t\t\t\t<div class=\"img-inner image-cover dark\" style=\"padding-top:100%;\">\n\t\t\t<img loading=\"lazy\" decoding=\"async\" width=\"200\" height=\"200\" src=\"https:\/\/vetanco.com\/es\/wp-content\/uploads\/2024\/06\/logo-vetancid-v2.png\" class=\"attachment-medium_large size-medium_large\" alt=\"\" srcset=\"https:\/\/vetanco.com\/es\/wp-content\/uploads\/2024\/06\/logo-vetancid-v2.png 200w, https:\/\/vetanco.com\/es\/wp-content\/uploads\/2024\/06\/logo-vetancid-v2-150x150.png 150w, https:\/\/vetanco.com\/es\/wp-content\/uploads\/2024\/06\/logo-vetancid-v2-100x100.png 100w\" sizes=\"auto, (max-width: 200px) 100vw, 200px\" \/>\t\t\t\t\t\t\n\t\t\t\t\t<\/div>\n\t\t\t\t\t\t\t\t\n<style>\n#image_696201873 {\n  width: 45%;\n}\n<\/style>\n\t<\/div>\n\t\n\n\n\t\t<\/div>\n\t\t\t\t\t<\/div>\n\n\t\n\n\t<div id=\"col-1765102934\" class=\"col medium-7 small-10 large-7\"  >\n\t\t\t\t<div class=\"col-inner\"  >\n\t\t\t\n\t\t\t\n\n<p class=\"p1\"><strong><span style=\"color: #00397f;\">VETANCID APP<\/span><\/strong><\/p>\n<p class=\"p1\"><span style=\"color: #00397f;\">Una herramienta que permite determinar el nivel de infestaci\u00f3n de Alphitobius Diaperinus en gallineros; ya que permite evaluar el uso correcto de VETANCID\u00ae. A trav\u00e9s de esta aplicaci\u00f3n es posible detectar factores que pueden estar interfiriendo en la aplicaci\u00f3n de VETANCID\u00ae, lo que facilita la toma de decisiones y la optimizaci\u00f3n de programas de manejo para asegurar un ambiente controlado y una producci\u00f3n av\u00edcola eficiente.<\/span><\/p>\n\n\t\t<\/div>\n\t\t\t\t\t<\/div>\n\n\t\n\n<\/div>\n\t<div id=\"gap-578938330\" class=\"gap-element clearfix\" style=\"display:block; height:auto;\">\n\t\t\n<style>\n#gap-578938330 {\n  padding-top: 30px;\n}\n@media (min-width:550px) {\n  #gap-578938330 {\n    padding-top: 30px;\n  }\n}\n<\/style>\n\t<\/div>\n\t\n\n<div class=\"row align-middle align-center\"  id=\"row-1861882885\">\n\n\n\t<div id=\"col-1064242823\" class=\"col medium-5 small-11 large-5\"  >\n\t\t\t\t<div class=\"col-inner\"  >\n\t\t\t\n\t\t\t\n\n\t<div class=\"img has-hover x md-x lg-x y md-y lg-y\" id=\"image_204436360\">\n\t\t\t\t\t\t\t\t<div class=\"img-inner dark\" >\n\t\t\t<img loading=\"lazy\" decoding=\"async\" width=\"768\" height=\"431\" src=\"https:\/\/vetanco.com\/es\/wp-content\/uploads\/2024\/07\/iso-viip-1024x574-1-768x431.png\" class=\"attachment-medium_large size-medium_large\" alt=\"\" srcset=\"https:\/\/vetanco.com\/es\/wp-content\/uploads\/2024\/07\/iso-viip-1024x574-1-768x431.png 768w, https:\/\/vetanco.com\/es\/wp-content\/uploads\/2024\/07\/iso-viip-1024x574-1-300x168.png 300w, https:\/\/vetanco.com\/es\/wp-content\/uploads\/2024\/07\/iso-viip-1024x574-1-600x336.png 600w, https:\/\/vetanco.com\/es\/wp-content\/uploads\/2024\/07\/iso-viip-1024x574-1.png 1024w\" sizes=\"auto, (max-width: 768px) 100vw, 768px\" \/>\t\t\t\t\t\t\n\t\t\t\t\t<\/div>\n\t\t\t\t\t\t\t\t\n<style>\n#image_204436360 {\n  width: 92%;\n}\n<\/style>\n\t<\/div>\n\t\n\n\n\t\t<\/div>\n\t\t\t\t\t<\/div>\n\n\t\n\n\t<div id=\"col-1364276929\" class=\"col medium-7 small-11 large-7\"  >\n\t\t\t\t<div class=\"col-inner\"  >\n\t\t\t\n\t\t\t\n\n<p class=\"p1\"><strong><span style=\"color: #00397f;\">APLICACI\u00d3N DEL PROGRAMA DE INTEGRIDAD INTESTINAL (VIIP) DE VETANCO<\/span><\/strong><\/p>\n<p class=\"p1\"><span style=\"color: #00397f;\">La App VIIP es una herramienta valiosa y eficaz para mejorar la salud intestinal en la industria av\u00edcola. Su objetivo es proporcionar un soporte t\u00e9cnico \u00fanico y diferencial en la l\u00ednea de productos que forman parte del programa \u201cLibre de antibi\u00f3ticos\u201d. Esta herramienta digital ha sido dise\u00f1ada para medir, registrar, analizar y corregir problemas que afectan a la salud intestinal de las aves de forma eficaz y precisa.<\/span><\/p>\n\n\t\t<\/div>\n\t\t\t\t\t<\/div>\n\n\t\n\n<\/div>\n\t<div id=\"gap-63130357\" class=\"gap-element clearfix\" style=\"display:block; height:auto;\">\n\t\t\n<style>\n#gap-63130357 {\n  padding-top: 30px;\n}\n@media (min-width:550px) {\n  #gap-63130357 {\n    padding-top: 80px;\n  }\n}\n<\/style>\n\t<\/div>\n\t\n\n\n\t\t<\/div>\n\t\t\t\t\t<\/div>\n\n\t\n\n<\/div>\n\n\t\t<\/div>\n\n\t\t\n<style>\n#section_519327106 {\n  padding-top: 0px;\n  padding-bottom: 0px;\n  background-color: rgb(230, 231, 232);\n}\n@media (min-width:550px) {\n  #section_519327106 {\n    padding-top: 0px;\n    padding-bottom: 0px;\n  }\n}\n<\/style>\n\t<\/section>\n\t\n\n\t<section class=\"section has-parallax\" id=\"section_1371841288\">\n\t\t<div class=\"section-bg fill\" data-parallax-container=\".section\" data-parallax-background data-parallax=\"-1\">\n\t\t\t<img loading=\"lazy\" decoding=\"async\" width=\"768\" height=\"192\" src=\"https:\/\/vetanco.com\/es\/wp-content\/uploads\/2024\/06\/Imagem_Entrega_de_Valor-768x192.png\" class=\"bg attachment-medium_large size-medium_large\" alt=\"\" \/>\t\t\t\t\t\t\n\t\t\t\n\n\t\t<\/div>\n\n\t\t\n\n\t\t<div class=\"section-content relative\">\n\t\t\t\n\n\n\t\t<\/div>\n\n\t\t\n<style>\n#section_1371841288 {\n  padding-top: 100px;\n  padding-bottom: 100px;\n}\n#section_1371841288 .section-bg img {\n  object-position: 56% 100%;\n}\n@media (min-width:550px) {\n  #section_1371841288 {\n    padding-top: 100px;\n    padding-bottom: 100px;\n  }\n}\n<\/style>\n\t<\/section>\n\t\n\n","protected":false},"excerpt":{"rendered":"","protected":false},"author":1,"featured_media":6443,"parent":0,"menu_order":0,"comment_status":"closed","ping_status":"closed","template":"page-transparent-header.php","meta":{"footnotes":""},"class_list":["post-6434","page","type-page","status-publish","has-post-thumbnail","hentry"],"yoast_head":"<!-- This site is optimized with the Yoast SEO plugin v27.3 - https:\/\/yoast.com\/product\/yoast-seo-wordpress\/ -->\n<title>APP - Vetanco Argentina<\/title>\n<meta name=\"description\" content=\"Ofrecemos soluciones completas de aplicaciones. Detr\u00e1s de cada una de ellas est\u00e1 nuestra mayor pasi\u00f3n: entregar valor a nuestros clientes.\" \/>\n<meta name=\"robots\" content=\"index, follow, max-snippet:-1, max-image-preview:large, max-video-preview:-1\" \/>\n<link rel=\"canonical\" href=\"https:\/\/vetanco.com\/es\/app\/\" \/>\n<meta property=\"og:locale\" content=\"es_ES\" \/>\n<meta property=\"og:type\" content=\"article\" \/>\n<meta property=\"og:title\" content=\"APP - Vetanco Argentina\" \/>\n<meta property=\"og:description\" content=\"Ofrecemos soluciones completas de aplicaciones. Detr\u00e1s de cada una de ellas est\u00e1 nuestra mayor pasi\u00f3n: entregar valor a nuestros clientes.\" \/>\n<meta property=\"og:url\" content=\"https:\/\/vetanco.com\/es\/app\/\" \/>\n<meta property=\"og:site_name\" content=\"Vetanco Argentina\" \/>\n<meta property=\"article:publisher\" content=\"https:\/\/www.facebook.com\/vetancoargentina\" \/>\n<meta property=\"article:modified_time\" content=\"2025-03-27T18:06:46+00:00\" \/>\n<meta property=\"og:image\" content=\"https:\/\/vetanco.com\/es\/wp-content\/uploads\/2024\/07\/Logo-Vetanco-500x500-2.png\" \/>\n\t<meta property=\"og:image:width\" content=\"500\" \/>\n\t<meta property=\"og:image:height\" content=\"500\" \/>\n\t<meta property=\"og:image:type\" content=\"image\/png\" \/>\n<meta name=\"twitter:card\" content=\"summary_large_image\" \/>\n<meta name=\"twitter:label1\" content=\"Tiempo de lectura\" \/>\n\t<meta name=\"twitter:data1\" content=\"3 minutos\" \/>\n<script type=\"application\/ld+json\" class=\"yoast-schema-graph\">{\"@context\":\"https:\\\/\\\/schema.org\",\"@graph\":[{\"@type\":\"WebPage\",\"@id\":\"https:\\\/\\\/vetanco.com\\\/es\\\/app\\\/\",\"url\":\"https:\\\/\\\/vetanco.com\\\/es\\\/app\\\/\",\"name\":\"APP - Vetanco Argentina\",\"isPartOf\":{\"@id\":\"https:\\\/\\\/vetanco.com\\\/es\\\/#website\"},\"primaryImageOfPage\":{\"@id\":\"https:\\\/\\\/vetanco.com\\\/es\\\/app\\\/#primaryimage\"},\"image\":{\"@id\":\"https:\\\/\\\/vetanco.com\\\/es\\\/app\\\/#primaryimage\"},\"thumbnailUrl\":\"https:\\\/\\\/vetanco.com\\\/es\\\/wp-content\\\/uploads\\\/2024\\\/07\\\/Logo-Vetanco-500x500-2.png\",\"datePublished\":\"2024-06-05T11:00:30+00:00\",\"dateModified\":\"2025-03-27T18:06:46+00:00\",\"description\":\"Ofrecemos soluciones completas de aplicaciones. Detr\u00e1s de cada una de ellas est\u00e1 nuestra mayor pasi\u00f3n: entregar valor a nuestros clientes.\",\"breadcrumb\":{\"@id\":\"https:\\\/\\\/vetanco.com\\\/es\\\/app\\\/#breadcrumb\"},\"inLanguage\":\"es\",\"potentialAction\":[{\"@type\":\"ReadAction\",\"target\":[\"https:\\\/\\\/vetanco.com\\\/es\\\/app\\\/\"]}]},{\"@type\":\"ImageObject\",\"inLanguage\":\"es\",\"@id\":\"https:\\\/\\\/vetanco.com\\\/es\\\/app\\\/#primaryimage\",\"url\":\"https:\\\/\\\/vetanco.com\\\/es\\\/wp-content\\\/uploads\\\/2024\\\/07\\\/Logo-Vetanco-500x500-2.png\",\"contentUrl\":\"https:\\\/\\\/vetanco.com\\\/es\\\/wp-content\\\/uploads\\\/2024\\\/07\\\/Logo-Vetanco-500x500-2.png\",\"width\":500,\"height\":500},{\"@type\":\"BreadcrumbList\",\"@id\":\"https:\\\/\\\/vetanco.com\\\/es\\\/app\\\/#breadcrumb\",\"itemListElement\":[{\"@type\":\"ListItem\",\"position\":1,\"name\":\"In\u00edcio\",\"item\":\"https:\\\/\\\/vetanco.com\\\/es\\\/\"},{\"@type\":\"ListItem\",\"position\":2,\"name\":\"APP\"}]},{\"@type\":\"WebSite\",\"@id\":\"https:\\\/\\\/vetanco.com\\\/es\\\/#website\",\"url\":\"https:\\\/\\\/vetanco.com\\\/es\\\/\",\"name\":\"Vetanco Argentina\",\"description\":\"Productos Seguros para Alimentos Seguros\",\"potentialAction\":[{\"@type\":\"SearchAction\",\"target\":{\"@type\":\"EntryPoint\",\"urlTemplate\":\"https:\\\/\\\/vetanco.com\\\/es\\\/?s={search_term_string}\"},\"query-input\":{\"@type\":\"PropertyValueSpecification\",\"valueRequired\":true,\"valueName\":\"search_term_string\"}}],\"inLanguage\":\"es\"}]}<\/script>\n<!-- \/ Yoast SEO plugin. -->","yoast_head_json":{"title":"APP - Vetanco Argentina","description":"Ofrecemos soluciones completas de aplicaciones. Detr\u00e1s de cada una de ellas est\u00e1 nuestra mayor pasi\u00f3n: entregar valor a nuestros clientes.","robots":{"index":"index","follow":"follow","max-snippet":"max-snippet:-1","max-image-preview":"max-image-preview:large","max-video-preview":"max-video-preview:-1"},"canonical":"https:\/\/vetanco.com\/es\/app\/","og_locale":"es_ES","og_type":"article","og_title":"APP - Vetanco Argentina","og_description":"Ofrecemos soluciones completas de aplicaciones. Detr\u00e1s de cada una de ellas est\u00e1 nuestra mayor pasi\u00f3n: entregar valor a nuestros clientes.","og_url":"https:\/\/vetanco.com\/es\/app\/","og_site_name":"Vetanco Argentina","article_publisher":"https:\/\/www.facebook.com\/vetancoargentina","article_modified_time":"2025-03-27T18:06:46+00:00","og_image":[{"width":500,"height":500,"url":"https:\/\/vetanco.com\/es\/wp-content\/uploads\/2024\/07\/Logo-Vetanco-500x500-2.png","type":"image\/png"}],"twitter_card":"summary_large_image","twitter_misc":{"Tiempo de lectura":"3 minutos"},"schema":{"@context":"https:\/\/schema.org","@graph":[{"@type":"WebPage","@id":"https:\/\/vetanco.com\/es\/app\/","url":"https:\/\/vetanco.com\/es\/app\/","name":"APP - Vetanco Argentina","isPartOf":{"@id":"https:\/\/vetanco.com\/es\/#website"},"primaryImageOfPage":{"@id":"https:\/\/vetanco.com\/es\/app\/#primaryimage"},"image":{"@id":"https:\/\/vetanco.com\/es\/app\/#primaryimage"},"thumbnailUrl":"https:\/\/vetanco.com\/es\/wp-content\/uploads\/2024\/07\/Logo-Vetanco-500x500-2.png","datePublished":"2024-06-05T11:00:30+00:00","dateModified":"2025-03-27T18:06:46+00:00","description":"Ofrecemos soluciones completas de aplicaciones. Detr\u00e1s de cada una de ellas est\u00e1 nuestra mayor pasi\u00f3n: entregar valor a nuestros clientes.","breadcrumb":{"@id":"https:\/\/vetanco.com\/es\/app\/#breadcrumb"},"inLanguage":"es","potentialAction":[{"@type":"ReadAction","target":["https:\/\/vetanco.com\/es\/app\/"]}]},{"@type":"ImageObject","inLanguage":"es","@id":"https:\/\/vetanco.com\/es\/app\/#primaryimage","url":"https:\/\/vetanco.com\/es\/wp-content\/uploads\/2024\/07\/Logo-Vetanco-500x500-2.png","contentUrl":"https:\/\/vetanco.com\/es\/wp-content\/uploads\/2024\/07\/Logo-Vetanco-500x500-2.png","width":500,"height":500},{"@type":"BreadcrumbList","@id":"https:\/\/vetanco.com\/es\/app\/#breadcrumb","itemListElement":[{"@type":"ListItem","position":1,"name":"In\u00edcio","item":"https:\/\/vetanco.com\/es\/"},{"@type":"ListItem","position":2,"name":"APP"}]},{"@type":"WebSite","@id":"https:\/\/vetanco.com\/es\/#website","url":"https:\/\/vetanco.com\/es\/","name":"Vetanco Argentina","description":"Productos Seguros para Alimentos Seguros","potentialAction":[{"@type":"SearchAction","target":{"@type":"EntryPoint","urlTemplate":"https:\/\/vetanco.com\/es\/?s={search_term_string}"},"query-input":{"@type":"PropertyValueSpecification","valueRequired":true,"valueName":"search_term_string"}}],"inLanguage":"es"}]}},"_links":{"self":[{"href":"https:\/\/vetanco.com\/es\/wp-json\/wp\/v2\/pages\/6434","targetHints":{"allow":["GET"]}}],"collection":[{"href":"https:\/\/vetanco.com\/es\/wp-json\/wp\/v2\/pages"}],"about":[{"href":"https:\/\/vetanco.com\/es\/wp-json\/wp\/v2\/types\/page"}],"author":[{"embeddable":true,"href":"https:\/\/vetanco.com\/es\/wp-json\/wp\/v2\/users\/1"}],"replies":[{"embeddable":true,"href":"https:\/\/vetanco.com\/es\/wp-json\/wp\/v2\/comments?post=6434"}],"version-history":[{"count":10,"href":"https:\/\/vetanco.com\/es\/wp-json\/wp\/v2\/pages\/6434\/revisions"}],"predecessor-version":[{"id":14223,"href":"https:\/\/vetanco.com\/es\/wp-json\/wp\/v2\/pages\/6434\/revisions\/14223"}],"wp:featuredmedia":[{"embeddable":true,"href":"https:\/\/vetanco.com\/es\/wp-json\/wp\/v2\/media\/6443"}],"wp:attachment":[{"href":"https:\/\/vetanco.com\/es\/wp-json\/wp\/v2\/media?parent=6434"}],"curies":[{"name":"wp","href":"https:\/\/api.w.org\/{rel}","templated":true}]}}