{"id":6470,"date":"2024-01-17T18:51:31","date_gmt":"2024-01-17T21:51:31","guid":{"rendered":"https:\/\/vetanco.com\/br\/?page_id=853"},"modified":"2024-07-11T14:28:14","modified_gmt":"2024-07-11T17:28:14","slug":"politica-de-privacidad","status":"publish","type":"page","link":"https:\/\/vetanco.com\/es\/politica-de-privacidad\/","title":{"rendered":"Pol\u00edtica de Privacidad"},"content":{"rendered":"\n<h3 class=\"p1\"><strong><span style=\"color: #274684;\">POL\u00cdTICA DE PRIVACIDAD<\/span><\/strong><\/h3>\n<p class=\"p1\"><strong><span style=\"color: #008ae9;\">Quienes somos<\/span><\/strong><\/p>\n<p class=\"p2\">Este es el sitio web oficial de Vetanco Argentina, ubicado en https:\/\/vetanco.com. Nos conprometemos a proteger tus datos personales de acuerdo con lo establecido en la Ley de Protecci\u00f3n de Datos y la presente pol\u00edtica.<\/p>\n<p>\u00a0<\/p>\n<p class=\"p1\"><strong><span style=\"color: #008ae9;\"><span style=\"color: #000080;\">COLETA DE DADOS PESSOAIS<\/span> <\/span><\/strong><\/p>\n<p class=\"p1\"><strong><span style=\"color: #008ae9;\"><span style=\"color: #008ae9;\">Coment\u00e1rios<\/span><\/span><\/strong><\/p>\n<p>Cuando los visitantes dejan conentarios en el sitio, recopilamos los datos que se muestran en el formulario de conentarios, as\u00ed cono la direcci\u00f3n IP del visitante y la cadena de agente de usuario del navegador para ayudar a la detecci\u00f3n de spam.<\/p>\n<p>Se puede proporcionar una cadena an\u00f3nima creada a partir de su direcci\u00f3n de correo electr\u00f3nico (tambi\u00e9n llamada hash) al servicio Gravatar para ver si la est\u00e1 utilizando. La pol\u00edtica de privacidad del servicio Gravatar est\u00e1 disponible aqu\u00ed: https:\/\/automattic.es\/privacidad\/. Despu\u00e9s de la aprobaci\u00f3n de tu conentario, tu foto de perfil ser\u00e1 visible para el p\u00fablico en el contexto de tu conentario.<\/p>\n<p>\u00a0<\/p>\n<p class=\"p1\"><strong><span style=\"color: #008ae9;\">Promedio<\/span><\/strong><\/p>\n<p class=\"p2\">Al cargar im\u00e1genes al sitio web, evite incluir datos de ubicaci\u00f3n incrustados (GPS EXIF) en las im\u00e1genes. Los visitantes del sitio web pueden descargar y extraer cualquier dato de ubicaci\u00f3n de las im\u00e1genes del sitio web.<\/p>\n<p>\u00a0<\/p>\n<p class=\"p1\"><strong><span style=\"color: #008ae9;\">Galletas<\/span><\/strong><\/p>\n<p class=\"p2\">Al cargar im\u00e1genes al sitio web, evite incluir datos de ubicaci\u00f3n incrustados (GPS EXIF) en las im\u00e1genes. Los visitantes del sitio web pueden descargar y extraer cualquier dato de ubicaci\u00f3n de las im\u00e1genes del sitio web.<\/p>\n<p>\u00a0<\/p>\n<p class=\"p1\"><strong><span style=\"color: #008ae9;\">Contenido incrustado de otros sitios web<\/span><\/strong><\/p>\n<p class=\"p2\">Los art\u00edculos de este sitio pueden incluir contenido incrustado, cono videos, im\u00e1genes y art\u00edculos de otros sitios. El contenido incrustado de otros sitios web se conporta de la misma manera que si hubiera visitado el sitio web original. Estos sitios web pueden recopilar datos sobre usted, utilizar cookies de terceros y seguimiento para monitorear su interacci\u00f3n con el contenido incrustado.<\/p>\n<p class=\"p2\">\n<p class=\"p1\"><strong><span style=\"color: #008ae9;\">Anal\u00edtica<\/span><\/strong><\/p>\n<p class=\"p2\">Utilizamos cookies para personalizar el contenido y los anuncios, proporcionar funciones de redes sociales y analizar nuestro tr\u00e1fico para brindarle la mejor experiencia en nuestro sitio web. Compartimos informaci\u00f3n sobre su uso de nuestro sitio con nuestros socios de redes sociales, publicidad y an\u00e1lisis, quienes pueden conbinarla con otra informaci\u00f3n que les haya proporcionado o que hayan recopilado a partir de su uso de sus servicios.<\/p>\n<p class=\"p2\">\n<p class=\"p1\"><strong><span style=\"color: #008ae9;\">Retenci\u00f3n de datos<\/span><\/strong><\/p>\n<p>Los conentarios y sus metadatos se conservar\u00e1n indefinidamente para que podamos reconocer y aprobar autom\u00e1ticamente cualquier conentario posterior.<\/p>\n<p>Para los usuarios que se registran en nuestro sitio web, almacenamos la informaci\u00f3n personal que proporcionan en su perfil de usuario. Todos los usuarios pueden ver, editar o eliminar su informaci\u00f3n personal en cualquier momento (excepto el nombre de usuario, que no se puede cambiar). Los administradores del sitio tambi\u00e9n pueden ver y editar esta informaci\u00f3n.<\/p>\n<p>Si desea recibir un fichero exportado de sus datos personales o solicitar la eliminaci\u00f3n de sus datos, por favor cont\u00e1ctenos a contato@vetanco.com<\/p>\n<p>\u00a0<\/p>\n<p class=\"p1\"><strong><span style=\"color: #008ae9;\">Protecci\u00f3n de Datos<\/span><\/strong><\/p>\n<p class=\"p2\">Los datos recopilados se almacenan en un lugar seguro. Podr\u00e1s solicitar la visualizaci\u00f3n, rectificaci\u00f3n o supresi\u00f3n de tus datos en cualquier momento. Conservamos los datos recopilados durante el tiempo necesario para cumplir con obligaciones legales, auditor\u00edas y preservaci\u00f3n de derechos. Utilizamos las herramientas de Google Analytics y Google ReCaptcha para recopilar, procesar y proteger datos, de acuerdo con las pol\u00edticas de Google disponibles en https:\/\/www.Google.con\/intl\/pt-BR\/policies\/privacy\/partners\/, https:\/\/policies.Google.con\/privacidad y https:\/\/pol\u00edticas.Google.con\/terms, que usted acepta al aceptar esta Pol\u00edtica de Privacidad.<\/p>\n<p class=\"p2\">\n<p class=\"p1\"><strong><span style=\"color: #008ae9;\">Contacto<\/span><\/strong><\/p>\n<p class=\"p2\">Para preguntas o m\u00e1s informaci\u00f3n, por favor cont\u00e1ctenos al correo electr\u00f3nico contato@vetanco.com<\/p>\n","protected":false},"excerpt":{"rendered":"<p>POL\u00cdTICA DE PRIVACIDAD Quienes somos Este es el sitio web oficial de Vetanco Argentina, ubicado en https:\/\/vetanco.com. Nos conprometemos a proteger tus datos personales de acuerdo con lo establecido en la Ley de Protecci\u00f3n de Datos y la presente pol\u00edtica. \u00a0 COLETA DE DADOS PESSOAIS Coment\u00e1rios Cuando los visitantes dejan conentarios en el sitio, recopilamos [&#8230;]\n","protected":false},"author":1,"featured_media":0,"parent":0,"menu_order":0,"comment_status":"closed","ping_status":"closed","template":"","meta":{"footnotes":""},"class_list":["post-6470","page","type-page","status-publish","hentry"],"yoast_head":"<!-- This site is optimized with the Yoast SEO plugin v27.3 - https:\/\/yoast.com\/product\/yoast-seo-wordpress\/ -->\n<title>Pol\u00edtica de Privacidad - Vetanco Argentina<\/title>\n<meta name=\"description\" content=\"Consulte nuestra pol\u00edtica de privacidad para saber c\u00f3mo garantizamos la seguridad y transparencia de su informaci\u00f3n personal.\" \/>\n<meta name=\"robots\" content=\"index, follow, max-snippet:-1, max-image-preview:large, max-video-preview:-1\" \/>\n<link rel=\"canonical\" href=\"https:\/\/vetanco.com\/es\/politica-de-privacidad\/\" \/>\n<meta property=\"og:locale\" content=\"es_ES\" \/>\n<meta property=\"og:type\" content=\"article\" \/>\n<meta property=\"og:title\" content=\"Pol\u00edtica de Privacidad - Vetanco Argentina\" \/>\n<meta property=\"og:description\" content=\"Consulte nuestra pol\u00edtica de privacidad para saber c\u00f3mo garantizamos la seguridad y transparencia de su informaci\u00f3n personal.\" \/>\n<meta property=\"og:url\" content=\"https:\/\/vetanco.com\/es\/politica-de-privacidad\/\" \/>\n<meta property=\"og:site_name\" content=\"Vetanco Argentina\" \/>\n<meta property=\"article:publisher\" content=\"https:\/\/www.facebook.com\/vetancoargentina\" \/>\n<meta property=\"article:modified_time\" content=\"2024-07-11T17:28:14+00:00\" \/>\n<meta name=\"twitter:card\" content=\"summary_large_image\" \/>\n<meta name=\"twitter:label1\" content=\"Tiempo de lectura\" \/>\n\t<meta name=\"twitter:data1\" content=\"3 minutos\" \/>\n<script type=\"application\/ld+json\" class=\"yoast-schema-graph\">{\"@context\":\"https:\\\/\\\/schema.org\",\"@graph\":[{\"@type\":\"WebPage\",\"@id\":\"https:\\\/\\\/vetanco.com\\\/es\\\/politica-de-privacidad\\\/\",\"url\":\"https:\\\/\\\/vetanco.com\\\/es\\\/politica-de-privacidad\\\/\",\"name\":\"Pol\u00edtica de Privacidad - Vetanco Argentina\",\"isPartOf\":{\"@id\":\"https:\\\/\\\/vetanco.com\\\/es\\\/#website\"},\"datePublished\":\"2024-01-17T21:51:31+00:00\",\"dateModified\":\"2024-07-11T17:28:14+00:00\",\"description\":\"Consulte nuestra pol\u00edtica de privacidad para saber c\u00f3mo garantizamos la seguridad y transparencia de su informaci\u00f3n personal.\",\"breadcrumb\":{\"@id\":\"https:\\\/\\\/vetanco.com\\\/es\\\/politica-de-privacidad\\\/#breadcrumb\"},\"inLanguage\":\"es\",\"potentialAction\":[{\"@type\":\"ReadAction\",\"target\":[\"https:\\\/\\\/vetanco.com\\\/es\\\/politica-de-privacidad\\\/\"]}]},{\"@type\":\"BreadcrumbList\",\"@id\":\"https:\\\/\\\/vetanco.com\\\/es\\\/politica-de-privacidad\\\/#breadcrumb\",\"itemListElement\":[{\"@type\":\"ListItem\",\"position\":1,\"name\":\"In\u00edcio\",\"item\":\"https:\\\/\\\/vetanco.com\\\/es\\\/\"},{\"@type\":\"ListItem\",\"position\":2,\"name\":\"Pol\u00edtica de Privacidad\"}]},{\"@type\":\"WebSite\",\"@id\":\"https:\\\/\\\/vetanco.com\\\/es\\\/#website\",\"url\":\"https:\\\/\\\/vetanco.com\\\/es\\\/\",\"name\":\"Vetanco Argentina\",\"description\":\"Productos Seguros para Alimentos Seguros\",\"potentialAction\":[{\"@type\":\"SearchAction\",\"target\":{\"@type\":\"EntryPoint\",\"urlTemplate\":\"https:\\\/\\\/vetanco.com\\\/es\\\/?s={search_term_string}\"},\"query-input\":{\"@type\":\"PropertyValueSpecification\",\"valueRequired\":true,\"valueName\":\"search_term_string\"}}],\"inLanguage\":\"es\"}]}<\/script>\n<!-- \/ Yoast SEO plugin. -->","yoast_head_json":{"title":"Pol\u00edtica de Privacidad - Vetanco Argentina","description":"Consulte nuestra pol\u00edtica de privacidad para saber c\u00f3mo garantizamos la seguridad y transparencia de su informaci\u00f3n personal.","robots":{"index":"index","follow":"follow","max-snippet":"max-snippet:-1","max-image-preview":"max-image-preview:large","max-video-preview":"max-video-preview:-1"},"canonical":"https:\/\/vetanco.com\/es\/politica-de-privacidad\/","og_locale":"es_ES","og_type":"article","og_title":"Pol\u00edtica de Privacidad - Vetanco Argentina","og_description":"Consulte nuestra pol\u00edtica de privacidad para saber c\u00f3mo garantizamos la seguridad y transparencia de su informaci\u00f3n personal.","og_url":"https:\/\/vetanco.com\/es\/politica-de-privacidad\/","og_site_name":"Vetanco Argentina","article_publisher":"https:\/\/www.facebook.com\/vetancoargentina","article_modified_time":"2024-07-11T17:28:14+00:00","twitter_card":"summary_large_image","twitter_misc":{"Tiempo de lectura":"3 minutos"},"schema":{"@context":"https:\/\/schema.org","@graph":[{"@type":"WebPage","@id":"https:\/\/vetanco.com\/es\/politica-de-privacidad\/","url":"https:\/\/vetanco.com\/es\/politica-de-privacidad\/","name":"Pol\u00edtica de Privacidad - Vetanco Argentina","isPartOf":{"@id":"https:\/\/vetanco.com\/es\/#website"},"datePublished":"2024-01-17T21:51:31+00:00","dateModified":"2024-07-11T17:28:14+00:00","description":"Consulte nuestra pol\u00edtica de privacidad para saber c\u00f3mo garantizamos la seguridad y transparencia de su informaci\u00f3n personal.","breadcrumb":{"@id":"https:\/\/vetanco.com\/es\/politica-de-privacidad\/#breadcrumb"},"inLanguage":"es","potentialAction":[{"@type":"ReadAction","target":["https:\/\/vetanco.com\/es\/politica-de-privacidad\/"]}]},{"@type":"BreadcrumbList","@id":"https:\/\/vetanco.com\/es\/politica-de-privacidad\/#breadcrumb","itemListElement":[{"@type":"ListItem","position":1,"name":"In\u00edcio","item":"https:\/\/vetanco.com\/es\/"},{"@type":"ListItem","position":2,"name":"Pol\u00edtica de Privacidad"}]},{"@type":"WebSite","@id":"https:\/\/vetanco.com\/es\/#website","url":"https:\/\/vetanco.com\/es\/","name":"Vetanco Argentina","description":"Productos Seguros para Alimentos Seguros","potentialAction":[{"@type":"SearchAction","target":{"@type":"EntryPoint","urlTemplate":"https:\/\/vetanco.com\/es\/?s={search_term_string}"},"query-input":{"@type":"PropertyValueSpecification","valueRequired":true,"valueName":"search_term_string"}}],"inLanguage":"es"}]}},"_links":{"self":[{"href":"https:\/\/vetanco.com\/es\/wp-json\/wp\/v2\/pages\/6470","targetHints":{"allow":["GET"]}}],"collection":[{"href":"https:\/\/vetanco.com\/es\/wp-json\/wp\/v2\/pages"}],"about":[{"href":"https:\/\/vetanco.com\/es\/wp-json\/wp\/v2\/types\/page"}],"author":[{"embeddable":true,"href":"https:\/\/vetanco.com\/es\/wp-json\/wp\/v2\/users\/1"}],"replies":[{"embeddable":true,"href":"https:\/\/vetanco.com\/es\/wp-json\/wp\/v2\/comments?post=6470"}],"version-history":[{"count":2,"href":"https:\/\/vetanco.com\/es\/wp-json\/wp\/v2\/pages\/6470\/revisions"}],"predecessor-version":[{"id":6567,"href":"https:\/\/vetanco.com\/es\/wp-json\/wp\/v2\/pages\/6470\/revisions\/6567"}],"wp:attachment":[{"href":"https:\/\/vetanco.com\/es\/wp-json\/wp\/v2\/media?parent=6470"}],"curies":[{"name":"wp","href":"https:\/\/api.w.org\/{rel}","templated":true}]}}