{"id":11038,"date":"2024-10-07T15:02:44","date_gmt":"2024-10-07T18:02:44","guid":{"rendered":"https:\/\/vetanco.com\/es\/?post_type=product&#038;p=11038"},"modified":"2024-11-28T16:29:05","modified_gmt":"2024-11-28T19:29:05","slug":"entero-chronic","status":"publish","type":"product","link":"https:\/\/vetanco.com\/es\/producto\/entero-chronic\/","title":{"rendered":"ENTERO-CHRONIC<sup>\u00ae<\/sup>"},"content":{"rendered":"<p><span style=\"color: #00397f;\"><strong>COMPOSICI\u00d3N<\/strong><\/span><\/p>\n<p><u>\u03b1<\/u> <u>-Glucano<\/u><u> Butirog\u00e9nico<\/u> (2,500 mg), <u>MPS<\/u> <u>Protect<\/u> (120 mg), <u>\u03b2-glucanos<\/u> y <u>Manano<\/u> <u>oligosac\u00e1ridos<\/u> (MOS) (300 mg). Con saborizantes, para favorecer la ingesti\u00f3n.<\/p>\n<p>&nbsp;<\/p>\n<p><span style=\"color: #00397f;\"><strong>USO<\/strong><\/span><\/p>\n<ul>\n<li><em>Cachorros\/gatitos, gatos y perros \u02c2 5 kg:<\/em> \u00bd sobre por d\u00eda.<\/li>\n<li><em>Gatos y perros 6 &#8211; 15 kg:<\/em> 1 sobre por d\u00eda.<\/li>\n<li><em>Perros 16 &#8211; 35 kg:<\/em> 2 sobres por d\u00eda.<\/li>\n<li><em>Perros &gt; 36 kg:<\/em> 3 sobres por d\u00eda.<\/li>\n<\/ul>\n<p>El per\u00edodo de administraci\u00f3n m\u00ednimo es de 15 d\u00edas. En funci\u00f3n de la severidad del caso y de la evoluci\u00f3n del animal, puede alargarse el per\u00edodo de administraci\u00f3n hasta los 30 d\u00edas e incluso hasta los 6 meses en situaciones cr\u00f3nicas.<\/p>\n<p>&nbsp;<\/p>\n<p><span style=\"color: #00397f;\"><strong>PRESENTACI\u00d3N<\/strong><\/span><\/p>\n<p>Cajas 30 sobres y 60 sobres de 4 g c\/u.<\/p>\n","protected":false},"excerpt":{"rendered":"<p><img loading=\"lazy\" decoding=\"async\" class=\"alignnone size-full wp-image-11202\" src=\"https:\/\/vetanco.com\/es\/wp-content\/uploads\/2024\/10\/Picto-pets.png\" alt=\"\" width=\"75\" height=\"63\" \/><\/p>\n<p><strong>Reparador de la mucosa intestinal en las diarreas cr\u00f3nicas y\/o recurrentes.<\/strong><\/p>\n<p>En perros y gatos con alteraciones intestinales cr\u00f3nicas y\/o recurrentes en las que se produzca in\ufb02amaci\u00f3n continuada y\/o lesi\u00f3n en el epitelio intestinal causadas por:<\/p>\n<p>-Enfermedad in\ufb02amatoria intestinal, colitis, enteropat\u00eda con p\u00e9rdida de prote\u00ednas, alergia\/intolerancia alimentaria, tratamiento con f\u00e1rmacos (antibi\u00f3ticos, AINEs, agentes citot\u00f3xicos-quimioter\u00e1picos), infecciones por par\u00e1sitos (Giardiosis, Toxoplasmosis, Coccidiosis), virus y bacterias (Parvovirosis, Clostridium, Salmonelosis).<\/p>\n<p>-Insu\ufb01ciencia hep\u00e1tica, colestasis, pancreatitis, insu\ufb01ciencia pancre\u00e1tica exocrina, neoplasias, insu\ufb01ciencia renal cr\u00f3nica, s\u00edndrome nefr\u00f3tico, moquillo, leptospirosis, PIF, VIF, ViLeF<\/p>\n","protected":false},"featured_media":11132,"comment_status":"open","ping_status":"closed","template":"","meta":[],"product_brand":[],"product_cat":[840],"product_tag":[],"class_list":{"0":"post-11038","1":"product","2":"type-product","3":"status-publish","4":"has-post-thumbnail","6":"product_cat-mascotas","8":"first","9":"instock","10":"shipping-taxable","11":"product-type-simple"},"yoast_head":"<!-- This site is optimized with the Yoast SEO plugin v27.1.1 - https:\/\/yoast.com\/product\/yoast-seo-wordpress\/ -->\n<title>ENTERO-CHRONIC\u00ae - Vetanco Argentina<\/title>\n<meta name=\"description\" content=\"Reparador de la mucosa intestinal en las diarreas cr\u00f3nicas y\/o recurrente con un per\u00edodo de administraci\u00f3n m\u00ednimo de 15 d\u00edas.\" \/>\n<meta name=\"robots\" content=\"index, follow, max-snippet:-1, max-image-preview:large, max-video-preview:-1\" \/>\n<link rel=\"canonical\" href=\"https:\/\/vetanco.com\/es\/producto\/entero-chronic\/\" \/>\n<meta property=\"og:locale\" content=\"es_ES\" \/>\n<meta property=\"og:type\" content=\"article\" \/>\n<meta property=\"og:title\" content=\"ENTERO-CHRONIC\u00ae - Vetanco Argentina\" \/>\n<meta property=\"og:description\" content=\"Reparador de la mucosa intestinal en las diarreas cr\u00f3nicas y\/o recurrente con un per\u00edodo de administraci\u00f3n m\u00ednimo de 15 d\u00edas.\" \/>\n<meta property=\"og:url\" content=\"https:\/\/vetanco.com\/es\/producto\/entero-chronic\/\" \/>\n<meta property=\"og:site_name\" content=\"Vetanco Argentina\" \/>\n<meta property=\"article:publisher\" content=\"https:\/\/www.facebook.com\/vetancoargentina\" \/>\n<meta property=\"article:modified_time\" content=\"2024-11-28T19:29:05+00:00\" \/>\n<meta property=\"og:image\" content=\"https:\/\/vetanco.com\/es\/wp-content\/uploads\/2024\/10\/Entero-Chronic-1.png\" \/>\n\t<meta property=\"og:image:width\" content=\"600\" \/>\n\t<meta property=\"og:image:height\" content=\"600\" \/>\n\t<meta property=\"og:image:type\" content=\"image\/png\" \/>\n<meta name=\"twitter:card\" content=\"summary_large_image\" \/>\n<meta name=\"twitter:label1\" content=\"Tiempo de lectura\" \/>\n\t<meta name=\"twitter:data1\" content=\"1 minuto\" \/>\n<script type=\"application\/ld+json\" class=\"yoast-schema-graph\">{\"@context\":\"https:\/\/schema.org\",\"@graph\":[{\"@type\":\"WebPage\",\"@id\":\"https:\/\/vetanco.com\/es\/producto\/entero-chronic\/\",\"url\":\"https:\/\/vetanco.com\/es\/producto\/entero-chronic\/\",\"name\":\"ENTERO-CHRONIC\u00ae - Vetanco Argentina\",\"isPartOf\":{\"@id\":\"https:\/\/vetanco.com\/es\/#website\"},\"primaryImageOfPage\":{\"@id\":\"https:\/\/vetanco.com\/es\/producto\/entero-chronic\/#primaryimage\"},\"image\":{\"@id\":\"https:\/\/vetanco.com\/es\/producto\/entero-chronic\/#primaryimage\"},\"thumbnailUrl\":\"https:\/\/vetanco.com\/es\/wp-content\/uploads\/2024\/10\/Entero-Chronic-1.png\",\"datePublished\":\"2024-10-07T18:02:44+00:00\",\"dateModified\":\"2024-11-28T19:29:05+00:00\",\"description\":\"Reparador de la mucosa intestinal en las diarreas cr\u00f3nicas y\/o recurrente con un per\u00edodo de administraci\u00f3n m\u00ednimo de 15 d\u00edas.\",\"breadcrumb\":{\"@id\":\"https:\/\/vetanco.com\/es\/producto\/entero-chronic\/#breadcrumb\"},\"inLanguage\":\"es\",\"potentialAction\":[{\"@type\":\"ReadAction\",\"target\":[\"https:\/\/vetanco.com\/es\/producto\/entero-chronic\/\"]}]},{\"@type\":\"ImageObject\",\"inLanguage\":\"es\",\"@id\":\"https:\/\/vetanco.com\/es\/producto\/entero-chronic\/#primaryimage\",\"url\":\"https:\/\/vetanco.com\/es\/wp-content\/uploads\/2024\/10\/Entero-Chronic-1.png\",\"contentUrl\":\"https:\/\/vetanco.com\/es\/wp-content\/uploads\/2024\/10\/Entero-Chronic-1.png\",\"width\":600,\"height\":600},{\"@type\":\"BreadcrumbList\",\"@id\":\"https:\/\/vetanco.com\/es\/producto\/entero-chronic\/#breadcrumb\",\"itemListElement\":[{\"@type\":\"ListItem\",\"position\":1,\"name\":\"In\u00edcio\",\"item\":\"https:\/\/vetanco.com\/es\/\"},{\"@type\":\"ListItem\",\"position\":2,\"name\":\"Productos\",\"item\":\"https:\/\/vetanco.com\/es\/productos\/\"},{\"@type\":\"ListItem\",\"position\":3,\"name\":\"ENTERO-CHRONIC\u00ae\"}]},{\"@type\":\"WebSite\",\"@id\":\"https:\/\/vetanco.com\/es\/#website\",\"url\":\"https:\/\/vetanco.com\/es\/\",\"name\":\"Vetanco Argentina\",\"description\":\"Productos Seguros para Alimentos Seguros\",\"potentialAction\":[{\"@type\":\"SearchAction\",\"target\":{\"@type\":\"EntryPoint\",\"urlTemplate\":\"https:\/\/vetanco.com\/es\/?s={search_term_string}\"},\"query-input\":{\"@type\":\"PropertyValueSpecification\",\"valueRequired\":true,\"valueName\":\"search_term_string\"}}],\"inLanguage\":\"es\"}]}<\/script>\n<!-- \/ Yoast SEO plugin. -->","yoast_head_json":{"title":"ENTERO-CHRONIC\u00ae - Vetanco Argentina","description":"Reparador de la mucosa intestinal en las diarreas cr\u00f3nicas y\/o recurrente con un per\u00edodo de administraci\u00f3n m\u00ednimo de 15 d\u00edas.","robots":{"index":"index","follow":"follow","max-snippet":"max-snippet:-1","max-image-preview":"max-image-preview:large","max-video-preview":"max-video-preview:-1"},"canonical":"https:\/\/vetanco.com\/es\/producto\/entero-chronic\/","og_locale":"es_ES","og_type":"article","og_title":"ENTERO-CHRONIC\u00ae - Vetanco Argentina","og_description":"Reparador de la mucosa intestinal en las diarreas cr\u00f3nicas y\/o recurrente con un per\u00edodo de administraci\u00f3n m\u00ednimo de 15 d\u00edas.","og_url":"https:\/\/vetanco.com\/es\/producto\/entero-chronic\/","og_site_name":"Vetanco Argentina","article_publisher":"https:\/\/www.facebook.com\/vetancoargentina","article_modified_time":"2024-11-28T19:29:05+00:00","og_image":[{"width":600,"height":600,"url":"https:\/\/vetanco.com\/es\/wp-content\/uploads\/2024\/10\/Entero-Chronic-1.png","type":"image\/png"}],"twitter_card":"summary_large_image","twitter_misc":{"Tiempo de lectura":"1 minuto"},"schema":{"@context":"https:\/\/schema.org","@graph":[{"@type":"WebPage","@id":"https:\/\/vetanco.com\/es\/producto\/entero-chronic\/","url":"https:\/\/vetanco.com\/es\/producto\/entero-chronic\/","name":"ENTERO-CHRONIC\u00ae - Vetanco Argentina","isPartOf":{"@id":"https:\/\/vetanco.com\/es\/#website"},"primaryImageOfPage":{"@id":"https:\/\/vetanco.com\/es\/producto\/entero-chronic\/#primaryimage"},"image":{"@id":"https:\/\/vetanco.com\/es\/producto\/entero-chronic\/#primaryimage"},"thumbnailUrl":"https:\/\/vetanco.com\/es\/wp-content\/uploads\/2024\/10\/Entero-Chronic-1.png","datePublished":"2024-10-07T18:02:44+00:00","dateModified":"2024-11-28T19:29:05+00:00","description":"Reparador de la mucosa intestinal en las diarreas cr\u00f3nicas y\/o recurrente con un per\u00edodo de administraci\u00f3n m\u00ednimo de 15 d\u00edas.","breadcrumb":{"@id":"https:\/\/vetanco.com\/es\/producto\/entero-chronic\/#breadcrumb"},"inLanguage":"es","potentialAction":[{"@type":"ReadAction","target":["https:\/\/vetanco.com\/es\/producto\/entero-chronic\/"]}]},{"@type":"ImageObject","inLanguage":"es","@id":"https:\/\/vetanco.com\/es\/producto\/entero-chronic\/#primaryimage","url":"https:\/\/vetanco.com\/es\/wp-content\/uploads\/2024\/10\/Entero-Chronic-1.png","contentUrl":"https:\/\/vetanco.com\/es\/wp-content\/uploads\/2024\/10\/Entero-Chronic-1.png","width":600,"height":600},{"@type":"BreadcrumbList","@id":"https:\/\/vetanco.com\/es\/producto\/entero-chronic\/#breadcrumb","itemListElement":[{"@type":"ListItem","position":1,"name":"In\u00edcio","item":"https:\/\/vetanco.com\/es\/"},{"@type":"ListItem","position":2,"name":"Productos","item":"https:\/\/vetanco.com\/es\/productos\/"},{"@type":"ListItem","position":3,"name":"ENTERO-CHRONIC\u00ae"}]},{"@type":"WebSite","@id":"https:\/\/vetanco.com\/es\/#website","url":"https:\/\/vetanco.com\/es\/","name":"Vetanco Argentina","description":"Productos Seguros para Alimentos Seguros","potentialAction":[{"@type":"SearchAction","target":{"@type":"EntryPoint","urlTemplate":"https:\/\/vetanco.com\/es\/?s={search_term_string}"},"query-input":{"@type":"PropertyValueSpecification","valueRequired":true,"valueName":"search_term_string"}}],"inLanguage":"es"}]}},"_links":{"self":[{"href":"https:\/\/vetanco.com\/es\/wp-json\/wp\/v2\/product\/11038","targetHints":{"allow":["GET"]}}],"collection":[{"href":"https:\/\/vetanco.com\/es\/wp-json\/wp\/v2\/product"}],"about":[{"href":"https:\/\/vetanco.com\/es\/wp-json\/wp\/v2\/types\/product"}],"replies":[{"embeddable":true,"href":"https:\/\/vetanco.com\/es\/wp-json\/wp\/v2\/comments?post=11038"}],"wp:featuredmedia":[{"embeddable":true,"href":"https:\/\/vetanco.com\/es\/wp-json\/wp\/v2\/media\/11132"}],"wp:attachment":[{"href":"https:\/\/vetanco.com\/es\/wp-json\/wp\/v2\/media?parent=11038"}],"wp:term":[{"taxonomy":"product_brand","embeddable":true,"href":"https:\/\/vetanco.com\/es\/wp-json\/wp\/v2\/product_brand?post=11038"},{"taxonomy":"product_cat","embeddable":true,"href":"https:\/\/vetanco.com\/es\/wp-json\/wp\/v2\/product_cat?post=11038"},{"taxonomy":"product_tag","embeddable":true,"href":"https:\/\/vetanco.com\/es\/wp-json\/wp\/v2\/product_tag?post=11038"}],"curies":[{"name":"wp","href":"https:\/\/api.w.org\/{rel}","templated":true}]}}