{"id":11040,"date":"2024-10-07T15:19:39","date_gmt":"2024-10-07T18:19:39","guid":{"rendered":"https:\/\/vetanco.com\/es\/?post_type=product&#038;p=11040"},"modified":"2025-06-01T04:36:38","modified_gmt":"2025-06-01T07:36:38","slug":"pro-enteric-triplex","status":"publish","type":"product","link":"https:\/\/vetanco.com\/es\/producto\/pro-enteric-triplex\/","title":{"rendered":"Pro-Enteric<sup>\u00ae<\/sup> Triplex"},"content":{"rendered":"<p><span style=\"color: #00397f;\"><strong>COMPOSICI\u00d3N<\/strong><\/span><\/p>\n<p><u>Probi\u00f3tico<\/u> <u>Enterococcus<\/u> <u>faecium<\/u>, no menos de 2&#215;10\u2077 UFC\/g, <u>Prebi\u00f3tico<\/u> <u>FOS<\/u> (Hidrolizado de inulina) y <u>Acacia<\/u> (Goma Ar\u00e1bica). <u>Caolina<\/u> y <u>Pectina<\/u>.<\/p>\n<p>&nbsp;<\/p>\n<p><span style=\"color: #00397f;\"><strong>USO<\/strong><\/span><\/p>\n<p>Administrar las siguientes cantidades por v\u00eda oral, 2 veces al d\u00eda:<\/p>\n<ul>\n<li><em>Cachorros, gatitos:<\/em> <span style=\"font-weight: 400;\">1 ml.<\/span><\/li>\n<li><em>Gatos y perros adultos &lt; 10 kg:<\/em> <span style=\"font-weight: 400;\">2 ml. <\/span><\/li>\n<li><em>Perros 10 &#8211; 30 kg:<\/em> <span style=\"font-weight: 400;\">4 ml.<\/span><\/li>\n<li><em>Perros adultos &gt; 30 kg:<\/em> <span style=\"font-weight: 400;\">5 ml.<\/span><\/li>\n<\/ul>\n<p><span style=\"font-weight: 400;\">El per\u00edodo de administraci\u00f3n m\u00ednimo recomendado es de 3 d\u00edas, ya que acostumbra a tratarse de diarreas agudas de corta duraci\u00f3n, pero dependiendo de cada caso, se puede modi\ufb01car esta pauta.<\/span><\/p>\n<p><span style=\"font-weight: 400;\">Para un manejo integral de la diarrea, tambi\u00e9n puede ser necesario un manejo diet\u00e9tico apropiado, as\u00ed como rehidratar al animal para compensar la p\u00e9rdida de l\u00edquidos.<\/span><\/p>\n<p>&nbsp;<\/p>\n<p><span style=\"color: #00397f;\"><b>PRESENTACI\u00d3N<\/b><\/span><\/p>\n<p><span style=\"font-weight: 400;\">Pasta palatable en jeringas de 30 ml.<\/span><\/p>\n","protected":false},"excerpt":{"rendered":"<p><img loading=\"lazy\" decoding=\"async\" class=\"alignnone size-full wp-image-11202\" src=\"https:\/\/vetanco.com\/es\/wp-content\/uploads\/2024\/10\/Picto-pets.png\" alt=\"\" width=\"75\" height=\"63\" \/><\/p>\n<p><strong>Reparador de la mucosa y la flora intestinal para las diarreas agudas.<\/strong><\/p>\n<p>Tratamientos por v\u00eda oral de antibi\u00f3ticos de amplio espectro. Alteraciones o cambios en la dieta. Alergias o intolerancias alimentarias. Infecciones intestinales (parasitarias, viricas, bacterianas). Problemas pancre\u00e1ticos, s\u00edndrome de mala absorci\u00f3n. Alteraciones hep\u00e1ticas cr\u00f3nicas. Estr\u00e9s o situaciones agotadoras.<\/p>\n<p>La Caolina tiene la capacidad de retener las bacterias y toxinas, impidiendo que act\u00faen sobre la mucosa intestinal. Vuelve m\u00e1s s\u00f3lidas las deposiciones, al retener tambi\u00e9n agua.<\/p>\n<p>La Pectina espesa las heces l\u00edquidas, debido a su capacidad de retener agua y de normalizar la peristalsis intestinal.<\/p>\n","protected":false},"featured_media":13861,"comment_status":"open","ping_status":"closed","template":"","meta":[],"product_brand":[],"product_cat":[840],"product_tag":[],"class_list":{"0":"post-11040","1":"product","2":"type-product","3":"status-publish","4":"has-post-thumbnail","6":"product_cat-mascotas","8":"first","9":"instock","10":"shipping-taxable","11":"product-type-simple"},"yoast_head":"<!-- This site is optimized with the Yoast SEO plugin v27.1.1 - https:\/\/yoast.com\/product\/yoast-seo-wordpress\/ -->\n<title>Pro-Enteric\u00ae Triplex - Vetanco Argentina<\/title>\n<meta name=\"description\" content=\"Se trata de un Reparador de la mucosa y la flora intestinal para las diarreas agudas aplicable tanto a caninos como felinos.\" \/>\n<meta name=\"robots\" content=\"index, follow, max-snippet:-1, max-image-preview:large, max-video-preview:-1\" \/>\n<link rel=\"canonical\" href=\"https:\/\/vetanco.com\/es\/producto\/pro-enteric-triplex\/\" \/>\n<meta property=\"og:locale\" content=\"es_ES\" \/>\n<meta property=\"og:type\" content=\"article\" \/>\n<meta property=\"og:title\" content=\"Pro-Enteric\u00ae Triplex - Vetanco Argentina\" \/>\n<meta property=\"og:description\" content=\"Se trata de un Reparador de la mucosa y la flora intestinal para las diarreas agudas aplicable tanto a caninos como felinos.\" \/>\n<meta property=\"og:url\" content=\"https:\/\/vetanco.com\/es\/producto\/pro-enteric-triplex\/\" \/>\n<meta property=\"og:site_name\" content=\"Vetanco Argentina\" \/>\n<meta property=\"article:publisher\" content=\"https:\/\/www.facebook.com\/vetancoargentina\" \/>\n<meta property=\"article:modified_time\" content=\"2025-06-01T07:36:38+00:00\" \/>\n<meta property=\"og:image\" content=\"https:\/\/vetanco.com\/es\/wp-content\/uploads\/2024\/10\/Pro-Enteric-Triplex.png\" \/>\n\t<meta property=\"og:image:width\" content=\"800\" \/>\n\t<meta property=\"og:image:height\" content=\"800\" \/>\n\t<meta property=\"og:image:type\" content=\"image\/png\" \/>\n<meta name=\"twitter:card\" content=\"summary_large_image\" \/>\n<meta name=\"twitter:label1\" content=\"Tiempo de lectura\" \/>\n\t<meta name=\"twitter:data1\" content=\"1 minuto\" \/>\n<script type=\"application\/ld+json\" class=\"yoast-schema-graph\">{\"@context\":\"https:\/\/schema.org\",\"@graph\":[{\"@type\":\"WebPage\",\"@id\":\"https:\/\/vetanco.com\/es\/producto\/pro-enteric-triplex\/\",\"url\":\"https:\/\/vetanco.com\/es\/producto\/pro-enteric-triplex\/\",\"name\":\"Pro-Enteric\u00ae Triplex - Vetanco Argentina\",\"isPartOf\":{\"@id\":\"https:\/\/vetanco.com\/es\/#website\"},\"primaryImageOfPage\":{\"@id\":\"https:\/\/vetanco.com\/es\/producto\/pro-enteric-triplex\/#primaryimage\"},\"image\":{\"@id\":\"https:\/\/vetanco.com\/es\/producto\/pro-enteric-triplex\/#primaryimage\"},\"thumbnailUrl\":\"https:\/\/vetanco.com\/es\/wp-content\/uploads\/2024\/10\/Pro-Enteric-Triplex.png\",\"datePublished\":\"2024-10-07T18:19:39+00:00\",\"dateModified\":\"2025-06-01T07:36:38+00:00\",\"description\":\"Se trata de un Reparador de la mucosa y la flora intestinal para las diarreas agudas aplicable tanto a caninos como felinos.\",\"breadcrumb\":{\"@id\":\"https:\/\/vetanco.com\/es\/producto\/pro-enteric-triplex\/#breadcrumb\"},\"inLanguage\":\"es\",\"potentialAction\":[{\"@type\":\"ReadAction\",\"target\":[\"https:\/\/vetanco.com\/es\/producto\/pro-enteric-triplex\/\"]}]},{\"@type\":\"ImageObject\",\"inLanguage\":\"es\",\"@id\":\"https:\/\/vetanco.com\/es\/producto\/pro-enteric-triplex\/#primaryimage\",\"url\":\"https:\/\/vetanco.com\/es\/wp-content\/uploads\/2024\/10\/Pro-Enteric-Triplex.png\",\"contentUrl\":\"https:\/\/vetanco.com\/es\/wp-content\/uploads\/2024\/10\/Pro-Enteric-Triplex.png\",\"width\":800,\"height\":800},{\"@type\":\"BreadcrumbList\",\"@id\":\"https:\/\/vetanco.com\/es\/producto\/pro-enteric-triplex\/#breadcrumb\",\"itemListElement\":[{\"@type\":\"ListItem\",\"position\":1,\"name\":\"In\u00edcio\",\"item\":\"https:\/\/vetanco.com\/es\/\"},{\"@type\":\"ListItem\",\"position\":2,\"name\":\"Productos\",\"item\":\"https:\/\/vetanco.com\/es\/productos\/\"},{\"@type\":\"ListItem\",\"position\":3,\"name\":\"Pro-Enteric\u00ae Triplex\"}]},{\"@type\":\"WebSite\",\"@id\":\"https:\/\/vetanco.com\/es\/#website\",\"url\":\"https:\/\/vetanco.com\/es\/\",\"name\":\"Vetanco Argentina\",\"description\":\"Productos Seguros para Alimentos Seguros\",\"potentialAction\":[{\"@type\":\"SearchAction\",\"target\":{\"@type\":\"EntryPoint\",\"urlTemplate\":\"https:\/\/vetanco.com\/es\/?s={search_term_string}\"},\"query-input\":{\"@type\":\"PropertyValueSpecification\",\"valueRequired\":true,\"valueName\":\"search_term_string\"}}],\"inLanguage\":\"es\"}]}<\/script>\n<!-- \/ Yoast SEO plugin. -->","yoast_head_json":{"title":"Pro-Enteric\u00ae Triplex - Vetanco Argentina","description":"Se trata de un Reparador de la mucosa y la flora intestinal para las diarreas agudas aplicable tanto a caninos como felinos.","robots":{"index":"index","follow":"follow","max-snippet":"max-snippet:-1","max-image-preview":"max-image-preview:large","max-video-preview":"max-video-preview:-1"},"canonical":"https:\/\/vetanco.com\/es\/producto\/pro-enteric-triplex\/","og_locale":"es_ES","og_type":"article","og_title":"Pro-Enteric\u00ae Triplex - Vetanco Argentina","og_description":"Se trata de un Reparador de la mucosa y la flora intestinal para las diarreas agudas aplicable tanto a caninos como felinos.","og_url":"https:\/\/vetanco.com\/es\/producto\/pro-enteric-triplex\/","og_site_name":"Vetanco Argentina","article_publisher":"https:\/\/www.facebook.com\/vetancoargentina","article_modified_time":"2025-06-01T07:36:38+00:00","og_image":[{"width":800,"height":800,"url":"https:\/\/vetanco.com\/es\/wp-content\/uploads\/2024\/10\/Pro-Enteric-Triplex.png","type":"image\/png"}],"twitter_card":"summary_large_image","twitter_misc":{"Tiempo de lectura":"1 minuto"},"schema":{"@context":"https:\/\/schema.org","@graph":[{"@type":"WebPage","@id":"https:\/\/vetanco.com\/es\/producto\/pro-enteric-triplex\/","url":"https:\/\/vetanco.com\/es\/producto\/pro-enteric-triplex\/","name":"Pro-Enteric\u00ae Triplex - Vetanco Argentina","isPartOf":{"@id":"https:\/\/vetanco.com\/es\/#website"},"primaryImageOfPage":{"@id":"https:\/\/vetanco.com\/es\/producto\/pro-enteric-triplex\/#primaryimage"},"image":{"@id":"https:\/\/vetanco.com\/es\/producto\/pro-enteric-triplex\/#primaryimage"},"thumbnailUrl":"https:\/\/vetanco.com\/es\/wp-content\/uploads\/2024\/10\/Pro-Enteric-Triplex.png","datePublished":"2024-10-07T18:19:39+00:00","dateModified":"2025-06-01T07:36:38+00:00","description":"Se trata de un Reparador de la mucosa y la flora intestinal para las diarreas agudas aplicable tanto a caninos como felinos.","breadcrumb":{"@id":"https:\/\/vetanco.com\/es\/producto\/pro-enteric-triplex\/#breadcrumb"},"inLanguage":"es","potentialAction":[{"@type":"ReadAction","target":["https:\/\/vetanco.com\/es\/producto\/pro-enteric-triplex\/"]}]},{"@type":"ImageObject","inLanguage":"es","@id":"https:\/\/vetanco.com\/es\/producto\/pro-enteric-triplex\/#primaryimage","url":"https:\/\/vetanco.com\/es\/wp-content\/uploads\/2024\/10\/Pro-Enteric-Triplex.png","contentUrl":"https:\/\/vetanco.com\/es\/wp-content\/uploads\/2024\/10\/Pro-Enteric-Triplex.png","width":800,"height":800},{"@type":"BreadcrumbList","@id":"https:\/\/vetanco.com\/es\/producto\/pro-enteric-triplex\/#breadcrumb","itemListElement":[{"@type":"ListItem","position":1,"name":"In\u00edcio","item":"https:\/\/vetanco.com\/es\/"},{"@type":"ListItem","position":2,"name":"Productos","item":"https:\/\/vetanco.com\/es\/productos\/"},{"@type":"ListItem","position":3,"name":"Pro-Enteric\u00ae Triplex"}]},{"@type":"WebSite","@id":"https:\/\/vetanco.com\/es\/#website","url":"https:\/\/vetanco.com\/es\/","name":"Vetanco Argentina","description":"Productos Seguros para Alimentos Seguros","potentialAction":[{"@type":"SearchAction","target":{"@type":"EntryPoint","urlTemplate":"https:\/\/vetanco.com\/es\/?s={search_term_string}"},"query-input":{"@type":"PropertyValueSpecification","valueRequired":true,"valueName":"search_term_string"}}],"inLanguage":"es"}]}},"_links":{"self":[{"href":"https:\/\/vetanco.com\/es\/wp-json\/wp\/v2\/product\/11040","targetHints":{"allow":["GET"]}}],"collection":[{"href":"https:\/\/vetanco.com\/es\/wp-json\/wp\/v2\/product"}],"about":[{"href":"https:\/\/vetanco.com\/es\/wp-json\/wp\/v2\/types\/product"}],"replies":[{"embeddable":true,"href":"https:\/\/vetanco.com\/es\/wp-json\/wp\/v2\/comments?post=11040"}],"wp:featuredmedia":[{"embeddable":true,"href":"https:\/\/vetanco.com\/es\/wp-json\/wp\/v2\/media\/13861"}],"wp:attachment":[{"href":"https:\/\/vetanco.com\/es\/wp-json\/wp\/v2\/media?parent=11040"}],"wp:term":[{"taxonomy":"product_brand","embeddable":true,"href":"https:\/\/vetanco.com\/es\/wp-json\/wp\/v2\/product_brand?post=11040"},{"taxonomy":"product_cat","embeddable":true,"href":"https:\/\/vetanco.com\/es\/wp-json\/wp\/v2\/product_cat?post=11040"},{"taxonomy":"product_tag","embeddable":true,"href":"https:\/\/vetanco.com\/es\/wp-json\/wp\/v2\/product_tag?post=11040"}],"curies":[{"name":"wp","href":"https:\/\/api.w.org\/{rel}","templated":true}]}}