{"id":11042,"date":"2024-10-07T15:33:12","date_gmt":"2024-10-07T18:33:12","guid":{"rendered":"https:\/\/vetanco.com\/es\/?post_type=product&#038;p=11042"},"modified":"2025-03-25T16:25:37","modified_gmt":"2025-03-25T19:25:37","slug":"albendazol-potenciado","status":"publish","type":"product","link":"https:\/\/vetanco.com\/es\/producto\/albendazol-potenciado\/","title":{"rendered":"ALBENDAZOL<sup>\u00ae<\/sup> POTENCIADO"},"content":{"rendered":"<p><span style=\"color: #00397f;\"><b>COMPOSICI\u00d3N<\/b><\/span><\/p>\n<p>Albendazol 500 mg y Praziquantel 50 mg.<\/p>\n<p>&nbsp;<\/p>\n<p><span style=\"color: #00397f;\"><strong>DOSIS<\/strong><\/span><\/p>\n<ul>\n<li><em>Toxo<\/em><i><span style=\"font-weight: 400;\">cara canis, T. cati, Toxascaris leonina, Ancylostoma caninum y Strongyloides spp<\/span><\/i><span style=\"font-weight: 400;\">.: Un comprimido cada 10 kg.p.v. Repetir la dosis a los 18 d\u00edas.<\/span><\/li>\n<li><i><span style=\"font-weight: 400;\">Trichuris vulpis<\/span><\/i><span style=\"font-weight: 400;\">: Un comprimido cada 10 kg p.v.\/d\u00eda, durante 5 d\u00edas consecutivos. Repetir a los 30 y 60 d\u00edas.<\/span><\/li>\n<li><strong><i><span style=\"font-weight: 400;\">Dipylidium caninum, Echinococcus granulosus y Taenia sp<\/span><\/i><span style=\"font-weight: 400;\">.: Un comprimido cada 10 kg p.v. en una sola toma.<\/span><\/strong><\/li>\n<li><i><span style=\"font-weight: 400;\">Giardia spp.<\/span><\/i><span style=\"font-weight: 400;\">: Un comprimido cada 20 kg p.v. cada 12 horas, durante 3 d\u00edas.<\/span><\/li>\n<\/ul>\n<p>&nbsp;<\/p>\n<p><span style=\"color: #00397f;\"><b>PRESENTACI\u00d3N<\/b><\/span><\/p>\n<p><span style=\"font-weight: 400;\">Caja 5 blister x 10 comprimidos.<\/span><\/p>\n","protected":false},"excerpt":{"rendered":"<p><img loading=\"lazy\" decoding=\"async\" class=\"alignnone size-full wp-image-11202\" src=\"https:\/\/vetanco.com\/es\/wp-content\/uploads\/2024\/10\/Picto-pets.png\" alt=\"\" width=\"75\" height=\"63\" \/><\/p>\n<p><b>Antiparasitario interno.<\/b><\/p>\n<p><span style=\"font-weight: 400;\">E\ufb01caz contra parasitosis internas.<\/span><\/p>\n","protected":false},"featured_media":11130,"comment_status":"open","ping_status":"closed","template":"","meta":[],"product_brand":[],"product_cat":[840],"product_tag":[],"class_list":{"0":"post-11042","1":"product","2":"type-product","3":"status-publish","4":"has-post-thumbnail","6":"product_cat-mascotas","8":"first","9":"instock","10":"shipping-taxable","11":"product-type-simple"},"yoast_head":"<!-- This site is optimized with the Yoast SEO plugin v27.1.1 - https:\/\/yoast.com\/product\/yoast-seo-wordpress\/ -->\n<title>ALBENDAZOL\u00ae POTENCIADO - Vetanco Argentina<\/title>\n<meta name=\"description\" content=\"Antiparasitario interno de la linea Vetanco, de a 10 comprimidos, indicado contra parasitosis internas tanto de Caninos como Felinos.\" \/>\n<meta name=\"robots\" content=\"index, follow, max-snippet:-1, max-image-preview:large, max-video-preview:-1\" \/>\n<link rel=\"canonical\" href=\"https:\/\/vetanco.com\/es\/producto\/albendazol-potenciado\/\" \/>\n<meta property=\"og:locale\" content=\"es_ES\" \/>\n<meta property=\"og:type\" content=\"article\" \/>\n<meta property=\"og:title\" content=\"ALBENDAZOL\u00ae POTENCIADO - Vetanco Argentina\" \/>\n<meta property=\"og:description\" content=\"Antiparasitario interno de la linea Vetanco, de a 10 comprimidos, indicado contra parasitosis internas tanto de Caninos como Felinos.\" \/>\n<meta property=\"og:url\" content=\"https:\/\/vetanco.com\/es\/producto\/albendazol-potenciado\/\" \/>\n<meta property=\"og:site_name\" content=\"Vetanco Argentina\" \/>\n<meta property=\"article:publisher\" content=\"https:\/\/www.facebook.com\/vetancoargentina\" \/>\n<meta property=\"article:modified_time\" content=\"2025-03-25T19:25:37+00:00\" \/>\n<meta property=\"og:image\" content=\"https:\/\/vetanco.com\/es\/wp-content\/uploads\/2024\/10\/Albendazol-comprimidos-2.png\" \/>\n\t<meta property=\"og:image:width\" content=\"600\" \/>\n\t<meta property=\"og:image:height\" content=\"600\" \/>\n\t<meta property=\"og:image:type\" content=\"image\/png\" \/>\n<meta name=\"twitter:card\" content=\"summary_large_image\" \/>\n<meta name=\"twitter:label1\" content=\"Tiempo de lectura\" \/>\n\t<meta name=\"twitter:data1\" content=\"1 minuto\" \/>\n<script type=\"application\/ld+json\" class=\"yoast-schema-graph\">{\"@context\":\"https:\/\/schema.org\",\"@graph\":[{\"@type\":\"WebPage\",\"@id\":\"https:\/\/vetanco.com\/es\/producto\/albendazol-potenciado\/\",\"url\":\"https:\/\/vetanco.com\/es\/producto\/albendazol-potenciado\/\",\"name\":\"ALBENDAZOL\u00ae POTENCIADO - Vetanco Argentina\",\"isPartOf\":{\"@id\":\"https:\/\/vetanco.com\/es\/#website\"},\"primaryImageOfPage\":{\"@id\":\"https:\/\/vetanco.com\/es\/producto\/albendazol-potenciado\/#primaryimage\"},\"image\":{\"@id\":\"https:\/\/vetanco.com\/es\/producto\/albendazol-potenciado\/#primaryimage\"},\"thumbnailUrl\":\"https:\/\/vetanco.com\/es\/wp-content\/uploads\/2024\/10\/Albendazol-comprimidos-2.png\",\"datePublished\":\"2024-10-07T18:33:12+00:00\",\"dateModified\":\"2025-03-25T19:25:37+00:00\",\"description\":\"Antiparasitario interno de la linea Vetanco, de a 10 comprimidos, indicado contra parasitosis internas tanto de Caninos como Felinos.\",\"breadcrumb\":{\"@id\":\"https:\/\/vetanco.com\/es\/producto\/albendazol-potenciado\/#breadcrumb\"},\"inLanguage\":\"es\",\"potentialAction\":[{\"@type\":\"ReadAction\",\"target\":[\"https:\/\/vetanco.com\/es\/producto\/albendazol-potenciado\/\"]}]},{\"@type\":\"ImageObject\",\"inLanguage\":\"es\",\"@id\":\"https:\/\/vetanco.com\/es\/producto\/albendazol-potenciado\/#primaryimage\",\"url\":\"https:\/\/vetanco.com\/es\/wp-content\/uploads\/2024\/10\/Albendazol-comprimidos-2.png\",\"contentUrl\":\"https:\/\/vetanco.com\/es\/wp-content\/uploads\/2024\/10\/Albendazol-comprimidos-2.png\",\"width\":600,\"height\":600},{\"@type\":\"BreadcrumbList\",\"@id\":\"https:\/\/vetanco.com\/es\/producto\/albendazol-potenciado\/#breadcrumb\",\"itemListElement\":[{\"@type\":\"ListItem\",\"position\":1,\"name\":\"In\u00edcio\",\"item\":\"https:\/\/vetanco.com\/es\/\"},{\"@type\":\"ListItem\",\"position\":2,\"name\":\"Productos\",\"item\":\"https:\/\/vetanco.com\/es\/productos\/\"},{\"@type\":\"ListItem\",\"position\":3,\"name\":\"ALBENDAZOL\u00ae POTENCIADO\"}]},{\"@type\":\"WebSite\",\"@id\":\"https:\/\/vetanco.com\/es\/#website\",\"url\":\"https:\/\/vetanco.com\/es\/\",\"name\":\"Vetanco Argentina\",\"description\":\"Productos Seguros para Alimentos Seguros\",\"potentialAction\":[{\"@type\":\"SearchAction\",\"target\":{\"@type\":\"EntryPoint\",\"urlTemplate\":\"https:\/\/vetanco.com\/es\/?s={search_term_string}\"},\"query-input\":{\"@type\":\"PropertyValueSpecification\",\"valueRequired\":true,\"valueName\":\"search_term_string\"}}],\"inLanguage\":\"es\"}]}<\/script>\n<!-- \/ Yoast SEO plugin. -->","yoast_head_json":{"title":"ALBENDAZOL\u00ae POTENCIADO - Vetanco Argentina","description":"Antiparasitario interno de la linea Vetanco, de a 10 comprimidos, indicado contra parasitosis internas tanto de Caninos como Felinos.","robots":{"index":"index","follow":"follow","max-snippet":"max-snippet:-1","max-image-preview":"max-image-preview:large","max-video-preview":"max-video-preview:-1"},"canonical":"https:\/\/vetanco.com\/es\/producto\/albendazol-potenciado\/","og_locale":"es_ES","og_type":"article","og_title":"ALBENDAZOL\u00ae POTENCIADO - Vetanco Argentina","og_description":"Antiparasitario interno de la linea Vetanco, de a 10 comprimidos, indicado contra parasitosis internas tanto de Caninos como Felinos.","og_url":"https:\/\/vetanco.com\/es\/producto\/albendazol-potenciado\/","og_site_name":"Vetanco Argentina","article_publisher":"https:\/\/www.facebook.com\/vetancoargentina","article_modified_time":"2025-03-25T19:25:37+00:00","og_image":[{"width":600,"height":600,"url":"https:\/\/vetanco.com\/es\/wp-content\/uploads\/2024\/10\/Albendazol-comprimidos-2.png","type":"image\/png"}],"twitter_card":"summary_large_image","twitter_misc":{"Tiempo de lectura":"1 minuto"},"schema":{"@context":"https:\/\/schema.org","@graph":[{"@type":"WebPage","@id":"https:\/\/vetanco.com\/es\/producto\/albendazol-potenciado\/","url":"https:\/\/vetanco.com\/es\/producto\/albendazol-potenciado\/","name":"ALBENDAZOL\u00ae POTENCIADO - Vetanco Argentina","isPartOf":{"@id":"https:\/\/vetanco.com\/es\/#website"},"primaryImageOfPage":{"@id":"https:\/\/vetanco.com\/es\/producto\/albendazol-potenciado\/#primaryimage"},"image":{"@id":"https:\/\/vetanco.com\/es\/producto\/albendazol-potenciado\/#primaryimage"},"thumbnailUrl":"https:\/\/vetanco.com\/es\/wp-content\/uploads\/2024\/10\/Albendazol-comprimidos-2.png","datePublished":"2024-10-07T18:33:12+00:00","dateModified":"2025-03-25T19:25:37+00:00","description":"Antiparasitario interno de la linea Vetanco, de a 10 comprimidos, indicado contra parasitosis internas tanto de Caninos como Felinos.","breadcrumb":{"@id":"https:\/\/vetanco.com\/es\/producto\/albendazol-potenciado\/#breadcrumb"},"inLanguage":"es","potentialAction":[{"@type":"ReadAction","target":["https:\/\/vetanco.com\/es\/producto\/albendazol-potenciado\/"]}]},{"@type":"ImageObject","inLanguage":"es","@id":"https:\/\/vetanco.com\/es\/producto\/albendazol-potenciado\/#primaryimage","url":"https:\/\/vetanco.com\/es\/wp-content\/uploads\/2024\/10\/Albendazol-comprimidos-2.png","contentUrl":"https:\/\/vetanco.com\/es\/wp-content\/uploads\/2024\/10\/Albendazol-comprimidos-2.png","width":600,"height":600},{"@type":"BreadcrumbList","@id":"https:\/\/vetanco.com\/es\/producto\/albendazol-potenciado\/#breadcrumb","itemListElement":[{"@type":"ListItem","position":1,"name":"In\u00edcio","item":"https:\/\/vetanco.com\/es\/"},{"@type":"ListItem","position":2,"name":"Productos","item":"https:\/\/vetanco.com\/es\/productos\/"},{"@type":"ListItem","position":3,"name":"ALBENDAZOL\u00ae POTENCIADO"}]},{"@type":"WebSite","@id":"https:\/\/vetanco.com\/es\/#website","url":"https:\/\/vetanco.com\/es\/","name":"Vetanco Argentina","description":"Productos Seguros para Alimentos Seguros","potentialAction":[{"@type":"SearchAction","target":{"@type":"EntryPoint","urlTemplate":"https:\/\/vetanco.com\/es\/?s={search_term_string}"},"query-input":{"@type":"PropertyValueSpecification","valueRequired":true,"valueName":"search_term_string"}}],"inLanguage":"es"}]}},"_links":{"self":[{"href":"https:\/\/vetanco.com\/es\/wp-json\/wp\/v2\/product\/11042","targetHints":{"allow":["GET"]}}],"collection":[{"href":"https:\/\/vetanco.com\/es\/wp-json\/wp\/v2\/product"}],"about":[{"href":"https:\/\/vetanco.com\/es\/wp-json\/wp\/v2\/types\/product"}],"replies":[{"embeddable":true,"href":"https:\/\/vetanco.com\/es\/wp-json\/wp\/v2\/comments?post=11042"}],"wp:featuredmedia":[{"embeddable":true,"href":"https:\/\/vetanco.com\/es\/wp-json\/wp\/v2\/media\/11130"}],"wp:attachment":[{"href":"https:\/\/vetanco.com\/es\/wp-json\/wp\/v2\/media?parent=11042"}],"wp:term":[{"taxonomy":"product_brand","embeddable":true,"href":"https:\/\/vetanco.com\/es\/wp-json\/wp\/v2\/product_brand?post=11042"},{"taxonomy":"product_cat","embeddable":true,"href":"https:\/\/vetanco.com\/es\/wp-json\/wp\/v2\/product_cat?post=11042"},{"taxonomy":"product_tag","embeddable":true,"href":"https:\/\/vetanco.com\/es\/wp-json\/wp\/v2\/product_tag?post=11042"}],"curies":[{"name":"wp","href":"https:\/\/api.w.org\/{rel}","templated":true}]}}