{"id":11046,"date":"2024-10-07T16:09:02","date_gmt":"2024-10-07T19:09:02","guid":{"rendered":"https:\/\/vetanco.com\/es\/?post_type=product&#038;p=11046"},"modified":"2025-02-07T14:39:56","modified_gmt":"2025-02-07T17:39:56","slug":"rexilen","status":"publish","type":"product","link":"https:\/\/vetanco.com\/es\/producto\/rexilen\/","title":{"rendered":"REXIL\u00c9N<sup>\u00ae<\/sup>"},"content":{"rendered":"<p><span style=\"color: #00397f;\"><b>COMPOSICI\u00d3N<\/b><\/span><\/p>\n<p>Ondansetr\u00f3n <span style=\"font-weight: 400;\">0,2%.<\/span><\/p>\n<p>&nbsp;<\/p>\n<p><span style=\"color: #00397f;\"><b>USO<\/b><\/span><\/p>\n<ul>\n<li><em><b>Tratamiento: <\/b><\/em><span style=\"font-weight: 400;\">0.5 a 1 mg\/kg equivalente a 1 ml de producto cada 2 a 4kg cada 8 &#8211; 12 horas.<\/span><\/li>\n<li><em><b>Preventivo: <\/b><\/em><span style=\"font-weight: 400;\">0.1 a 0.2 mg\/kg p.v. equivalentes a 1 ml de producto cada 10 a 20kg.<\/span><\/li>\n<\/ul>\n<p>&nbsp;<\/p>\n<p><span style=\"color: #00397f;\"><b>PRESENTACI\u00d3N<\/b><\/span><\/p>\n<p><span style=\"font-weight: 400;\">Frasco 20 ml.<\/span><\/p>\n","protected":false},"excerpt":{"rendered":"<p><img loading=\"lazy\" decoding=\"async\" class=\"alignnone size-full wp-image-11202\" src=\"https:\/\/vetanco.com\/es\/wp-content\/uploads\/2024\/10\/Picto-pets.png\" alt=\"\" width=\"75\" height=\"63\" \/><\/p>\n<p><b>Antiem\u00e9tico.<\/b><\/p>\n<p><b> <\/b><span style=\"font-weight: 400;\">Potente antiem\u00e9tico de \u00faltima generaci\u00f3n, de acci\u00f3n central y perif\u00e9rica. Est\u00e1 indicado para la prevenci\u00f3n de las n\u00e1useas y v\u00f3mitos. Puede utilizarse en pacientes nefr\u00f3patas con v\u00f3mitos incoercibles administrando conjuntamente con otras drogas com\u00fanmente usadas en estas afecciones tal como la ranitidina.<\/span><\/p>\n","protected":false},"featured_media":13984,"comment_status":"open","ping_status":"closed","template":"","meta":[],"product_brand":[],"product_cat":[840],"product_tag":[],"class_list":{"0":"post-11046","1":"product","2":"type-product","3":"status-publish","4":"has-post-thumbnail","6":"product_cat-mascotas","8":"first","9":"instock","10":"shipping-taxable","11":"product-type-simple"},"yoast_head":"<!-- This site is optimized with the Yoast SEO plugin v27.1.1 - https:\/\/yoast.com\/product\/yoast-seo-wordpress\/ -->\n<title>REXIL\u00c9N\u00ae - Vetanco Argentina<\/title>\n<meta name=\"description\" content=\"Potente antiem\u00e9tico para caninos de \u00faltima generaci\u00f3n , con acci\u00f3n central y perif\u00e9rica, indicado para la prevenci\u00f3n de las n\u00e1useas y v\u00f3mitos.\" \/>\n<meta name=\"robots\" content=\"index, follow, max-snippet:-1, max-image-preview:large, max-video-preview:-1\" \/>\n<link rel=\"canonical\" href=\"https:\/\/vetanco.com\/es\/producto\/rexilen\/\" \/>\n<meta property=\"og:locale\" content=\"es_ES\" \/>\n<meta property=\"og:type\" content=\"article\" \/>\n<meta property=\"og:title\" content=\"REXIL\u00c9N\u00ae - Vetanco Argentina\" \/>\n<meta property=\"og:description\" content=\"Potente antiem\u00e9tico para caninos de \u00faltima generaci\u00f3n , con acci\u00f3n central y perif\u00e9rica, indicado para la prevenci\u00f3n de las n\u00e1useas y v\u00f3mitos.\" \/>\n<meta property=\"og:url\" content=\"https:\/\/vetanco.com\/es\/producto\/rexilen\/\" \/>\n<meta property=\"og:site_name\" content=\"Vetanco Argentina\" \/>\n<meta property=\"article:publisher\" content=\"https:\/\/www.facebook.com\/vetancoargentina\" \/>\n<meta property=\"article:modified_time\" content=\"2025-02-07T17:39:56+00:00\" \/>\n<meta property=\"og:image\" content=\"https:\/\/vetanco.com\/es\/wp-content\/uploads\/2024\/10\/Rexilen-Atiemetico.png\" \/>\n\t<meta property=\"og:image:width\" content=\"800\" \/>\n\t<meta property=\"og:image:height\" content=\"800\" \/>\n\t<meta property=\"og:image:type\" content=\"image\/png\" \/>\n<meta name=\"twitter:card\" content=\"summary_large_image\" \/>\n<meta name=\"twitter:label1\" content=\"Tiempo de lectura\" \/>\n\t<meta name=\"twitter:data1\" content=\"1 minuto\" \/>\n<script type=\"application\/ld+json\" class=\"yoast-schema-graph\">{\"@context\":\"https:\/\/schema.org\",\"@graph\":[{\"@type\":\"WebPage\",\"@id\":\"https:\/\/vetanco.com\/es\/producto\/rexilen\/\",\"url\":\"https:\/\/vetanco.com\/es\/producto\/rexilen\/\",\"name\":\"REXIL\u00c9N\u00ae - Vetanco Argentina\",\"isPartOf\":{\"@id\":\"https:\/\/vetanco.com\/es\/#website\"},\"primaryImageOfPage\":{\"@id\":\"https:\/\/vetanco.com\/es\/producto\/rexilen\/#primaryimage\"},\"image\":{\"@id\":\"https:\/\/vetanco.com\/es\/producto\/rexilen\/#primaryimage\"},\"thumbnailUrl\":\"https:\/\/vetanco.com\/es\/wp-content\/uploads\/2024\/10\/Rexilen-Atiemetico.png\",\"datePublished\":\"2024-10-07T19:09:02+00:00\",\"dateModified\":\"2025-02-07T17:39:56+00:00\",\"description\":\"Potente antiem\u00e9tico para caninos de \u00faltima generaci\u00f3n , con acci\u00f3n central y perif\u00e9rica, indicado para la prevenci\u00f3n de las n\u00e1useas y v\u00f3mitos.\",\"breadcrumb\":{\"@id\":\"https:\/\/vetanco.com\/es\/producto\/rexilen\/#breadcrumb\"},\"inLanguage\":\"es\",\"potentialAction\":[{\"@type\":\"ReadAction\",\"target\":[\"https:\/\/vetanco.com\/es\/producto\/rexilen\/\"]}]},{\"@type\":\"ImageObject\",\"inLanguage\":\"es\",\"@id\":\"https:\/\/vetanco.com\/es\/producto\/rexilen\/#primaryimage\",\"url\":\"https:\/\/vetanco.com\/es\/wp-content\/uploads\/2024\/10\/Rexilen-Atiemetico.png\",\"contentUrl\":\"https:\/\/vetanco.com\/es\/wp-content\/uploads\/2024\/10\/Rexilen-Atiemetico.png\",\"width\":800,\"height\":800},{\"@type\":\"BreadcrumbList\",\"@id\":\"https:\/\/vetanco.com\/es\/producto\/rexilen\/#breadcrumb\",\"itemListElement\":[{\"@type\":\"ListItem\",\"position\":1,\"name\":\"In\u00edcio\",\"item\":\"https:\/\/vetanco.com\/es\/\"},{\"@type\":\"ListItem\",\"position\":2,\"name\":\"Productos\",\"item\":\"https:\/\/vetanco.com\/es\/productos\/\"},{\"@type\":\"ListItem\",\"position\":3,\"name\":\"REXIL\u00c9N\u00ae\"}]},{\"@type\":\"WebSite\",\"@id\":\"https:\/\/vetanco.com\/es\/#website\",\"url\":\"https:\/\/vetanco.com\/es\/\",\"name\":\"Vetanco Argentina\",\"description\":\"Productos Seguros para Alimentos Seguros\",\"potentialAction\":[{\"@type\":\"SearchAction\",\"target\":{\"@type\":\"EntryPoint\",\"urlTemplate\":\"https:\/\/vetanco.com\/es\/?s={search_term_string}\"},\"query-input\":{\"@type\":\"PropertyValueSpecification\",\"valueRequired\":true,\"valueName\":\"search_term_string\"}}],\"inLanguage\":\"es\"}]}<\/script>\n<!-- \/ Yoast SEO plugin. -->","yoast_head_json":{"title":"REXIL\u00c9N\u00ae - Vetanco Argentina","description":"Potente antiem\u00e9tico para caninos de \u00faltima generaci\u00f3n , con acci\u00f3n central y perif\u00e9rica, indicado para la prevenci\u00f3n de las n\u00e1useas y v\u00f3mitos.","robots":{"index":"index","follow":"follow","max-snippet":"max-snippet:-1","max-image-preview":"max-image-preview:large","max-video-preview":"max-video-preview:-1"},"canonical":"https:\/\/vetanco.com\/es\/producto\/rexilen\/","og_locale":"es_ES","og_type":"article","og_title":"REXIL\u00c9N\u00ae - Vetanco Argentina","og_description":"Potente antiem\u00e9tico para caninos de \u00faltima generaci\u00f3n , con acci\u00f3n central y perif\u00e9rica, indicado para la prevenci\u00f3n de las n\u00e1useas y v\u00f3mitos.","og_url":"https:\/\/vetanco.com\/es\/producto\/rexilen\/","og_site_name":"Vetanco Argentina","article_publisher":"https:\/\/www.facebook.com\/vetancoargentina","article_modified_time":"2025-02-07T17:39:56+00:00","og_image":[{"width":800,"height":800,"url":"https:\/\/vetanco.com\/es\/wp-content\/uploads\/2024\/10\/Rexilen-Atiemetico.png","type":"image\/png"}],"twitter_card":"summary_large_image","twitter_misc":{"Tiempo de lectura":"1 minuto"},"schema":{"@context":"https:\/\/schema.org","@graph":[{"@type":"WebPage","@id":"https:\/\/vetanco.com\/es\/producto\/rexilen\/","url":"https:\/\/vetanco.com\/es\/producto\/rexilen\/","name":"REXIL\u00c9N\u00ae - Vetanco Argentina","isPartOf":{"@id":"https:\/\/vetanco.com\/es\/#website"},"primaryImageOfPage":{"@id":"https:\/\/vetanco.com\/es\/producto\/rexilen\/#primaryimage"},"image":{"@id":"https:\/\/vetanco.com\/es\/producto\/rexilen\/#primaryimage"},"thumbnailUrl":"https:\/\/vetanco.com\/es\/wp-content\/uploads\/2024\/10\/Rexilen-Atiemetico.png","datePublished":"2024-10-07T19:09:02+00:00","dateModified":"2025-02-07T17:39:56+00:00","description":"Potente antiem\u00e9tico para caninos de \u00faltima generaci\u00f3n , con acci\u00f3n central y perif\u00e9rica, indicado para la prevenci\u00f3n de las n\u00e1useas y v\u00f3mitos.","breadcrumb":{"@id":"https:\/\/vetanco.com\/es\/producto\/rexilen\/#breadcrumb"},"inLanguage":"es","potentialAction":[{"@type":"ReadAction","target":["https:\/\/vetanco.com\/es\/producto\/rexilen\/"]}]},{"@type":"ImageObject","inLanguage":"es","@id":"https:\/\/vetanco.com\/es\/producto\/rexilen\/#primaryimage","url":"https:\/\/vetanco.com\/es\/wp-content\/uploads\/2024\/10\/Rexilen-Atiemetico.png","contentUrl":"https:\/\/vetanco.com\/es\/wp-content\/uploads\/2024\/10\/Rexilen-Atiemetico.png","width":800,"height":800},{"@type":"BreadcrumbList","@id":"https:\/\/vetanco.com\/es\/producto\/rexilen\/#breadcrumb","itemListElement":[{"@type":"ListItem","position":1,"name":"In\u00edcio","item":"https:\/\/vetanco.com\/es\/"},{"@type":"ListItem","position":2,"name":"Productos","item":"https:\/\/vetanco.com\/es\/productos\/"},{"@type":"ListItem","position":3,"name":"REXIL\u00c9N\u00ae"}]},{"@type":"WebSite","@id":"https:\/\/vetanco.com\/es\/#website","url":"https:\/\/vetanco.com\/es\/","name":"Vetanco Argentina","description":"Productos Seguros para Alimentos Seguros","potentialAction":[{"@type":"SearchAction","target":{"@type":"EntryPoint","urlTemplate":"https:\/\/vetanco.com\/es\/?s={search_term_string}"},"query-input":{"@type":"PropertyValueSpecification","valueRequired":true,"valueName":"search_term_string"}}],"inLanguage":"es"}]}},"_links":{"self":[{"href":"https:\/\/vetanco.com\/es\/wp-json\/wp\/v2\/product\/11046","targetHints":{"allow":["GET"]}}],"collection":[{"href":"https:\/\/vetanco.com\/es\/wp-json\/wp\/v2\/product"}],"about":[{"href":"https:\/\/vetanco.com\/es\/wp-json\/wp\/v2\/types\/product"}],"replies":[{"embeddable":true,"href":"https:\/\/vetanco.com\/es\/wp-json\/wp\/v2\/comments?post=11046"}],"wp:featuredmedia":[{"embeddable":true,"href":"https:\/\/vetanco.com\/es\/wp-json\/wp\/v2\/media\/13984"}],"wp:attachment":[{"href":"https:\/\/vetanco.com\/es\/wp-json\/wp\/v2\/media?parent=11046"}],"wp:term":[{"taxonomy":"product_brand","embeddable":true,"href":"https:\/\/vetanco.com\/es\/wp-json\/wp\/v2\/product_brand?post=11046"},{"taxonomy":"product_cat","embeddable":true,"href":"https:\/\/vetanco.com\/es\/wp-json\/wp\/v2\/product_cat?post=11046"},{"taxonomy":"product_tag","embeddable":true,"href":"https:\/\/vetanco.com\/es\/wp-json\/wp\/v2\/product_tag?post=11046"}],"curies":[{"name":"wp","href":"https:\/\/api.w.org\/{rel}","templated":true}]}}