{"id":11053,"date":"2024-10-07T16:47:21","date_gmt":"2024-10-07T19:47:21","guid":{"rendered":"https:\/\/vetanco.com\/es\/?post_type=product&#038;p=11053"},"modified":"2025-02-07T14:57:00","modified_gmt":"2025-02-07T17:57:00","slug":"sucravet","status":"publish","type":"product","link":"https:\/\/vetanco.com\/es\/producto\/sucravet\/","title":{"rendered":"SUCRAVET<sup>\u00ae<\/sup>"},"content":{"rendered":"<p><span style=\"color: #00397f;\"><b>COMPOSICI\u00d3N<\/b><\/span><\/p>\n<p>Sucralfato <span style=\"font-weight: 400;\">10 g.<\/span><\/p>\n<p>&nbsp;<\/p>\n<p><span style=\"color: #00397f;\"><strong>DOSIS<\/strong><\/span><\/p>\n<ul>\n<li><em>Felinos\/caninos hasta 15 kg:<\/em> 5 ml totales cada 8 \u2013 12 horas.<\/li>\n<li><em>Caninos de m\u00e1s de 15 kg:<\/em> 10 ml totales cada 8 \u2013 12 horas.<\/li>\n<\/ul>\n<p>&nbsp;<\/p>\n<p><span style=\"color: #00397f;\"><b>PRESENTACI\u00d3N<\/b><\/span><\/p>\n<p>Frasco 100 ml.<\/p>\n","protected":false},"excerpt":{"rendered":"<p><img loading=\"lazy\" decoding=\"async\" class=\"alignnone size-full wp-image-11202\" src=\"https:\/\/vetanco.com\/es\/wp-content\/uploads\/2024\/10\/Picto-pets.png\" alt=\"\" width=\"75\" height=\"63\" \/><\/p>\n<p><strong>Antiulceroso\/anti\u00e1cido.<\/strong><\/p>\n<p>Gastritis, esofagitis por reflujo, \u00falceras causadas por estr\u00e9s y antiinflamatorios esteroides y no esteroides, duodenitis, trauma pos quir\u00fargico, pacientes con riesgo de ulceraci\u00f3n (terapia prolongada con corticoides o AINES), gastrinomas y mastocitomas, y en animales gerontes.<\/p>\n","protected":false},"featured_media":13987,"comment_status":"open","ping_status":"closed","template":"","meta":[],"product_brand":[],"product_cat":[840],"product_tag":[],"class_list":{"0":"post-11053","1":"product","2":"type-product","3":"status-publish","4":"has-post-thumbnail","6":"product_cat-mascotas","8":"first","9":"instock","10":"shipping-taxable","11":"product-type-simple"},"yoast_head":"<!-- This site is optimized with the Yoast SEO plugin v27.1.1 - https:\/\/yoast.com\/product\/yoast-seo-wordpress\/ -->\n<title>SUCRAVET\u00ae - Vetanco Argentina<\/title>\n<meta name=\"description\" content=\"Indicado en Caninos y Felinos para tratar Gastritis, esofagitis por reflujo, \u00falceras causadas por estr\u00e9s y antiinflamatorios duodenitis, etc.\" \/>\n<meta name=\"robots\" content=\"index, follow, max-snippet:-1, max-image-preview:large, max-video-preview:-1\" \/>\n<link rel=\"canonical\" href=\"https:\/\/vetanco.com\/es\/producto\/sucravet\/\" \/>\n<meta property=\"og:locale\" content=\"es_ES\" \/>\n<meta property=\"og:type\" content=\"article\" \/>\n<meta property=\"og:title\" content=\"SUCRAVET\u00ae - Vetanco Argentina\" \/>\n<meta property=\"og:description\" content=\"Indicado en Caninos y Felinos para tratar Gastritis, esofagitis por reflujo, \u00falceras causadas por estr\u00e9s y antiinflamatorios duodenitis, etc.\" \/>\n<meta property=\"og:url\" content=\"https:\/\/vetanco.com\/es\/producto\/sucravet\/\" \/>\n<meta property=\"og:site_name\" content=\"Vetanco Argentina\" \/>\n<meta property=\"article:publisher\" content=\"https:\/\/www.facebook.com\/vetancoargentina\" \/>\n<meta property=\"article:modified_time\" content=\"2025-02-07T17:57:00+00:00\" \/>\n<meta property=\"og:image\" content=\"https:\/\/vetanco.com\/es\/wp-content\/uploads\/2024\/10\/Sucravet.png\" \/>\n\t<meta property=\"og:image:width\" content=\"800\" \/>\n\t<meta property=\"og:image:height\" content=\"800\" \/>\n\t<meta property=\"og:image:type\" content=\"image\/png\" \/>\n<meta name=\"twitter:card\" content=\"summary_large_image\" \/>\n<meta name=\"twitter:label1\" content=\"Tiempo de lectura\" \/>\n\t<meta name=\"twitter:data1\" content=\"1 minuto\" \/>\n<script type=\"application\/ld+json\" class=\"yoast-schema-graph\">{\"@context\":\"https:\/\/schema.org\",\"@graph\":[{\"@type\":\"WebPage\",\"@id\":\"https:\/\/vetanco.com\/es\/producto\/sucravet\/\",\"url\":\"https:\/\/vetanco.com\/es\/producto\/sucravet\/\",\"name\":\"SUCRAVET\u00ae - Vetanco Argentina\",\"isPartOf\":{\"@id\":\"https:\/\/vetanco.com\/es\/#website\"},\"primaryImageOfPage\":{\"@id\":\"https:\/\/vetanco.com\/es\/producto\/sucravet\/#primaryimage\"},\"image\":{\"@id\":\"https:\/\/vetanco.com\/es\/producto\/sucravet\/#primaryimage\"},\"thumbnailUrl\":\"https:\/\/vetanco.com\/es\/wp-content\/uploads\/2024\/10\/Sucravet.png\",\"datePublished\":\"2024-10-07T19:47:21+00:00\",\"dateModified\":\"2025-02-07T17:57:00+00:00\",\"description\":\"Indicado en Caninos y Felinos para tratar Gastritis, esofagitis por reflujo, \u00falceras causadas por estr\u00e9s y antiinflamatorios duodenitis, etc.\",\"breadcrumb\":{\"@id\":\"https:\/\/vetanco.com\/es\/producto\/sucravet\/#breadcrumb\"},\"inLanguage\":\"es\",\"potentialAction\":[{\"@type\":\"ReadAction\",\"target\":[\"https:\/\/vetanco.com\/es\/producto\/sucravet\/\"]}]},{\"@type\":\"ImageObject\",\"inLanguage\":\"es\",\"@id\":\"https:\/\/vetanco.com\/es\/producto\/sucravet\/#primaryimage\",\"url\":\"https:\/\/vetanco.com\/es\/wp-content\/uploads\/2024\/10\/Sucravet.png\",\"contentUrl\":\"https:\/\/vetanco.com\/es\/wp-content\/uploads\/2024\/10\/Sucravet.png\",\"width\":800,\"height\":800},{\"@type\":\"BreadcrumbList\",\"@id\":\"https:\/\/vetanco.com\/es\/producto\/sucravet\/#breadcrumb\",\"itemListElement\":[{\"@type\":\"ListItem\",\"position\":1,\"name\":\"In\u00edcio\",\"item\":\"https:\/\/vetanco.com\/es\/\"},{\"@type\":\"ListItem\",\"position\":2,\"name\":\"Productos\",\"item\":\"https:\/\/vetanco.com\/es\/productos\/\"},{\"@type\":\"ListItem\",\"position\":3,\"name\":\"SUCRAVET\u00ae\"}]},{\"@type\":\"WebSite\",\"@id\":\"https:\/\/vetanco.com\/es\/#website\",\"url\":\"https:\/\/vetanco.com\/es\/\",\"name\":\"Vetanco Argentina\",\"description\":\"Productos Seguros para Alimentos Seguros\",\"potentialAction\":[{\"@type\":\"SearchAction\",\"target\":{\"@type\":\"EntryPoint\",\"urlTemplate\":\"https:\/\/vetanco.com\/es\/?s={search_term_string}\"},\"query-input\":{\"@type\":\"PropertyValueSpecification\",\"valueRequired\":true,\"valueName\":\"search_term_string\"}}],\"inLanguage\":\"es\"}]}<\/script>\n<!-- \/ Yoast SEO plugin. -->","yoast_head_json":{"title":"SUCRAVET\u00ae - Vetanco Argentina","description":"Indicado en Caninos y Felinos para tratar Gastritis, esofagitis por reflujo, \u00falceras causadas por estr\u00e9s y antiinflamatorios duodenitis, etc.","robots":{"index":"index","follow":"follow","max-snippet":"max-snippet:-1","max-image-preview":"max-image-preview:large","max-video-preview":"max-video-preview:-1"},"canonical":"https:\/\/vetanco.com\/es\/producto\/sucravet\/","og_locale":"es_ES","og_type":"article","og_title":"SUCRAVET\u00ae - Vetanco Argentina","og_description":"Indicado en Caninos y Felinos para tratar Gastritis, esofagitis por reflujo, \u00falceras causadas por estr\u00e9s y antiinflamatorios duodenitis, etc.","og_url":"https:\/\/vetanco.com\/es\/producto\/sucravet\/","og_site_name":"Vetanco Argentina","article_publisher":"https:\/\/www.facebook.com\/vetancoargentina","article_modified_time":"2025-02-07T17:57:00+00:00","og_image":[{"width":800,"height":800,"url":"https:\/\/vetanco.com\/es\/wp-content\/uploads\/2024\/10\/Sucravet.png","type":"image\/png"}],"twitter_card":"summary_large_image","twitter_misc":{"Tiempo de lectura":"1 minuto"},"schema":{"@context":"https:\/\/schema.org","@graph":[{"@type":"WebPage","@id":"https:\/\/vetanco.com\/es\/producto\/sucravet\/","url":"https:\/\/vetanco.com\/es\/producto\/sucravet\/","name":"SUCRAVET\u00ae - Vetanco Argentina","isPartOf":{"@id":"https:\/\/vetanco.com\/es\/#website"},"primaryImageOfPage":{"@id":"https:\/\/vetanco.com\/es\/producto\/sucravet\/#primaryimage"},"image":{"@id":"https:\/\/vetanco.com\/es\/producto\/sucravet\/#primaryimage"},"thumbnailUrl":"https:\/\/vetanco.com\/es\/wp-content\/uploads\/2024\/10\/Sucravet.png","datePublished":"2024-10-07T19:47:21+00:00","dateModified":"2025-02-07T17:57:00+00:00","description":"Indicado en Caninos y Felinos para tratar Gastritis, esofagitis por reflujo, \u00falceras causadas por estr\u00e9s y antiinflamatorios duodenitis, etc.","breadcrumb":{"@id":"https:\/\/vetanco.com\/es\/producto\/sucravet\/#breadcrumb"},"inLanguage":"es","potentialAction":[{"@type":"ReadAction","target":["https:\/\/vetanco.com\/es\/producto\/sucravet\/"]}]},{"@type":"ImageObject","inLanguage":"es","@id":"https:\/\/vetanco.com\/es\/producto\/sucravet\/#primaryimage","url":"https:\/\/vetanco.com\/es\/wp-content\/uploads\/2024\/10\/Sucravet.png","contentUrl":"https:\/\/vetanco.com\/es\/wp-content\/uploads\/2024\/10\/Sucravet.png","width":800,"height":800},{"@type":"BreadcrumbList","@id":"https:\/\/vetanco.com\/es\/producto\/sucravet\/#breadcrumb","itemListElement":[{"@type":"ListItem","position":1,"name":"In\u00edcio","item":"https:\/\/vetanco.com\/es\/"},{"@type":"ListItem","position":2,"name":"Productos","item":"https:\/\/vetanco.com\/es\/productos\/"},{"@type":"ListItem","position":3,"name":"SUCRAVET\u00ae"}]},{"@type":"WebSite","@id":"https:\/\/vetanco.com\/es\/#website","url":"https:\/\/vetanco.com\/es\/","name":"Vetanco Argentina","description":"Productos Seguros para Alimentos Seguros","potentialAction":[{"@type":"SearchAction","target":{"@type":"EntryPoint","urlTemplate":"https:\/\/vetanco.com\/es\/?s={search_term_string}"},"query-input":{"@type":"PropertyValueSpecification","valueRequired":true,"valueName":"search_term_string"}}],"inLanguage":"es"}]}},"_links":{"self":[{"href":"https:\/\/vetanco.com\/es\/wp-json\/wp\/v2\/product\/11053","targetHints":{"allow":["GET"]}}],"collection":[{"href":"https:\/\/vetanco.com\/es\/wp-json\/wp\/v2\/product"}],"about":[{"href":"https:\/\/vetanco.com\/es\/wp-json\/wp\/v2\/types\/product"}],"replies":[{"embeddable":true,"href":"https:\/\/vetanco.com\/es\/wp-json\/wp\/v2\/comments?post=11053"}],"wp:featuredmedia":[{"embeddable":true,"href":"https:\/\/vetanco.com\/es\/wp-json\/wp\/v2\/media\/13987"}],"wp:attachment":[{"href":"https:\/\/vetanco.com\/es\/wp-json\/wp\/v2\/media?parent=11053"}],"wp:term":[{"taxonomy":"product_brand","embeddable":true,"href":"https:\/\/vetanco.com\/es\/wp-json\/wp\/v2\/product_brand?post=11053"},{"taxonomy":"product_cat","embeddable":true,"href":"https:\/\/vetanco.com\/es\/wp-json\/wp\/v2\/product_cat?post=11053"},{"taxonomy":"product_tag","embeddable":true,"href":"https:\/\/vetanco.com\/es\/wp-json\/wp\/v2\/product_tag?post=11053"}],"curies":[{"name":"wp","href":"https:\/\/api.w.org\/{rel}","templated":true}]}}