{"id":11096,"date":"2024-10-08T12:31:36","date_gmt":"2024-10-08T15:31:36","guid":{"rendered":"https:\/\/vetanco.com\/es\/?post_type=product&#038;p=11096"},"modified":"2025-02-03T14:07:41","modified_gmt":"2025-02-03T17:07:41","slug":"chlortet-200-g","status":"publish","type":"product","link":"https:\/\/vetanco.com\/es\/producto\/chlortet-200-g\/","title":{"rendered":"CHLORTET<sup>\u00ae<\/sup> 200 G"},"content":{"rendered":"<p><span style=\"color: #00397f;\"><strong>COMPOSICI\u00d3N<\/strong><\/span><\/p>\n<p>Clortetraciclina 20%.<\/p>\n<p>&nbsp;<\/p>\n<p><span style=\"color: #00397f;\"><b>DOSIS<\/b><\/span><\/p>\n<p><span style=\"font-weight: 400;\">1,5 \u2013 2 kg\/ton de alimento, durante 5 d\u00edas.<\/span><\/p>\n<p>&nbsp;<\/p>\n<p><span style=\"color: #00397f;\"><b>PER\u00cdODO DE RETIRO<\/b><\/span><\/p>\n<p><span style=\"font-weight: 400;\">5 d\u00edas.<\/span><\/p>\n<p>&nbsp;<\/p>\n<p><span style=\"color: #00397f;\"><b>PRESENTACI\u00d3N<\/b><\/span><\/p>\n<p><span style=\"font-weight: 400;\">25 kg.<\/span><\/p>\n","protected":false},"excerpt":{"rendered":"<p><img loading=\"lazy\" decoding=\"async\" class=\"alignnone size-full wp-image-11191\" src=\"https:\/\/vetanco.com\/es\/wp-content\/uploads\/2024\/10\/Picto-Bovinos-1.png\" alt=\"\" width=\"75\" height=\"63\" \/><\/p>\n<p><span style=\"font-weight: 400;\">Control y tratamiento de infecciones bacterianas respiratorias y ent\u00e9ricas, como Rinitis atr\u00f3fica, Neumon\u00eda Enzo\u00f3tica, enfermedad de Gl\u00e4sser, Cuadros digestivos, Adenomatosis Intestinal Porcina e infecciones asociadas con <\/span><i><span style=\"font-weight: 400;\">E. coli <\/span><\/i><span style=\"font-weight: 400;\">y <\/span><i><span style=\"font-weight: 400;\">Salmonella choleraesuis<\/span><\/i><span style=\"font-weight: 400;\">, as\u00ed como abscesos articulares y cervicales. Tambi\u00e9n para infecciones bacterianas secundarias a infecciones virales o Micoplasmosis.<\/span><\/p>\n","protected":false},"featured_media":13839,"comment_status":"open","ping_status":"closed","template":"","meta":[],"product_brand":[],"product_cat":[21],"product_tag":[],"class_list":{"0":"post-11096","1":"product","2":"type-product","3":"status-publish","4":"has-post-thumbnail","6":"product_cat-bovinos","8":"first","9":"instock","10":"shipping-taxable","11":"product-type-simple"},"yoast_head":"<!-- This site is optimized with the Yoast SEO plugin v27.1.1 - https:\/\/yoast.com\/product\/yoast-seo-wordpress\/ -->\n<title>CHLORTET\u00ae 200 G - Vetanco Argentina<\/title>\n<meta name=\"description\" content=\"Control y tratamiento de infecciones bacterianas respiratorias y ent\u00e9ricas, como Rinitis atr\u00f3fica, Neumon\u00eda Enzo\u00f3tica, enfermedad de Gl\u00e4sser y otras.\" \/>\n<meta name=\"robots\" content=\"index, follow, max-snippet:-1, max-image-preview:large, max-video-preview:-1\" \/>\n<link rel=\"canonical\" href=\"https:\/\/vetanco.com\/es\/producto\/chlortet-200-g\/\" \/>\n<meta property=\"og:locale\" content=\"es_ES\" \/>\n<meta property=\"og:type\" content=\"article\" \/>\n<meta property=\"og:title\" content=\"CHLORTET\u00ae 200 G - Vetanco Argentina\" \/>\n<meta property=\"og:description\" content=\"Control y tratamiento de infecciones bacterianas respiratorias y ent\u00e9ricas, como Rinitis atr\u00f3fica, Neumon\u00eda Enzo\u00f3tica, enfermedad de Gl\u00e4sser y otras.\" \/>\n<meta property=\"og:url\" content=\"https:\/\/vetanco.com\/es\/producto\/chlortet-200-g\/\" \/>\n<meta property=\"og:site_name\" content=\"Vetanco Argentina\" \/>\n<meta property=\"article:publisher\" content=\"https:\/\/www.facebook.com\/vetancoargentina\" \/>\n<meta property=\"article:modified_time\" content=\"2025-02-03T17:07:41+00:00\" \/>\n<meta property=\"og:image\" content=\"https:\/\/vetanco.com\/es\/wp-content\/uploads\/2024\/10\/Chlortet-200G.png\" \/>\n\t<meta property=\"og:image:width\" content=\"800\" \/>\n\t<meta property=\"og:image:height\" content=\"800\" \/>\n\t<meta property=\"og:image:type\" content=\"image\/png\" \/>\n<meta name=\"twitter:card\" content=\"summary_large_image\" \/>\n<meta name=\"twitter:label1\" content=\"Tiempo de lectura\" \/>\n\t<meta name=\"twitter:data1\" content=\"1 minuto\" \/>\n<script type=\"application\/ld+json\" class=\"yoast-schema-graph\">{\"@context\":\"https:\/\/schema.org\",\"@graph\":[{\"@type\":\"WebPage\",\"@id\":\"https:\/\/vetanco.com\/es\/producto\/chlortet-200-g\/\",\"url\":\"https:\/\/vetanco.com\/es\/producto\/chlortet-200-g\/\",\"name\":\"CHLORTET\u00ae 200 G - Vetanco Argentina\",\"isPartOf\":{\"@id\":\"https:\/\/vetanco.com\/es\/#website\"},\"primaryImageOfPage\":{\"@id\":\"https:\/\/vetanco.com\/es\/producto\/chlortet-200-g\/#primaryimage\"},\"image\":{\"@id\":\"https:\/\/vetanco.com\/es\/producto\/chlortet-200-g\/#primaryimage\"},\"thumbnailUrl\":\"https:\/\/vetanco.com\/es\/wp-content\/uploads\/2024\/10\/Chlortet-200G.png\",\"datePublished\":\"2024-10-08T15:31:36+00:00\",\"dateModified\":\"2025-02-03T17:07:41+00:00\",\"description\":\"Control y tratamiento de infecciones bacterianas respiratorias y ent\u00e9ricas, como Rinitis atr\u00f3fica, Neumon\u00eda Enzo\u00f3tica, enfermedad de Gl\u00e4sser y otras.\",\"breadcrumb\":{\"@id\":\"https:\/\/vetanco.com\/es\/producto\/chlortet-200-g\/#breadcrumb\"},\"inLanguage\":\"es\",\"potentialAction\":[{\"@type\":\"ReadAction\",\"target\":[\"https:\/\/vetanco.com\/es\/producto\/chlortet-200-g\/\"]}]},{\"@type\":\"ImageObject\",\"inLanguage\":\"es\",\"@id\":\"https:\/\/vetanco.com\/es\/producto\/chlortet-200-g\/#primaryimage\",\"url\":\"https:\/\/vetanco.com\/es\/wp-content\/uploads\/2024\/10\/Chlortet-200G.png\",\"contentUrl\":\"https:\/\/vetanco.com\/es\/wp-content\/uploads\/2024\/10\/Chlortet-200G.png\",\"width\":800,\"height\":800},{\"@type\":\"BreadcrumbList\",\"@id\":\"https:\/\/vetanco.com\/es\/producto\/chlortet-200-g\/#breadcrumb\",\"itemListElement\":[{\"@type\":\"ListItem\",\"position\":1,\"name\":\"In\u00edcio\",\"item\":\"https:\/\/vetanco.com\/es\/\"},{\"@type\":\"ListItem\",\"position\":2,\"name\":\"Productos\",\"item\":\"https:\/\/vetanco.com\/es\/productos\/\"},{\"@type\":\"ListItem\",\"position\":3,\"name\":\"CHLORTET\u00ae 200 G\"}]},{\"@type\":\"WebSite\",\"@id\":\"https:\/\/vetanco.com\/es\/#website\",\"url\":\"https:\/\/vetanco.com\/es\/\",\"name\":\"Vetanco Argentina\",\"description\":\"Productos Seguros para Alimentos Seguros\",\"potentialAction\":[{\"@type\":\"SearchAction\",\"target\":{\"@type\":\"EntryPoint\",\"urlTemplate\":\"https:\/\/vetanco.com\/es\/?s={search_term_string}\"},\"query-input\":{\"@type\":\"PropertyValueSpecification\",\"valueRequired\":true,\"valueName\":\"search_term_string\"}}],\"inLanguage\":\"es\"}]}<\/script>\n<!-- \/ Yoast SEO plugin. -->","yoast_head_json":{"title":"CHLORTET\u00ae 200 G - Vetanco Argentina","description":"Control y tratamiento de infecciones bacterianas respiratorias y ent\u00e9ricas, como Rinitis atr\u00f3fica, Neumon\u00eda Enzo\u00f3tica, enfermedad de Gl\u00e4sser y otras.","robots":{"index":"index","follow":"follow","max-snippet":"max-snippet:-1","max-image-preview":"max-image-preview:large","max-video-preview":"max-video-preview:-1"},"canonical":"https:\/\/vetanco.com\/es\/producto\/chlortet-200-g\/","og_locale":"es_ES","og_type":"article","og_title":"CHLORTET\u00ae 200 G - Vetanco Argentina","og_description":"Control y tratamiento de infecciones bacterianas respiratorias y ent\u00e9ricas, como Rinitis atr\u00f3fica, Neumon\u00eda Enzo\u00f3tica, enfermedad de Gl\u00e4sser y otras.","og_url":"https:\/\/vetanco.com\/es\/producto\/chlortet-200-g\/","og_site_name":"Vetanco Argentina","article_publisher":"https:\/\/www.facebook.com\/vetancoargentina","article_modified_time":"2025-02-03T17:07:41+00:00","og_image":[{"width":800,"height":800,"url":"https:\/\/vetanco.com\/es\/wp-content\/uploads\/2024\/10\/Chlortet-200G.png","type":"image\/png"}],"twitter_card":"summary_large_image","twitter_misc":{"Tiempo de lectura":"1 minuto"},"schema":{"@context":"https:\/\/schema.org","@graph":[{"@type":"WebPage","@id":"https:\/\/vetanco.com\/es\/producto\/chlortet-200-g\/","url":"https:\/\/vetanco.com\/es\/producto\/chlortet-200-g\/","name":"CHLORTET\u00ae 200 G - Vetanco Argentina","isPartOf":{"@id":"https:\/\/vetanco.com\/es\/#website"},"primaryImageOfPage":{"@id":"https:\/\/vetanco.com\/es\/producto\/chlortet-200-g\/#primaryimage"},"image":{"@id":"https:\/\/vetanco.com\/es\/producto\/chlortet-200-g\/#primaryimage"},"thumbnailUrl":"https:\/\/vetanco.com\/es\/wp-content\/uploads\/2024\/10\/Chlortet-200G.png","datePublished":"2024-10-08T15:31:36+00:00","dateModified":"2025-02-03T17:07:41+00:00","description":"Control y tratamiento de infecciones bacterianas respiratorias y ent\u00e9ricas, como Rinitis atr\u00f3fica, Neumon\u00eda Enzo\u00f3tica, enfermedad de Gl\u00e4sser y otras.","breadcrumb":{"@id":"https:\/\/vetanco.com\/es\/producto\/chlortet-200-g\/#breadcrumb"},"inLanguage":"es","potentialAction":[{"@type":"ReadAction","target":["https:\/\/vetanco.com\/es\/producto\/chlortet-200-g\/"]}]},{"@type":"ImageObject","inLanguage":"es","@id":"https:\/\/vetanco.com\/es\/producto\/chlortet-200-g\/#primaryimage","url":"https:\/\/vetanco.com\/es\/wp-content\/uploads\/2024\/10\/Chlortet-200G.png","contentUrl":"https:\/\/vetanco.com\/es\/wp-content\/uploads\/2024\/10\/Chlortet-200G.png","width":800,"height":800},{"@type":"BreadcrumbList","@id":"https:\/\/vetanco.com\/es\/producto\/chlortet-200-g\/#breadcrumb","itemListElement":[{"@type":"ListItem","position":1,"name":"In\u00edcio","item":"https:\/\/vetanco.com\/es\/"},{"@type":"ListItem","position":2,"name":"Productos","item":"https:\/\/vetanco.com\/es\/productos\/"},{"@type":"ListItem","position":3,"name":"CHLORTET\u00ae 200 G"}]},{"@type":"WebSite","@id":"https:\/\/vetanco.com\/es\/#website","url":"https:\/\/vetanco.com\/es\/","name":"Vetanco Argentina","description":"Productos Seguros para Alimentos Seguros","potentialAction":[{"@type":"SearchAction","target":{"@type":"EntryPoint","urlTemplate":"https:\/\/vetanco.com\/es\/?s={search_term_string}"},"query-input":{"@type":"PropertyValueSpecification","valueRequired":true,"valueName":"search_term_string"}}],"inLanguage":"es"}]}},"_links":{"self":[{"href":"https:\/\/vetanco.com\/es\/wp-json\/wp\/v2\/product\/11096","targetHints":{"allow":["GET"]}}],"collection":[{"href":"https:\/\/vetanco.com\/es\/wp-json\/wp\/v2\/product"}],"about":[{"href":"https:\/\/vetanco.com\/es\/wp-json\/wp\/v2\/types\/product"}],"replies":[{"embeddable":true,"href":"https:\/\/vetanco.com\/es\/wp-json\/wp\/v2\/comments?post=11096"}],"wp:featuredmedia":[{"embeddable":true,"href":"https:\/\/vetanco.com\/es\/wp-json\/wp\/v2\/media\/13839"}],"wp:attachment":[{"href":"https:\/\/vetanco.com\/es\/wp-json\/wp\/v2\/media?parent=11096"}],"wp:term":[{"taxonomy":"product_brand","embeddable":true,"href":"https:\/\/vetanco.com\/es\/wp-json\/wp\/v2\/product_brand?post=11096"},{"taxonomy":"product_cat","embeddable":true,"href":"https:\/\/vetanco.com\/es\/wp-json\/wp\/v2\/product_cat?post=11096"},{"taxonomy":"product_tag","embeddable":true,"href":"https:\/\/vetanco.com\/es\/wp-json\/wp\/v2\/product_tag?post=11096"}],"curies":[{"name":"wp","href":"https:\/\/api.w.org\/{rel}","templated":true}]}}