{"id":11241,"date":"2024-10-09T16:44:23","date_gmt":"2024-10-09T19:44:23","guid":{"rendered":"https:\/\/vetanco.com\/es\/?post_type=product&#038;p=11241"},"modified":"2025-04-15T11:27:14","modified_gmt":"2025-04-15T14:27:14","slug":"di-heptarine-s-premix","status":"publish","type":"product","link":"https:\/\/vetanco.com\/es\/producto\/di-heptarine-s-premix\/","title":{"rendered":"DI HEPTARINE S<sup>\u00ae<\/sup> PREMIX"},"content":{"rendered":"<p><span style=\"color: #00397f;\"><strong>COMPOSICI\u00d3N<\/strong><\/span><\/p>\n<p>Extracto de cardo mariano 10g.<\/p>\n<p>&nbsp;<\/p>\n<p><span style=\"color: #00397f;\"><strong>INDICACIONES<\/strong><\/span><\/p>\n<p>Indicado en:<\/p>\n<ul>\n<li><strong>Aves<\/strong> (Pollos de engorde, gallinas ponedoras y reproductores).<\/li>\n<li><strong>Porcinos<\/strong> (todas las categor\u00edas).<\/li>\n<li><strong>Rumiantes<\/strong> (bovinos y ovinos, todas las categor\u00edas).<\/li>\n<li><strong>Piscicultura<\/strong><\/li>\n<\/ul>\n<p>&nbsp;<\/p>\n<p><span style=\"color: #00397f;\"><b>DOSIS<\/b><\/span><\/p>\n<p><span style=\"font-weight: 400;\">500 g a 1 kg\/ton de alimento ya sea como harina o pelleteado, suministrar durante no menos de 7 d\u00edas.<\/span><\/p>\n<p>&nbsp;<\/p>\n<p><span style=\"color: #00397f;\"><b>PRESENTACI\u00d3N<\/b><\/span><\/p>\n<p><span style=\"font-weight: 400;\">5 kg y 25 kg.<\/span><\/p>\n","protected":false},"excerpt":{"rendered":"<p><img loading=\"lazy\" decoding=\"async\" class=\"alignnone size-full wp-image-11194\" src=\"https:\/\/vetanco.com\/es\/wp-content\/uploads\/2024\/10\/Picto-Aves-1.png\" alt=\"\" width=\"75\" height=\"63\" \/> <img loading=\"lazy\" decoding=\"async\" class=\"alignnone size-full wp-image-11193\" src=\"https:\/\/vetanco.com\/es\/wp-content\/uploads\/2024\/10\/Picto-Cerdos-3.png\" alt=\"\" width=\"75\" height=\"63\" \/><\/p>\n<p><span style=\"font-weight: 400;\">Antioxidante hepatoprotector para la prevenci\u00f3n de alteraciones ante situaciones de mayor exigencia metab\u00f3lica:\u00a0<\/span><\/p>\n<ul>\n<li>Stress producido por transporte y movimientos de animales, o cualquier situaci\u00f3n de stress que no pueda ser<br \/>\ncorregida.<\/li>\n<li>Sobrealimentaci\u00f3n o ingesta de alto valor energ\u00e9tico.<\/li>\n<li>Contaminaci\u00f3n del alimento con toxinas de origen vegetal o f\u00fangico.<\/li>\n<li>Procesos infecciosos producidos por agentes virales o bacterianos.<\/li>\n<li>Tratamientos con medicamentos.<\/li>\n<li>Machos en servicio y hembras en gestaci\u00f3n\/lactancia.<\/li>\n<\/ul>\n","protected":false},"featured_media":13843,"comment_status":"open","ping_status":"closed","template":"","meta":[],"product_brand":[],"product_cat":[17,18],"product_tag":[],"class_list":{"0":"post-11241","1":"product","2":"type-product","3":"status-publish","4":"has-post-thumbnail","6":"product_cat-aves","7":"product_cat-porcinos","9":"first","10":"instock","11":"shipping-taxable","12":"product-type-simple"},"yoast_head":"<!-- This site is optimized with the Yoast SEO plugin v27.3 - https:\/\/yoast.com\/product\/yoast-seo-wordpress\/ -->\n<title>DI HEPTARINE S\u00ae PREMIX - Vetanco Argentina<\/title>\n<meta name=\"description\" content=\"Producto de la l\u00ednea BV Science antioxidante hepatoprotector para la prevenci\u00f3n de alteraciones ante situaciones de mayor exigencia metab\u00f3lica.\" \/>\n<meta name=\"robots\" content=\"index, follow, max-snippet:-1, max-image-preview:large, max-video-preview:-1\" \/>\n<link rel=\"canonical\" href=\"https:\/\/vetanco.com\/es\/producto\/di-heptarine-s-premix\/\" \/>\n<meta property=\"og:locale\" content=\"es_ES\" \/>\n<meta property=\"og:type\" content=\"article\" \/>\n<meta property=\"og:title\" content=\"DI HEPTARINE S\u00ae PREMIX - Vetanco Argentina\" \/>\n<meta property=\"og:description\" content=\"Producto de la l\u00ednea BV Science antioxidante hepatoprotector para la prevenci\u00f3n de alteraciones ante situaciones de mayor exigencia metab\u00f3lica.\" \/>\n<meta property=\"og:url\" content=\"https:\/\/vetanco.com\/es\/producto\/di-heptarine-s-premix\/\" \/>\n<meta property=\"og:site_name\" content=\"Vetanco Argentina\" \/>\n<meta property=\"article:publisher\" content=\"https:\/\/www.facebook.com\/vetancoargentina\" \/>\n<meta property=\"article:modified_time\" content=\"2025-04-15T14:27:14+00:00\" \/>\n<meta property=\"og:image\" content=\"https:\/\/vetanco.com\/es\/wp-content\/uploads\/2024\/10\/Di-Heptarine-S-Premix-2.png\" \/>\n\t<meta property=\"og:image:width\" content=\"800\" \/>\n\t<meta property=\"og:image:height\" content=\"800\" \/>\n\t<meta property=\"og:image:type\" content=\"image\/png\" \/>\n<meta name=\"twitter:card\" content=\"summary_large_image\" \/>\n<meta name=\"twitter:label1\" content=\"Tiempo de lectura\" \/>\n\t<meta name=\"twitter:data1\" content=\"1 minuto\" \/>\n<script type=\"application\/ld+json\" class=\"yoast-schema-graph\">{\"@context\":\"https:\\\/\\\/schema.org\",\"@graph\":[{\"@type\":\"WebPage\",\"@id\":\"https:\\\/\\\/vetanco.com\\\/es\\\/producto\\\/di-heptarine-s-premix\\\/\",\"url\":\"https:\\\/\\\/vetanco.com\\\/es\\\/producto\\\/di-heptarine-s-premix\\\/\",\"name\":\"DI HEPTARINE S\u00ae PREMIX - Vetanco Argentina\",\"isPartOf\":{\"@id\":\"https:\\\/\\\/vetanco.com\\\/es\\\/#website\"},\"primaryImageOfPage\":{\"@id\":\"https:\\\/\\\/vetanco.com\\\/es\\\/producto\\\/di-heptarine-s-premix\\\/#primaryimage\"},\"image\":{\"@id\":\"https:\\\/\\\/vetanco.com\\\/es\\\/producto\\\/di-heptarine-s-premix\\\/#primaryimage\"},\"thumbnailUrl\":\"https:\\\/\\\/vetanco.com\\\/es\\\/wp-content\\\/uploads\\\/2024\\\/10\\\/Di-Heptarine-S-Premix-2.png\",\"datePublished\":\"2024-10-09T19:44:23+00:00\",\"dateModified\":\"2025-04-15T14:27:14+00:00\",\"description\":\"Producto de la l\u00ednea BV Science antioxidante hepatoprotector para la prevenci\u00f3n de alteraciones ante situaciones de mayor exigencia metab\u00f3lica.\",\"breadcrumb\":{\"@id\":\"https:\\\/\\\/vetanco.com\\\/es\\\/producto\\\/di-heptarine-s-premix\\\/#breadcrumb\"},\"inLanguage\":\"es\",\"potentialAction\":[{\"@type\":\"ReadAction\",\"target\":[\"https:\\\/\\\/vetanco.com\\\/es\\\/producto\\\/di-heptarine-s-premix\\\/\"]}]},{\"@type\":\"ImageObject\",\"inLanguage\":\"es\",\"@id\":\"https:\\\/\\\/vetanco.com\\\/es\\\/producto\\\/di-heptarine-s-premix\\\/#primaryimage\",\"url\":\"https:\\\/\\\/vetanco.com\\\/es\\\/wp-content\\\/uploads\\\/2024\\\/10\\\/Di-Heptarine-S-Premix-2.png\",\"contentUrl\":\"https:\\\/\\\/vetanco.com\\\/es\\\/wp-content\\\/uploads\\\/2024\\\/10\\\/Di-Heptarine-S-Premix-2.png\",\"width\":800,\"height\":800},{\"@type\":\"BreadcrumbList\",\"@id\":\"https:\\\/\\\/vetanco.com\\\/es\\\/producto\\\/di-heptarine-s-premix\\\/#breadcrumb\",\"itemListElement\":[{\"@type\":\"ListItem\",\"position\":1,\"name\":\"In\u00edcio\",\"item\":\"https:\\\/\\\/vetanco.com\\\/es\\\/\"},{\"@type\":\"ListItem\",\"position\":2,\"name\":\"Productos\",\"item\":\"https:\\\/\\\/vetanco.com\\\/es\\\/productos\\\/\"},{\"@type\":\"ListItem\",\"position\":3,\"name\":\"DI HEPTARINE S\u00ae PREMIX\"}]},{\"@type\":\"WebSite\",\"@id\":\"https:\\\/\\\/vetanco.com\\\/es\\\/#website\",\"url\":\"https:\\\/\\\/vetanco.com\\\/es\\\/\",\"name\":\"Vetanco Argentina\",\"description\":\"Productos Seguros para Alimentos Seguros\",\"potentialAction\":[{\"@type\":\"SearchAction\",\"target\":{\"@type\":\"EntryPoint\",\"urlTemplate\":\"https:\\\/\\\/vetanco.com\\\/es\\\/?s={search_term_string}\"},\"query-input\":{\"@type\":\"PropertyValueSpecification\",\"valueRequired\":true,\"valueName\":\"search_term_string\"}}],\"inLanguage\":\"es\"}]}<\/script>\n<!-- \/ Yoast SEO plugin. -->","yoast_head_json":{"title":"DI HEPTARINE S\u00ae PREMIX - Vetanco Argentina","description":"Producto de la l\u00ednea BV Science antioxidante hepatoprotector para la prevenci\u00f3n de alteraciones ante situaciones de mayor exigencia metab\u00f3lica.","robots":{"index":"index","follow":"follow","max-snippet":"max-snippet:-1","max-image-preview":"max-image-preview:large","max-video-preview":"max-video-preview:-1"},"canonical":"https:\/\/vetanco.com\/es\/producto\/di-heptarine-s-premix\/","og_locale":"es_ES","og_type":"article","og_title":"DI HEPTARINE S\u00ae PREMIX - Vetanco Argentina","og_description":"Producto de la l\u00ednea BV Science antioxidante hepatoprotector para la prevenci\u00f3n de alteraciones ante situaciones de mayor exigencia metab\u00f3lica.","og_url":"https:\/\/vetanco.com\/es\/producto\/di-heptarine-s-premix\/","og_site_name":"Vetanco Argentina","article_publisher":"https:\/\/www.facebook.com\/vetancoargentina","article_modified_time":"2025-04-15T14:27:14+00:00","og_image":[{"width":800,"height":800,"url":"https:\/\/vetanco.com\/es\/wp-content\/uploads\/2024\/10\/Di-Heptarine-S-Premix-2.png","type":"image\/png"}],"twitter_card":"summary_large_image","twitter_misc":{"Tiempo de lectura":"1 minuto"},"schema":{"@context":"https:\/\/schema.org","@graph":[{"@type":"WebPage","@id":"https:\/\/vetanco.com\/es\/producto\/di-heptarine-s-premix\/","url":"https:\/\/vetanco.com\/es\/producto\/di-heptarine-s-premix\/","name":"DI HEPTARINE S\u00ae PREMIX - Vetanco Argentina","isPartOf":{"@id":"https:\/\/vetanco.com\/es\/#website"},"primaryImageOfPage":{"@id":"https:\/\/vetanco.com\/es\/producto\/di-heptarine-s-premix\/#primaryimage"},"image":{"@id":"https:\/\/vetanco.com\/es\/producto\/di-heptarine-s-premix\/#primaryimage"},"thumbnailUrl":"https:\/\/vetanco.com\/es\/wp-content\/uploads\/2024\/10\/Di-Heptarine-S-Premix-2.png","datePublished":"2024-10-09T19:44:23+00:00","dateModified":"2025-04-15T14:27:14+00:00","description":"Producto de la l\u00ednea BV Science antioxidante hepatoprotector para la prevenci\u00f3n de alteraciones ante situaciones de mayor exigencia metab\u00f3lica.","breadcrumb":{"@id":"https:\/\/vetanco.com\/es\/producto\/di-heptarine-s-premix\/#breadcrumb"},"inLanguage":"es","potentialAction":[{"@type":"ReadAction","target":["https:\/\/vetanco.com\/es\/producto\/di-heptarine-s-premix\/"]}]},{"@type":"ImageObject","inLanguage":"es","@id":"https:\/\/vetanco.com\/es\/producto\/di-heptarine-s-premix\/#primaryimage","url":"https:\/\/vetanco.com\/es\/wp-content\/uploads\/2024\/10\/Di-Heptarine-S-Premix-2.png","contentUrl":"https:\/\/vetanco.com\/es\/wp-content\/uploads\/2024\/10\/Di-Heptarine-S-Premix-2.png","width":800,"height":800},{"@type":"BreadcrumbList","@id":"https:\/\/vetanco.com\/es\/producto\/di-heptarine-s-premix\/#breadcrumb","itemListElement":[{"@type":"ListItem","position":1,"name":"In\u00edcio","item":"https:\/\/vetanco.com\/es\/"},{"@type":"ListItem","position":2,"name":"Productos","item":"https:\/\/vetanco.com\/es\/productos\/"},{"@type":"ListItem","position":3,"name":"DI HEPTARINE S\u00ae PREMIX"}]},{"@type":"WebSite","@id":"https:\/\/vetanco.com\/es\/#website","url":"https:\/\/vetanco.com\/es\/","name":"Vetanco Argentina","description":"Productos Seguros para Alimentos Seguros","potentialAction":[{"@type":"SearchAction","target":{"@type":"EntryPoint","urlTemplate":"https:\/\/vetanco.com\/es\/?s={search_term_string}"},"query-input":{"@type":"PropertyValueSpecification","valueRequired":true,"valueName":"search_term_string"}}],"inLanguage":"es"}]}},"_links":{"self":[{"href":"https:\/\/vetanco.com\/es\/wp-json\/wp\/v2\/product\/11241","targetHints":{"allow":["GET"]}}],"collection":[{"href":"https:\/\/vetanco.com\/es\/wp-json\/wp\/v2\/product"}],"about":[{"href":"https:\/\/vetanco.com\/es\/wp-json\/wp\/v2\/types\/product"}],"replies":[{"embeddable":true,"href":"https:\/\/vetanco.com\/es\/wp-json\/wp\/v2\/comments?post=11241"}],"wp:featuredmedia":[{"embeddable":true,"href":"https:\/\/vetanco.com\/es\/wp-json\/wp\/v2\/media\/13843"}],"wp:attachment":[{"href":"https:\/\/vetanco.com\/es\/wp-json\/wp\/v2\/media?parent=11241"}],"wp:term":[{"taxonomy":"product_brand","embeddable":true,"href":"https:\/\/vetanco.com\/es\/wp-json\/wp\/v2\/product_brand?post=11241"},{"taxonomy":"product_cat","embeddable":true,"href":"https:\/\/vetanco.com\/es\/wp-json\/wp\/v2\/product_cat?post=11241"},{"taxonomy":"product_tag","embeddable":true,"href":"https:\/\/vetanco.com\/es\/wp-json\/wp\/v2\/product_tag?post=11241"}],"curies":[{"name":"wp","href":"https:\/\/api.w.org\/{rel}","templated":true}]}}