{"id":11319,"date":"2024-10-14T11:02:44","date_gmt":"2024-10-14T14:02:44","guid":{"rendered":"https:\/\/vetanco.com\/es\/?post_type=product&#038;p=11319"},"modified":"2025-06-01T14:17:51","modified_gmt":"2025-06-01T17:17:51","slug":"triatix-plus","status":"publish","type":"product","link":"https:\/\/vetanco.com\/es\/producto\/triatix-plus\/","title":{"rendered":"TRIATIX<sup>\u00ae<\/sup> PLUS"},"content":{"rendered":"<p><span style=\"color: #00397f;\"><strong>COMPOSICI\u00d3N<\/strong><\/span><\/p>\n<p>Amitraz 12,5%.<\/p>\n<p>&nbsp;<\/p>\n<p><span style=\"color: #00397f;\"><b>DOSIS<\/b><\/span><\/p>\n<p><b><i>Control Garrapaticida <\/i><\/b><\/p>\n<ul>\n<li><i><span style=\"font-weight: 400;\">Pie de ba\u00f1o: <\/span><\/i><span style=\"font-weight: 400;\">2 L y 10 kg de estabilizante por cada 1.000 L de agua. Para limpieza total, dos ba\u00f1os con un intervalo de 9 d\u00edas. Para ba\u00f1os generales, ba\u00f1os de 15 \u2013 20 segundos sumergi\u00e9ndole\u00a0 la cabeza en dos o tres oportunidades, con un intervalo de 15 \u2013 21 d\u00edas.<\/span><\/li>\n<li><i><span style=\"font-weight: 400;\">Reposici\u00f3n y refuerzos: <\/span><\/i><span style=\"font-weight: 400;\">4 L y 20 kg de estabilizante por cada 1.000 L de agua.<\/span><\/li>\n<\/ul>\n<p><b><i>Antis\u00e1rnico <\/i><\/b><\/p>\n<ul>\n<li><i><span style=\"font-weight: 400;\">Pie de ba\u00f1o: <\/span><\/i><span style=\"font-weight: 400;\">3,5 L y 17,5 kg de estabilizante por cada 1.000 L de agua. Dos ba\u00f1os con un intervalo de 10 \u2013 12 d\u00edas con ba\u00f1os.<\/span><\/li>\n<li><i><span style=\"font-weight: 400;\">Reposici\u00f3n y refuerzos: <\/span><\/i><span style=\"font-weight: 400;\">7 L y 35 kg de estabilizante por cada 1.000 L de agua.<\/span><\/li>\n<\/ul>\n<p>&nbsp;<\/p>\n<p><span style=\"color: #00397f;\"><b>PER\u00cdODO DE RETIRO<\/b><\/span><\/p>\n<p><span style=\"font-weight: 400;\">Carne 14 d\u00edas.<\/span><\/p>\n<p>&nbsp;<\/p>\n<p><span style=\"color: #00397f;\"><b>PRESENTACI\u00d3N<\/b><\/span><\/p>\n<p><span style=\"font-weight: 400;\">4 L + estabilizante.<\/span><\/p>\n","protected":false},"excerpt":{"rendered":"<p><img loading=\"lazy\" decoding=\"async\" class=\"alignnone size-full wp-image-11191\" src=\"https:\/\/vetanco.com\/es\/wp-content\/uploads\/2024\/10\/Picto-Bovinos-1.png\" alt=\"\" width=\"75\" height=\"63\" \/><\/p>\n<p><span style=\"font-weight: 400;\">Garrapaticida y antis\u00e1rnico por inmersi\u00f3n.<\/span><\/p>\n","protected":false},"featured_media":13867,"comment_status":"open","ping_status":"closed","template":"","meta":[],"product_brand":[],"product_cat":[21],"product_tag":[],"class_list":{"0":"post-11319","1":"product","2":"type-product","3":"status-publish","4":"has-post-thumbnail","6":"product_cat-bovinos","8":"first","9":"instock","10":"shipping-taxable","11":"product-type-simple"},"yoast_head":"<!-- This site is optimized with the Yoast SEO plugin v27.1.1 - https:\/\/yoast.com\/product\/yoast-seo-wordpress\/ -->\n<title>TRIATIX\u00ae PLUS - Vetanco Argentina<\/title>\n<meta name=\"description\" content=\"Producto de la l\u00ednea Vetanco formulado especialmente para Bovinos, cuyo fin principalmente es ser un Garrapaticida y antis\u00e1rnico por inmersi\u00f3n.\" \/>\n<meta name=\"robots\" content=\"index, follow, max-snippet:-1, max-image-preview:large, max-video-preview:-1\" \/>\n<link rel=\"canonical\" href=\"https:\/\/vetanco.com\/es\/producto\/triatix-plus\/\" \/>\n<meta property=\"og:locale\" content=\"es_ES\" \/>\n<meta property=\"og:type\" content=\"article\" \/>\n<meta property=\"og:title\" content=\"TRIATIX\u00ae PLUS - Vetanco Argentina\" \/>\n<meta property=\"og:description\" content=\"Producto de la l\u00ednea Vetanco formulado especialmente para Bovinos, cuyo fin principalmente es ser un Garrapaticida y antis\u00e1rnico por inmersi\u00f3n.\" \/>\n<meta property=\"og:url\" content=\"https:\/\/vetanco.com\/es\/producto\/triatix-plus\/\" \/>\n<meta property=\"og:site_name\" content=\"Vetanco Argentina\" \/>\n<meta property=\"article:publisher\" content=\"https:\/\/www.facebook.com\/vetancoargentina\" \/>\n<meta property=\"article:modified_time\" content=\"2025-06-01T17:17:51+00:00\" \/>\n<meta property=\"og:image\" content=\"https:\/\/vetanco.com\/es\/wp-content\/uploads\/2024\/10\/Triatix-PLUS-2.png\" \/>\n\t<meta property=\"og:image:width\" content=\"800\" \/>\n\t<meta property=\"og:image:height\" content=\"800\" \/>\n\t<meta property=\"og:image:type\" content=\"image\/png\" \/>\n<meta name=\"twitter:card\" content=\"summary_large_image\" \/>\n<meta name=\"twitter:label1\" content=\"Tiempo de lectura\" \/>\n\t<meta name=\"twitter:data1\" content=\"1 minuto\" \/>\n<script type=\"application\/ld+json\" class=\"yoast-schema-graph\">{\"@context\":\"https:\/\/schema.org\",\"@graph\":[{\"@type\":\"WebPage\",\"@id\":\"https:\/\/vetanco.com\/es\/producto\/triatix-plus\/\",\"url\":\"https:\/\/vetanco.com\/es\/producto\/triatix-plus\/\",\"name\":\"TRIATIX\u00ae PLUS - Vetanco Argentina\",\"isPartOf\":{\"@id\":\"https:\/\/vetanco.com\/es\/#website\"},\"primaryImageOfPage\":{\"@id\":\"https:\/\/vetanco.com\/es\/producto\/triatix-plus\/#primaryimage\"},\"image\":{\"@id\":\"https:\/\/vetanco.com\/es\/producto\/triatix-plus\/#primaryimage\"},\"thumbnailUrl\":\"https:\/\/vetanco.com\/es\/wp-content\/uploads\/2024\/10\/Triatix-PLUS-2.png\",\"datePublished\":\"2024-10-14T14:02:44+00:00\",\"dateModified\":\"2025-06-01T17:17:51+00:00\",\"description\":\"Producto de la l\u00ednea Vetanco formulado especialmente para Bovinos, cuyo fin principalmente es ser un Garrapaticida y antis\u00e1rnico por inmersi\u00f3n.\",\"breadcrumb\":{\"@id\":\"https:\/\/vetanco.com\/es\/producto\/triatix-plus\/#breadcrumb\"},\"inLanguage\":\"es\",\"potentialAction\":[{\"@type\":\"ReadAction\",\"target\":[\"https:\/\/vetanco.com\/es\/producto\/triatix-plus\/\"]}]},{\"@type\":\"ImageObject\",\"inLanguage\":\"es\",\"@id\":\"https:\/\/vetanco.com\/es\/producto\/triatix-plus\/#primaryimage\",\"url\":\"https:\/\/vetanco.com\/es\/wp-content\/uploads\/2024\/10\/Triatix-PLUS-2.png\",\"contentUrl\":\"https:\/\/vetanco.com\/es\/wp-content\/uploads\/2024\/10\/Triatix-PLUS-2.png\",\"width\":800,\"height\":800},{\"@type\":\"BreadcrumbList\",\"@id\":\"https:\/\/vetanco.com\/es\/producto\/triatix-plus\/#breadcrumb\",\"itemListElement\":[{\"@type\":\"ListItem\",\"position\":1,\"name\":\"In\u00edcio\",\"item\":\"https:\/\/vetanco.com\/es\/\"},{\"@type\":\"ListItem\",\"position\":2,\"name\":\"Productos\",\"item\":\"https:\/\/vetanco.com\/es\/productos\/\"},{\"@type\":\"ListItem\",\"position\":3,\"name\":\"TRIATIX\u00ae PLUS\"}]},{\"@type\":\"WebSite\",\"@id\":\"https:\/\/vetanco.com\/es\/#website\",\"url\":\"https:\/\/vetanco.com\/es\/\",\"name\":\"Vetanco Argentina\",\"description\":\"Productos Seguros para Alimentos Seguros\",\"potentialAction\":[{\"@type\":\"SearchAction\",\"target\":{\"@type\":\"EntryPoint\",\"urlTemplate\":\"https:\/\/vetanco.com\/es\/?s={search_term_string}\"},\"query-input\":{\"@type\":\"PropertyValueSpecification\",\"valueRequired\":true,\"valueName\":\"search_term_string\"}}],\"inLanguage\":\"es\"}]}<\/script>\n<!-- \/ Yoast SEO plugin. -->","yoast_head_json":{"title":"TRIATIX\u00ae PLUS - Vetanco Argentina","description":"Producto de la l\u00ednea Vetanco formulado especialmente para Bovinos, cuyo fin principalmente es ser un Garrapaticida y antis\u00e1rnico por inmersi\u00f3n.","robots":{"index":"index","follow":"follow","max-snippet":"max-snippet:-1","max-image-preview":"max-image-preview:large","max-video-preview":"max-video-preview:-1"},"canonical":"https:\/\/vetanco.com\/es\/producto\/triatix-plus\/","og_locale":"es_ES","og_type":"article","og_title":"TRIATIX\u00ae PLUS - Vetanco Argentina","og_description":"Producto de la l\u00ednea Vetanco formulado especialmente para Bovinos, cuyo fin principalmente es ser un Garrapaticida y antis\u00e1rnico por inmersi\u00f3n.","og_url":"https:\/\/vetanco.com\/es\/producto\/triatix-plus\/","og_site_name":"Vetanco Argentina","article_publisher":"https:\/\/www.facebook.com\/vetancoargentina","article_modified_time":"2025-06-01T17:17:51+00:00","og_image":[{"width":800,"height":800,"url":"https:\/\/vetanco.com\/es\/wp-content\/uploads\/2024\/10\/Triatix-PLUS-2.png","type":"image\/png"}],"twitter_card":"summary_large_image","twitter_misc":{"Tiempo de lectura":"1 minuto"},"schema":{"@context":"https:\/\/schema.org","@graph":[{"@type":"WebPage","@id":"https:\/\/vetanco.com\/es\/producto\/triatix-plus\/","url":"https:\/\/vetanco.com\/es\/producto\/triatix-plus\/","name":"TRIATIX\u00ae PLUS - Vetanco Argentina","isPartOf":{"@id":"https:\/\/vetanco.com\/es\/#website"},"primaryImageOfPage":{"@id":"https:\/\/vetanco.com\/es\/producto\/triatix-plus\/#primaryimage"},"image":{"@id":"https:\/\/vetanco.com\/es\/producto\/triatix-plus\/#primaryimage"},"thumbnailUrl":"https:\/\/vetanco.com\/es\/wp-content\/uploads\/2024\/10\/Triatix-PLUS-2.png","datePublished":"2024-10-14T14:02:44+00:00","dateModified":"2025-06-01T17:17:51+00:00","description":"Producto de la l\u00ednea Vetanco formulado especialmente para Bovinos, cuyo fin principalmente es ser un Garrapaticida y antis\u00e1rnico por inmersi\u00f3n.","breadcrumb":{"@id":"https:\/\/vetanco.com\/es\/producto\/triatix-plus\/#breadcrumb"},"inLanguage":"es","potentialAction":[{"@type":"ReadAction","target":["https:\/\/vetanco.com\/es\/producto\/triatix-plus\/"]}]},{"@type":"ImageObject","inLanguage":"es","@id":"https:\/\/vetanco.com\/es\/producto\/triatix-plus\/#primaryimage","url":"https:\/\/vetanco.com\/es\/wp-content\/uploads\/2024\/10\/Triatix-PLUS-2.png","contentUrl":"https:\/\/vetanco.com\/es\/wp-content\/uploads\/2024\/10\/Triatix-PLUS-2.png","width":800,"height":800},{"@type":"BreadcrumbList","@id":"https:\/\/vetanco.com\/es\/producto\/triatix-plus\/#breadcrumb","itemListElement":[{"@type":"ListItem","position":1,"name":"In\u00edcio","item":"https:\/\/vetanco.com\/es\/"},{"@type":"ListItem","position":2,"name":"Productos","item":"https:\/\/vetanco.com\/es\/productos\/"},{"@type":"ListItem","position":3,"name":"TRIATIX\u00ae PLUS"}]},{"@type":"WebSite","@id":"https:\/\/vetanco.com\/es\/#website","url":"https:\/\/vetanco.com\/es\/","name":"Vetanco Argentina","description":"Productos Seguros para Alimentos Seguros","potentialAction":[{"@type":"SearchAction","target":{"@type":"EntryPoint","urlTemplate":"https:\/\/vetanco.com\/es\/?s={search_term_string}"},"query-input":{"@type":"PropertyValueSpecification","valueRequired":true,"valueName":"search_term_string"}}],"inLanguage":"es"}]}},"_links":{"self":[{"href":"https:\/\/vetanco.com\/es\/wp-json\/wp\/v2\/product\/11319","targetHints":{"allow":["GET"]}}],"collection":[{"href":"https:\/\/vetanco.com\/es\/wp-json\/wp\/v2\/product"}],"about":[{"href":"https:\/\/vetanco.com\/es\/wp-json\/wp\/v2\/types\/product"}],"replies":[{"embeddable":true,"href":"https:\/\/vetanco.com\/es\/wp-json\/wp\/v2\/comments?post=11319"}],"wp:featuredmedia":[{"embeddable":true,"href":"https:\/\/vetanco.com\/es\/wp-json\/wp\/v2\/media\/13867"}],"wp:attachment":[{"href":"https:\/\/vetanco.com\/es\/wp-json\/wp\/v2\/media?parent=11319"}],"wp:term":[{"taxonomy":"product_brand","embeddable":true,"href":"https:\/\/vetanco.com\/es\/wp-json\/wp\/v2\/product_brand?post=11319"},{"taxonomy":"product_cat","embeddable":true,"href":"https:\/\/vetanco.com\/es\/wp-json\/wp\/v2\/product_cat?post=11319"},{"taxonomy":"product_tag","embeddable":true,"href":"https:\/\/vetanco.com\/es\/wp-json\/wp\/v2\/product_tag?post=11319"}],"curies":[{"name":"wp","href":"https:\/\/api.w.org\/{rel}","templated":true}]}}