{"id":11334,"date":"2024-10-14T12:18:25","date_gmt":"2024-10-14T15:18:25","guid":{"rendered":"https:\/\/vetanco.com\/es\/?post_type=product&#038;p=11334"},"modified":"2025-06-01T08:42:14","modified_gmt":"2025-06-01T11:42:14","slug":"rumino-zyme","status":"publish","type":"product","link":"https:\/\/vetanco.com\/es\/producto\/rumino-zyme\/","title":{"rendered":"RUMINO-ZYME<sup>\u00ae<\/sup>"},"content":{"rendered":"<p><span style=\"color: #00397f;\"><strong>COMPOSICI\u00d3N<\/strong><\/span><\/p>\n<p>Xilanasa m\u00ednimo 500 UI\/g, Aspergillus oryzae 2 x 10\u2074 UFC\/g.<\/p>\n<p>&nbsp;<\/p>\n<p><span style=\"color: #00397f;\"><strong>INDICACIONES<\/strong><\/span><\/p>\n<p>La actividad de la Xilanasa sobre los polisac\u00e1ridos no amil\u00e1ceos (PNA) libera az\u00facares simples que son asimilados por el animal.<\/p>\n<p>Adicionalmente la presencia de esporas de <em>Aspergillus oryzae<\/em> que se activan en el rumen, permite por su actividad<br \/>\nmetab\u00f3lica el consumo del exceso de gas generado durante el proceso digestivo a causa de las dietas habituales<br \/>\nempleadas en sistemas intensivos tipo feed-lot.<\/p>\n<p>La incorporaci\u00f3n de <strong>Rumino-Zyme\u00ae<\/strong> al alimento mejora la performance productiva de rumiantes lecheros y de<br \/>\nengorde, incrementando la producci\u00f3n de leche y la ganancia de peso respectivamente.<\/p>\n<p>&nbsp;<\/p>\n<p><span style=\"color: #00397f;\"><b>DOSIS<\/b><\/span><\/p>\n<p><span style=\"font-weight: 400;\">0,5 a 1 gr\/kg de materia seca adicionado al alimento.<\/span><\/p>\n<p>&nbsp;<\/p>\n<p><span style=\"color: #00397f;\"><b>PER\u00cdODO DE RETIRO<\/b><\/span><\/p>\n<p><span style=\"font-weight: 400;\">No posee.<\/span><\/p>\n<p>&nbsp;<\/p>\n<p><span style=\"color: #00397f;\"><b>PRESENTACI\u00d3N<\/b><\/span><\/p>\n<p><span style=\"font-weight: 400;\">10 kg y 25 kg.<\/span><\/p>\n","protected":false},"excerpt":{"rendered":"<p><img loading=\"lazy\" decoding=\"async\" class=\"alignnone size-full wp-image-11183\" src=\"https:\/\/vetanco.com\/es\/wp-content\/uploads\/2024\/10\/Picto-Bovinos.png\" alt=\"\" width=\"75\" height=\"63\" \/><\/p>\n<p>Producto enzim\u00e1tico con actividad xilanasa, efectiva para la degradaci\u00f3n de material fibroso vegetal en alimentos<br \/>\npara bovinos lecheros y de engorde. Mejora la digestibilidad de la materia seca y de la fibra detergente neutra.<\/p>\n","protected":false},"featured_media":13985,"comment_status":"open","ping_status":"closed","template":"","meta":[],"product_brand":[],"product_cat":[21],"product_tag":[],"class_list":{"0":"post-11334","1":"product","2":"type-product","3":"status-publish","4":"has-post-thumbnail","6":"product_cat-bovinos","8":"first","9":"instock","10":"shipping-taxable","11":"product-type-simple"},"yoast_head":"<!-- This site is optimized with the Yoast SEO plugin v27.1.1 - https:\/\/yoast.com\/product\/yoast-seo-wordpress\/ -->\n<title>RUMINO-ZYME\u00ae - Vetanco Argentina<\/title>\n<meta name=\"description\" content=\"Mejora la performance productiva de rumiantes lecheros y de engorde, incrementando la producci\u00f3n de leche y la ganancia de peso.\" \/>\n<meta name=\"robots\" content=\"index, follow, max-snippet:-1, max-image-preview:large, max-video-preview:-1\" \/>\n<link rel=\"canonical\" href=\"https:\/\/vetanco.com\/es\/producto\/rumino-zyme\/\" \/>\n<meta property=\"og:locale\" content=\"es_ES\" \/>\n<meta property=\"og:type\" content=\"article\" \/>\n<meta property=\"og:title\" content=\"RUMINO-ZYME\u00ae - Vetanco Argentina\" \/>\n<meta property=\"og:description\" content=\"Mejora la performance productiva de rumiantes lecheros y de engorde, incrementando la producci\u00f3n de leche y la ganancia de peso.\" \/>\n<meta property=\"og:url\" content=\"https:\/\/vetanco.com\/es\/producto\/rumino-zyme\/\" \/>\n<meta property=\"og:site_name\" content=\"Vetanco Argentina\" \/>\n<meta property=\"article:publisher\" content=\"https:\/\/www.facebook.com\/vetancoargentina\" \/>\n<meta property=\"article:modified_time\" content=\"2025-06-01T11:42:14+00:00\" \/>\n<meta property=\"og:image\" content=\"https:\/\/vetanco.com\/es\/wp-content\/uploads\/2024\/10\/Rumino-Zyme-2.png\" \/>\n\t<meta property=\"og:image:width\" content=\"800\" \/>\n\t<meta property=\"og:image:height\" content=\"800\" \/>\n\t<meta property=\"og:image:type\" content=\"image\/png\" \/>\n<meta name=\"twitter:card\" content=\"summary_large_image\" \/>\n<meta name=\"twitter:label1\" content=\"Tiempo de lectura\" \/>\n\t<meta name=\"twitter:data1\" content=\"1 minuto\" \/>\n<script type=\"application\/ld+json\" class=\"yoast-schema-graph\">{\"@context\":\"https:\/\/schema.org\",\"@graph\":[{\"@type\":\"WebPage\",\"@id\":\"https:\/\/vetanco.com\/es\/producto\/rumino-zyme\/\",\"url\":\"https:\/\/vetanco.com\/es\/producto\/rumino-zyme\/\",\"name\":\"RUMINO-ZYME\u00ae - Vetanco Argentina\",\"isPartOf\":{\"@id\":\"https:\/\/vetanco.com\/es\/#website\"},\"primaryImageOfPage\":{\"@id\":\"https:\/\/vetanco.com\/es\/producto\/rumino-zyme\/#primaryimage\"},\"image\":{\"@id\":\"https:\/\/vetanco.com\/es\/producto\/rumino-zyme\/#primaryimage\"},\"thumbnailUrl\":\"https:\/\/vetanco.com\/es\/wp-content\/uploads\/2024\/10\/Rumino-Zyme-2.png\",\"datePublished\":\"2024-10-14T15:18:25+00:00\",\"dateModified\":\"2025-06-01T11:42:14+00:00\",\"description\":\"Mejora la performance productiva de rumiantes lecheros y de engorde, incrementando la producci\u00f3n de leche y la ganancia de peso.\",\"breadcrumb\":{\"@id\":\"https:\/\/vetanco.com\/es\/producto\/rumino-zyme\/#breadcrumb\"},\"inLanguage\":\"es\",\"potentialAction\":[{\"@type\":\"ReadAction\",\"target\":[\"https:\/\/vetanco.com\/es\/producto\/rumino-zyme\/\"]}]},{\"@type\":\"ImageObject\",\"inLanguage\":\"es\",\"@id\":\"https:\/\/vetanco.com\/es\/producto\/rumino-zyme\/#primaryimage\",\"url\":\"https:\/\/vetanco.com\/es\/wp-content\/uploads\/2024\/10\/Rumino-Zyme-2.png\",\"contentUrl\":\"https:\/\/vetanco.com\/es\/wp-content\/uploads\/2024\/10\/Rumino-Zyme-2.png\",\"width\":800,\"height\":800},{\"@type\":\"BreadcrumbList\",\"@id\":\"https:\/\/vetanco.com\/es\/producto\/rumino-zyme\/#breadcrumb\",\"itemListElement\":[{\"@type\":\"ListItem\",\"position\":1,\"name\":\"In\u00edcio\",\"item\":\"https:\/\/vetanco.com\/es\/\"},{\"@type\":\"ListItem\",\"position\":2,\"name\":\"Productos\",\"item\":\"https:\/\/vetanco.com\/es\/productos\/\"},{\"@type\":\"ListItem\",\"position\":3,\"name\":\"RUMINO-ZYME\u00ae\"}]},{\"@type\":\"WebSite\",\"@id\":\"https:\/\/vetanco.com\/es\/#website\",\"url\":\"https:\/\/vetanco.com\/es\/\",\"name\":\"Vetanco Argentina\",\"description\":\"Productos Seguros para Alimentos Seguros\",\"potentialAction\":[{\"@type\":\"SearchAction\",\"target\":{\"@type\":\"EntryPoint\",\"urlTemplate\":\"https:\/\/vetanco.com\/es\/?s={search_term_string}\"},\"query-input\":{\"@type\":\"PropertyValueSpecification\",\"valueRequired\":true,\"valueName\":\"search_term_string\"}}],\"inLanguage\":\"es\"}]}<\/script>\n<!-- \/ Yoast SEO plugin. -->","yoast_head_json":{"title":"RUMINO-ZYME\u00ae - Vetanco Argentina","description":"Mejora la performance productiva de rumiantes lecheros y de engorde, incrementando la producci\u00f3n de leche y la ganancia de peso.","robots":{"index":"index","follow":"follow","max-snippet":"max-snippet:-1","max-image-preview":"max-image-preview:large","max-video-preview":"max-video-preview:-1"},"canonical":"https:\/\/vetanco.com\/es\/producto\/rumino-zyme\/","og_locale":"es_ES","og_type":"article","og_title":"RUMINO-ZYME\u00ae - Vetanco Argentina","og_description":"Mejora la performance productiva de rumiantes lecheros y de engorde, incrementando la producci\u00f3n de leche y la ganancia de peso.","og_url":"https:\/\/vetanco.com\/es\/producto\/rumino-zyme\/","og_site_name":"Vetanco Argentina","article_publisher":"https:\/\/www.facebook.com\/vetancoargentina","article_modified_time":"2025-06-01T11:42:14+00:00","og_image":[{"width":800,"height":800,"url":"https:\/\/vetanco.com\/es\/wp-content\/uploads\/2024\/10\/Rumino-Zyme-2.png","type":"image\/png"}],"twitter_card":"summary_large_image","twitter_misc":{"Tiempo de lectura":"1 minuto"},"schema":{"@context":"https:\/\/schema.org","@graph":[{"@type":"WebPage","@id":"https:\/\/vetanco.com\/es\/producto\/rumino-zyme\/","url":"https:\/\/vetanco.com\/es\/producto\/rumino-zyme\/","name":"RUMINO-ZYME\u00ae - Vetanco Argentina","isPartOf":{"@id":"https:\/\/vetanco.com\/es\/#website"},"primaryImageOfPage":{"@id":"https:\/\/vetanco.com\/es\/producto\/rumino-zyme\/#primaryimage"},"image":{"@id":"https:\/\/vetanco.com\/es\/producto\/rumino-zyme\/#primaryimage"},"thumbnailUrl":"https:\/\/vetanco.com\/es\/wp-content\/uploads\/2024\/10\/Rumino-Zyme-2.png","datePublished":"2024-10-14T15:18:25+00:00","dateModified":"2025-06-01T11:42:14+00:00","description":"Mejora la performance productiva de rumiantes lecheros y de engorde, incrementando la producci\u00f3n de leche y la ganancia de peso.","breadcrumb":{"@id":"https:\/\/vetanco.com\/es\/producto\/rumino-zyme\/#breadcrumb"},"inLanguage":"es","potentialAction":[{"@type":"ReadAction","target":["https:\/\/vetanco.com\/es\/producto\/rumino-zyme\/"]}]},{"@type":"ImageObject","inLanguage":"es","@id":"https:\/\/vetanco.com\/es\/producto\/rumino-zyme\/#primaryimage","url":"https:\/\/vetanco.com\/es\/wp-content\/uploads\/2024\/10\/Rumino-Zyme-2.png","contentUrl":"https:\/\/vetanco.com\/es\/wp-content\/uploads\/2024\/10\/Rumino-Zyme-2.png","width":800,"height":800},{"@type":"BreadcrumbList","@id":"https:\/\/vetanco.com\/es\/producto\/rumino-zyme\/#breadcrumb","itemListElement":[{"@type":"ListItem","position":1,"name":"In\u00edcio","item":"https:\/\/vetanco.com\/es\/"},{"@type":"ListItem","position":2,"name":"Productos","item":"https:\/\/vetanco.com\/es\/productos\/"},{"@type":"ListItem","position":3,"name":"RUMINO-ZYME\u00ae"}]},{"@type":"WebSite","@id":"https:\/\/vetanco.com\/es\/#website","url":"https:\/\/vetanco.com\/es\/","name":"Vetanco Argentina","description":"Productos Seguros para Alimentos Seguros","potentialAction":[{"@type":"SearchAction","target":{"@type":"EntryPoint","urlTemplate":"https:\/\/vetanco.com\/es\/?s={search_term_string}"},"query-input":{"@type":"PropertyValueSpecification","valueRequired":true,"valueName":"search_term_string"}}],"inLanguage":"es"}]}},"_links":{"self":[{"href":"https:\/\/vetanco.com\/es\/wp-json\/wp\/v2\/product\/11334","targetHints":{"allow":["GET"]}}],"collection":[{"href":"https:\/\/vetanco.com\/es\/wp-json\/wp\/v2\/product"}],"about":[{"href":"https:\/\/vetanco.com\/es\/wp-json\/wp\/v2\/types\/product"}],"replies":[{"embeddable":true,"href":"https:\/\/vetanco.com\/es\/wp-json\/wp\/v2\/comments?post=11334"}],"wp:featuredmedia":[{"embeddable":true,"href":"https:\/\/vetanco.com\/es\/wp-json\/wp\/v2\/media\/13985"}],"wp:attachment":[{"href":"https:\/\/vetanco.com\/es\/wp-json\/wp\/v2\/media?parent=11334"}],"wp:term":[{"taxonomy":"product_brand","embeddable":true,"href":"https:\/\/vetanco.com\/es\/wp-json\/wp\/v2\/product_brand?post=11334"},{"taxonomy":"product_cat","embeddable":true,"href":"https:\/\/vetanco.com\/es\/wp-json\/wp\/v2\/product_cat?post=11334"},{"taxonomy":"product_tag","embeddable":true,"href":"https:\/\/vetanco.com\/es\/wp-json\/wp\/v2\/product_tag?post=11334"}],"curies":[{"name":"wp","href":"https:\/\/api.w.org\/{rel}","templated":true}]}}