{"id":11340,"date":"2024-10-14T14:04:49","date_gmt":"2024-10-14T17:04:49","guid":{"rendered":"https:\/\/vetanco.com\/es\/?post_type=product&#038;p=11340"},"modified":"2025-02-03T13:55:10","modified_gmt":"2025-02-03T16:55:10","slug":"block-respiratoria","status":"publish","type":"product","link":"https:\/\/vetanco.com\/es\/producto\/block-respiratoria\/","title":{"rendered":"BLOCK<sup>\u00ae<\/sup> RESPIRATORIA"},"content":{"rendered":"<p><strong><span style=\"color: #00397f;\">COMPOSICI\u00d3N<\/span><\/strong><\/p>\n<p>Cultivos inactivados del virus de la IBR, BVD, PI3, BRSV y bacterina de Pasteurella, Mannheimia y Haemophilu. Adyuvante oleoso en doble emulsi\u00f3n.<\/p>\n<p>&nbsp;<\/p>\n<p><span style=\"color: #00397f;\"><b>DOSIS<\/b><\/span><\/p>\n<p><span style=\"font-weight: 400;\">5 ml por v\u00eda subcut\u00e1nea a bovinos mayores a 3 meses de edad. Aplicar dos dosis con 30 d\u00edas de intervalo en la primoinoculaci\u00f3n. Revacunar anualmente con una sola dosis.<\/span><\/p>\n<ul>\n<li><span style=\"font-weight: 400;\"><em>Vacas y Vaquillonas:<\/em> 7\u00b0 y 8\u00b0 mes de gestaci\u00f3n.<\/span><\/li>\n<\/ul>\n<p>&nbsp;<\/p>\n<p><span style=\"color: #00397f;\"><b>PRESENTACI\u00d3N<\/b><\/span><\/p>\n<p><span style=\"font-weight: 400;\">250 ml (50 dosis).<\/span><\/p>\n","protected":false},"excerpt":{"rendered":"<p><img loading=\"lazy\" decoding=\"async\" class=\"alignnone size-full wp-image-11191\" src=\"https:\/\/vetanco.com\/es\/wp-content\/uploads\/2024\/10\/Picto-Bovinos-1.png\" alt=\"\" width=\"75\" height=\"63\" \/><\/p>\n<p><span style=\"font-weight: 400;\">Prevenci\u00f3n de cuadros respiratorios producidos por los v\u00edrus de IBR, BVD\/MD, PI3 y BRSV y bacterias asociadas.<\/span><\/p>\n","protected":false},"featured_media":13835,"comment_status":"open","ping_status":"closed","template":"","meta":[],"product_brand":[],"product_cat":[21],"product_tag":[],"class_list":{"0":"post-11340","1":"product","2":"type-product","3":"status-publish","4":"has-post-thumbnail","6":"product_cat-bovinos","8":"first","9":"instock","10":"shipping-taxable","11":"product-type-simple"},"yoast_head":"<!-- This site is optimized with the Yoast SEO plugin v27.3 - https:\/\/yoast.com\/product\/yoast-seo-wordpress\/ -->\n<title>BLOCK\u00ae RESPIRATORIA - Vetanco Argentina<\/title>\n<meta name=\"description\" content=\"Prevenci\u00f3n de cuadros respiratorios producidos por los v\u00edrus de IBR, BVD\/MD, PI3 y BRSV y bacterias asociadas en Bovinos.\" \/>\n<meta name=\"robots\" content=\"index, follow, max-snippet:-1, max-image-preview:large, max-video-preview:-1\" \/>\n<link rel=\"canonical\" href=\"https:\/\/vetanco.com\/es\/producto\/block-respiratoria\/\" \/>\n<meta property=\"og:locale\" content=\"es_ES\" \/>\n<meta property=\"og:type\" content=\"article\" \/>\n<meta property=\"og:title\" content=\"BLOCK\u00ae RESPIRATORIA - Vetanco Argentina\" \/>\n<meta property=\"og:description\" content=\"Prevenci\u00f3n de cuadros respiratorios producidos por los v\u00edrus de IBR, BVD\/MD, PI3 y BRSV y bacterias asociadas en Bovinos.\" \/>\n<meta property=\"og:url\" content=\"https:\/\/vetanco.com\/es\/producto\/block-respiratoria\/\" \/>\n<meta property=\"og:site_name\" content=\"Vetanco Argentina\" \/>\n<meta property=\"article:publisher\" content=\"https:\/\/www.facebook.com\/vetancoargentina\" \/>\n<meta property=\"article:modified_time\" content=\"2025-02-03T16:55:10+00:00\" \/>\n<meta property=\"og:image\" content=\"https:\/\/vetanco.com\/es\/wp-content\/uploads\/2024\/10\/Block-Respiratoria-1.png\" \/>\n\t<meta property=\"og:image:width\" content=\"800\" \/>\n\t<meta property=\"og:image:height\" content=\"800\" \/>\n\t<meta property=\"og:image:type\" content=\"image\/png\" \/>\n<meta name=\"twitter:card\" content=\"summary_large_image\" \/>\n<meta name=\"twitter:label1\" content=\"Tiempo de lectura\" \/>\n\t<meta name=\"twitter:data1\" content=\"1 minuto\" \/>\n<script type=\"application\/ld+json\" class=\"yoast-schema-graph\">{\"@context\":\"https:\\\/\\\/schema.org\",\"@graph\":[{\"@type\":\"WebPage\",\"@id\":\"https:\\\/\\\/vetanco.com\\\/es\\\/producto\\\/block-respiratoria\\\/\",\"url\":\"https:\\\/\\\/vetanco.com\\\/es\\\/producto\\\/block-respiratoria\\\/\",\"name\":\"BLOCK\u00ae RESPIRATORIA - Vetanco Argentina\",\"isPartOf\":{\"@id\":\"https:\\\/\\\/vetanco.com\\\/es\\\/#website\"},\"primaryImageOfPage\":{\"@id\":\"https:\\\/\\\/vetanco.com\\\/es\\\/producto\\\/block-respiratoria\\\/#primaryimage\"},\"image\":{\"@id\":\"https:\\\/\\\/vetanco.com\\\/es\\\/producto\\\/block-respiratoria\\\/#primaryimage\"},\"thumbnailUrl\":\"https:\\\/\\\/vetanco.com\\\/es\\\/wp-content\\\/uploads\\\/2024\\\/10\\\/Block-Respiratoria-1.png\",\"datePublished\":\"2024-10-14T17:04:49+00:00\",\"dateModified\":\"2025-02-03T16:55:10+00:00\",\"description\":\"Prevenci\u00f3n de cuadros respiratorios producidos por los v\u00edrus de IBR, BVD\\\/MD, PI3 y BRSV y bacterias asociadas en Bovinos.\",\"breadcrumb\":{\"@id\":\"https:\\\/\\\/vetanco.com\\\/es\\\/producto\\\/block-respiratoria\\\/#breadcrumb\"},\"inLanguage\":\"es\",\"potentialAction\":[{\"@type\":\"ReadAction\",\"target\":[\"https:\\\/\\\/vetanco.com\\\/es\\\/producto\\\/block-respiratoria\\\/\"]}]},{\"@type\":\"ImageObject\",\"inLanguage\":\"es\",\"@id\":\"https:\\\/\\\/vetanco.com\\\/es\\\/producto\\\/block-respiratoria\\\/#primaryimage\",\"url\":\"https:\\\/\\\/vetanco.com\\\/es\\\/wp-content\\\/uploads\\\/2024\\\/10\\\/Block-Respiratoria-1.png\",\"contentUrl\":\"https:\\\/\\\/vetanco.com\\\/es\\\/wp-content\\\/uploads\\\/2024\\\/10\\\/Block-Respiratoria-1.png\",\"width\":800,\"height\":800},{\"@type\":\"BreadcrumbList\",\"@id\":\"https:\\\/\\\/vetanco.com\\\/es\\\/producto\\\/block-respiratoria\\\/#breadcrumb\",\"itemListElement\":[{\"@type\":\"ListItem\",\"position\":1,\"name\":\"In\u00edcio\",\"item\":\"https:\\\/\\\/vetanco.com\\\/es\\\/\"},{\"@type\":\"ListItem\",\"position\":2,\"name\":\"Productos\",\"item\":\"https:\\\/\\\/vetanco.com\\\/es\\\/productos\\\/\"},{\"@type\":\"ListItem\",\"position\":3,\"name\":\"BLOCK\u00ae RESPIRATORIA\"}]},{\"@type\":\"WebSite\",\"@id\":\"https:\\\/\\\/vetanco.com\\\/es\\\/#website\",\"url\":\"https:\\\/\\\/vetanco.com\\\/es\\\/\",\"name\":\"Vetanco Argentina\",\"description\":\"Productos Seguros para Alimentos Seguros\",\"potentialAction\":[{\"@type\":\"SearchAction\",\"target\":{\"@type\":\"EntryPoint\",\"urlTemplate\":\"https:\\\/\\\/vetanco.com\\\/es\\\/?s={search_term_string}\"},\"query-input\":{\"@type\":\"PropertyValueSpecification\",\"valueRequired\":true,\"valueName\":\"search_term_string\"}}],\"inLanguage\":\"es\"}]}<\/script>\n<!-- \/ Yoast SEO plugin. -->","yoast_head_json":{"title":"BLOCK\u00ae RESPIRATORIA - Vetanco Argentina","description":"Prevenci\u00f3n de cuadros respiratorios producidos por los v\u00edrus de IBR, BVD\/MD, PI3 y BRSV y bacterias asociadas en Bovinos.","robots":{"index":"index","follow":"follow","max-snippet":"max-snippet:-1","max-image-preview":"max-image-preview:large","max-video-preview":"max-video-preview:-1"},"canonical":"https:\/\/vetanco.com\/es\/producto\/block-respiratoria\/","og_locale":"es_ES","og_type":"article","og_title":"BLOCK\u00ae RESPIRATORIA - Vetanco Argentina","og_description":"Prevenci\u00f3n de cuadros respiratorios producidos por los v\u00edrus de IBR, BVD\/MD, PI3 y BRSV y bacterias asociadas en Bovinos.","og_url":"https:\/\/vetanco.com\/es\/producto\/block-respiratoria\/","og_site_name":"Vetanco Argentina","article_publisher":"https:\/\/www.facebook.com\/vetancoargentina","article_modified_time":"2025-02-03T16:55:10+00:00","og_image":[{"width":800,"height":800,"url":"https:\/\/vetanco.com\/es\/wp-content\/uploads\/2024\/10\/Block-Respiratoria-1.png","type":"image\/png"}],"twitter_card":"summary_large_image","twitter_misc":{"Tiempo de lectura":"1 minuto"},"schema":{"@context":"https:\/\/schema.org","@graph":[{"@type":"WebPage","@id":"https:\/\/vetanco.com\/es\/producto\/block-respiratoria\/","url":"https:\/\/vetanco.com\/es\/producto\/block-respiratoria\/","name":"BLOCK\u00ae RESPIRATORIA - Vetanco Argentina","isPartOf":{"@id":"https:\/\/vetanco.com\/es\/#website"},"primaryImageOfPage":{"@id":"https:\/\/vetanco.com\/es\/producto\/block-respiratoria\/#primaryimage"},"image":{"@id":"https:\/\/vetanco.com\/es\/producto\/block-respiratoria\/#primaryimage"},"thumbnailUrl":"https:\/\/vetanco.com\/es\/wp-content\/uploads\/2024\/10\/Block-Respiratoria-1.png","datePublished":"2024-10-14T17:04:49+00:00","dateModified":"2025-02-03T16:55:10+00:00","description":"Prevenci\u00f3n de cuadros respiratorios producidos por los v\u00edrus de IBR, BVD\/MD, PI3 y BRSV y bacterias asociadas en Bovinos.","breadcrumb":{"@id":"https:\/\/vetanco.com\/es\/producto\/block-respiratoria\/#breadcrumb"},"inLanguage":"es","potentialAction":[{"@type":"ReadAction","target":["https:\/\/vetanco.com\/es\/producto\/block-respiratoria\/"]}]},{"@type":"ImageObject","inLanguage":"es","@id":"https:\/\/vetanco.com\/es\/producto\/block-respiratoria\/#primaryimage","url":"https:\/\/vetanco.com\/es\/wp-content\/uploads\/2024\/10\/Block-Respiratoria-1.png","contentUrl":"https:\/\/vetanco.com\/es\/wp-content\/uploads\/2024\/10\/Block-Respiratoria-1.png","width":800,"height":800},{"@type":"BreadcrumbList","@id":"https:\/\/vetanco.com\/es\/producto\/block-respiratoria\/#breadcrumb","itemListElement":[{"@type":"ListItem","position":1,"name":"In\u00edcio","item":"https:\/\/vetanco.com\/es\/"},{"@type":"ListItem","position":2,"name":"Productos","item":"https:\/\/vetanco.com\/es\/productos\/"},{"@type":"ListItem","position":3,"name":"BLOCK\u00ae RESPIRATORIA"}]},{"@type":"WebSite","@id":"https:\/\/vetanco.com\/es\/#website","url":"https:\/\/vetanco.com\/es\/","name":"Vetanco Argentina","description":"Productos Seguros para Alimentos Seguros","potentialAction":[{"@type":"SearchAction","target":{"@type":"EntryPoint","urlTemplate":"https:\/\/vetanco.com\/es\/?s={search_term_string}"},"query-input":{"@type":"PropertyValueSpecification","valueRequired":true,"valueName":"search_term_string"}}],"inLanguage":"es"}]}},"_links":{"self":[{"href":"https:\/\/vetanco.com\/es\/wp-json\/wp\/v2\/product\/11340","targetHints":{"allow":["GET"]}}],"collection":[{"href":"https:\/\/vetanco.com\/es\/wp-json\/wp\/v2\/product"}],"about":[{"href":"https:\/\/vetanco.com\/es\/wp-json\/wp\/v2\/types\/product"}],"replies":[{"embeddable":true,"href":"https:\/\/vetanco.com\/es\/wp-json\/wp\/v2\/comments?post=11340"}],"wp:featuredmedia":[{"embeddable":true,"href":"https:\/\/vetanco.com\/es\/wp-json\/wp\/v2\/media\/13835"}],"wp:attachment":[{"href":"https:\/\/vetanco.com\/es\/wp-json\/wp\/v2\/media?parent=11340"}],"wp:term":[{"taxonomy":"product_brand","embeddable":true,"href":"https:\/\/vetanco.com\/es\/wp-json\/wp\/v2\/product_brand?post=11340"},{"taxonomy":"product_cat","embeddable":true,"href":"https:\/\/vetanco.com\/es\/wp-json\/wp\/v2\/product_cat?post=11340"},{"taxonomy":"product_tag","embeddable":true,"href":"https:\/\/vetanco.com\/es\/wp-json\/wp\/v2\/product_tag?post=11340"}],"curies":[{"name":"wp","href":"https:\/\/api.w.org\/{rel}","templated":true}]}}