{"id":11344,"date":"2024-10-14T14:31:04","date_gmt":"2024-10-14T17:31:04","guid":{"rendered":"https:\/\/vetanco.com\/es\/?post_type=product&#038;p=11344"},"modified":"2025-02-03T13:37:50","modified_gmt":"2025-02-03T16:37:50","slug":"block-ct-5","status":"publish","type":"product","link":"https:\/\/vetanco.com\/es\/producto\/block-ct-5\/","title":{"rendered":"BLOCK<sup>\u00ae<\/sup> CT \u2013 5"},"content":{"rendered":"<p><span style=\"color: #00397f;\"><strong>COMPOSICI\u00d3N<\/strong><\/span><\/p>\n<p>Anacultivos y toxoides de bacterias clostridiales. Adyuvante de hidr\u00f3xido de aluminio.<\/p>\n<p>&nbsp;<\/p>\n<p><span style=\"color: #00397f;\"><b>DOSIS<\/b><\/span><\/p>\n<p><span style=\"font-weight: 400;\">Administrar dos dosis con 20 \u2013 <\/span><span style=\"font-weight: 400;\">25<\/span><span style=\"font-weight: 400;\"> d\u00edas de intervalo en la primovacunaci\u00f3n a partir de los 3 meses. Revacunar anualmente con una sola dosis, seg\u00fan el criterio profesional.<\/span><\/p>\n<p><span style=\"font-weight: 400;\">Bovinos, 5 ml por v\u00eda subcut\u00e1nea.<\/span><\/p>\n<p>&nbsp;<\/p>\n<p><span style=\"color: #00397f;\"><b>PRESENTACI\u00d3N<\/b><\/span><\/p>\n<p><span style=\"font-weight: 400;\">250 ml (50 dosis).<\/span><\/p>\n","protected":false},"excerpt":{"rendered":"<p><img loading=\"lazy\" decoding=\"async\" class=\"alignnone size-full wp-image-11183\" src=\"https:\/\/vetanco.com\/es\/wp-content\/uploads\/2024\/10\/Picto-Bovinos.png\" alt=\"\" width=\"75\" height=\"63\" \/> <img loading=\"lazy\" decoding=\"async\" class=\"alignnone size-full wp-image-11301\" src=\"https:\/\/vetanco.com\/es\/wp-content\/uploads\/2024\/10\/Picto-Cabra.png\" alt=\"\" width=\"75\" height=\"63\" \/><\/p>\n<p><span style=\"font-weight: 400;\">Prevenci\u00f3n de mancha, gangrena gaseosa, enterotoxemia, edema maligno, hepatitis necr\u00f3tica y muerte s\u00fabita.<\/span><\/p>\n","protected":false},"featured_media":13831,"comment_status":"open","ping_status":"closed","template":"","meta":[],"product_brand":[],"product_cat":[21,874],"product_tag":[],"class_list":{"0":"post-11344","1":"product","2":"type-product","3":"status-publish","4":"has-post-thumbnail","6":"product_cat-bovinos","7":"product_cat-ovinos","9":"first","10":"instock","11":"shipping-taxable","12":"product-type-simple"},"yoast_head":"<!-- This site is optimized with the Yoast SEO plugin v27.3 - https:\/\/yoast.com\/product\/yoast-seo-wordpress\/ -->\n<title>BLOCK\u00ae CT \u2013 5 - Vetanco Argentina<\/title>\n<meta name=\"description\" content=\"Prevenci\u00f3n de mancha, gangrena gaseosa, enterotoxemia, edema maligno, hepatitis necr\u00f3tica y muerte s\u00fabita en Bovinos y Caprinos.\" \/>\n<meta name=\"robots\" content=\"index, follow, max-snippet:-1, max-image-preview:large, max-video-preview:-1\" \/>\n<link rel=\"canonical\" href=\"https:\/\/vetanco.com\/es\/producto\/block-ct-5\/\" \/>\n<meta property=\"og:locale\" content=\"es_ES\" \/>\n<meta property=\"og:type\" content=\"article\" \/>\n<meta property=\"og:title\" content=\"BLOCK\u00ae CT \u2013 5 - Vetanco Argentina\" \/>\n<meta property=\"og:description\" content=\"Prevenci\u00f3n de mancha, gangrena gaseosa, enterotoxemia, edema maligno, hepatitis necr\u00f3tica y muerte s\u00fabita en Bovinos y Caprinos.\" \/>\n<meta property=\"og:url\" content=\"https:\/\/vetanco.com\/es\/producto\/block-ct-5\/\" \/>\n<meta property=\"og:site_name\" content=\"Vetanco Argentina\" \/>\n<meta property=\"article:publisher\" content=\"https:\/\/www.facebook.com\/vetancoargentina\" \/>\n<meta property=\"article:modified_time\" content=\"2025-02-03T16:37:50+00:00\" \/>\n<meta property=\"og:image\" content=\"https:\/\/vetanco.com\/es\/wp-content\/uploads\/2024\/10\/Block-CT-5-1.png\" \/>\n\t<meta property=\"og:image:width\" content=\"800\" \/>\n\t<meta property=\"og:image:height\" content=\"800\" \/>\n\t<meta property=\"og:image:type\" content=\"image\/png\" \/>\n<meta name=\"twitter:card\" content=\"summary_large_image\" \/>\n<meta name=\"twitter:label1\" content=\"Tiempo de lectura\" \/>\n\t<meta name=\"twitter:data1\" content=\"1 minuto\" \/>\n<script type=\"application\/ld+json\" class=\"yoast-schema-graph\">{\"@context\":\"https:\\\/\\\/schema.org\",\"@graph\":[{\"@type\":\"WebPage\",\"@id\":\"https:\\\/\\\/vetanco.com\\\/es\\\/producto\\\/block-ct-5\\\/\",\"url\":\"https:\\\/\\\/vetanco.com\\\/es\\\/producto\\\/block-ct-5\\\/\",\"name\":\"BLOCK\u00ae CT \u2013 5 - Vetanco Argentina\",\"isPartOf\":{\"@id\":\"https:\\\/\\\/vetanco.com\\\/es\\\/#website\"},\"primaryImageOfPage\":{\"@id\":\"https:\\\/\\\/vetanco.com\\\/es\\\/producto\\\/block-ct-5\\\/#primaryimage\"},\"image\":{\"@id\":\"https:\\\/\\\/vetanco.com\\\/es\\\/producto\\\/block-ct-5\\\/#primaryimage\"},\"thumbnailUrl\":\"https:\\\/\\\/vetanco.com\\\/es\\\/wp-content\\\/uploads\\\/2024\\\/10\\\/Block-CT-5-1.png\",\"datePublished\":\"2024-10-14T17:31:04+00:00\",\"dateModified\":\"2025-02-03T16:37:50+00:00\",\"description\":\"Prevenci\u00f3n de mancha, gangrena gaseosa, enterotoxemia, edema maligno, hepatitis necr\u00f3tica y muerte s\u00fabita en Bovinos y Caprinos.\",\"breadcrumb\":{\"@id\":\"https:\\\/\\\/vetanco.com\\\/es\\\/producto\\\/block-ct-5\\\/#breadcrumb\"},\"inLanguage\":\"es\",\"potentialAction\":[{\"@type\":\"ReadAction\",\"target\":[\"https:\\\/\\\/vetanco.com\\\/es\\\/producto\\\/block-ct-5\\\/\"]}]},{\"@type\":\"ImageObject\",\"inLanguage\":\"es\",\"@id\":\"https:\\\/\\\/vetanco.com\\\/es\\\/producto\\\/block-ct-5\\\/#primaryimage\",\"url\":\"https:\\\/\\\/vetanco.com\\\/es\\\/wp-content\\\/uploads\\\/2024\\\/10\\\/Block-CT-5-1.png\",\"contentUrl\":\"https:\\\/\\\/vetanco.com\\\/es\\\/wp-content\\\/uploads\\\/2024\\\/10\\\/Block-CT-5-1.png\",\"width\":800,\"height\":800},{\"@type\":\"BreadcrumbList\",\"@id\":\"https:\\\/\\\/vetanco.com\\\/es\\\/producto\\\/block-ct-5\\\/#breadcrumb\",\"itemListElement\":[{\"@type\":\"ListItem\",\"position\":1,\"name\":\"In\u00edcio\",\"item\":\"https:\\\/\\\/vetanco.com\\\/es\\\/\"},{\"@type\":\"ListItem\",\"position\":2,\"name\":\"Productos\",\"item\":\"https:\\\/\\\/vetanco.com\\\/es\\\/productos\\\/\"},{\"@type\":\"ListItem\",\"position\":3,\"name\":\"BLOCK\u00ae CT \u2013 5\"}]},{\"@type\":\"WebSite\",\"@id\":\"https:\\\/\\\/vetanco.com\\\/es\\\/#website\",\"url\":\"https:\\\/\\\/vetanco.com\\\/es\\\/\",\"name\":\"Vetanco Argentina\",\"description\":\"Productos Seguros para Alimentos Seguros\",\"potentialAction\":[{\"@type\":\"SearchAction\",\"target\":{\"@type\":\"EntryPoint\",\"urlTemplate\":\"https:\\\/\\\/vetanco.com\\\/es\\\/?s={search_term_string}\"},\"query-input\":{\"@type\":\"PropertyValueSpecification\",\"valueRequired\":true,\"valueName\":\"search_term_string\"}}],\"inLanguage\":\"es\"}]}<\/script>\n<!-- \/ Yoast SEO plugin. -->","yoast_head_json":{"title":"BLOCK\u00ae CT \u2013 5 - Vetanco Argentina","description":"Prevenci\u00f3n de mancha, gangrena gaseosa, enterotoxemia, edema maligno, hepatitis necr\u00f3tica y muerte s\u00fabita en Bovinos y Caprinos.","robots":{"index":"index","follow":"follow","max-snippet":"max-snippet:-1","max-image-preview":"max-image-preview:large","max-video-preview":"max-video-preview:-1"},"canonical":"https:\/\/vetanco.com\/es\/producto\/block-ct-5\/","og_locale":"es_ES","og_type":"article","og_title":"BLOCK\u00ae CT \u2013 5 - Vetanco Argentina","og_description":"Prevenci\u00f3n de mancha, gangrena gaseosa, enterotoxemia, edema maligno, hepatitis necr\u00f3tica y muerte s\u00fabita en Bovinos y Caprinos.","og_url":"https:\/\/vetanco.com\/es\/producto\/block-ct-5\/","og_site_name":"Vetanco Argentina","article_publisher":"https:\/\/www.facebook.com\/vetancoargentina","article_modified_time":"2025-02-03T16:37:50+00:00","og_image":[{"width":800,"height":800,"url":"https:\/\/vetanco.com\/es\/wp-content\/uploads\/2024\/10\/Block-CT-5-1.png","type":"image\/png"}],"twitter_card":"summary_large_image","twitter_misc":{"Tiempo de lectura":"1 minuto"},"schema":{"@context":"https:\/\/schema.org","@graph":[{"@type":"WebPage","@id":"https:\/\/vetanco.com\/es\/producto\/block-ct-5\/","url":"https:\/\/vetanco.com\/es\/producto\/block-ct-5\/","name":"BLOCK\u00ae CT \u2013 5 - Vetanco Argentina","isPartOf":{"@id":"https:\/\/vetanco.com\/es\/#website"},"primaryImageOfPage":{"@id":"https:\/\/vetanco.com\/es\/producto\/block-ct-5\/#primaryimage"},"image":{"@id":"https:\/\/vetanco.com\/es\/producto\/block-ct-5\/#primaryimage"},"thumbnailUrl":"https:\/\/vetanco.com\/es\/wp-content\/uploads\/2024\/10\/Block-CT-5-1.png","datePublished":"2024-10-14T17:31:04+00:00","dateModified":"2025-02-03T16:37:50+00:00","description":"Prevenci\u00f3n de mancha, gangrena gaseosa, enterotoxemia, edema maligno, hepatitis necr\u00f3tica y muerte s\u00fabita en Bovinos y Caprinos.","breadcrumb":{"@id":"https:\/\/vetanco.com\/es\/producto\/block-ct-5\/#breadcrumb"},"inLanguage":"es","potentialAction":[{"@type":"ReadAction","target":["https:\/\/vetanco.com\/es\/producto\/block-ct-5\/"]}]},{"@type":"ImageObject","inLanguage":"es","@id":"https:\/\/vetanco.com\/es\/producto\/block-ct-5\/#primaryimage","url":"https:\/\/vetanco.com\/es\/wp-content\/uploads\/2024\/10\/Block-CT-5-1.png","contentUrl":"https:\/\/vetanco.com\/es\/wp-content\/uploads\/2024\/10\/Block-CT-5-1.png","width":800,"height":800},{"@type":"BreadcrumbList","@id":"https:\/\/vetanco.com\/es\/producto\/block-ct-5\/#breadcrumb","itemListElement":[{"@type":"ListItem","position":1,"name":"In\u00edcio","item":"https:\/\/vetanco.com\/es\/"},{"@type":"ListItem","position":2,"name":"Productos","item":"https:\/\/vetanco.com\/es\/productos\/"},{"@type":"ListItem","position":3,"name":"BLOCK\u00ae CT \u2013 5"}]},{"@type":"WebSite","@id":"https:\/\/vetanco.com\/es\/#website","url":"https:\/\/vetanco.com\/es\/","name":"Vetanco Argentina","description":"Productos Seguros para Alimentos Seguros","potentialAction":[{"@type":"SearchAction","target":{"@type":"EntryPoint","urlTemplate":"https:\/\/vetanco.com\/es\/?s={search_term_string}"},"query-input":{"@type":"PropertyValueSpecification","valueRequired":true,"valueName":"search_term_string"}}],"inLanguage":"es"}]}},"_links":{"self":[{"href":"https:\/\/vetanco.com\/es\/wp-json\/wp\/v2\/product\/11344","targetHints":{"allow":["GET"]}}],"collection":[{"href":"https:\/\/vetanco.com\/es\/wp-json\/wp\/v2\/product"}],"about":[{"href":"https:\/\/vetanco.com\/es\/wp-json\/wp\/v2\/types\/product"}],"replies":[{"embeddable":true,"href":"https:\/\/vetanco.com\/es\/wp-json\/wp\/v2\/comments?post=11344"}],"wp:featuredmedia":[{"embeddable":true,"href":"https:\/\/vetanco.com\/es\/wp-json\/wp\/v2\/media\/13831"}],"wp:attachment":[{"href":"https:\/\/vetanco.com\/es\/wp-json\/wp\/v2\/media?parent=11344"}],"wp:term":[{"taxonomy":"product_brand","embeddable":true,"href":"https:\/\/vetanco.com\/es\/wp-json\/wp\/v2\/product_brand?post=11344"},{"taxonomy":"product_cat","embeddable":true,"href":"https:\/\/vetanco.com\/es\/wp-json\/wp\/v2\/product_cat?post=11344"},{"taxonomy":"product_tag","embeddable":true,"href":"https:\/\/vetanco.com\/es\/wp-json\/wp\/v2\/product_tag?post=11344"}],"curies":[{"name":"wp","href":"https:\/\/api.w.org\/{rel}","templated":true}]}}