{"id":11484,"date":"2024-10-16T11:12:47","date_gmt":"2024-10-16T14:12:47","guid":{"rendered":"https:\/\/vetanco.com\/es\/?post_type=product&#038;p=11484"},"modified":"2025-02-07T14:58:47","modified_gmt":"2025-02-07T17:58:47","slug":"uniwall-mos","status":"publish","type":"product","link":"https:\/\/vetanco.com\/es\/producto\/uniwall-mos\/","title":{"rendered":"UNIWALL<sup>\u00ae<\/sup> MOS"},"content":{"rendered":"<p><span style=\"color: #00397f;\"><b>DROGAS Y COMPOSICI\u00d3N<\/b><\/span><\/p>\n<p><span style=\"font-weight: 400;\">Pared de levaduras (Mananoligosac\u00e1ridos y betaglucanos) 12,5 %, Formiato de amonio 12,0 %, \u00c1cido f\u00f3rmico 6,0 %, Propionato de amonio 4,0 <\/span><span style=\"font-weight: 400;\">%, \u00c1cido ac\u00e9tico 1,0 %, Agua 14,0 %, Vermiculita c.s.p 100,0 %.<\/span><\/p>\n<p>&nbsp;<\/p>\n<p><span style=\"color: #00397f;\"><b>DOSIS<\/b><\/span><\/p>\n<p><b> <\/b><span style=\"font-weight: 400;\">2 a 4 kg\/ton de alimento.<\/span><\/p>\n","protected":false},"excerpt":{"rendered":"<p><img loading=\"lazy\" decoding=\"async\" class=\"alignnone size-full wp-image-11185\" src=\"https:\/\/vetanco.com\/es\/wp-content\/uploads\/2024\/10\/Picto-Cerdos-1.png\" alt=\"\" width=\"75\" height=\"63\" \/> <img loading=\"lazy\" decoding=\"async\" class=\"alignnone size-full wp-image-11194\" src=\"https:\/\/vetanco.com\/es\/wp-content\/uploads\/2024\/10\/Picto-Aves-1.png\" alt=\"\" width=\"75\" height=\"63\" \/><\/p>\n<p><span style=\"font-weight: 400;\">Aditivo prebi\u00f3tico y acidi\ufb01cante. Controla el desarrollo de bacterias Gram (-), favoreciendo el desarrollo de la \ufb02ora ben\u00e9\ufb01ca productora de \u00e1cido l\u00e1ctico.<\/span><\/p>\n","protected":false},"featured_media":13988,"comment_status":"open","ping_status":"closed","template":"","meta":[],"product_brand":[],"product_cat":[17,18],"product_tag":[],"class_list":{"0":"post-11484","1":"product","2":"type-product","3":"status-publish","4":"has-post-thumbnail","6":"product_cat-aves","7":"product_cat-porcinos","9":"first","10":"instock","11":"shipping-taxable","12":"product-type-simple"},"yoast_head":"<!-- This site is optimized with the Yoast SEO plugin v27.3 - https:\/\/yoast.com\/product\/yoast-seo-wordpress\/ -->\n<title>UNIWALL\u00ae MOS - Vetanco Argentina<\/title>\n<meta name=\"description\" content=\"Producto de la l\u00ednea BV Science que controla el desarrollo de bacterias Gram (-), favoreciendo el desarrollo de la \ufb02ora ben\u00e9\ufb01ca productora de \u00e1cido l\u00e1ctico.\" \/>\n<meta name=\"robots\" content=\"index, follow, max-snippet:-1, max-image-preview:large, max-video-preview:-1\" \/>\n<link rel=\"canonical\" href=\"https:\/\/vetanco.com\/es\/producto\/uniwall-mos\/\" \/>\n<meta property=\"og:locale\" content=\"es_ES\" \/>\n<meta property=\"og:type\" content=\"article\" \/>\n<meta property=\"og:title\" content=\"UNIWALL\u00ae MOS - Vetanco Argentina\" \/>\n<meta property=\"og:description\" content=\"Producto de la l\u00ednea BV Science que controla el desarrollo de bacterias Gram (-), favoreciendo el desarrollo de la \ufb02ora ben\u00e9\ufb01ca productora de \u00e1cido l\u00e1ctico.\" \/>\n<meta property=\"og:url\" content=\"https:\/\/vetanco.com\/es\/producto\/uniwall-mos\/\" \/>\n<meta property=\"og:site_name\" content=\"Vetanco Argentina\" \/>\n<meta property=\"article:publisher\" content=\"https:\/\/www.facebook.com\/vetancoargentina\" \/>\n<meta property=\"article:modified_time\" content=\"2025-02-07T17:58:47+00:00\" \/>\n<meta property=\"og:image\" content=\"https:\/\/vetanco.com\/es\/wp-content\/uploads\/2024\/10\/Uniwall-Mos-2.png\" \/>\n\t<meta property=\"og:image:width\" content=\"800\" \/>\n\t<meta property=\"og:image:height\" content=\"800\" \/>\n\t<meta property=\"og:image:type\" content=\"image\/png\" \/>\n<meta name=\"twitter:card\" content=\"summary_large_image\" \/>\n<meta name=\"twitter:label1\" content=\"Tiempo de lectura\" \/>\n\t<meta name=\"twitter:data1\" content=\"1 minuto\" \/>\n<script type=\"application\/ld+json\" class=\"yoast-schema-graph\">{\"@context\":\"https:\\\/\\\/schema.org\",\"@graph\":[{\"@type\":\"WebPage\",\"@id\":\"https:\\\/\\\/vetanco.com\\\/es\\\/producto\\\/uniwall-mos\\\/\",\"url\":\"https:\\\/\\\/vetanco.com\\\/es\\\/producto\\\/uniwall-mos\\\/\",\"name\":\"UNIWALL\u00ae MOS - Vetanco Argentina\",\"isPartOf\":{\"@id\":\"https:\\\/\\\/vetanco.com\\\/es\\\/#website\"},\"primaryImageOfPage\":{\"@id\":\"https:\\\/\\\/vetanco.com\\\/es\\\/producto\\\/uniwall-mos\\\/#primaryimage\"},\"image\":{\"@id\":\"https:\\\/\\\/vetanco.com\\\/es\\\/producto\\\/uniwall-mos\\\/#primaryimage\"},\"thumbnailUrl\":\"https:\\\/\\\/vetanco.com\\\/es\\\/wp-content\\\/uploads\\\/2024\\\/10\\\/Uniwall-Mos-2.png\",\"datePublished\":\"2024-10-16T14:12:47+00:00\",\"dateModified\":\"2025-02-07T17:58:47+00:00\",\"description\":\"Producto de la l\u00ednea BV Science que controla el desarrollo de bacterias Gram (-), favoreciendo el desarrollo de la \ufb02ora ben\u00e9\ufb01ca productora de \u00e1cido l\u00e1ctico.\",\"breadcrumb\":{\"@id\":\"https:\\\/\\\/vetanco.com\\\/es\\\/producto\\\/uniwall-mos\\\/#breadcrumb\"},\"inLanguage\":\"es\",\"potentialAction\":[{\"@type\":\"ReadAction\",\"target\":[\"https:\\\/\\\/vetanco.com\\\/es\\\/producto\\\/uniwall-mos\\\/\"]}]},{\"@type\":\"ImageObject\",\"inLanguage\":\"es\",\"@id\":\"https:\\\/\\\/vetanco.com\\\/es\\\/producto\\\/uniwall-mos\\\/#primaryimage\",\"url\":\"https:\\\/\\\/vetanco.com\\\/es\\\/wp-content\\\/uploads\\\/2024\\\/10\\\/Uniwall-Mos-2.png\",\"contentUrl\":\"https:\\\/\\\/vetanco.com\\\/es\\\/wp-content\\\/uploads\\\/2024\\\/10\\\/Uniwall-Mos-2.png\",\"width\":800,\"height\":800},{\"@type\":\"BreadcrumbList\",\"@id\":\"https:\\\/\\\/vetanco.com\\\/es\\\/producto\\\/uniwall-mos\\\/#breadcrumb\",\"itemListElement\":[{\"@type\":\"ListItem\",\"position\":1,\"name\":\"In\u00edcio\",\"item\":\"https:\\\/\\\/vetanco.com\\\/es\\\/\"},{\"@type\":\"ListItem\",\"position\":2,\"name\":\"Productos\",\"item\":\"https:\\\/\\\/vetanco.com\\\/es\\\/productos\\\/\"},{\"@type\":\"ListItem\",\"position\":3,\"name\":\"UNIWALL\u00ae MOS\"}]},{\"@type\":\"WebSite\",\"@id\":\"https:\\\/\\\/vetanco.com\\\/es\\\/#website\",\"url\":\"https:\\\/\\\/vetanco.com\\\/es\\\/\",\"name\":\"Vetanco Argentina\",\"description\":\"Productos Seguros para Alimentos Seguros\",\"potentialAction\":[{\"@type\":\"SearchAction\",\"target\":{\"@type\":\"EntryPoint\",\"urlTemplate\":\"https:\\\/\\\/vetanco.com\\\/es\\\/?s={search_term_string}\"},\"query-input\":{\"@type\":\"PropertyValueSpecification\",\"valueRequired\":true,\"valueName\":\"search_term_string\"}}],\"inLanguage\":\"es\"}]}<\/script>\n<!-- \/ Yoast SEO plugin. -->","yoast_head_json":{"title":"UNIWALL\u00ae MOS - Vetanco Argentina","description":"Producto de la l\u00ednea BV Science que controla el desarrollo de bacterias Gram (-), favoreciendo el desarrollo de la \ufb02ora ben\u00e9\ufb01ca productora de \u00e1cido l\u00e1ctico.","robots":{"index":"index","follow":"follow","max-snippet":"max-snippet:-1","max-image-preview":"max-image-preview:large","max-video-preview":"max-video-preview:-1"},"canonical":"https:\/\/vetanco.com\/es\/producto\/uniwall-mos\/","og_locale":"es_ES","og_type":"article","og_title":"UNIWALL\u00ae MOS - Vetanco Argentina","og_description":"Producto de la l\u00ednea BV Science que controla el desarrollo de bacterias Gram (-), favoreciendo el desarrollo de la \ufb02ora ben\u00e9\ufb01ca productora de \u00e1cido l\u00e1ctico.","og_url":"https:\/\/vetanco.com\/es\/producto\/uniwall-mos\/","og_site_name":"Vetanco Argentina","article_publisher":"https:\/\/www.facebook.com\/vetancoargentina","article_modified_time":"2025-02-07T17:58:47+00:00","og_image":[{"width":800,"height":800,"url":"https:\/\/vetanco.com\/es\/wp-content\/uploads\/2024\/10\/Uniwall-Mos-2.png","type":"image\/png"}],"twitter_card":"summary_large_image","twitter_misc":{"Tiempo de lectura":"1 minuto"},"schema":{"@context":"https:\/\/schema.org","@graph":[{"@type":"WebPage","@id":"https:\/\/vetanco.com\/es\/producto\/uniwall-mos\/","url":"https:\/\/vetanco.com\/es\/producto\/uniwall-mos\/","name":"UNIWALL\u00ae MOS - Vetanco Argentina","isPartOf":{"@id":"https:\/\/vetanco.com\/es\/#website"},"primaryImageOfPage":{"@id":"https:\/\/vetanco.com\/es\/producto\/uniwall-mos\/#primaryimage"},"image":{"@id":"https:\/\/vetanco.com\/es\/producto\/uniwall-mos\/#primaryimage"},"thumbnailUrl":"https:\/\/vetanco.com\/es\/wp-content\/uploads\/2024\/10\/Uniwall-Mos-2.png","datePublished":"2024-10-16T14:12:47+00:00","dateModified":"2025-02-07T17:58:47+00:00","description":"Producto de la l\u00ednea BV Science que controla el desarrollo de bacterias Gram (-), favoreciendo el desarrollo de la \ufb02ora ben\u00e9\ufb01ca productora de \u00e1cido l\u00e1ctico.","breadcrumb":{"@id":"https:\/\/vetanco.com\/es\/producto\/uniwall-mos\/#breadcrumb"},"inLanguage":"es","potentialAction":[{"@type":"ReadAction","target":["https:\/\/vetanco.com\/es\/producto\/uniwall-mos\/"]}]},{"@type":"ImageObject","inLanguage":"es","@id":"https:\/\/vetanco.com\/es\/producto\/uniwall-mos\/#primaryimage","url":"https:\/\/vetanco.com\/es\/wp-content\/uploads\/2024\/10\/Uniwall-Mos-2.png","contentUrl":"https:\/\/vetanco.com\/es\/wp-content\/uploads\/2024\/10\/Uniwall-Mos-2.png","width":800,"height":800},{"@type":"BreadcrumbList","@id":"https:\/\/vetanco.com\/es\/producto\/uniwall-mos\/#breadcrumb","itemListElement":[{"@type":"ListItem","position":1,"name":"In\u00edcio","item":"https:\/\/vetanco.com\/es\/"},{"@type":"ListItem","position":2,"name":"Productos","item":"https:\/\/vetanco.com\/es\/productos\/"},{"@type":"ListItem","position":3,"name":"UNIWALL\u00ae MOS"}]},{"@type":"WebSite","@id":"https:\/\/vetanco.com\/es\/#website","url":"https:\/\/vetanco.com\/es\/","name":"Vetanco Argentina","description":"Productos Seguros para Alimentos Seguros","potentialAction":[{"@type":"SearchAction","target":{"@type":"EntryPoint","urlTemplate":"https:\/\/vetanco.com\/es\/?s={search_term_string}"},"query-input":{"@type":"PropertyValueSpecification","valueRequired":true,"valueName":"search_term_string"}}],"inLanguage":"es"}]}},"_links":{"self":[{"href":"https:\/\/vetanco.com\/es\/wp-json\/wp\/v2\/product\/11484","targetHints":{"allow":["GET"]}}],"collection":[{"href":"https:\/\/vetanco.com\/es\/wp-json\/wp\/v2\/product"}],"about":[{"href":"https:\/\/vetanco.com\/es\/wp-json\/wp\/v2\/types\/product"}],"replies":[{"embeddable":true,"href":"https:\/\/vetanco.com\/es\/wp-json\/wp\/v2\/comments?post=11484"}],"wp:featuredmedia":[{"embeddable":true,"href":"https:\/\/vetanco.com\/es\/wp-json\/wp\/v2\/media\/13988"}],"wp:attachment":[{"href":"https:\/\/vetanco.com\/es\/wp-json\/wp\/v2\/media?parent=11484"}],"wp:term":[{"taxonomy":"product_brand","embeddable":true,"href":"https:\/\/vetanco.com\/es\/wp-json\/wp\/v2\/product_brand?post=11484"},{"taxonomy":"product_cat","embeddable":true,"href":"https:\/\/vetanco.com\/es\/wp-json\/wp\/v2\/product_cat?post=11484"},{"taxonomy":"product_tag","embeddable":true,"href":"https:\/\/vetanco.com\/es\/wp-json\/wp\/v2\/product_tag?post=11484"}],"curies":[{"name":"wp","href":"https:\/\/api.w.org\/{rel}","templated":true}]}}