{"id":14178,"date":"2025-03-17T11:57:05","date_gmt":"2025-03-17T14:57:05","guid":{"rendered":"https:\/\/vetanco.com\/es\/?post_type=product&#038;p=14178"},"modified":"2025-03-18T08:32:01","modified_gmt":"2025-03-18T11:32:01","slug":"vetamec","status":"publish","type":"product","link":"https:\/\/vetanco.com\/es\/producto\/vetamec\/","title":{"rendered":"VETAMEC<sup>\u00ae<\/sup>"},"content":{"rendered":"<p><span style=\"color: #00397f;\"><strong>COMPOSICI\u00d3N<\/strong><\/span><\/p>\n<p>Doramectina 1 g cada 100 ml de producto.<\/p>\n<p>&nbsp;<\/p>\n<p><span style=\"color: #00397f;\"><strong>V\u00cdA DE ADMINISTRACI\u00d3N<\/strong><\/span><\/p>\n<p>Administrar v\u00eda subcut\u00e1nea por debajo de la piel del cuello o en la regi\u00f3n de la paleta.<\/p>\n<p>&nbsp;<\/p>\n<p><span style=\"color: #00397f;\"><strong>DOSIS<\/strong><\/span><\/p>\n<p>1 ml cada 50 k.p.v. (200 mcg de Doramectina por kg de peso).<\/p>\n<p>&nbsp;<\/p>\n<p><span style=\"color: #00397f;\"><strong>PERIODO DE RETIRO<\/strong><\/span><\/p>\n<p>No destinar a consumo humano a los animales hasta 42 d\u00edas posteriores a la \u00faltima aplicaci\u00f3n.<br \/>\nNo administrar a vacas en producci\u00f3n l\u00e1ctea con destino a consumo humano o industrializaci\u00f3n.<\/p>\n<p>&nbsp;<\/p>\n<p><span style=\"color: #00397f;\"><strong>PRESENTACI\u00d3N<\/strong><\/span><\/p>\n<p>500 ml.<\/p>\n","protected":false},"excerpt":{"rendered":"<p><img loading=\"lazy\" decoding=\"async\" class=\"alignnone size-full wp-image-13606\" src=\"https:\/\/vetanco.com\/es\/wp-content\/uploads\/2025\/01\/Picto-Bovinos.png\" alt=\"\" width=\"75\" height=\"63\" \/><\/p>\n<p><strong>Antiparasitario Interno y Externo.<\/strong><\/p>\n<p>Indicado para el tratamiento y control de parasitosis debidas a nematodes gastrointestinales y pulmonares.<br \/>\nAct\u00faa contra la sarna bovina y previene la miasis cut\u00e1nea.<\/p>\n<ul>\n<li style=\"list-style-type: none;\">\n<ul>\n<li><u><strong>Par\u00e1sitos internos:<\/strong><\/u><\/li>\n<\/ul>\n<\/li>\n<\/ul>\n<p><em>Cooperia spp. Haemonchus spp., Ostertagia spp. Oesophagostomun spp., Nematodirus spp., Trichostrongylus spp., Trichuris spp.\u00b4Bunostomun phlebotomun., Strongyloides papillosus. <\/em>Par\u00e1sitos pulmonares:<em>\u00a0Dictyocaulus viviparus.<\/em><\/p>\n<ul>\n<li style=\"list-style-type: none;\">\n<ul>\n<li><u><strong>Par\u00e1sitos externos:<\/strong><\/u><\/li>\n<\/ul>\n<\/li>\n<\/ul>\n<p>Acaros de la Sarna: <em>Psoroptes communis var. bovis<\/em><span style=\"color: #555555; font-size: 14.4px;\">; Prevenci\u00f3n de la Miasis: <\/span><em style=\"color: #555555; font-size: 14.4px;\">Cochliomyia hominovorax.<\/em><\/p>\n","protected":false},"featured_media":13989,"comment_status":"open","ping_status":"closed","template":"","meta":[],"product_brand":[],"product_cat":[21],"product_tag":[1045,1046,1044],"class_list":{"0":"post-14178","1":"product","2":"type-product","3":"status-publish","4":"has-post-thumbnail","6":"product_cat-bovinos","7":"product_tag-antiparasitario","8":"product_tag-doramectina","9":"product_tag-vetamec","11":"first","12":"instock","13":"shipping-taxable","14":"product-type-simple"},"yoast_head":"<!-- This site is optimized with the Yoast SEO plugin v27.1.1 - https:\/\/yoast.com\/product\/yoast-seo-wordpress\/ -->\n<title>VETAMEC\u00ae - Vetanco Argentina<\/title>\n<meta name=\"description\" content=\"Producto l\u00ednea Vetanco indicado para el tratamiento y control de parasitosis debidas a nematodes gastrointestinales y pulmonares.\" \/>\n<meta name=\"robots\" content=\"index, follow, max-snippet:-1, max-image-preview:large, max-video-preview:-1\" \/>\n<link rel=\"canonical\" href=\"https:\/\/vetanco.com\/es\/producto\/vetamec\/\" \/>\n<meta property=\"og:locale\" content=\"es_ES\" \/>\n<meta property=\"og:type\" content=\"article\" \/>\n<meta property=\"og:title\" content=\"VETAMEC\u00ae - Vetanco Argentina\" \/>\n<meta property=\"og:description\" content=\"Producto l\u00ednea Vetanco indicado para el tratamiento y control de parasitosis debidas a nematodes gastrointestinales y pulmonares.\" \/>\n<meta property=\"og:url\" content=\"https:\/\/vetanco.com\/es\/producto\/vetamec\/\" \/>\n<meta property=\"og:site_name\" content=\"Vetanco Argentina\" \/>\n<meta property=\"article:publisher\" content=\"https:\/\/www.facebook.com\/vetancoargentina\" \/>\n<meta property=\"article:modified_time\" content=\"2025-03-18T11:32:01+00:00\" \/>\n<meta property=\"og:image\" content=\"https:\/\/vetanco.com\/es\/wp-content\/uploads\/2024\/08\/Vetamec.png\" \/>\n\t<meta property=\"og:image:width\" content=\"800\" \/>\n\t<meta property=\"og:image:height\" content=\"800\" \/>\n\t<meta property=\"og:image:type\" content=\"image\/png\" \/>\n<meta name=\"twitter:card\" content=\"summary_large_image\" \/>\n<meta name=\"twitter:label1\" content=\"Tiempo de lectura\" \/>\n\t<meta name=\"twitter:data1\" content=\"1 minuto\" \/>\n<script type=\"application\/ld+json\" class=\"yoast-schema-graph\">{\"@context\":\"https:\/\/schema.org\",\"@graph\":[{\"@type\":\"WebPage\",\"@id\":\"https:\/\/vetanco.com\/es\/producto\/vetamec\/\",\"url\":\"https:\/\/vetanco.com\/es\/producto\/vetamec\/\",\"name\":\"VETAMEC\u00ae - Vetanco Argentina\",\"isPartOf\":{\"@id\":\"https:\/\/vetanco.com\/es\/#website\"},\"primaryImageOfPage\":{\"@id\":\"https:\/\/vetanco.com\/es\/producto\/vetamec\/#primaryimage\"},\"image\":{\"@id\":\"https:\/\/vetanco.com\/es\/producto\/vetamec\/#primaryimage\"},\"thumbnailUrl\":\"https:\/\/vetanco.com\/es\/wp-content\/uploads\/2024\/08\/Vetamec.png\",\"datePublished\":\"2025-03-17T14:57:05+00:00\",\"dateModified\":\"2025-03-18T11:32:01+00:00\",\"description\":\"Producto l\u00ednea Vetanco indicado para el tratamiento y control de parasitosis debidas a nematodes gastrointestinales y pulmonares.\",\"breadcrumb\":{\"@id\":\"https:\/\/vetanco.com\/es\/producto\/vetamec\/#breadcrumb\"},\"inLanguage\":\"es\",\"potentialAction\":[{\"@type\":\"ReadAction\",\"target\":[\"https:\/\/vetanco.com\/es\/producto\/vetamec\/\"]}]},{\"@type\":\"ImageObject\",\"inLanguage\":\"es\",\"@id\":\"https:\/\/vetanco.com\/es\/producto\/vetamec\/#primaryimage\",\"url\":\"https:\/\/vetanco.com\/es\/wp-content\/uploads\/2024\/08\/Vetamec.png\",\"contentUrl\":\"https:\/\/vetanco.com\/es\/wp-content\/uploads\/2024\/08\/Vetamec.png\",\"width\":800,\"height\":800},{\"@type\":\"BreadcrumbList\",\"@id\":\"https:\/\/vetanco.com\/es\/producto\/vetamec\/#breadcrumb\",\"itemListElement\":[{\"@type\":\"ListItem\",\"position\":1,\"name\":\"In\u00edcio\",\"item\":\"https:\/\/vetanco.com\/es\/\"},{\"@type\":\"ListItem\",\"position\":2,\"name\":\"Productos\",\"item\":\"https:\/\/vetanco.com\/es\/productos\/\"},{\"@type\":\"ListItem\",\"position\":3,\"name\":\"VETAMEC\u00ae\"}]},{\"@type\":\"WebSite\",\"@id\":\"https:\/\/vetanco.com\/es\/#website\",\"url\":\"https:\/\/vetanco.com\/es\/\",\"name\":\"Vetanco Argentina\",\"description\":\"Productos Seguros para Alimentos Seguros\",\"potentialAction\":[{\"@type\":\"SearchAction\",\"target\":{\"@type\":\"EntryPoint\",\"urlTemplate\":\"https:\/\/vetanco.com\/es\/?s={search_term_string}\"},\"query-input\":{\"@type\":\"PropertyValueSpecification\",\"valueRequired\":true,\"valueName\":\"search_term_string\"}}],\"inLanguage\":\"es\"}]}<\/script>\n<!-- \/ Yoast SEO plugin. -->","yoast_head_json":{"title":"VETAMEC\u00ae - Vetanco Argentina","description":"Producto l\u00ednea Vetanco indicado para el tratamiento y control de parasitosis debidas a nematodes gastrointestinales y pulmonares.","robots":{"index":"index","follow":"follow","max-snippet":"max-snippet:-1","max-image-preview":"max-image-preview:large","max-video-preview":"max-video-preview:-1"},"canonical":"https:\/\/vetanco.com\/es\/producto\/vetamec\/","og_locale":"es_ES","og_type":"article","og_title":"VETAMEC\u00ae - Vetanco Argentina","og_description":"Producto l\u00ednea Vetanco indicado para el tratamiento y control de parasitosis debidas a nematodes gastrointestinales y pulmonares.","og_url":"https:\/\/vetanco.com\/es\/producto\/vetamec\/","og_site_name":"Vetanco Argentina","article_publisher":"https:\/\/www.facebook.com\/vetancoargentina","article_modified_time":"2025-03-18T11:32:01+00:00","og_image":[{"width":800,"height":800,"url":"https:\/\/vetanco.com\/es\/wp-content\/uploads\/2024\/08\/Vetamec.png","type":"image\/png"}],"twitter_card":"summary_large_image","twitter_misc":{"Tiempo de lectura":"1 minuto"},"schema":{"@context":"https:\/\/schema.org","@graph":[{"@type":"WebPage","@id":"https:\/\/vetanco.com\/es\/producto\/vetamec\/","url":"https:\/\/vetanco.com\/es\/producto\/vetamec\/","name":"VETAMEC\u00ae - Vetanco Argentina","isPartOf":{"@id":"https:\/\/vetanco.com\/es\/#website"},"primaryImageOfPage":{"@id":"https:\/\/vetanco.com\/es\/producto\/vetamec\/#primaryimage"},"image":{"@id":"https:\/\/vetanco.com\/es\/producto\/vetamec\/#primaryimage"},"thumbnailUrl":"https:\/\/vetanco.com\/es\/wp-content\/uploads\/2024\/08\/Vetamec.png","datePublished":"2025-03-17T14:57:05+00:00","dateModified":"2025-03-18T11:32:01+00:00","description":"Producto l\u00ednea Vetanco indicado para el tratamiento y control de parasitosis debidas a nematodes gastrointestinales y pulmonares.","breadcrumb":{"@id":"https:\/\/vetanco.com\/es\/producto\/vetamec\/#breadcrumb"},"inLanguage":"es","potentialAction":[{"@type":"ReadAction","target":["https:\/\/vetanco.com\/es\/producto\/vetamec\/"]}]},{"@type":"ImageObject","inLanguage":"es","@id":"https:\/\/vetanco.com\/es\/producto\/vetamec\/#primaryimage","url":"https:\/\/vetanco.com\/es\/wp-content\/uploads\/2024\/08\/Vetamec.png","contentUrl":"https:\/\/vetanco.com\/es\/wp-content\/uploads\/2024\/08\/Vetamec.png","width":800,"height":800},{"@type":"BreadcrumbList","@id":"https:\/\/vetanco.com\/es\/producto\/vetamec\/#breadcrumb","itemListElement":[{"@type":"ListItem","position":1,"name":"In\u00edcio","item":"https:\/\/vetanco.com\/es\/"},{"@type":"ListItem","position":2,"name":"Productos","item":"https:\/\/vetanco.com\/es\/productos\/"},{"@type":"ListItem","position":3,"name":"VETAMEC\u00ae"}]},{"@type":"WebSite","@id":"https:\/\/vetanco.com\/es\/#website","url":"https:\/\/vetanco.com\/es\/","name":"Vetanco Argentina","description":"Productos Seguros para Alimentos Seguros","potentialAction":[{"@type":"SearchAction","target":{"@type":"EntryPoint","urlTemplate":"https:\/\/vetanco.com\/es\/?s={search_term_string}"},"query-input":{"@type":"PropertyValueSpecification","valueRequired":true,"valueName":"search_term_string"}}],"inLanguage":"es"}]}},"_links":{"self":[{"href":"https:\/\/vetanco.com\/es\/wp-json\/wp\/v2\/product\/14178","targetHints":{"allow":["GET"]}}],"collection":[{"href":"https:\/\/vetanco.com\/es\/wp-json\/wp\/v2\/product"}],"about":[{"href":"https:\/\/vetanco.com\/es\/wp-json\/wp\/v2\/types\/product"}],"replies":[{"embeddable":true,"href":"https:\/\/vetanco.com\/es\/wp-json\/wp\/v2\/comments?post=14178"}],"wp:featuredmedia":[{"embeddable":true,"href":"https:\/\/vetanco.com\/es\/wp-json\/wp\/v2\/media\/13989"}],"wp:attachment":[{"href":"https:\/\/vetanco.com\/es\/wp-json\/wp\/v2\/media?parent=14178"}],"wp:term":[{"taxonomy":"product_brand","embeddable":true,"href":"https:\/\/vetanco.com\/es\/wp-json\/wp\/v2\/product_brand?post=14178"},{"taxonomy":"product_cat","embeddable":true,"href":"https:\/\/vetanco.com\/es\/wp-json\/wp\/v2\/product_cat?post=14178"},{"taxonomy":"product_tag","embeddable":true,"href":"https:\/\/vetanco.com\/es\/wp-json\/wp\/v2\/product_tag?post=14178"}],"curies":[{"name":"wp","href":"https:\/\/api.w.org\/{rel}","templated":true}]}}