{"id":14897,"date":"2025-08-28T09:59:10","date_gmt":"2025-08-28T12:59:10","guid":{"rendered":"https:\/\/vetanco.com\/es\/?post_type=product&#038;p=14897"},"modified":"2025-08-28T13:50:05","modified_gmt":"2025-08-28T16:50:05","slug":"lactiproflx-dairy","status":"publish","type":"product","link":"https:\/\/vetanco.com\/es\/producto\/lactiproflx-dairy\/","title":{"rendered":"LactiproFLX<sup>\u00ae<\/sup> Dairy"},"content":{"rendered":"<p><span style=\"color: #00397f;\"><strong>COMPOSICI\u00d3N<\/strong><\/span><\/p>\n<p>Cada c\u00e1psula contiene:<\/p>\n<ul>\n<li>Liofilizado de Megasphaera elsdenii&#8230;&#8230;&#8230;&#8230;&#8230;.2 x 1010 UFC.<\/li>\n<\/ul>\n<p>&nbsp;<\/p>\n<p><strong><span style=\"color: #00397f;\">V\u00cdA DE ADMINISTRACI\u00d3N<\/span><\/strong><\/p>\n<p>Administrar una c\u00e1psula por animal durante las primeras semanas post-parto, una \u00fanica vez tanto para las vacas lecheras como para las de carne, utilizando un aplicador de bolos ruminales.<br \/>\nRetirar de la bolsa la cantidad de c\u00e1psulas selladas con papel de aluminio que se vayan a utilizar y abrirlas \u00fanicamente al momento de la administraci\u00f3n.<br \/>\nSi queda alguna c\u00e1psula sin utilizar, colocarla nuevamente en la heladera y utilizarla en primer lugar la pr\u00f3xima vez que se administre el producto.<\/p>\n<p>&nbsp;<\/p>\n<p><strong><span style=\"color: #00397f;\">PRESENTACI\u00d3N<\/span><\/strong><\/p>\n<p>25 c\u00e1psulas.<\/p>\n","protected":false},"excerpt":{"rendered":"<p><img loading=\"lazy\" decoding=\"async\" class=\"alignnone size-full wp-image-13606\" src=\"https:\/\/vetanco.com\/es\/wp-content\/uploads\/2025\/01\/Picto-Bovinos.png\" alt=\"\" width=\"75\" height=\"63\" \/><\/p>\n<p>Complemento dietario.<\/p>\n<p>Probi\u00f3tico para <strong>bovinos de leche y carne<\/strong>.<\/p>\n<p>Fuente de microorganismos consumidores de \u00e1cido l\u00e1ctico, convirti\u00e9ndolo en butirato, importante para el desarrollo y la salud ruminal.<\/p>\n","protected":false},"featured_media":14899,"comment_status":"open","ping_status":"closed","template":"","meta":[],"product_brand":[],"product_cat":[21],"product_tag":[1084,1088,1087],"class_list":{"0":"post-14897","1":"product","2":"type-product","3":"status-publish","4":"has-post-thumbnail","6":"product_cat-bovinos","7":"product_tag-lactiproflx","8":"product_tag-lactiproflx-dairy","9":"product_tag-megasphaera-elsdenii","11":"first","12":"instock","13":"shipping-taxable","14":"product-type-simple"},"yoast_head":"<!-- This site is optimized with the Yoast SEO plugin v27.1.1 - https:\/\/yoast.com\/product\/yoast-seo-wordpress\/ -->\n<title>LactiproFLX\u00ae Dairy - Vetanco Argentina<\/title>\n<meta name=\"description\" content=\"Fuente de microorganismos consumidores de \u00e1cido l\u00e1ctico, convirti\u00e9ndolo en butirato, importante para el desarrollo y la salud ruminal.\" \/>\n<meta name=\"robots\" content=\"index, follow, max-snippet:-1, max-image-preview:large, max-video-preview:-1\" \/>\n<link rel=\"canonical\" href=\"https:\/\/vetanco.com\/es\/producto\/lactiproflx-dairy\/\" \/>\n<meta property=\"og:locale\" content=\"es_ES\" \/>\n<meta property=\"og:type\" content=\"article\" \/>\n<meta property=\"og:title\" content=\"LactiproFLX\u00ae Dairy - Vetanco Argentina\" \/>\n<meta property=\"og:description\" content=\"Fuente de microorganismos consumidores de \u00e1cido l\u00e1ctico, convirti\u00e9ndolo en butirato, importante para el desarrollo y la salud ruminal.\" \/>\n<meta property=\"og:url\" content=\"https:\/\/vetanco.com\/es\/producto\/lactiproflx-dairy\/\" \/>\n<meta property=\"og:site_name\" content=\"Vetanco Argentina\" \/>\n<meta property=\"article:publisher\" content=\"https:\/\/www.facebook.com\/vetancoargentina\" \/>\n<meta property=\"article:modified_time\" content=\"2025-08-28T16:50:05+00:00\" \/>\n<meta property=\"og:image\" content=\"https:\/\/vetanco.com\/es\/wp-content\/uploads\/2025\/08\/Dairy-NXTFLX-800x800-1.png\" \/>\n\t<meta property=\"og:image:width\" content=\"800\" \/>\n\t<meta property=\"og:image:height\" content=\"800\" \/>\n\t<meta property=\"og:image:type\" content=\"image\/png\" \/>\n<meta name=\"twitter:card\" content=\"summary_large_image\" \/>\n<meta name=\"twitter:label1\" content=\"Tiempo de lectura\" \/>\n\t<meta name=\"twitter:data1\" content=\"1 minuto\" \/>\n<script type=\"application\/ld+json\" class=\"yoast-schema-graph\">{\"@context\":\"https:\/\/schema.org\",\"@graph\":[{\"@type\":\"WebPage\",\"@id\":\"https:\/\/vetanco.com\/es\/producto\/lactiproflx-dairy\/\",\"url\":\"https:\/\/vetanco.com\/es\/producto\/lactiproflx-dairy\/\",\"name\":\"LactiproFLX\u00ae Dairy - Vetanco Argentina\",\"isPartOf\":{\"@id\":\"https:\/\/vetanco.com\/es\/#website\"},\"primaryImageOfPage\":{\"@id\":\"https:\/\/vetanco.com\/es\/producto\/lactiproflx-dairy\/#primaryimage\"},\"image\":{\"@id\":\"https:\/\/vetanco.com\/es\/producto\/lactiproflx-dairy\/#primaryimage\"},\"thumbnailUrl\":\"https:\/\/vetanco.com\/es\/wp-content\/uploads\/2025\/08\/Dairy-NXTFLX-800x800-1.png\",\"datePublished\":\"2025-08-28T12:59:10+00:00\",\"dateModified\":\"2025-08-28T16:50:05+00:00\",\"description\":\"Fuente de microorganismos consumidores de \u00e1cido l\u00e1ctico, convirti\u00e9ndolo en butirato, importante para el desarrollo y la salud ruminal.\",\"breadcrumb\":{\"@id\":\"https:\/\/vetanco.com\/es\/producto\/lactiproflx-dairy\/#breadcrumb\"},\"inLanguage\":\"es\",\"potentialAction\":[{\"@type\":\"ReadAction\",\"target\":[\"https:\/\/vetanco.com\/es\/producto\/lactiproflx-dairy\/\"]}]},{\"@type\":\"ImageObject\",\"inLanguage\":\"es\",\"@id\":\"https:\/\/vetanco.com\/es\/producto\/lactiproflx-dairy\/#primaryimage\",\"url\":\"https:\/\/vetanco.com\/es\/wp-content\/uploads\/2025\/08\/Dairy-NXTFLX-800x800-1.png\",\"contentUrl\":\"https:\/\/vetanco.com\/es\/wp-content\/uploads\/2025\/08\/Dairy-NXTFLX-800x800-1.png\",\"width\":800,\"height\":800},{\"@type\":\"BreadcrumbList\",\"@id\":\"https:\/\/vetanco.com\/es\/producto\/lactiproflx-dairy\/#breadcrumb\",\"itemListElement\":[{\"@type\":\"ListItem\",\"position\":1,\"name\":\"In\u00edcio\",\"item\":\"https:\/\/vetanco.com\/es\/\"},{\"@type\":\"ListItem\",\"position\":2,\"name\":\"Productos\",\"item\":\"https:\/\/vetanco.com\/es\/productos\/\"},{\"@type\":\"ListItem\",\"position\":3,\"name\":\"LactiproFLX\u00ae Dairy\"}]},{\"@type\":\"WebSite\",\"@id\":\"https:\/\/vetanco.com\/es\/#website\",\"url\":\"https:\/\/vetanco.com\/es\/\",\"name\":\"Vetanco Argentina\",\"description\":\"Productos Seguros para Alimentos Seguros\",\"potentialAction\":[{\"@type\":\"SearchAction\",\"target\":{\"@type\":\"EntryPoint\",\"urlTemplate\":\"https:\/\/vetanco.com\/es\/?s={search_term_string}\"},\"query-input\":{\"@type\":\"PropertyValueSpecification\",\"valueRequired\":true,\"valueName\":\"search_term_string\"}}],\"inLanguage\":\"es\"}]}<\/script>\n<!-- \/ Yoast SEO plugin. -->","yoast_head_json":{"title":"LactiproFLX\u00ae Dairy - Vetanco Argentina","description":"Fuente de microorganismos consumidores de \u00e1cido l\u00e1ctico, convirti\u00e9ndolo en butirato, importante para el desarrollo y la salud ruminal.","robots":{"index":"index","follow":"follow","max-snippet":"max-snippet:-1","max-image-preview":"max-image-preview:large","max-video-preview":"max-video-preview:-1"},"canonical":"https:\/\/vetanco.com\/es\/producto\/lactiproflx-dairy\/","og_locale":"es_ES","og_type":"article","og_title":"LactiproFLX\u00ae Dairy - Vetanco Argentina","og_description":"Fuente de microorganismos consumidores de \u00e1cido l\u00e1ctico, convirti\u00e9ndolo en butirato, importante para el desarrollo y la salud ruminal.","og_url":"https:\/\/vetanco.com\/es\/producto\/lactiproflx-dairy\/","og_site_name":"Vetanco Argentina","article_publisher":"https:\/\/www.facebook.com\/vetancoargentina","article_modified_time":"2025-08-28T16:50:05+00:00","og_image":[{"width":800,"height":800,"url":"https:\/\/vetanco.com\/es\/wp-content\/uploads\/2025\/08\/Dairy-NXTFLX-800x800-1.png","type":"image\/png"}],"twitter_card":"summary_large_image","twitter_misc":{"Tiempo de lectura":"1 minuto"},"schema":{"@context":"https:\/\/schema.org","@graph":[{"@type":"WebPage","@id":"https:\/\/vetanco.com\/es\/producto\/lactiproflx-dairy\/","url":"https:\/\/vetanco.com\/es\/producto\/lactiproflx-dairy\/","name":"LactiproFLX\u00ae Dairy - Vetanco Argentina","isPartOf":{"@id":"https:\/\/vetanco.com\/es\/#website"},"primaryImageOfPage":{"@id":"https:\/\/vetanco.com\/es\/producto\/lactiproflx-dairy\/#primaryimage"},"image":{"@id":"https:\/\/vetanco.com\/es\/producto\/lactiproflx-dairy\/#primaryimage"},"thumbnailUrl":"https:\/\/vetanco.com\/es\/wp-content\/uploads\/2025\/08\/Dairy-NXTFLX-800x800-1.png","datePublished":"2025-08-28T12:59:10+00:00","dateModified":"2025-08-28T16:50:05+00:00","description":"Fuente de microorganismos consumidores de \u00e1cido l\u00e1ctico, convirti\u00e9ndolo en butirato, importante para el desarrollo y la salud ruminal.","breadcrumb":{"@id":"https:\/\/vetanco.com\/es\/producto\/lactiproflx-dairy\/#breadcrumb"},"inLanguage":"es","potentialAction":[{"@type":"ReadAction","target":["https:\/\/vetanco.com\/es\/producto\/lactiproflx-dairy\/"]}]},{"@type":"ImageObject","inLanguage":"es","@id":"https:\/\/vetanco.com\/es\/producto\/lactiproflx-dairy\/#primaryimage","url":"https:\/\/vetanco.com\/es\/wp-content\/uploads\/2025\/08\/Dairy-NXTFLX-800x800-1.png","contentUrl":"https:\/\/vetanco.com\/es\/wp-content\/uploads\/2025\/08\/Dairy-NXTFLX-800x800-1.png","width":800,"height":800},{"@type":"BreadcrumbList","@id":"https:\/\/vetanco.com\/es\/producto\/lactiproflx-dairy\/#breadcrumb","itemListElement":[{"@type":"ListItem","position":1,"name":"In\u00edcio","item":"https:\/\/vetanco.com\/es\/"},{"@type":"ListItem","position":2,"name":"Productos","item":"https:\/\/vetanco.com\/es\/productos\/"},{"@type":"ListItem","position":3,"name":"LactiproFLX\u00ae Dairy"}]},{"@type":"WebSite","@id":"https:\/\/vetanco.com\/es\/#website","url":"https:\/\/vetanco.com\/es\/","name":"Vetanco Argentina","description":"Productos Seguros para Alimentos Seguros","potentialAction":[{"@type":"SearchAction","target":{"@type":"EntryPoint","urlTemplate":"https:\/\/vetanco.com\/es\/?s={search_term_string}"},"query-input":{"@type":"PropertyValueSpecification","valueRequired":true,"valueName":"search_term_string"}}],"inLanguage":"es"}]}},"_links":{"self":[{"href":"https:\/\/vetanco.com\/es\/wp-json\/wp\/v2\/product\/14897","targetHints":{"allow":["GET"]}}],"collection":[{"href":"https:\/\/vetanco.com\/es\/wp-json\/wp\/v2\/product"}],"about":[{"href":"https:\/\/vetanco.com\/es\/wp-json\/wp\/v2\/types\/product"}],"replies":[{"embeddable":true,"href":"https:\/\/vetanco.com\/es\/wp-json\/wp\/v2\/comments?post=14897"}],"wp:featuredmedia":[{"embeddable":true,"href":"https:\/\/vetanco.com\/es\/wp-json\/wp\/v2\/media\/14899"}],"wp:attachment":[{"href":"https:\/\/vetanco.com\/es\/wp-json\/wp\/v2\/media?parent=14897"}],"wp:term":[{"taxonomy":"product_brand","embeddable":true,"href":"https:\/\/vetanco.com\/es\/wp-json\/wp\/v2\/product_brand?post=14897"},{"taxonomy":"product_cat","embeddable":true,"href":"https:\/\/vetanco.com\/es\/wp-json\/wp\/v2\/product_cat?post=14897"},{"taxonomy":"product_tag","embeddable":true,"href":"https:\/\/vetanco.com\/es\/wp-json\/wp\/v2\/product_tag?post=14897"}],"curies":[{"name":"wp","href":"https:\/\/api.w.org\/{rel}","templated":true}]}}