{"id":6627,"date":"2024-08-27T11:05:42","date_gmt":"2024-08-27T14:05:42","guid":{"rendered":"https:\/\/vetanco.com\/es\/?post_type=product&#038;p=6627"},"modified":"2025-11-07T15:16:57","modified_gmt":"2025-11-07T18:16:57","slug":"vetamec-ad","status":"publish","type":"product","link":"https:\/\/vetanco.com\/es\/producto\/vetamec-ad\/","title":{"rendered":"VETAMEC<sup>\u00ae<\/sup> AD"},"content":{"rendered":"<p><span style=\"color: #00397f;\"><strong>COMPOSICI\u00d3N<\/strong><\/span><\/p>\n<p>Doramectina 3,5%.<\/p>\n<p>&nbsp;<\/p>\n<p><span style=\"color: #00397f;\"><b>DOSIS<\/b><\/span><\/p>\n<p>Se dosifica a raz\u00f3n de 700 mcg de Doramectina por kilo de peso vivo, (1 ml de la soluci\u00f3n inyectable lista para usar<br \/>\ncada 50 k.p. v.). Intervalo entre dosis: Una dosis \u00fanica es suficiente para el control de ecto y endopar\u00e1sitos. Se sugiere realizar an\u00e1lisis Coproparasitol\u00f3gicos para determinar posibles reinfestaciones.<\/p>\n<p>&nbsp;<\/p>\n<p><span style=\"color: #00397f;\"><b>PER\u00cdODO DE RETIRO<\/b><\/span><\/p>\n<p>No destinar a faena para consumo humano a los animales tratados hasta 80 d\u00edas despu\u00e9s del \u00faltimo tratamiento. No administrar a vacas en producci\u00f3n l\u00e1ctea con destino a consumo humano o industrializaci\u00f3n.<\/p>\n<p>&nbsp;<\/p>\n<p><span style=\"color: #00397f;\"><b>PRESENTACI\u00d3N<\/b><\/span><\/p>\n<p>500 ml.<\/p>\n","protected":false},"excerpt":{"rendered":"<p><img loading=\"lazy\" decoding=\"async\" class=\"alignnone size-full wp-image-11191\" src=\"https:\/\/vetanco.com\/es\/wp-content\/uploads\/2024\/10\/Picto-Bovinos-1.png\" alt=\"\" width=\"75\" height=\"63\" \/><\/p>\n<p>Endectocida inyectable de acci\u00f3n prolongada indicado para el tratamiento y control de par\u00e1sitos internos y externos que afectan a los bovinos.<\/p>\n","protected":false},"featured_media":14215,"comment_status":"open","ping_status":"closed","template":"","meta":[],"product_brand":[],"product_cat":[21],"product_tag":[],"class_list":{"0":"post-6627","1":"product","2":"type-product","3":"status-publish","4":"has-post-thumbnail","6":"product_cat-bovinos","8":"first","9":"instock","10":"shipping-taxable","11":"product-type-simple"},"yoast_head":"<!-- This site is optimized with the Yoast SEO plugin v27.1.1 - https:\/\/yoast.com\/product\/yoast-seo-wordpress\/ -->\n<title>VETAMEC\u00ae AD - Vetanco Argentina<\/title>\n<meta name=\"description\" content=\"Endectocida inyectable de acci\u00f3n prolongada indicado para el tratamiento y control de par\u00e1sitos internos y externos que afectan a los bovinos.\" \/>\n<meta name=\"robots\" content=\"index, follow, max-snippet:-1, max-image-preview:large, max-video-preview:-1\" \/>\n<link rel=\"canonical\" href=\"https:\/\/vetanco.com\/es\/producto\/vetamec-ad\/\" \/>\n<meta property=\"og:locale\" content=\"es_ES\" \/>\n<meta property=\"og:type\" content=\"article\" \/>\n<meta property=\"og:title\" content=\"VETAMEC\u00ae AD - Vetanco Argentina\" \/>\n<meta property=\"og:description\" content=\"Endectocida inyectable de acci\u00f3n prolongada indicado para el tratamiento y control de par\u00e1sitos internos y externos que afectan a los bovinos.\" \/>\n<meta property=\"og:url\" content=\"https:\/\/vetanco.com\/es\/producto\/vetamec-ad\/\" \/>\n<meta property=\"og:site_name\" content=\"Vetanco Argentina\" \/>\n<meta property=\"article:publisher\" content=\"https:\/\/www.facebook.com\/vetancoargentina\" \/>\n<meta property=\"article:modified_time\" content=\"2025-11-07T18:16:57+00:00\" \/>\n<meta property=\"og:image\" content=\"https:\/\/vetanco.com\/es\/wp-content\/uploads\/2024\/08\/Vetamec-AD-800X800-1.png\" \/>\n\t<meta property=\"og:image:width\" content=\"800\" \/>\n\t<meta property=\"og:image:height\" content=\"800\" \/>\n\t<meta property=\"og:image:type\" content=\"image\/png\" \/>\n<meta name=\"twitter:card\" content=\"summary_large_image\" \/>\n<meta name=\"twitter:label1\" content=\"Tiempo de lectura\" \/>\n\t<meta name=\"twitter:data1\" content=\"1 minuto\" \/>\n<script type=\"application\/ld+json\" class=\"yoast-schema-graph\">{\"@context\":\"https:\/\/schema.org\",\"@graph\":[{\"@type\":\"WebPage\",\"@id\":\"https:\/\/vetanco.com\/es\/producto\/vetamec-ad\/\",\"url\":\"https:\/\/vetanco.com\/es\/producto\/vetamec-ad\/\",\"name\":\"VETAMEC\u00ae AD - Vetanco Argentina\",\"isPartOf\":{\"@id\":\"https:\/\/vetanco.com\/es\/#website\"},\"primaryImageOfPage\":{\"@id\":\"https:\/\/vetanco.com\/es\/producto\/vetamec-ad\/#primaryimage\"},\"image\":{\"@id\":\"https:\/\/vetanco.com\/es\/producto\/vetamec-ad\/#primaryimage\"},\"thumbnailUrl\":\"https:\/\/vetanco.com\/es\/wp-content\/uploads\/2024\/08\/Vetamec-AD-800X800-1.png\",\"datePublished\":\"2024-08-27T14:05:42+00:00\",\"dateModified\":\"2025-11-07T18:16:57+00:00\",\"description\":\"Endectocida inyectable de acci\u00f3n prolongada indicado para el tratamiento y control de par\u00e1sitos internos y externos que afectan a los bovinos.\",\"breadcrumb\":{\"@id\":\"https:\/\/vetanco.com\/es\/producto\/vetamec-ad\/#breadcrumb\"},\"inLanguage\":\"es\",\"potentialAction\":[{\"@type\":\"ReadAction\",\"target\":[\"https:\/\/vetanco.com\/es\/producto\/vetamec-ad\/\"]}]},{\"@type\":\"ImageObject\",\"inLanguage\":\"es\",\"@id\":\"https:\/\/vetanco.com\/es\/producto\/vetamec-ad\/#primaryimage\",\"url\":\"https:\/\/vetanco.com\/es\/wp-content\/uploads\/2024\/08\/Vetamec-AD-800X800-1.png\",\"contentUrl\":\"https:\/\/vetanco.com\/es\/wp-content\/uploads\/2024\/08\/Vetamec-AD-800X800-1.png\",\"width\":800,\"height\":800},{\"@type\":\"BreadcrumbList\",\"@id\":\"https:\/\/vetanco.com\/es\/producto\/vetamec-ad\/#breadcrumb\",\"itemListElement\":[{\"@type\":\"ListItem\",\"position\":1,\"name\":\"In\u00edcio\",\"item\":\"https:\/\/vetanco.com\/es\/\"},{\"@type\":\"ListItem\",\"position\":2,\"name\":\"Productos\",\"item\":\"https:\/\/vetanco.com\/es\/productos\/\"},{\"@type\":\"ListItem\",\"position\":3,\"name\":\"VETAMEC\u00ae AD\"}]},{\"@type\":\"WebSite\",\"@id\":\"https:\/\/vetanco.com\/es\/#website\",\"url\":\"https:\/\/vetanco.com\/es\/\",\"name\":\"Vetanco Argentina\",\"description\":\"Productos Seguros para Alimentos Seguros\",\"potentialAction\":[{\"@type\":\"SearchAction\",\"target\":{\"@type\":\"EntryPoint\",\"urlTemplate\":\"https:\/\/vetanco.com\/es\/?s={search_term_string}\"},\"query-input\":{\"@type\":\"PropertyValueSpecification\",\"valueRequired\":true,\"valueName\":\"search_term_string\"}}],\"inLanguage\":\"es\"}]}<\/script>\n<!-- \/ Yoast SEO plugin. -->","yoast_head_json":{"title":"VETAMEC\u00ae AD - Vetanco Argentina","description":"Endectocida inyectable de acci\u00f3n prolongada indicado para el tratamiento y control de par\u00e1sitos internos y externos que afectan a los bovinos.","robots":{"index":"index","follow":"follow","max-snippet":"max-snippet:-1","max-image-preview":"max-image-preview:large","max-video-preview":"max-video-preview:-1"},"canonical":"https:\/\/vetanco.com\/es\/producto\/vetamec-ad\/","og_locale":"es_ES","og_type":"article","og_title":"VETAMEC\u00ae AD - Vetanco Argentina","og_description":"Endectocida inyectable de acci\u00f3n prolongada indicado para el tratamiento y control de par\u00e1sitos internos y externos que afectan a los bovinos.","og_url":"https:\/\/vetanco.com\/es\/producto\/vetamec-ad\/","og_site_name":"Vetanco Argentina","article_publisher":"https:\/\/www.facebook.com\/vetancoargentina","article_modified_time":"2025-11-07T18:16:57+00:00","og_image":[{"width":800,"height":800,"url":"https:\/\/vetanco.com\/es\/wp-content\/uploads\/2024\/08\/Vetamec-AD-800X800-1.png","type":"image\/png"}],"twitter_card":"summary_large_image","twitter_misc":{"Tiempo de lectura":"1 minuto"},"schema":{"@context":"https:\/\/schema.org","@graph":[{"@type":"WebPage","@id":"https:\/\/vetanco.com\/es\/producto\/vetamec-ad\/","url":"https:\/\/vetanco.com\/es\/producto\/vetamec-ad\/","name":"VETAMEC\u00ae AD - Vetanco Argentina","isPartOf":{"@id":"https:\/\/vetanco.com\/es\/#website"},"primaryImageOfPage":{"@id":"https:\/\/vetanco.com\/es\/producto\/vetamec-ad\/#primaryimage"},"image":{"@id":"https:\/\/vetanco.com\/es\/producto\/vetamec-ad\/#primaryimage"},"thumbnailUrl":"https:\/\/vetanco.com\/es\/wp-content\/uploads\/2024\/08\/Vetamec-AD-800X800-1.png","datePublished":"2024-08-27T14:05:42+00:00","dateModified":"2025-11-07T18:16:57+00:00","description":"Endectocida inyectable de acci\u00f3n prolongada indicado para el tratamiento y control de par\u00e1sitos internos y externos que afectan a los bovinos.","breadcrumb":{"@id":"https:\/\/vetanco.com\/es\/producto\/vetamec-ad\/#breadcrumb"},"inLanguage":"es","potentialAction":[{"@type":"ReadAction","target":["https:\/\/vetanco.com\/es\/producto\/vetamec-ad\/"]}]},{"@type":"ImageObject","inLanguage":"es","@id":"https:\/\/vetanco.com\/es\/producto\/vetamec-ad\/#primaryimage","url":"https:\/\/vetanco.com\/es\/wp-content\/uploads\/2024\/08\/Vetamec-AD-800X800-1.png","contentUrl":"https:\/\/vetanco.com\/es\/wp-content\/uploads\/2024\/08\/Vetamec-AD-800X800-1.png","width":800,"height":800},{"@type":"BreadcrumbList","@id":"https:\/\/vetanco.com\/es\/producto\/vetamec-ad\/#breadcrumb","itemListElement":[{"@type":"ListItem","position":1,"name":"In\u00edcio","item":"https:\/\/vetanco.com\/es\/"},{"@type":"ListItem","position":2,"name":"Productos","item":"https:\/\/vetanco.com\/es\/productos\/"},{"@type":"ListItem","position":3,"name":"VETAMEC\u00ae AD"}]},{"@type":"WebSite","@id":"https:\/\/vetanco.com\/es\/#website","url":"https:\/\/vetanco.com\/es\/","name":"Vetanco Argentina","description":"Productos Seguros para Alimentos Seguros","potentialAction":[{"@type":"SearchAction","target":{"@type":"EntryPoint","urlTemplate":"https:\/\/vetanco.com\/es\/?s={search_term_string}"},"query-input":{"@type":"PropertyValueSpecification","valueRequired":true,"valueName":"search_term_string"}}],"inLanguage":"es"}]}},"_links":{"self":[{"href":"https:\/\/vetanco.com\/es\/wp-json\/wp\/v2\/product\/6627","targetHints":{"allow":["GET"]}}],"collection":[{"href":"https:\/\/vetanco.com\/es\/wp-json\/wp\/v2\/product"}],"about":[{"href":"https:\/\/vetanco.com\/es\/wp-json\/wp\/v2\/types\/product"}],"replies":[{"embeddable":true,"href":"https:\/\/vetanco.com\/es\/wp-json\/wp\/v2\/comments?post=6627"}],"wp:featuredmedia":[{"embeddable":true,"href":"https:\/\/vetanco.com\/es\/wp-json\/wp\/v2\/media\/14215"}],"wp:attachment":[{"href":"https:\/\/vetanco.com\/es\/wp-json\/wp\/v2\/media?parent=6627"}],"wp:term":[{"taxonomy":"product_brand","embeddable":true,"href":"https:\/\/vetanco.com\/es\/wp-json\/wp\/v2\/product_brand?post=6627"},{"taxonomy":"product_cat","embeddable":true,"href":"https:\/\/vetanco.com\/es\/wp-json\/wp\/v2\/product_cat?post=6627"},{"taxonomy":"product_tag","embeddable":true,"href":"https:\/\/vetanco.com\/es\/wp-json\/wp\/v2\/product_tag?post=6627"}],"curies":[{"name":"wp","href":"https:\/\/api.w.org\/{rel}","templated":true}]}}