{"id":11374,"date":"2024-11-20T13:36:41","date_gmt":"2024-11-20T19:36:41","guid":{"rendered":"https:\/\/vetanco.com\/mx\/?post_type=product&#038;p=11374"},"modified":"2025-01-28T05:33:50","modified_gmt":"2025-01-28T11:33:50","slug":"uniwall-mos","status":"publish","type":"product","link":"https:\/\/vetanco.com\/mx\/produto\/uniwall-mos\/","title":{"rendered":"UNIWALL<sup>\u00ae<\/sup> MOS"},"content":{"rendered":"<p><span style=\"color: #00397f;\"><strong>COMPOSICI\u00d3N<\/strong><\/span><\/p>\n<p>Pared de levaduras, Formiato de Amonio, \u00c1cido F\u00f3rmico, Propionato de amonio y \u00c1cido ac\u00e9tico.<\/p>\n<p>&nbsp;<\/p>\n<p><span style=\"color: #00397f;\"><strong>DOSIS<\/strong><\/span><\/p>\n<ul>\n<li><em>En Cerdos: <\/em>Aplicar de 2 a 4 kg de producto por tonelada de alimento.<\/li>\n<li><em>En Aves: <\/em>Debe ser administrado en el alimento en una proporci\u00f3n de 2 kg a 4 kg por tonelada de alimento balanceado de acuerdo con la recomendaci\u00f3n del profesional.<\/li>\n<\/ul>\n<p>&nbsp;<\/p>\n<p><span style=\"color: #00397f;\"><strong>PER\u00cdODO DE RETIRO<\/strong><\/span><\/p>\n<p><strong>UNIWALL\u00ae MOS<\/strong> no tiene per\u00edodo de retiro<\/p>\n<p>&nbsp;<\/p>\n<p><span style=\"color: #00397f;\"><strong>PRESENTACI\u00d3N<\/strong><\/span><\/p>\n<p>25 kg.<\/p>\n","protected":false},"excerpt":{"rendered":"<p><img loading=\"lazy\" decoding=\"async\" class=\"alignnone size-full wp-image-11077\" src=\"https:\/\/vetanco.com\/mx\/wp-content\/uploads\/2024\/11\/Picto-Cerdos.png\" alt=\"\" width=\"75\" height=\"63\" \/> <img loading=\"lazy\" decoding=\"async\" class=\"alignnone size-full wp-image-11131\" src=\"https:\/\/vetanco.com\/mx\/wp-content\/uploads\/2024\/11\/Picto-Aves-2.png\" alt=\"\" width=\"75\" height=\"63\" \/><\/p>\n<p><strong>Acidificante &#8211; Prebi\u00f3tico.<\/strong><\/p>\n<p>Para impedir la proliferaci\u00f3n de bacterias Gram negativas como <em>Salmonella spp<\/em>. y otros Gram negativos como <em>Pasteurella spp, E Coli, Klebsiella spp, Enterobacter spp., Proteus spp. y Pseudomonas spp.<\/em> y como suplemento nutricional de prot\u00e9inas y carbohidratos actuando de nutriente para los microorganismos ben\u00e9ficos en el tracto digestivo de los animales.<\/p>\n<p>Tiene una combinaci\u00f3n estrat\u00e9gica de tres componentes: \u00e1cidos org\u00e1nicos, pared celular de levaduras y carrier mineral. Esta formulaci\u00f3n resulta en una interacci\u00f3n sin\u00e9rgica, garantizando protecci\u00f3n contra desaf\u00edos intestinales y mejora los resultados productivos.<\/p>\n","protected":false},"featured_media":11855,"comment_status":"open","ping_status":"closed","template":"","meta":[],"product_brand":[],"product_cat":[311],"product_tag":[],"class_list":{"0":"post-11374","1":"product","2":"type-product","3":"status-publish","4":"has-post-thumbnail","6":"product_cat-aditivos","8":"first","9":"instock","10":"shipping-taxable","11":"product-type-simple"},"yoast_head":"<!-- This site is optimized with the Yoast SEO plugin v27.1.1 - https:\/\/yoast.com\/product\/yoast-seo-wordpress\/ -->\n<title>UNIWALL\u00ae MOS - Vetanco Mexico<\/title>\n<meta name=\"description\" content=\"Es utilizado como destructor de bacterias Gram negativas en el alimento animal y como suplemento nutricional de proteinas y carbohidratos.\" \/>\n<meta name=\"robots\" content=\"index, follow, max-snippet:-1, max-image-preview:large, max-video-preview:-1\" \/>\n<link rel=\"canonical\" href=\"https:\/\/vetanco.com\/mx\/produto\/uniwall-mos\/\" \/>\n<meta property=\"og:locale\" content=\"es_ES\" \/>\n<meta property=\"og:type\" content=\"article\" \/>\n<meta property=\"og:title\" content=\"UNIWALL\u00ae MOS - Vetanco Mexico\" \/>\n<meta property=\"og:description\" content=\"Es utilizado como destructor de bacterias Gram negativas en el alimento animal y como suplemento nutricional de proteinas y carbohidratos.\" \/>\n<meta property=\"og:url\" content=\"https:\/\/vetanco.com\/mx\/produto\/uniwall-mos\/\" \/>\n<meta property=\"og:site_name\" content=\"Vetanco Mexico\" \/>\n<meta property=\"article:modified_time\" content=\"2025-01-28T11:33:50+00:00\" \/>\n<meta property=\"og:image\" content=\"https:\/\/vetanco.com\/mx\/wp-content\/uploads\/2024\/11\/Uniwall-Mos-2.png\" \/>\n\t<meta property=\"og:image:width\" content=\"1250\" \/>\n\t<meta property=\"og:image:height\" content=\"1250\" \/>\n\t<meta property=\"og:image:type\" content=\"image\/png\" \/>\n<meta name=\"twitter:card\" content=\"summary_large_image\" \/>\n<meta name=\"twitter:label1\" content=\"Tiempo de lectura\" \/>\n\t<meta name=\"twitter:data1\" content=\"1 minuto\" \/>\n<script type=\"application\/ld+json\" class=\"yoast-schema-graph\">{\"@context\":\"https:\/\/schema.org\",\"@graph\":[{\"@type\":\"WebPage\",\"@id\":\"https:\/\/vetanco.com\/mx\/produto\/uniwall-mos\/\",\"url\":\"https:\/\/vetanco.com\/mx\/produto\/uniwall-mos\/\",\"name\":\"UNIWALL\u00ae MOS - Vetanco Mexico\",\"isPartOf\":{\"@id\":\"https:\/\/vetanco.com\/mx\/#website\"},\"primaryImageOfPage\":{\"@id\":\"https:\/\/vetanco.com\/mx\/produto\/uniwall-mos\/#primaryimage\"},\"image\":{\"@id\":\"https:\/\/vetanco.com\/mx\/produto\/uniwall-mos\/#primaryimage\"},\"thumbnailUrl\":\"https:\/\/vetanco.com\/mx\/wp-content\/uploads\/2024\/11\/Uniwall-Mos-2.png\",\"datePublished\":\"2024-11-20T19:36:41+00:00\",\"dateModified\":\"2025-01-28T11:33:50+00:00\",\"description\":\"Es utilizado como destructor de bacterias Gram negativas en el alimento animal y como suplemento nutricional de proteinas y carbohidratos.\",\"breadcrumb\":{\"@id\":\"https:\/\/vetanco.com\/mx\/produto\/uniwall-mos\/#breadcrumb\"},\"inLanguage\":\"es\",\"potentialAction\":[{\"@type\":\"ReadAction\",\"target\":[\"https:\/\/vetanco.com\/mx\/produto\/uniwall-mos\/\"]}]},{\"@type\":\"ImageObject\",\"inLanguage\":\"es\",\"@id\":\"https:\/\/vetanco.com\/mx\/produto\/uniwall-mos\/#primaryimage\",\"url\":\"https:\/\/vetanco.com\/mx\/wp-content\/uploads\/2024\/11\/Uniwall-Mos-2.png\",\"contentUrl\":\"https:\/\/vetanco.com\/mx\/wp-content\/uploads\/2024\/11\/Uniwall-Mos-2.png\",\"width\":1250,\"height\":1250},{\"@type\":\"BreadcrumbList\",\"@id\":\"https:\/\/vetanco.com\/mx\/produto\/uniwall-mos\/#breadcrumb\",\"itemListElement\":[{\"@type\":\"ListItem\",\"position\":1,\"name\":\"In\u00edcio\",\"item\":\"https:\/\/vetanco.com\/mx\/\"},{\"@type\":\"ListItem\",\"position\":2,\"name\":\"Productos\",\"item\":\"https:\/\/vetanco.com\/mx\/productos\/\"},{\"@type\":\"ListItem\",\"position\":3,\"name\":\"UNIWALL\u00ae MOS\"}]},{\"@type\":\"WebSite\",\"@id\":\"https:\/\/vetanco.com\/mx\/#website\",\"url\":\"https:\/\/vetanco.com\/mx\/\",\"name\":\"Vetanco Mexico\",\"description\":\"Productos Seguros para Alimentos Seguros\",\"potentialAction\":[{\"@type\":\"SearchAction\",\"target\":{\"@type\":\"EntryPoint\",\"urlTemplate\":\"https:\/\/vetanco.com\/mx\/?s={search_term_string}\"},\"query-input\":{\"@type\":\"PropertyValueSpecification\",\"valueRequired\":true,\"valueName\":\"search_term_string\"}}],\"inLanguage\":\"es\"}]}<\/script>\n<!-- \/ Yoast SEO plugin. -->","yoast_head_json":{"title":"UNIWALL\u00ae MOS - Vetanco Mexico","description":"Es utilizado como destructor de bacterias Gram negativas en el alimento animal y como suplemento nutricional de proteinas y carbohidratos.","robots":{"index":"index","follow":"follow","max-snippet":"max-snippet:-1","max-image-preview":"max-image-preview:large","max-video-preview":"max-video-preview:-1"},"canonical":"https:\/\/vetanco.com\/mx\/produto\/uniwall-mos\/","og_locale":"es_ES","og_type":"article","og_title":"UNIWALL\u00ae MOS - Vetanco Mexico","og_description":"Es utilizado como destructor de bacterias Gram negativas en el alimento animal y como suplemento nutricional de proteinas y carbohidratos.","og_url":"https:\/\/vetanco.com\/mx\/produto\/uniwall-mos\/","og_site_name":"Vetanco Mexico","article_modified_time":"2025-01-28T11:33:50+00:00","og_image":[{"width":1250,"height":1250,"url":"https:\/\/vetanco.com\/mx\/wp-content\/uploads\/2024\/11\/Uniwall-Mos-2.png","type":"image\/png"}],"twitter_card":"summary_large_image","twitter_misc":{"Tiempo de lectura":"1 minuto"},"schema":{"@context":"https:\/\/schema.org","@graph":[{"@type":"WebPage","@id":"https:\/\/vetanco.com\/mx\/produto\/uniwall-mos\/","url":"https:\/\/vetanco.com\/mx\/produto\/uniwall-mos\/","name":"UNIWALL\u00ae MOS - Vetanco Mexico","isPartOf":{"@id":"https:\/\/vetanco.com\/mx\/#website"},"primaryImageOfPage":{"@id":"https:\/\/vetanco.com\/mx\/produto\/uniwall-mos\/#primaryimage"},"image":{"@id":"https:\/\/vetanco.com\/mx\/produto\/uniwall-mos\/#primaryimage"},"thumbnailUrl":"https:\/\/vetanco.com\/mx\/wp-content\/uploads\/2024\/11\/Uniwall-Mos-2.png","datePublished":"2024-11-20T19:36:41+00:00","dateModified":"2025-01-28T11:33:50+00:00","description":"Es utilizado como destructor de bacterias Gram negativas en el alimento animal y como suplemento nutricional de proteinas y carbohidratos.","breadcrumb":{"@id":"https:\/\/vetanco.com\/mx\/produto\/uniwall-mos\/#breadcrumb"},"inLanguage":"es","potentialAction":[{"@type":"ReadAction","target":["https:\/\/vetanco.com\/mx\/produto\/uniwall-mos\/"]}]},{"@type":"ImageObject","inLanguage":"es","@id":"https:\/\/vetanco.com\/mx\/produto\/uniwall-mos\/#primaryimage","url":"https:\/\/vetanco.com\/mx\/wp-content\/uploads\/2024\/11\/Uniwall-Mos-2.png","contentUrl":"https:\/\/vetanco.com\/mx\/wp-content\/uploads\/2024\/11\/Uniwall-Mos-2.png","width":1250,"height":1250},{"@type":"BreadcrumbList","@id":"https:\/\/vetanco.com\/mx\/produto\/uniwall-mos\/#breadcrumb","itemListElement":[{"@type":"ListItem","position":1,"name":"In\u00edcio","item":"https:\/\/vetanco.com\/mx\/"},{"@type":"ListItem","position":2,"name":"Productos","item":"https:\/\/vetanco.com\/mx\/productos\/"},{"@type":"ListItem","position":3,"name":"UNIWALL\u00ae MOS"}]},{"@type":"WebSite","@id":"https:\/\/vetanco.com\/mx\/#website","url":"https:\/\/vetanco.com\/mx\/","name":"Vetanco Mexico","description":"Productos Seguros para Alimentos Seguros","potentialAction":[{"@type":"SearchAction","target":{"@type":"EntryPoint","urlTemplate":"https:\/\/vetanco.com\/mx\/?s={search_term_string}"},"query-input":{"@type":"PropertyValueSpecification","valueRequired":true,"valueName":"search_term_string"}}],"inLanguage":"es"}]}},"_links":{"self":[{"href":"https:\/\/vetanco.com\/mx\/wp-json\/wp\/v2\/product\/11374","targetHints":{"allow":["GET"]}}],"collection":[{"href":"https:\/\/vetanco.com\/mx\/wp-json\/wp\/v2\/product"}],"about":[{"href":"https:\/\/vetanco.com\/mx\/wp-json\/wp\/v2\/types\/product"}],"replies":[{"embeddable":true,"href":"https:\/\/vetanco.com\/mx\/wp-json\/wp\/v2\/comments?post=11374"}],"wp:featuredmedia":[{"embeddable":true,"href":"https:\/\/vetanco.com\/mx\/wp-json\/wp\/v2\/media\/11855"}],"wp:attachment":[{"href":"https:\/\/vetanco.com\/mx\/wp-json\/wp\/v2\/media?parent=11374"}],"wp:term":[{"taxonomy":"product_brand","embeddable":true,"href":"https:\/\/vetanco.com\/mx\/wp-json\/wp\/v2\/product_brand?post=11374"},{"taxonomy":"product_cat","embeddable":true,"href":"https:\/\/vetanco.com\/mx\/wp-json\/wp\/v2\/product_cat?post=11374"},{"taxonomy":"product_tag","embeddable":true,"href":"https:\/\/vetanco.com\/mx\/wp-json\/wp\/v2\/product_tag?post=11374"}],"curies":[{"name":"wp","href":"https:\/\/api.w.org\/{rel}","templated":true}]}}