{"id":11396,"date":"2024-11-21T07:47:18","date_gmt":"2024-11-21T13:47:18","guid":{"rendered":"https:\/\/vetanco.com\/mx\/?post_type=product&#038;p=11396"},"modified":"2025-02-06T12:57:24","modified_gmt":"2025-02-06T18:57:24","slug":"vetancid-polvo-a","status":"publish","type":"product","link":"https:\/\/vetanco.com\/mx\/produto\/vetancid-polvo-a\/","title":{"rendered":"VETANCID<sup>\u00ae<\/sup> POLVO A"},"content":{"rendered":"<p><span style=\"color: #00397f;\"><strong>COMPOSICI\u00d3N B\u00c1SICA<\/strong><\/span><\/p>\n<p>Cipermetrina y excipientes.<\/p>\n<p>&nbsp;<\/p>\n<p><span style=\"color: #00397f;\"><strong>MODO DE USO<\/strong><\/span><\/p>\n<p>El producto debe aplicarse mediante espolvoreo, en una dosis de 3 a 5 g de <strong>VETANCID\u00ae POLVO A<\/strong> por m\u00b2 de \u00e1rea av\u00edcola, extendiendo el producto sobre las superficies de las instalaciones av\u00edcolas mediante espolvoreador manual o atomizador de mochila. El tratamiento debe realizarse preferentemente en la cama, de 1 a 2 d\u00edas antes de la entrada de un nuevo lote de aves. Dependiendo de la infestaci\u00f3n, la aplicaci\u00f3n se puede repetir al final del lote, inmediatamente despu\u00e9s de la salida de las aves, o seg\u00fan recomendaciones del M\u00e9dico Veterinario responsable.<\/p>\n<p>&nbsp;<\/p>\n<p><span style=\"color: #00397f;\"><strong>PRESENTACI\u00d3N<\/strong><\/span><\/p>\n<p>Bolsa de 5 kgs.<\/p>\n<p>&nbsp;<\/p>\n<p><span style=\"color: #00397f;\"><strong>PER\u00cdODO DE RETIRO<\/strong><\/span><\/p>\n<p><strong>VETANCID\u00ae POLVO A<\/strong> no tiene per\u00edodo de retiro.<\/p>\n","protected":false},"excerpt":{"rendered":"<p><img loading=\"lazy\" decoding=\"async\" class=\"alignnone size-full wp-image-11133\" src=\"https:\/\/vetanco.com\/mx\/wp-content\/uploads\/2024\/11\/Picto-Ambiental.png\" alt=\"\" width=\"75\" height=\"63\" \/> <img loading=\"lazy\" decoding=\"async\" class=\"alignnone size-full wp-image-11105\" src=\"https:\/\/vetanco.com\/mx\/wp-content\/uploads\/2024\/11\/Picto-Aves-1.png\" alt=\"\" width=\"75\" height=\"63\" \/><\/p>\n<p><strong>VETANCID\u00ae POLVO A<\/strong> est\u00e1 indicado como insecticida y repelente de insectos, para el control de escarabajos de las especies <em>Alphitobius diaperinus y Alphitobius piceus<\/em> (gusanos de la harina) en instalaciones destinadas a la cr\u00eda de aves.<\/p>\n","protected":false},"featured_media":12580,"comment_status":"open","ping_status":"closed","template":"","meta":[],"product_brand":[],"product_cat":[321],"product_tag":[],"class_list":{"0":"post-11396","1":"product","2":"type-product","3":"status-publish","4":"has-post-thumbnail","6":"product_cat-desinfectantes-y-biocidas","8":"first","9":"instock","10":"shipping-taxable","11":"product-type-simple"},"yoast_head":"<!-- This site is optimized with the Yoast SEO plugin v27.1.1 - https:\/\/yoast.com\/product\/yoast-seo-wordpress\/ -->\n<title>VETANCID\u00ae POLVO A - Vetanco Mexico<\/title>\n<meta name=\"description\" content=\"Producto de la l\u00ednea Vetanco, Insecticida y repelente de insectos de acci\u00f3n prolongada y biodegradable, para uso en instalaciones de cr\u00eda de aves.\" \/>\n<meta name=\"robots\" content=\"index, follow, max-snippet:-1, max-image-preview:large, max-video-preview:-1\" \/>\n<link rel=\"canonical\" href=\"https:\/\/vetanco.com\/mx\/produto\/vetancid-polvo-a\/\" \/>\n<meta property=\"og:locale\" content=\"es_ES\" \/>\n<meta property=\"og:type\" content=\"article\" \/>\n<meta property=\"og:title\" content=\"VETANCID\u00ae POLVO A - Vetanco Mexico\" \/>\n<meta property=\"og:description\" content=\"Producto de la l\u00ednea Vetanco, Insecticida y repelente de insectos de acci\u00f3n prolongada y biodegradable, para uso en instalaciones de cr\u00eda de aves.\" \/>\n<meta property=\"og:url\" content=\"https:\/\/vetanco.com\/mx\/produto\/vetancid-polvo-a\/\" \/>\n<meta property=\"og:site_name\" content=\"Vetanco Mexico\" \/>\n<meta property=\"article:modified_time\" content=\"2025-02-06T18:57:24+00:00\" \/>\n<meta property=\"og:image\" content=\"https:\/\/vetanco.com\/mx\/wp-content\/uploads\/2024\/11\/Vetancid-Polvo-A.png\" \/>\n\t<meta property=\"og:image:width\" content=\"800\" \/>\n\t<meta property=\"og:image:height\" content=\"800\" \/>\n\t<meta property=\"og:image:type\" content=\"image\/png\" \/>\n<meta name=\"twitter:card\" content=\"summary_large_image\" \/>\n<meta name=\"twitter:label1\" content=\"Tiempo de lectura\" \/>\n\t<meta name=\"twitter:data1\" content=\"1 minuto\" \/>\n<script type=\"application\/ld+json\" class=\"yoast-schema-graph\">{\"@context\":\"https:\/\/schema.org\",\"@graph\":[{\"@type\":\"WebPage\",\"@id\":\"https:\/\/vetanco.com\/mx\/produto\/vetancid-polvo-a\/\",\"url\":\"https:\/\/vetanco.com\/mx\/produto\/vetancid-polvo-a\/\",\"name\":\"VETANCID\u00ae POLVO A - Vetanco Mexico\",\"isPartOf\":{\"@id\":\"https:\/\/vetanco.com\/mx\/#website\"},\"primaryImageOfPage\":{\"@id\":\"https:\/\/vetanco.com\/mx\/produto\/vetancid-polvo-a\/#primaryimage\"},\"image\":{\"@id\":\"https:\/\/vetanco.com\/mx\/produto\/vetancid-polvo-a\/#primaryimage\"},\"thumbnailUrl\":\"https:\/\/vetanco.com\/mx\/wp-content\/uploads\/2024\/11\/Vetancid-Polvo-A.png\",\"datePublished\":\"2024-11-21T13:47:18+00:00\",\"dateModified\":\"2025-02-06T18:57:24+00:00\",\"description\":\"Producto de la l\u00ednea Vetanco, Insecticida y repelente de insectos de acci\u00f3n prolongada y biodegradable, para uso en instalaciones de cr\u00eda de aves.\",\"breadcrumb\":{\"@id\":\"https:\/\/vetanco.com\/mx\/produto\/vetancid-polvo-a\/#breadcrumb\"},\"inLanguage\":\"es\",\"potentialAction\":[{\"@type\":\"ReadAction\",\"target\":[\"https:\/\/vetanco.com\/mx\/produto\/vetancid-polvo-a\/\"]}]},{\"@type\":\"ImageObject\",\"inLanguage\":\"es\",\"@id\":\"https:\/\/vetanco.com\/mx\/produto\/vetancid-polvo-a\/#primaryimage\",\"url\":\"https:\/\/vetanco.com\/mx\/wp-content\/uploads\/2024\/11\/Vetancid-Polvo-A.png\",\"contentUrl\":\"https:\/\/vetanco.com\/mx\/wp-content\/uploads\/2024\/11\/Vetancid-Polvo-A.png\",\"width\":800,\"height\":800},{\"@type\":\"BreadcrumbList\",\"@id\":\"https:\/\/vetanco.com\/mx\/produto\/vetancid-polvo-a\/#breadcrumb\",\"itemListElement\":[{\"@type\":\"ListItem\",\"position\":1,\"name\":\"In\u00edcio\",\"item\":\"https:\/\/vetanco.com\/mx\/\"},{\"@type\":\"ListItem\",\"position\":2,\"name\":\"Productos\",\"item\":\"https:\/\/vetanco.com\/mx\/productos\/\"},{\"@type\":\"ListItem\",\"position\":3,\"name\":\"VETANCID\u00ae POLVO A\"}]},{\"@type\":\"WebSite\",\"@id\":\"https:\/\/vetanco.com\/mx\/#website\",\"url\":\"https:\/\/vetanco.com\/mx\/\",\"name\":\"Vetanco Mexico\",\"description\":\"Productos Seguros para Alimentos Seguros\",\"potentialAction\":[{\"@type\":\"SearchAction\",\"target\":{\"@type\":\"EntryPoint\",\"urlTemplate\":\"https:\/\/vetanco.com\/mx\/?s={search_term_string}\"},\"query-input\":{\"@type\":\"PropertyValueSpecification\",\"valueRequired\":true,\"valueName\":\"search_term_string\"}}],\"inLanguage\":\"es\"}]}<\/script>\n<!-- \/ Yoast SEO plugin. -->","yoast_head_json":{"title":"VETANCID\u00ae POLVO A - Vetanco Mexico","description":"Producto de la l\u00ednea Vetanco, Insecticida y repelente de insectos de acci\u00f3n prolongada y biodegradable, para uso en instalaciones de cr\u00eda de aves.","robots":{"index":"index","follow":"follow","max-snippet":"max-snippet:-1","max-image-preview":"max-image-preview:large","max-video-preview":"max-video-preview:-1"},"canonical":"https:\/\/vetanco.com\/mx\/produto\/vetancid-polvo-a\/","og_locale":"es_ES","og_type":"article","og_title":"VETANCID\u00ae POLVO A - Vetanco Mexico","og_description":"Producto de la l\u00ednea Vetanco, Insecticida y repelente de insectos de acci\u00f3n prolongada y biodegradable, para uso en instalaciones de cr\u00eda de aves.","og_url":"https:\/\/vetanco.com\/mx\/produto\/vetancid-polvo-a\/","og_site_name":"Vetanco Mexico","article_modified_time":"2025-02-06T18:57:24+00:00","og_image":[{"width":800,"height":800,"url":"https:\/\/vetanco.com\/mx\/wp-content\/uploads\/2024\/11\/Vetancid-Polvo-A.png","type":"image\/png"}],"twitter_card":"summary_large_image","twitter_misc":{"Tiempo de lectura":"1 minuto"},"schema":{"@context":"https:\/\/schema.org","@graph":[{"@type":"WebPage","@id":"https:\/\/vetanco.com\/mx\/produto\/vetancid-polvo-a\/","url":"https:\/\/vetanco.com\/mx\/produto\/vetancid-polvo-a\/","name":"VETANCID\u00ae POLVO A - Vetanco Mexico","isPartOf":{"@id":"https:\/\/vetanco.com\/mx\/#website"},"primaryImageOfPage":{"@id":"https:\/\/vetanco.com\/mx\/produto\/vetancid-polvo-a\/#primaryimage"},"image":{"@id":"https:\/\/vetanco.com\/mx\/produto\/vetancid-polvo-a\/#primaryimage"},"thumbnailUrl":"https:\/\/vetanco.com\/mx\/wp-content\/uploads\/2024\/11\/Vetancid-Polvo-A.png","datePublished":"2024-11-21T13:47:18+00:00","dateModified":"2025-02-06T18:57:24+00:00","description":"Producto de la l\u00ednea Vetanco, Insecticida y repelente de insectos de acci\u00f3n prolongada y biodegradable, para uso en instalaciones de cr\u00eda de aves.","breadcrumb":{"@id":"https:\/\/vetanco.com\/mx\/produto\/vetancid-polvo-a\/#breadcrumb"},"inLanguage":"es","potentialAction":[{"@type":"ReadAction","target":["https:\/\/vetanco.com\/mx\/produto\/vetancid-polvo-a\/"]}]},{"@type":"ImageObject","inLanguage":"es","@id":"https:\/\/vetanco.com\/mx\/produto\/vetancid-polvo-a\/#primaryimage","url":"https:\/\/vetanco.com\/mx\/wp-content\/uploads\/2024\/11\/Vetancid-Polvo-A.png","contentUrl":"https:\/\/vetanco.com\/mx\/wp-content\/uploads\/2024\/11\/Vetancid-Polvo-A.png","width":800,"height":800},{"@type":"BreadcrumbList","@id":"https:\/\/vetanco.com\/mx\/produto\/vetancid-polvo-a\/#breadcrumb","itemListElement":[{"@type":"ListItem","position":1,"name":"In\u00edcio","item":"https:\/\/vetanco.com\/mx\/"},{"@type":"ListItem","position":2,"name":"Productos","item":"https:\/\/vetanco.com\/mx\/productos\/"},{"@type":"ListItem","position":3,"name":"VETANCID\u00ae POLVO A"}]},{"@type":"WebSite","@id":"https:\/\/vetanco.com\/mx\/#website","url":"https:\/\/vetanco.com\/mx\/","name":"Vetanco Mexico","description":"Productos Seguros para Alimentos Seguros","potentialAction":[{"@type":"SearchAction","target":{"@type":"EntryPoint","urlTemplate":"https:\/\/vetanco.com\/mx\/?s={search_term_string}"},"query-input":{"@type":"PropertyValueSpecification","valueRequired":true,"valueName":"search_term_string"}}],"inLanguage":"es"}]}},"_links":{"self":[{"href":"https:\/\/vetanco.com\/mx\/wp-json\/wp\/v2\/product\/11396","targetHints":{"allow":["GET"]}}],"collection":[{"href":"https:\/\/vetanco.com\/mx\/wp-json\/wp\/v2\/product"}],"about":[{"href":"https:\/\/vetanco.com\/mx\/wp-json\/wp\/v2\/types\/product"}],"replies":[{"embeddable":true,"href":"https:\/\/vetanco.com\/mx\/wp-json\/wp\/v2\/comments?post=11396"}],"wp:featuredmedia":[{"embeddable":true,"href":"https:\/\/vetanco.com\/mx\/wp-json\/wp\/v2\/media\/12580"}],"wp:attachment":[{"href":"https:\/\/vetanco.com\/mx\/wp-json\/wp\/v2\/media?parent=11396"}],"wp:term":[{"taxonomy":"product_brand","embeddable":true,"href":"https:\/\/vetanco.com\/mx\/wp-json\/wp\/v2\/product_brand?post=11396"},{"taxonomy":"product_cat","embeddable":true,"href":"https:\/\/vetanco.com\/mx\/wp-json\/wp\/v2\/product_cat?post=11396"},{"taxonomy":"product_tag","embeddable":true,"href":"https:\/\/vetanco.com\/mx\/wp-json\/wp\/v2\/product_tag?post=11396"}],"curies":[{"name":"wp","href":"https:\/\/api.w.org\/{rel}","templated":true}]}}