{"id":11400,"date":"2024-11-21T08:07:54","date_gmt":"2024-11-21T14:07:54","guid":{"rendered":"https:\/\/vetanco.com\/mx\/?post_type=product&#038;p=11400"},"modified":"2024-12-03T08:16:12","modified_gmt":"2024-12-03T14:16:12","slug":"floramax-b-11","status":"publish","type":"product","link":"https:\/\/vetanco.com\/mx\/produto\/floramax-b-11\/","title":{"rendered":"FLORAMAX B-11<sup>\u00ae<\/sup>"},"content":{"rendered":"<p><span style=\"color: #00397f;\"><strong>COMPOSICI\u00d3N B\u00c1SICA<\/strong><\/span><\/p>\n<p><em>Lactobacillus (Lactobacillus bulgaricus, Lactobacillus casei, Lactobacillus callobiosus, Lactobacillus fermentum y Lactobacillus helveticus)<\/em> inulina y leche descremada.<\/p>\n<p>&nbsp;<\/p>\n<p><span style=\"color: #00397f;\"><strong>MODO DE USO<\/strong><\/span><\/p>\n<p>Administrar v\u00eda oral, en aves (engorda y reproductoras). El envase de 60g es suficiente para tratar 10.000 aves.<br \/>\nConsiderando la toma del producto en 3 horas y un consumo promedio de aproximadamente 220 ml de agua por d\u00eda diluir 60 gr en 280 litros de agua.<\/p>\n<p>&nbsp;<\/p>\n<p><span style=\"color: #00397f;\"><strong>PRESENTACI\u00d3N<\/strong><\/span><\/p>\n<p>Sobre de 60 g.<\/p>\n<p>&nbsp;<\/p>\n<p><span style=\"color: #00397f;\"><strong>PER\u00cdODO DE RETIRO<\/strong><\/span><\/p>\n<p><strong>FLORAMAX-B11\u00ae<\/strong> no tiene per\u00edodo de retiro.<\/p>\n","protected":false},"excerpt":{"rendered":"<p><img loading=\"lazy\" decoding=\"async\" class=\"alignnone size-full wp-image-11131\" src=\"https:\/\/vetanco.com\/mx\/wp-content\/uploads\/2024\/11\/Picto-Aves-2.png\" alt=\"\" width=\"75\" height=\"63\" \/><\/p>\n<p><strong>FLORAMAX-B11\u00ae<\/strong> es un aditivo probi\u00f3tico compuesto por bacterias beneficiosas productoras de \u00e1cido l\u00e1ctico, el cual es apto para aves de corral en todas sus categor\u00edas, fases y ciclos productivos.<\/p>\n<p><strong>FLORAMAX-B11\u00ae<\/strong> optimiza el establecimiento de una microbiota intestinal favorable y equilibrada, proporcionando una mejor salud intestinal de las aves y redundando en una mejora de los par\u00e1metros productivos, una modulaci\u00f3n de la microbiota protectora en los primeros d\u00edas de vida, adem\u00e1s de ayudar a prevenir los principales enteropat\u00f3genos de las aves.<\/p>\n","protected":false},"featured_media":11851,"comment_status":"open","ping_status":"closed","template":"","meta":[],"product_brand":[],"product_cat":[329],"product_tag":[],"class_list":{"0":"post-11400","1":"product","2":"type-product","3":"status-publish","4":"has-post-thumbnail","6":"product_cat-probioticos","8":"first","9":"instock","10":"shipping-taxable","11":"product-type-simple"},"yoast_head":"<!-- This site is optimized with the Yoast SEO plugin v27.1.1 - https:\/\/yoast.com\/product\/yoast-seo-wordpress\/ -->\n<title>FLORAMAX B-11\u00ae - Vetanco Mexico<\/title>\n<meta name=\"description\" content=\"Producto de la l\u00ednea Vetanco que conforma una fuente de bacterias intestinales productoras de \u00e1cido l\u00e1ctico, para ser usadas en aves de corral.\" \/>\n<meta name=\"robots\" content=\"index, follow, max-snippet:-1, max-image-preview:large, max-video-preview:-1\" \/>\n<link rel=\"canonical\" href=\"https:\/\/vetanco.com\/mx\/produto\/floramax-b-11\/\" \/>\n<meta property=\"og:locale\" content=\"es_ES\" \/>\n<meta property=\"og:type\" content=\"article\" \/>\n<meta property=\"og:title\" content=\"FLORAMAX B-11\u00ae - Vetanco Mexico\" \/>\n<meta property=\"og:description\" content=\"Producto de la l\u00ednea Vetanco que conforma una fuente de bacterias intestinales productoras de \u00e1cido l\u00e1ctico, para ser usadas en aves de corral.\" \/>\n<meta property=\"og:url\" content=\"https:\/\/vetanco.com\/mx\/produto\/floramax-b-11\/\" \/>\n<meta property=\"og:site_name\" content=\"Vetanco Mexico\" \/>\n<meta property=\"article:modified_time\" content=\"2024-12-03T14:16:12+00:00\" \/>\n<meta property=\"og:image\" content=\"https:\/\/vetanco.com\/mx\/wp-content\/uploads\/2024\/11\/Floramax-B11.png\" \/>\n\t<meta property=\"og:image:width\" content=\"1250\" \/>\n\t<meta property=\"og:image:height\" content=\"1250\" \/>\n\t<meta property=\"og:image:type\" content=\"image\/png\" \/>\n<meta name=\"twitter:card\" content=\"summary_large_image\" \/>\n<meta name=\"twitter:label1\" content=\"Tiempo de lectura\" \/>\n\t<meta name=\"twitter:data1\" content=\"1 minuto\" \/>\n<script type=\"application\/ld+json\" class=\"yoast-schema-graph\">{\"@context\":\"https:\/\/schema.org\",\"@graph\":[{\"@type\":\"WebPage\",\"@id\":\"https:\/\/vetanco.com\/mx\/produto\/floramax-b-11\/\",\"url\":\"https:\/\/vetanco.com\/mx\/produto\/floramax-b-11\/\",\"name\":\"FLORAMAX B-11\u00ae - Vetanco Mexico\",\"isPartOf\":{\"@id\":\"https:\/\/vetanco.com\/mx\/#website\"},\"primaryImageOfPage\":{\"@id\":\"https:\/\/vetanco.com\/mx\/produto\/floramax-b-11\/#primaryimage\"},\"image\":{\"@id\":\"https:\/\/vetanco.com\/mx\/produto\/floramax-b-11\/#primaryimage\"},\"thumbnailUrl\":\"https:\/\/vetanco.com\/mx\/wp-content\/uploads\/2024\/11\/Floramax-B11.png\",\"datePublished\":\"2024-11-21T14:07:54+00:00\",\"dateModified\":\"2024-12-03T14:16:12+00:00\",\"description\":\"Producto de la l\u00ednea Vetanco que conforma una fuente de bacterias intestinales productoras de \u00e1cido l\u00e1ctico, para ser usadas en aves de corral.\",\"breadcrumb\":{\"@id\":\"https:\/\/vetanco.com\/mx\/produto\/floramax-b-11\/#breadcrumb\"},\"inLanguage\":\"es\",\"potentialAction\":[{\"@type\":\"ReadAction\",\"target\":[\"https:\/\/vetanco.com\/mx\/produto\/floramax-b-11\/\"]}]},{\"@type\":\"ImageObject\",\"inLanguage\":\"es\",\"@id\":\"https:\/\/vetanco.com\/mx\/produto\/floramax-b-11\/#primaryimage\",\"url\":\"https:\/\/vetanco.com\/mx\/wp-content\/uploads\/2024\/11\/Floramax-B11.png\",\"contentUrl\":\"https:\/\/vetanco.com\/mx\/wp-content\/uploads\/2024\/11\/Floramax-B11.png\",\"width\":1250,\"height\":1250},{\"@type\":\"BreadcrumbList\",\"@id\":\"https:\/\/vetanco.com\/mx\/produto\/floramax-b-11\/#breadcrumb\",\"itemListElement\":[{\"@type\":\"ListItem\",\"position\":1,\"name\":\"In\u00edcio\",\"item\":\"https:\/\/vetanco.com\/mx\/\"},{\"@type\":\"ListItem\",\"position\":2,\"name\":\"Productos\",\"item\":\"https:\/\/vetanco.com\/mx\/productos\/\"},{\"@type\":\"ListItem\",\"position\":3,\"name\":\"FLORAMAX B-11\u00ae\"}]},{\"@type\":\"WebSite\",\"@id\":\"https:\/\/vetanco.com\/mx\/#website\",\"url\":\"https:\/\/vetanco.com\/mx\/\",\"name\":\"Vetanco Mexico\",\"description\":\"Productos Seguros para Alimentos Seguros\",\"potentialAction\":[{\"@type\":\"SearchAction\",\"target\":{\"@type\":\"EntryPoint\",\"urlTemplate\":\"https:\/\/vetanco.com\/mx\/?s={search_term_string}\"},\"query-input\":{\"@type\":\"PropertyValueSpecification\",\"valueRequired\":true,\"valueName\":\"search_term_string\"}}],\"inLanguage\":\"es\"}]}<\/script>\n<!-- \/ Yoast SEO plugin. -->","yoast_head_json":{"title":"FLORAMAX B-11\u00ae - Vetanco Mexico","description":"Producto de la l\u00ednea Vetanco que conforma una fuente de bacterias intestinales productoras de \u00e1cido l\u00e1ctico, para ser usadas en aves de corral.","robots":{"index":"index","follow":"follow","max-snippet":"max-snippet:-1","max-image-preview":"max-image-preview:large","max-video-preview":"max-video-preview:-1"},"canonical":"https:\/\/vetanco.com\/mx\/produto\/floramax-b-11\/","og_locale":"es_ES","og_type":"article","og_title":"FLORAMAX B-11\u00ae - Vetanco Mexico","og_description":"Producto de la l\u00ednea Vetanco que conforma una fuente de bacterias intestinales productoras de \u00e1cido l\u00e1ctico, para ser usadas en aves de corral.","og_url":"https:\/\/vetanco.com\/mx\/produto\/floramax-b-11\/","og_site_name":"Vetanco Mexico","article_modified_time":"2024-12-03T14:16:12+00:00","og_image":[{"width":1250,"height":1250,"url":"https:\/\/vetanco.com\/mx\/wp-content\/uploads\/2024\/11\/Floramax-B11.png","type":"image\/png"}],"twitter_card":"summary_large_image","twitter_misc":{"Tiempo de lectura":"1 minuto"},"schema":{"@context":"https:\/\/schema.org","@graph":[{"@type":"WebPage","@id":"https:\/\/vetanco.com\/mx\/produto\/floramax-b-11\/","url":"https:\/\/vetanco.com\/mx\/produto\/floramax-b-11\/","name":"FLORAMAX B-11\u00ae - Vetanco Mexico","isPartOf":{"@id":"https:\/\/vetanco.com\/mx\/#website"},"primaryImageOfPage":{"@id":"https:\/\/vetanco.com\/mx\/produto\/floramax-b-11\/#primaryimage"},"image":{"@id":"https:\/\/vetanco.com\/mx\/produto\/floramax-b-11\/#primaryimage"},"thumbnailUrl":"https:\/\/vetanco.com\/mx\/wp-content\/uploads\/2024\/11\/Floramax-B11.png","datePublished":"2024-11-21T14:07:54+00:00","dateModified":"2024-12-03T14:16:12+00:00","description":"Producto de la l\u00ednea Vetanco que conforma una fuente de bacterias intestinales productoras de \u00e1cido l\u00e1ctico, para ser usadas en aves de corral.","breadcrumb":{"@id":"https:\/\/vetanco.com\/mx\/produto\/floramax-b-11\/#breadcrumb"},"inLanguage":"es","potentialAction":[{"@type":"ReadAction","target":["https:\/\/vetanco.com\/mx\/produto\/floramax-b-11\/"]}]},{"@type":"ImageObject","inLanguage":"es","@id":"https:\/\/vetanco.com\/mx\/produto\/floramax-b-11\/#primaryimage","url":"https:\/\/vetanco.com\/mx\/wp-content\/uploads\/2024\/11\/Floramax-B11.png","contentUrl":"https:\/\/vetanco.com\/mx\/wp-content\/uploads\/2024\/11\/Floramax-B11.png","width":1250,"height":1250},{"@type":"BreadcrumbList","@id":"https:\/\/vetanco.com\/mx\/produto\/floramax-b-11\/#breadcrumb","itemListElement":[{"@type":"ListItem","position":1,"name":"In\u00edcio","item":"https:\/\/vetanco.com\/mx\/"},{"@type":"ListItem","position":2,"name":"Productos","item":"https:\/\/vetanco.com\/mx\/productos\/"},{"@type":"ListItem","position":3,"name":"FLORAMAX B-11\u00ae"}]},{"@type":"WebSite","@id":"https:\/\/vetanco.com\/mx\/#website","url":"https:\/\/vetanco.com\/mx\/","name":"Vetanco Mexico","description":"Productos Seguros para Alimentos Seguros","potentialAction":[{"@type":"SearchAction","target":{"@type":"EntryPoint","urlTemplate":"https:\/\/vetanco.com\/mx\/?s={search_term_string}"},"query-input":{"@type":"PropertyValueSpecification","valueRequired":true,"valueName":"search_term_string"}}],"inLanguage":"es"}]}},"_links":{"self":[{"href":"https:\/\/vetanco.com\/mx\/wp-json\/wp\/v2\/product\/11400","targetHints":{"allow":["GET"]}}],"collection":[{"href":"https:\/\/vetanco.com\/mx\/wp-json\/wp\/v2\/product"}],"about":[{"href":"https:\/\/vetanco.com\/mx\/wp-json\/wp\/v2\/types\/product"}],"replies":[{"embeddable":true,"href":"https:\/\/vetanco.com\/mx\/wp-json\/wp\/v2\/comments?post=11400"}],"wp:featuredmedia":[{"embeddable":true,"href":"https:\/\/vetanco.com\/mx\/wp-json\/wp\/v2\/media\/11851"}],"wp:attachment":[{"href":"https:\/\/vetanco.com\/mx\/wp-json\/wp\/v2\/media?parent=11400"}],"wp:term":[{"taxonomy":"product_brand","embeddable":true,"href":"https:\/\/vetanco.com\/mx\/wp-json\/wp\/v2\/product_brand?post=11400"},{"taxonomy":"product_cat","embeddable":true,"href":"https:\/\/vetanco.com\/mx\/wp-json\/wp\/v2\/product_cat?post=11400"},{"taxonomy":"product_tag","embeddable":true,"href":"https:\/\/vetanco.com\/mx\/wp-json\/wp\/v2\/product_tag?post=11400"}],"curies":[{"name":"wp","href":"https:\/\/api.w.org\/{rel}","templated":true}]}}