{"id":11403,"date":"2024-11-21T08:32:31","date_gmt":"2024-11-21T14:32:31","guid":{"rendered":"https:\/\/vetanco.com\/mx\/?post_type=product&#038;p=11403"},"modified":"2025-01-28T05:39:15","modified_gmt":"2025-01-28T11:39:15","slug":"di-heptarine-s-solucion","status":"publish","type":"product","link":"https:\/\/vetanco.com\/mx\/produto\/di-heptarine-s-solucion\/","title":{"rendered":"DI HEPTARINE S<sup>\u00ae<\/sup> SOLUCI\u00d3N"},"content":{"rendered":"<p><span style=\"color: #00397f;\"><strong>COMPOSICI\u00d3N B\u00c1SICA<\/strong><\/span><\/p>\n<p>Silimarina fosf\u00e1tido 16 % y excipientes.<\/p>\n<p>&nbsp;<\/p>\n<p><span style=\"color: #00397f;\"><strong>MODO DE USO<\/strong><\/span><\/p>\n<p><strong>DI HEPTARINE S\u00ae SOLUCI\u00d3N<\/strong> se administrar v\u00eda oral, en forma continua en el agua de bebida, como terap\u00e9utico, hasta desaparici\u00f3n de los signos cl\u00ednicos: 25-50 ml (8 a 16 mg\/kg\/d\u00eda) en cada 100 litros de agua.<\/p>\n<p>En el alimento:<\/p>\n<ul>\n<li>Como preventivo: 250 \u2013 500 ml de producto \/ ton de aliento.<\/li>\n<li>Como terap\u00e9utico: 500 \u2013 1000 ml de producto \/ ton de alimento. Aplicar hasta la desaparici\u00f3n de los signos cl\u00ednicos.<\/li>\n<\/ul>\n<p>&nbsp;<\/p>\n<p><span style=\"color: #00397f;\"><strong>PRESENTACI\u00d3N<\/strong><\/span><\/p>\n<p>Botella de 1 litro.<\/p>\n<p>&nbsp;<\/p>\n<p><span style=\"color: #00397f;\"><strong>PER\u00cdODO DE RETIRO<\/strong><\/span><\/p>\n<p><strong>DI HEPTARINE S\u00ae SOLUCI\u00d3N<\/strong> no tiene per\u00edodo de retiro.<\/p>\n","protected":false},"excerpt":{"rendered":"<p><img loading=\"lazy\" decoding=\"async\" class=\"alignnone size-full wp-image-11131\" src=\"https:\/\/vetanco.com\/mx\/wp-content\/uploads\/2024\/11\/Picto-Aves-2.png\" alt=\"\" width=\"75\" height=\"63\" \/> <img loading=\"lazy\" decoding=\"async\" class=\"alignnone size-full wp-image-12301\" src=\"https:\/\/vetanco.com\/mx\/wp-content\/uploads\/2025\/01\/Picto-Cerdos.png\" alt=\"\" width=\"75\" height=\"63\" \/><\/p>\n<p><strong>DI HEPTARINE S\u00ae SOLUCI\u00d3N<\/strong> es un fitoter\u00e1pico con una potente acci\u00f3n regenerativa, anti-inflamatoria y anti-oxidante. Es utilizado en el tratamiento y prevenci\u00f3n de alteraciones hep\u00e1ticas metab\u00f3licas, ya sea por sobrealimentaci\u00f3n o ingesta de alto valor energ\u00e9tico, contaminaci\u00f3n del alimento con toxinas de origen vegetal o f\u00fangico, acci\u00f3n de agentes virales o bacterianos, o como resultado de tratamientos antimicrobianos.<\/p>\n","protected":false},"featured_media":11371,"comment_status":"open","ping_status":"closed","template":"","meta":[],"product_brand":[],"product_cat":[311],"product_tag":[],"class_list":{"0":"post-11403","1":"product","2":"type-product","3":"status-publish","4":"has-post-thumbnail","6":"product_cat-aditivos","8":"first","9":"instock","10":"shipping-taxable","11":"product-type-simple"},"yoast_head":"<!-- This site is optimized with the Yoast SEO plugin v27.3 - https:\/\/yoast.com\/product\/yoast-seo-wordpress\/ -->\n<title>DI HEPTARINE S\u00ae SOLUCI\u00d3N - Vetanco Mexico<\/title>\n<meta name=\"description\" content=\"Terapia y prevenci\u00f3n de alteraciones hep\u00e1ticas metab\u00f3licas provocadas por contaminaci\u00f3n del alimento con toxinas de origen vegetal o f\u00fangico.\" \/>\n<meta name=\"robots\" content=\"index, follow, max-snippet:-1, max-image-preview:large, max-video-preview:-1\" \/>\n<link rel=\"canonical\" href=\"https:\/\/vetanco.com\/mx\/produto\/di-heptarine-s-solucion\/\" \/>\n<meta property=\"og:locale\" content=\"es_ES\" \/>\n<meta property=\"og:type\" content=\"article\" \/>\n<meta property=\"og:title\" content=\"DI HEPTARINE S\u00ae SOLUCI\u00d3N - Vetanco Mexico\" \/>\n<meta property=\"og:description\" content=\"Terapia y prevenci\u00f3n de alteraciones hep\u00e1ticas metab\u00f3licas provocadas por contaminaci\u00f3n del alimento con toxinas de origen vegetal o f\u00fangico.\" \/>\n<meta property=\"og:url\" content=\"https:\/\/vetanco.com\/mx\/produto\/di-heptarine-s-solucion\/\" \/>\n<meta property=\"og:site_name\" content=\"Vetanco Mexico\" \/>\n<meta property=\"article:modified_time\" content=\"2025-01-28T11:39:15+00:00\" \/>\n<meta property=\"og:image\" content=\"https:\/\/vetanco.com\/mx\/wp-content\/uploads\/2024\/11\/images-2-1.png\" \/>\n\t<meta property=\"og:image:width\" content=\"225\" \/>\n\t<meta property=\"og:image:height\" content=\"225\" \/>\n\t<meta property=\"og:image:type\" content=\"image\/png\" \/>\n<meta name=\"twitter:card\" content=\"summary_large_image\" \/>\n<meta name=\"twitter:label1\" content=\"Tiempo de lectura\" \/>\n\t<meta name=\"twitter:data1\" content=\"1 minuto\" \/>\n<script type=\"application\/ld+json\" class=\"yoast-schema-graph\">{\"@context\":\"https:\\\/\\\/schema.org\",\"@graph\":[{\"@type\":\"WebPage\",\"@id\":\"https:\\\/\\\/vetanco.com\\\/mx\\\/produto\\\/di-heptarine-s-solucion\\\/\",\"url\":\"https:\\\/\\\/vetanco.com\\\/mx\\\/produto\\\/di-heptarine-s-solucion\\\/\",\"name\":\"DI HEPTARINE S\u00ae SOLUCI\u00d3N - Vetanco Mexico\",\"isPartOf\":{\"@id\":\"https:\\\/\\\/vetanco.com\\\/mx\\\/#website\"},\"primaryImageOfPage\":{\"@id\":\"https:\\\/\\\/vetanco.com\\\/mx\\\/produto\\\/di-heptarine-s-solucion\\\/#primaryimage\"},\"image\":{\"@id\":\"https:\\\/\\\/vetanco.com\\\/mx\\\/produto\\\/di-heptarine-s-solucion\\\/#primaryimage\"},\"thumbnailUrl\":\"https:\\\/\\\/vetanco.com\\\/mx\\\/wp-content\\\/uploads\\\/2024\\\/11\\\/images-2-1.png\",\"datePublished\":\"2024-11-21T14:32:31+00:00\",\"dateModified\":\"2025-01-28T11:39:15+00:00\",\"description\":\"Terapia y prevenci\u00f3n de alteraciones hep\u00e1ticas metab\u00f3licas provocadas por contaminaci\u00f3n del alimento con toxinas de origen vegetal o f\u00fangico.\",\"breadcrumb\":{\"@id\":\"https:\\\/\\\/vetanco.com\\\/mx\\\/produto\\\/di-heptarine-s-solucion\\\/#breadcrumb\"},\"inLanguage\":\"es\",\"potentialAction\":[{\"@type\":\"ReadAction\",\"target\":[\"https:\\\/\\\/vetanco.com\\\/mx\\\/produto\\\/di-heptarine-s-solucion\\\/\"]}]},{\"@type\":\"ImageObject\",\"inLanguage\":\"es\",\"@id\":\"https:\\\/\\\/vetanco.com\\\/mx\\\/produto\\\/di-heptarine-s-solucion\\\/#primaryimage\",\"url\":\"https:\\\/\\\/vetanco.com\\\/mx\\\/wp-content\\\/uploads\\\/2024\\\/11\\\/images-2-1.png\",\"contentUrl\":\"https:\\\/\\\/vetanco.com\\\/mx\\\/wp-content\\\/uploads\\\/2024\\\/11\\\/images-2-1.png\",\"width\":225,\"height\":225},{\"@type\":\"BreadcrumbList\",\"@id\":\"https:\\\/\\\/vetanco.com\\\/mx\\\/produto\\\/di-heptarine-s-solucion\\\/#breadcrumb\",\"itemListElement\":[{\"@type\":\"ListItem\",\"position\":1,\"name\":\"In\u00edcio\",\"item\":\"https:\\\/\\\/vetanco.com\\\/mx\\\/\"},{\"@type\":\"ListItem\",\"position\":2,\"name\":\"Productos\",\"item\":\"https:\\\/\\\/vetanco.com\\\/mx\\\/productos\\\/\"},{\"@type\":\"ListItem\",\"position\":3,\"name\":\"DI HEPTARINE S\u00ae SOLUCI\u00d3N\"}]},{\"@type\":\"WebSite\",\"@id\":\"https:\\\/\\\/vetanco.com\\\/mx\\\/#website\",\"url\":\"https:\\\/\\\/vetanco.com\\\/mx\\\/\",\"name\":\"Vetanco Mexico\",\"description\":\"Productos Seguros para Alimentos Seguros\",\"potentialAction\":[{\"@type\":\"SearchAction\",\"target\":{\"@type\":\"EntryPoint\",\"urlTemplate\":\"https:\\\/\\\/vetanco.com\\\/mx\\\/?s={search_term_string}\"},\"query-input\":{\"@type\":\"PropertyValueSpecification\",\"valueRequired\":true,\"valueName\":\"search_term_string\"}}],\"inLanguage\":\"es\"}]}<\/script>\n<!-- \/ Yoast SEO plugin. -->","yoast_head_json":{"title":"DI HEPTARINE S\u00ae SOLUCI\u00d3N - Vetanco Mexico","description":"Terapia y prevenci\u00f3n de alteraciones hep\u00e1ticas metab\u00f3licas provocadas por contaminaci\u00f3n del alimento con toxinas de origen vegetal o f\u00fangico.","robots":{"index":"index","follow":"follow","max-snippet":"max-snippet:-1","max-image-preview":"max-image-preview:large","max-video-preview":"max-video-preview:-1"},"canonical":"https:\/\/vetanco.com\/mx\/produto\/di-heptarine-s-solucion\/","og_locale":"es_ES","og_type":"article","og_title":"DI HEPTARINE S\u00ae SOLUCI\u00d3N - Vetanco Mexico","og_description":"Terapia y prevenci\u00f3n de alteraciones hep\u00e1ticas metab\u00f3licas provocadas por contaminaci\u00f3n del alimento con toxinas de origen vegetal o f\u00fangico.","og_url":"https:\/\/vetanco.com\/mx\/produto\/di-heptarine-s-solucion\/","og_site_name":"Vetanco Mexico","article_modified_time":"2025-01-28T11:39:15+00:00","og_image":[{"width":225,"height":225,"url":"https:\/\/vetanco.com\/mx\/wp-content\/uploads\/2024\/11\/images-2-1.png","type":"image\/png"}],"twitter_card":"summary_large_image","twitter_misc":{"Tiempo de lectura":"1 minuto"},"schema":{"@context":"https:\/\/schema.org","@graph":[{"@type":"WebPage","@id":"https:\/\/vetanco.com\/mx\/produto\/di-heptarine-s-solucion\/","url":"https:\/\/vetanco.com\/mx\/produto\/di-heptarine-s-solucion\/","name":"DI HEPTARINE S\u00ae SOLUCI\u00d3N - Vetanco Mexico","isPartOf":{"@id":"https:\/\/vetanco.com\/mx\/#website"},"primaryImageOfPage":{"@id":"https:\/\/vetanco.com\/mx\/produto\/di-heptarine-s-solucion\/#primaryimage"},"image":{"@id":"https:\/\/vetanco.com\/mx\/produto\/di-heptarine-s-solucion\/#primaryimage"},"thumbnailUrl":"https:\/\/vetanco.com\/mx\/wp-content\/uploads\/2024\/11\/images-2-1.png","datePublished":"2024-11-21T14:32:31+00:00","dateModified":"2025-01-28T11:39:15+00:00","description":"Terapia y prevenci\u00f3n de alteraciones hep\u00e1ticas metab\u00f3licas provocadas por contaminaci\u00f3n del alimento con toxinas de origen vegetal o f\u00fangico.","breadcrumb":{"@id":"https:\/\/vetanco.com\/mx\/produto\/di-heptarine-s-solucion\/#breadcrumb"},"inLanguage":"es","potentialAction":[{"@type":"ReadAction","target":["https:\/\/vetanco.com\/mx\/produto\/di-heptarine-s-solucion\/"]}]},{"@type":"ImageObject","inLanguage":"es","@id":"https:\/\/vetanco.com\/mx\/produto\/di-heptarine-s-solucion\/#primaryimage","url":"https:\/\/vetanco.com\/mx\/wp-content\/uploads\/2024\/11\/images-2-1.png","contentUrl":"https:\/\/vetanco.com\/mx\/wp-content\/uploads\/2024\/11\/images-2-1.png","width":225,"height":225},{"@type":"BreadcrumbList","@id":"https:\/\/vetanco.com\/mx\/produto\/di-heptarine-s-solucion\/#breadcrumb","itemListElement":[{"@type":"ListItem","position":1,"name":"In\u00edcio","item":"https:\/\/vetanco.com\/mx\/"},{"@type":"ListItem","position":2,"name":"Productos","item":"https:\/\/vetanco.com\/mx\/productos\/"},{"@type":"ListItem","position":3,"name":"DI HEPTARINE S\u00ae SOLUCI\u00d3N"}]},{"@type":"WebSite","@id":"https:\/\/vetanco.com\/mx\/#website","url":"https:\/\/vetanco.com\/mx\/","name":"Vetanco Mexico","description":"Productos Seguros para Alimentos Seguros","potentialAction":[{"@type":"SearchAction","target":{"@type":"EntryPoint","urlTemplate":"https:\/\/vetanco.com\/mx\/?s={search_term_string}"},"query-input":{"@type":"PropertyValueSpecification","valueRequired":true,"valueName":"search_term_string"}}],"inLanguage":"es"}]}},"_links":{"self":[{"href":"https:\/\/vetanco.com\/mx\/wp-json\/wp\/v2\/product\/11403","targetHints":{"allow":["GET"]}}],"collection":[{"href":"https:\/\/vetanco.com\/mx\/wp-json\/wp\/v2\/product"}],"about":[{"href":"https:\/\/vetanco.com\/mx\/wp-json\/wp\/v2\/types\/product"}],"replies":[{"embeddable":true,"href":"https:\/\/vetanco.com\/mx\/wp-json\/wp\/v2\/comments?post=11403"}],"wp:featuredmedia":[{"embeddable":true,"href":"https:\/\/vetanco.com\/mx\/wp-json\/wp\/v2\/media\/11371"}],"wp:attachment":[{"href":"https:\/\/vetanco.com\/mx\/wp-json\/wp\/v2\/media?parent=11403"}],"wp:term":[{"taxonomy":"product_brand","embeddable":true,"href":"https:\/\/vetanco.com\/mx\/wp-json\/wp\/v2\/product_brand?post=11403"},{"taxonomy":"product_cat","embeddable":true,"href":"https:\/\/vetanco.com\/mx\/wp-json\/wp\/v2\/product_cat?post=11403"},{"taxonomy":"product_tag","embeddable":true,"href":"https:\/\/vetanco.com\/mx\/wp-json\/wp\/v2\/product_tag?post=11403"}],"curies":[{"name":"wp","href":"https:\/\/api.w.org\/{rel}","templated":true}]}}