{"id":11412,"date":"2024-11-21T10:35:57","date_gmt":"2024-11-21T16:35:57","guid":{"rendered":"https:\/\/vetanco.com\/mx\/?post_type=product&#038;p=11412"},"modified":"2025-04-23T10:52:33","modified_gmt":"2025-04-23T16:52:33","slug":"di-heptarine-s-polvo","status":"publish","type":"product","link":"https:\/\/vetanco.com\/mx\/produto\/di-heptarine-s-polvo\/","title":{"rendered":"DI HEPTARINE S<sup>\u00ae<\/sup> POLVO"},"content":{"rendered":"<p><span style=\"color: #00397f;\"><strong>COMPOSICI\u00d3N<\/strong><\/span><\/p>\n<p>Silimarina fosf\u00e1tido 16%.<\/p>\n<p>&nbsp;<\/p>\n<p><span style=\"color: #00397f;\"><strong>DOSIS<\/strong><\/span><\/p>\n<ul>\n<li><strong>Preventivo:<\/strong> 250-500 g\/Ton de alimento.<\/li>\n<li><strong>Terap\u00e9utico:<\/strong> 750-1000 g\/Ton de alimento. Seg\u00fan criterio del profesional Veterinario.<\/li>\n<\/ul>\n<p>&nbsp;<\/p>\n<p><span style=\"color: #00397f;\"><strong>PRESENTACI\u00d3N<\/strong><\/span><\/p>\n<p>25 kg.<\/p>\n","protected":false},"excerpt":{"rendered":"<p><img loading=\"lazy\" decoding=\"async\" class=\"alignnone size-full wp-image-11131\" src=\"https:\/\/vetanco.com\/mx\/wp-content\/uploads\/2024\/11\/Picto-Aves-2.png\" alt=\"\" width=\"75\" height=\"63\" \/><\/p>\n<p><strong>Antioxidante &#8211; Hepatoprotector.<\/strong><\/p>\n<p>Terapia y prevenci\u00f3n de alteraciones hep\u00e1ticas metab\u00f3licas (sobrealimentaci\u00f3n o ingesta de alto valor eneg\u00e9tico), provocadas por contaminaci\u00f3n del alimento con toxinas de origen vegetal o f\u00fangico, producidas por agentes virales o bacterianos o como resultado de tratamientos antiinfecciosos.<\/p>\n","protected":false},"featured_media":12860,"comment_status":"open","ping_status":"closed","template":"","meta":[],"product_brand":[],"product_cat":[325],"product_tag":[],"class_list":{"0":"post-11412","1":"product","2":"type-product","3":"status-publish","4":"has-post-thumbnail","6":"product_cat-reguladores-metabolicos","8":"first","9":"instock","10":"shipping-taxable","11":"product-type-simple"},"yoast_head":"<!-- This site is optimized with the Yoast SEO plugin v27.3 - https:\/\/yoast.com\/product\/yoast-seo-wordpress\/ -->\n<title>DI HEPTARINE S\u00ae POLVO - Vetanco Mexico<\/title>\n<meta name=\"description\" content=\"Terapia y prevenci\u00f3n de alteraciones hep\u00e1ticas metab\u00f3licas (sobrealimentaci\u00f3n o ingesta de alto valor energ\u00e9tico), provocadas por contaminaci\u00f3n del alimento\" \/>\n<meta name=\"robots\" content=\"index, follow, max-snippet:-1, max-image-preview:large, max-video-preview:-1\" \/>\n<link rel=\"canonical\" href=\"https:\/\/vetanco.com\/mx\/produto\/di-heptarine-s-polvo\/\" \/>\n<meta property=\"og:locale\" content=\"es_ES\" \/>\n<meta property=\"og:type\" content=\"article\" \/>\n<meta property=\"og:title\" content=\"DI HEPTARINE S\u00ae POLVO - Vetanco Mexico\" \/>\n<meta property=\"og:description\" content=\"Terapia y prevenci\u00f3n de alteraciones hep\u00e1ticas metab\u00f3licas (sobrealimentaci\u00f3n o ingesta de alto valor energ\u00e9tico), provocadas por contaminaci\u00f3n del alimento\" \/>\n<meta property=\"og:url\" content=\"https:\/\/vetanco.com\/mx\/produto\/di-heptarine-s-polvo\/\" \/>\n<meta property=\"og:site_name\" content=\"Vetanco Mexico\" \/>\n<meta property=\"article:modified_time\" content=\"2025-04-23T16:52:33+00:00\" \/>\n<meta property=\"og:image\" content=\"https:\/\/vetanco.com\/mx\/wp-content\/uploads\/2024\/11\/Di-Heptarine-S-800x800-1.png\" \/>\n\t<meta property=\"og:image:width\" content=\"800\" \/>\n\t<meta property=\"og:image:height\" content=\"800\" \/>\n\t<meta property=\"og:image:type\" content=\"image\/png\" \/>\n<meta name=\"twitter:card\" content=\"summary_large_image\" \/>\n<meta name=\"twitter:label1\" content=\"Tiempo de lectura\" \/>\n\t<meta name=\"twitter:data1\" content=\"1 minuto\" \/>\n<script type=\"application\/ld+json\" class=\"yoast-schema-graph\">{\"@context\":\"https:\\\/\\\/schema.org\",\"@graph\":[{\"@type\":\"WebPage\",\"@id\":\"https:\\\/\\\/vetanco.com\\\/mx\\\/produto\\\/di-heptarine-s-polvo\\\/\",\"url\":\"https:\\\/\\\/vetanco.com\\\/mx\\\/produto\\\/di-heptarine-s-polvo\\\/\",\"name\":\"DI HEPTARINE S\u00ae POLVO - Vetanco Mexico\",\"isPartOf\":{\"@id\":\"https:\\\/\\\/vetanco.com\\\/mx\\\/#website\"},\"primaryImageOfPage\":{\"@id\":\"https:\\\/\\\/vetanco.com\\\/mx\\\/produto\\\/di-heptarine-s-polvo\\\/#primaryimage\"},\"image\":{\"@id\":\"https:\\\/\\\/vetanco.com\\\/mx\\\/produto\\\/di-heptarine-s-polvo\\\/#primaryimage\"},\"thumbnailUrl\":\"https:\\\/\\\/vetanco.com\\\/mx\\\/wp-content\\\/uploads\\\/2024\\\/11\\\/Di-Heptarine-S-800x800-1.png\",\"datePublished\":\"2024-11-21T16:35:57+00:00\",\"dateModified\":\"2025-04-23T16:52:33+00:00\",\"description\":\"Terapia y prevenci\u00f3n de alteraciones hep\u00e1ticas metab\u00f3licas (sobrealimentaci\u00f3n o ingesta de alto valor energ\u00e9tico), provocadas por contaminaci\u00f3n del alimento\",\"breadcrumb\":{\"@id\":\"https:\\\/\\\/vetanco.com\\\/mx\\\/produto\\\/di-heptarine-s-polvo\\\/#breadcrumb\"},\"inLanguage\":\"es\",\"potentialAction\":[{\"@type\":\"ReadAction\",\"target\":[\"https:\\\/\\\/vetanco.com\\\/mx\\\/produto\\\/di-heptarine-s-polvo\\\/\"]}]},{\"@type\":\"ImageObject\",\"inLanguage\":\"es\",\"@id\":\"https:\\\/\\\/vetanco.com\\\/mx\\\/produto\\\/di-heptarine-s-polvo\\\/#primaryimage\",\"url\":\"https:\\\/\\\/vetanco.com\\\/mx\\\/wp-content\\\/uploads\\\/2024\\\/11\\\/Di-Heptarine-S-800x800-1.png\",\"contentUrl\":\"https:\\\/\\\/vetanco.com\\\/mx\\\/wp-content\\\/uploads\\\/2024\\\/11\\\/Di-Heptarine-S-800x800-1.png\",\"width\":800,\"height\":800},{\"@type\":\"BreadcrumbList\",\"@id\":\"https:\\\/\\\/vetanco.com\\\/mx\\\/produto\\\/di-heptarine-s-polvo\\\/#breadcrumb\",\"itemListElement\":[{\"@type\":\"ListItem\",\"position\":1,\"name\":\"In\u00edcio\",\"item\":\"https:\\\/\\\/vetanco.com\\\/mx\\\/\"},{\"@type\":\"ListItem\",\"position\":2,\"name\":\"Productos\",\"item\":\"https:\\\/\\\/vetanco.com\\\/mx\\\/productos\\\/\"},{\"@type\":\"ListItem\",\"position\":3,\"name\":\"DI HEPTARINE S\u00ae POLVO\"}]},{\"@type\":\"WebSite\",\"@id\":\"https:\\\/\\\/vetanco.com\\\/mx\\\/#website\",\"url\":\"https:\\\/\\\/vetanco.com\\\/mx\\\/\",\"name\":\"Vetanco Mexico\",\"description\":\"Productos Seguros para Alimentos Seguros\",\"potentialAction\":[{\"@type\":\"SearchAction\",\"target\":{\"@type\":\"EntryPoint\",\"urlTemplate\":\"https:\\\/\\\/vetanco.com\\\/mx\\\/?s={search_term_string}\"},\"query-input\":{\"@type\":\"PropertyValueSpecification\",\"valueRequired\":true,\"valueName\":\"search_term_string\"}}],\"inLanguage\":\"es\"}]}<\/script>\n<!-- \/ Yoast SEO plugin. -->","yoast_head_json":{"title":"DI HEPTARINE S\u00ae POLVO - Vetanco Mexico","description":"Terapia y prevenci\u00f3n de alteraciones hep\u00e1ticas metab\u00f3licas (sobrealimentaci\u00f3n o ingesta de alto valor energ\u00e9tico), provocadas por contaminaci\u00f3n del alimento","robots":{"index":"index","follow":"follow","max-snippet":"max-snippet:-1","max-image-preview":"max-image-preview:large","max-video-preview":"max-video-preview:-1"},"canonical":"https:\/\/vetanco.com\/mx\/produto\/di-heptarine-s-polvo\/","og_locale":"es_ES","og_type":"article","og_title":"DI HEPTARINE S\u00ae POLVO - Vetanco Mexico","og_description":"Terapia y prevenci\u00f3n de alteraciones hep\u00e1ticas metab\u00f3licas (sobrealimentaci\u00f3n o ingesta de alto valor energ\u00e9tico), provocadas por contaminaci\u00f3n del alimento","og_url":"https:\/\/vetanco.com\/mx\/produto\/di-heptarine-s-polvo\/","og_site_name":"Vetanco Mexico","article_modified_time":"2025-04-23T16:52:33+00:00","og_image":[{"width":800,"height":800,"url":"https:\/\/vetanco.com\/mx\/wp-content\/uploads\/2024\/11\/Di-Heptarine-S-800x800-1.png","type":"image\/png"}],"twitter_card":"summary_large_image","twitter_misc":{"Tiempo de lectura":"1 minuto"},"schema":{"@context":"https:\/\/schema.org","@graph":[{"@type":"WebPage","@id":"https:\/\/vetanco.com\/mx\/produto\/di-heptarine-s-polvo\/","url":"https:\/\/vetanco.com\/mx\/produto\/di-heptarine-s-polvo\/","name":"DI HEPTARINE S\u00ae POLVO - Vetanco Mexico","isPartOf":{"@id":"https:\/\/vetanco.com\/mx\/#website"},"primaryImageOfPage":{"@id":"https:\/\/vetanco.com\/mx\/produto\/di-heptarine-s-polvo\/#primaryimage"},"image":{"@id":"https:\/\/vetanco.com\/mx\/produto\/di-heptarine-s-polvo\/#primaryimage"},"thumbnailUrl":"https:\/\/vetanco.com\/mx\/wp-content\/uploads\/2024\/11\/Di-Heptarine-S-800x800-1.png","datePublished":"2024-11-21T16:35:57+00:00","dateModified":"2025-04-23T16:52:33+00:00","description":"Terapia y prevenci\u00f3n de alteraciones hep\u00e1ticas metab\u00f3licas (sobrealimentaci\u00f3n o ingesta de alto valor energ\u00e9tico), provocadas por contaminaci\u00f3n del alimento","breadcrumb":{"@id":"https:\/\/vetanco.com\/mx\/produto\/di-heptarine-s-polvo\/#breadcrumb"},"inLanguage":"es","potentialAction":[{"@type":"ReadAction","target":["https:\/\/vetanco.com\/mx\/produto\/di-heptarine-s-polvo\/"]}]},{"@type":"ImageObject","inLanguage":"es","@id":"https:\/\/vetanco.com\/mx\/produto\/di-heptarine-s-polvo\/#primaryimage","url":"https:\/\/vetanco.com\/mx\/wp-content\/uploads\/2024\/11\/Di-Heptarine-S-800x800-1.png","contentUrl":"https:\/\/vetanco.com\/mx\/wp-content\/uploads\/2024\/11\/Di-Heptarine-S-800x800-1.png","width":800,"height":800},{"@type":"BreadcrumbList","@id":"https:\/\/vetanco.com\/mx\/produto\/di-heptarine-s-polvo\/#breadcrumb","itemListElement":[{"@type":"ListItem","position":1,"name":"In\u00edcio","item":"https:\/\/vetanco.com\/mx\/"},{"@type":"ListItem","position":2,"name":"Productos","item":"https:\/\/vetanco.com\/mx\/productos\/"},{"@type":"ListItem","position":3,"name":"DI HEPTARINE S\u00ae POLVO"}]},{"@type":"WebSite","@id":"https:\/\/vetanco.com\/mx\/#website","url":"https:\/\/vetanco.com\/mx\/","name":"Vetanco Mexico","description":"Productos Seguros para Alimentos Seguros","potentialAction":[{"@type":"SearchAction","target":{"@type":"EntryPoint","urlTemplate":"https:\/\/vetanco.com\/mx\/?s={search_term_string}"},"query-input":{"@type":"PropertyValueSpecification","valueRequired":true,"valueName":"search_term_string"}}],"inLanguage":"es"}]}},"_links":{"self":[{"href":"https:\/\/vetanco.com\/mx\/wp-json\/wp\/v2\/product\/11412","targetHints":{"allow":["GET"]}}],"collection":[{"href":"https:\/\/vetanco.com\/mx\/wp-json\/wp\/v2\/product"}],"about":[{"href":"https:\/\/vetanco.com\/mx\/wp-json\/wp\/v2\/types\/product"}],"replies":[{"embeddable":true,"href":"https:\/\/vetanco.com\/mx\/wp-json\/wp\/v2\/comments?post=11412"}],"wp:featuredmedia":[{"embeddable":true,"href":"https:\/\/vetanco.com\/mx\/wp-json\/wp\/v2\/media\/12860"}],"wp:attachment":[{"href":"https:\/\/vetanco.com\/mx\/wp-json\/wp\/v2\/media?parent=11412"}],"wp:term":[{"taxonomy":"product_brand","embeddable":true,"href":"https:\/\/vetanco.com\/mx\/wp-json\/wp\/v2\/product_brand?post=11412"},{"taxonomy":"product_cat","embeddable":true,"href":"https:\/\/vetanco.com\/mx\/wp-json\/wp\/v2\/product_cat?post=11412"},{"taxonomy":"product_tag","embeddable":true,"href":"https:\/\/vetanco.com\/mx\/wp-json\/wp\/v2\/product_tag?post=11412"}],"curies":[{"name":"wp","href":"https:\/\/api.w.org\/{rel}","templated":true}]}}