{"id":11414,"date":"2024-11-21T11:22:27","date_gmt":"2024-11-21T17:22:27","guid":{"rendered":"https:\/\/vetanco.com\/mx\/?post_type=product&#038;p=11414"},"modified":"2025-03-14T05:39:01","modified_gmt":"2025-03-14T11:39:01","slug":"microflud-ceft-ad-k","status":"publish","type":"product","link":"https:\/\/vetanco.com\/mx\/produto\/microflud-ceft-ad-k\/","title":{"rendered":"MICROFLUD CEFT<sup>\u00ae<\/sup> AD K"},"content":{"rendered":"<p><span style=\"color: #00397f;\"><strong>COMPOSICI\u00d3N<\/strong><\/span><\/p>\n<p>Ceftiofur \u00e1cido libre 12%, Ketoprofeno 6%.<\/p>\n<p>&nbsp;<\/p>\n<p><span style=\"color: #00397f;\"><strong>DOSIS<\/strong><\/span><\/p>\n<p>1 ml\/18 kg p.v. dosis \u00fanica, por v\u00eda subcut\u00e1nea, en la base de la oreja.<\/p>\n<p>&nbsp;<\/p>\n<p><span style=\"color: #00397f;\"><strong>PER\u00cdODO DE RETIRO<\/strong><\/span><\/p>\n<p>Carne 13 d\u00edas. Leche no posee.<\/p>\n<p>&nbsp;<\/p>\n<p><span style=\"color: #00397f;\"><strong>PRESENTACI\u00d3N<\/strong><\/span><\/p>\n<p>100 ml.<\/p>\n","protected":false},"excerpt":{"rendered":"<p><img loading=\"lazy\" decoding=\"async\" class=\"alignnone size-full wp-image-11077\" src=\"https:\/\/vetanco.com\/mx\/wp-content\/uploads\/2024\/11\/Picto-Cerdos.png\" alt=\"\" width=\"75\" height=\"63\" \/><\/p>\n<p><strong>Antibi\u00f3tico de dep\u00f3sito &#8211; Antiinflamatorio.<\/strong><\/p>\n<p>Tratamiento de infecciones respiratorias. Prevenci\u00f3n de metritis. Donde se requiera una acci\u00f3n antiinflamatoriia conjunta.<\/p>\n<p><strong>Agentes etiol\u00f3gicos susceptibles:\u00a0<\/strong><em>Pasteurella haemolytica, Pasteurella multocida, Fusobacterium necrophorum, Bacteroides melaninogenicus, Actinobacillus (Haemophilus), pleuropneumoniae, Salmonella choleraesuis, Streptococcus suis, Streptococcus zooepidemicus y Staphylococcus spp.<\/em><\/p>\n","protected":false},"featured_media":12579,"comment_status":"open","ping_status":"closed","template":"","meta":[],"product_brand":[],"product_cat":[314],"product_tag":[],"class_list":{"0":"post-11414","1":"product","2":"type-product","3":"status-publish","4":"has-post-thumbnail","6":"product_cat-antibioticos-inyectables","8":"first","9":"instock","10":"shipping-taxable","11":"product-type-simple"},"yoast_head":"<!-- This site is optimized with the Yoast SEO plugin v27.1.1 - https:\/\/yoast.com\/product\/yoast-seo-wordpress\/ -->\n<title>MICROFLUD CEFT\u00ae AD K - Vetanco Mexico<\/title>\n<meta name=\"description\" content=\"Este producto es utilizado en porcinos para el tratamiento de infecciones respiratorias y articulares, una acci\u00f3n antiinflamatoria conjunta.\" \/>\n<meta name=\"robots\" content=\"index, follow, max-snippet:-1, max-image-preview:large, max-video-preview:-1\" \/>\n<link rel=\"canonical\" href=\"https:\/\/vetanco.com\/mx\/produto\/microflud-ceft-ad-k\/\" \/>\n<meta property=\"og:locale\" content=\"es_ES\" \/>\n<meta property=\"og:type\" content=\"article\" \/>\n<meta property=\"og:title\" content=\"MICROFLUD CEFT\u00ae AD K - Vetanco Mexico\" \/>\n<meta property=\"og:description\" content=\"Este producto es utilizado en porcinos para el tratamiento de infecciones respiratorias y articulares, una acci\u00f3n antiinflamatoria conjunta.\" \/>\n<meta property=\"og:url\" content=\"https:\/\/vetanco.com\/mx\/produto\/microflud-ceft-ad-k\/\" \/>\n<meta property=\"og:site_name\" content=\"Vetanco Mexico\" \/>\n<meta property=\"article:modified_time\" content=\"2025-03-14T11:39:01+00:00\" \/>\n<meta property=\"og:image\" content=\"https:\/\/vetanco.com\/mx\/wp-content\/uploads\/2024\/11\/Microflud-CEFT-AD-K-2.png\" \/>\n\t<meta property=\"og:image:width\" content=\"800\" \/>\n\t<meta property=\"og:image:height\" content=\"800\" \/>\n\t<meta property=\"og:image:type\" content=\"image\/png\" \/>\n<meta name=\"twitter:card\" content=\"summary_large_image\" \/>\n<meta name=\"twitter:label1\" content=\"Tiempo de lectura\" \/>\n\t<meta name=\"twitter:data1\" content=\"1 minuto\" \/>\n<script type=\"application\/ld+json\" class=\"yoast-schema-graph\">{\"@context\":\"https:\/\/schema.org\",\"@graph\":[{\"@type\":\"WebPage\",\"@id\":\"https:\/\/vetanco.com\/mx\/produto\/microflud-ceft-ad-k\/\",\"url\":\"https:\/\/vetanco.com\/mx\/produto\/microflud-ceft-ad-k\/\",\"name\":\"MICROFLUD CEFT\u00ae AD K - Vetanco Mexico\",\"isPartOf\":{\"@id\":\"https:\/\/vetanco.com\/mx\/#website\"},\"primaryImageOfPage\":{\"@id\":\"https:\/\/vetanco.com\/mx\/produto\/microflud-ceft-ad-k\/#primaryimage\"},\"image\":{\"@id\":\"https:\/\/vetanco.com\/mx\/produto\/microflud-ceft-ad-k\/#primaryimage\"},\"thumbnailUrl\":\"https:\/\/vetanco.com\/mx\/wp-content\/uploads\/2024\/11\/Microflud-CEFT-AD-K-2.png\",\"datePublished\":\"2024-11-21T17:22:27+00:00\",\"dateModified\":\"2025-03-14T11:39:01+00:00\",\"description\":\"Este producto es utilizado en porcinos para el tratamiento de infecciones respiratorias y articulares, una acci\u00f3n antiinflamatoria conjunta.\",\"breadcrumb\":{\"@id\":\"https:\/\/vetanco.com\/mx\/produto\/microflud-ceft-ad-k\/#breadcrumb\"},\"inLanguage\":\"es\",\"potentialAction\":[{\"@type\":\"ReadAction\",\"target\":[\"https:\/\/vetanco.com\/mx\/produto\/microflud-ceft-ad-k\/\"]}]},{\"@type\":\"ImageObject\",\"inLanguage\":\"es\",\"@id\":\"https:\/\/vetanco.com\/mx\/produto\/microflud-ceft-ad-k\/#primaryimage\",\"url\":\"https:\/\/vetanco.com\/mx\/wp-content\/uploads\/2024\/11\/Microflud-CEFT-AD-K-2.png\",\"contentUrl\":\"https:\/\/vetanco.com\/mx\/wp-content\/uploads\/2024\/11\/Microflud-CEFT-AD-K-2.png\",\"width\":800,\"height\":800},{\"@type\":\"BreadcrumbList\",\"@id\":\"https:\/\/vetanco.com\/mx\/produto\/microflud-ceft-ad-k\/#breadcrumb\",\"itemListElement\":[{\"@type\":\"ListItem\",\"position\":1,\"name\":\"In\u00edcio\",\"item\":\"https:\/\/vetanco.com\/mx\/\"},{\"@type\":\"ListItem\",\"position\":2,\"name\":\"Productos\",\"item\":\"https:\/\/vetanco.com\/mx\/productos\/\"},{\"@type\":\"ListItem\",\"position\":3,\"name\":\"MICROFLUD CEFT\u00ae AD K\"}]},{\"@type\":\"WebSite\",\"@id\":\"https:\/\/vetanco.com\/mx\/#website\",\"url\":\"https:\/\/vetanco.com\/mx\/\",\"name\":\"Vetanco Mexico\",\"description\":\"Productos Seguros para Alimentos Seguros\",\"potentialAction\":[{\"@type\":\"SearchAction\",\"target\":{\"@type\":\"EntryPoint\",\"urlTemplate\":\"https:\/\/vetanco.com\/mx\/?s={search_term_string}\"},\"query-input\":{\"@type\":\"PropertyValueSpecification\",\"valueRequired\":true,\"valueName\":\"search_term_string\"}}],\"inLanguage\":\"es\"}]}<\/script>\n<!-- \/ Yoast SEO plugin. -->","yoast_head_json":{"title":"MICROFLUD CEFT\u00ae AD K - Vetanco Mexico","description":"Este producto es utilizado en porcinos para el tratamiento de infecciones respiratorias y articulares, una acci\u00f3n antiinflamatoria conjunta.","robots":{"index":"index","follow":"follow","max-snippet":"max-snippet:-1","max-image-preview":"max-image-preview:large","max-video-preview":"max-video-preview:-1"},"canonical":"https:\/\/vetanco.com\/mx\/produto\/microflud-ceft-ad-k\/","og_locale":"es_ES","og_type":"article","og_title":"MICROFLUD CEFT\u00ae AD K - Vetanco Mexico","og_description":"Este producto es utilizado en porcinos para el tratamiento de infecciones respiratorias y articulares, una acci\u00f3n antiinflamatoria conjunta.","og_url":"https:\/\/vetanco.com\/mx\/produto\/microflud-ceft-ad-k\/","og_site_name":"Vetanco Mexico","article_modified_time":"2025-03-14T11:39:01+00:00","og_image":[{"width":800,"height":800,"url":"https:\/\/vetanco.com\/mx\/wp-content\/uploads\/2024\/11\/Microflud-CEFT-AD-K-2.png","type":"image\/png"}],"twitter_card":"summary_large_image","twitter_misc":{"Tiempo de lectura":"1 minuto"},"schema":{"@context":"https:\/\/schema.org","@graph":[{"@type":"WebPage","@id":"https:\/\/vetanco.com\/mx\/produto\/microflud-ceft-ad-k\/","url":"https:\/\/vetanco.com\/mx\/produto\/microflud-ceft-ad-k\/","name":"MICROFLUD CEFT\u00ae AD K - Vetanco Mexico","isPartOf":{"@id":"https:\/\/vetanco.com\/mx\/#website"},"primaryImageOfPage":{"@id":"https:\/\/vetanco.com\/mx\/produto\/microflud-ceft-ad-k\/#primaryimage"},"image":{"@id":"https:\/\/vetanco.com\/mx\/produto\/microflud-ceft-ad-k\/#primaryimage"},"thumbnailUrl":"https:\/\/vetanco.com\/mx\/wp-content\/uploads\/2024\/11\/Microflud-CEFT-AD-K-2.png","datePublished":"2024-11-21T17:22:27+00:00","dateModified":"2025-03-14T11:39:01+00:00","description":"Este producto es utilizado en porcinos para el tratamiento de infecciones respiratorias y articulares, una acci\u00f3n antiinflamatoria conjunta.","breadcrumb":{"@id":"https:\/\/vetanco.com\/mx\/produto\/microflud-ceft-ad-k\/#breadcrumb"},"inLanguage":"es","potentialAction":[{"@type":"ReadAction","target":["https:\/\/vetanco.com\/mx\/produto\/microflud-ceft-ad-k\/"]}]},{"@type":"ImageObject","inLanguage":"es","@id":"https:\/\/vetanco.com\/mx\/produto\/microflud-ceft-ad-k\/#primaryimage","url":"https:\/\/vetanco.com\/mx\/wp-content\/uploads\/2024\/11\/Microflud-CEFT-AD-K-2.png","contentUrl":"https:\/\/vetanco.com\/mx\/wp-content\/uploads\/2024\/11\/Microflud-CEFT-AD-K-2.png","width":800,"height":800},{"@type":"BreadcrumbList","@id":"https:\/\/vetanco.com\/mx\/produto\/microflud-ceft-ad-k\/#breadcrumb","itemListElement":[{"@type":"ListItem","position":1,"name":"In\u00edcio","item":"https:\/\/vetanco.com\/mx\/"},{"@type":"ListItem","position":2,"name":"Productos","item":"https:\/\/vetanco.com\/mx\/productos\/"},{"@type":"ListItem","position":3,"name":"MICROFLUD CEFT\u00ae AD K"}]},{"@type":"WebSite","@id":"https:\/\/vetanco.com\/mx\/#website","url":"https:\/\/vetanco.com\/mx\/","name":"Vetanco Mexico","description":"Productos Seguros para Alimentos Seguros","potentialAction":[{"@type":"SearchAction","target":{"@type":"EntryPoint","urlTemplate":"https:\/\/vetanco.com\/mx\/?s={search_term_string}"},"query-input":{"@type":"PropertyValueSpecification","valueRequired":true,"valueName":"search_term_string"}}],"inLanguage":"es"}]}},"_links":{"self":[{"href":"https:\/\/vetanco.com\/mx\/wp-json\/wp\/v2\/product\/11414","targetHints":{"allow":["GET"]}}],"collection":[{"href":"https:\/\/vetanco.com\/mx\/wp-json\/wp\/v2\/product"}],"about":[{"href":"https:\/\/vetanco.com\/mx\/wp-json\/wp\/v2\/types\/product"}],"replies":[{"embeddable":true,"href":"https:\/\/vetanco.com\/mx\/wp-json\/wp\/v2\/comments?post=11414"}],"wp:featuredmedia":[{"embeddable":true,"href":"https:\/\/vetanco.com\/mx\/wp-json\/wp\/v2\/media\/12579"}],"wp:attachment":[{"href":"https:\/\/vetanco.com\/mx\/wp-json\/wp\/v2\/media?parent=11414"}],"wp:term":[{"taxonomy":"product_brand","embeddable":true,"href":"https:\/\/vetanco.com\/mx\/wp-json\/wp\/v2\/product_brand?post=11414"},{"taxonomy":"product_cat","embeddable":true,"href":"https:\/\/vetanco.com\/mx\/wp-json\/wp\/v2\/product_cat?post=11414"},{"taxonomy":"product_tag","embeddable":true,"href":"https:\/\/vetanco.com\/mx\/wp-json\/wp\/v2\/product_tag?post=11414"}],"curies":[{"name":"wp","href":"https:\/\/api.w.org\/{rel}","templated":true}]}}