{"id":4640,"date":"2024-11-08T09:15:38","date_gmt":"2024-11-08T14:15:38","guid":{"rendered":"https:\/\/vetanco.com\/pa\/?post_type=product&#038;p=4640"},"modified":"2025-02-06T14:29:05","modified_gmt":"2025-02-06T19:29:05","slug":"ambiflud-benzuron-fg80-x-1-kg","status":"publish","type":"product","link":"https:\/\/vetanco.com\/pa\/produto\/ambiflud-benzuron-fg80-x-1-kg\/","title":{"rendered":"AMBIFLUD<sup>\u00ae<\/sup> BENZUR\u00d3N FG80 x 1 KG"},"content":{"rendered":"<p><span style=\"color: #00397f;\"><strong>COMPOSICI\u00d3N<\/strong><\/span><\/p>\n<p>Diflubenzur\u00f3n 8%.<\/p>\n<p>&nbsp;<\/p>\n<p><span style=\"color: #00397f;\"><strong>DOSIS<\/strong><\/span><\/p>\n<ul>\n<li><em>Bovinos:<\/em> 0,1 mg\/kg p.v. (equivalente a 0.12 g cada 100 kg p.v.).<\/li>\n<li><em>Porcinos:<\/em> 0,5 \u2013 1 kg\/ton de alimento, considerando un consumo promedio del 3% del peso corporal. Iniciar el uso 30 d\u00edas antes de la temporada de moscas y hasta finalizar 30 d\u00edas posterior a la primera helada.<\/li>\n<\/ul>\n<p>&nbsp;<\/p>\n<p><span style=\"color: #00397f;\"><strong>PER\u00cdODO DE RETIRO<\/strong><\/span><\/p>\n<p>No posee.<\/p>\n<p>&nbsp;<\/p>\n<p><span style=\"color: #00397f;\"><strong>PRESENTACI\u00d3N<\/strong><\/span><\/p>\n<p>1 kg.<\/p>\n<p>&nbsp;<\/p>\n<p><strong>*Producto disponible en Costa Rica y Panam\u00e1.<\/strong><\/p>\n","protected":false},"excerpt":{"rendered":"<p><img loading=\"lazy\" decoding=\"async\" class=\"alignnone size-full wp-image-4568\" src=\"https:\/\/vetanco.com\/pa\/wp-content\/uploads\/2024\/11\/Picto-Bovinos.png\" alt=\"\" width=\"75\" height=\"63\" \/> <img loading=\"lazy\" decoding=\"async\" class=\"alignnone size-full wp-image-4569\" src=\"https:\/\/vetanco.com\/pa\/wp-content\/uploads\/2024\/11\/Picto-Cerdos.png\" alt=\"\" width=\"75\" height=\"63\" \/><\/p>\n<p>Indicado para controlar la infestaci\u00f3n por moscas (<em>Musca dom\u00e9stica<\/em>) afectando a huevos y larvas.<\/p>\n<p>Se indica su uso en la cr\u00eda intensiva de <strong>bovinos y porcinos<\/strong>.<\/p>\n","protected":false},"featured_media":6101,"comment_status":"open","ping_status":"closed","template":"","meta":[],"product_brand":[],"product_cat":[178],"product_tag":[],"class_list":{"0":"post-4640","1":"product","2":"type-product","3":"status-publish","4":"has-post-thumbnail","6":"product_cat-antiparasitarios-externos","8":"first","9":"instock","10":"shipping-taxable","11":"product-type-simple"},"yoast_head":"<!-- This site is optimized with the Yoast SEO plugin v27.3 - https:\/\/yoast.com\/product\/yoast-seo-wordpress\/ -->\n<title>AMBIFLUD\u00ae BENZUR\u00d3N FG80 x 1 KG - Vetanco Centroamerica y Caribe<\/title>\n<meta name=\"description\" content=\"Antiparasitario externo de la l\u00ednea Vetanco indicado para controlar la infestaci\u00f3n por moscas (Musca dom\u00e9stica) afectando a huevos y larvas.\" \/>\n<meta name=\"robots\" content=\"index, follow, max-snippet:-1, max-image-preview:large, max-video-preview:-1\" \/>\n<link rel=\"canonical\" href=\"https:\/\/vetanco.com\/pa\/produto\/ambiflud-benzuron-fg80-x-1-kg\/\" \/>\n<meta property=\"og:locale\" content=\"es_ES\" \/>\n<meta property=\"og:type\" content=\"article\" \/>\n<meta property=\"og:title\" content=\"AMBIFLUD\u00ae BENZUR\u00d3N FG80 x 1 KG - Vetanco Centroamerica y Caribe\" \/>\n<meta property=\"og:description\" content=\"Antiparasitario externo de la l\u00ednea Vetanco indicado para controlar la infestaci\u00f3n por moscas (Musca dom\u00e9stica) afectando a huevos y larvas.\" \/>\n<meta property=\"og:url\" content=\"https:\/\/vetanco.com\/pa\/produto\/ambiflud-benzuron-fg80-x-1-kg\/\" \/>\n<meta property=\"og:site_name\" content=\"Vetanco Centroamerica y Caribe\" \/>\n<meta property=\"article:modified_time\" content=\"2025-02-06T19:29:05+00:00\" \/>\n<meta property=\"og:image\" content=\"https:\/\/vetanco.com\/pa\/wp-content\/uploads\/2024\/11\/Ambiflud-Benzuron-FG-80-2.png\" \/>\n\t<meta property=\"og:image:width\" content=\"800\" \/>\n\t<meta property=\"og:image:height\" content=\"800\" \/>\n\t<meta property=\"og:image:type\" content=\"image\/png\" \/>\n<meta name=\"twitter:card\" content=\"summary_large_image\" \/>\n<meta name=\"twitter:label1\" content=\"Tiempo de lectura\" \/>\n\t<meta name=\"twitter:data1\" content=\"1 minuto\" \/>\n<script type=\"application\/ld+json\" class=\"yoast-schema-graph\">{\"@context\":\"https:\\\/\\\/schema.org\",\"@graph\":[{\"@type\":\"WebPage\",\"@id\":\"https:\\\/\\\/vetanco.com\\\/pa\\\/produto\\\/ambiflud-benzuron-fg80-x-1-kg\\\/\",\"url\":\"https:\\\/\\\/vetanco.com\\\/pa\\\/produto\\\/ambiflud-benzuron-fg80-x-1-kg\\\/\",\"name\":\"AMBIFLUD\u00ae BENZUR\u00d3N FG80 x 1 KG - Vetanco Centroamerica y Caribe\",\"isPartOf\":{\"@id\":\"https:\\\/\\\/vetanco.com\\\/pa\\\/#website\"},\"primaryImageOfPage\":{\"@id\":\"https:\\\/\\\/vetanco.com\\\/pa\\\/produto\\\/ambiflud-benzuron-fg80-x-1-kg\\\/#primaryimage\"},\"image\":{\"@id\":\"https:\\\/\\\/vetanco.com\\\/pa\\\/produto\\\/ambiflud-benzuron-fg80-x-1-kg\\\/#primaryimage\"},\"thumbnailUrl\":\"https:\\\/\\\/vetanco.com\\\/pa\\\/wp-content\\\/uploads\\\/2024\\\/11\\\/Ambiflud-Benzuron-FG-80-2.png\",\"datePublished\":\"2024-11-08T14:15:38+00:00\",\"dateModified\":\"2025-02-06T19:29:05+00:00\",\"description\":\"Antiparasitario externo de la l\u00ednea Vetanco indicado para controlar la infestaci\u00f3n por moscas (Musca dom\u00e9stica) afectando a huevos y larvas.\",\"breadcrumb\":{\"@id\":\"https:\\\/\\\/vetanco.com\\\/pa\\\/produto\\\/ambiflud-benzuron-fg80-x-1-kg\\\/#breadcrumb\"},\"inLanguage\":\"es\",\"potentialAction\":[{\"@type\":\"ReadAction\",\"target\":[\"https:\\\/\\\/vetanco.com\\\/pa\\\/produto\\\/ambiflud-benzuron-fg80-x-1-kg\\\/\"]}]},{\"@type\":\"ImageObject\",\"inLanguage\":\"es\",\"@id\":\"https:\\\/\\\/vetanco.com\\\/pa\\\/produto\\\/ambiflud-benzuron-fg80-x-1-kg\\\/#primaryimage\",\"url\":\"https:\\\/\\\/vetanco.com\\\/pa\\\/wp-content\\\/uploads\\\/2024\\\/11\\\/Ambiflud-Benzuron-FG-80-2.png\",\"contentUrl\":\"https:\\\/\\\/vetanco.com\\\/pa\\\/wp-content\\\/uploads\\\/2024\\\/11\\\/Ambiflud-Benzuron-FG-80-2.png\",\"width\":800,\"height\":800},{\"@type\":\"BreadcrumbList\",\"@id\":\"https:\\\/\\\/vetanco.com\\\/pa\\\/produto\\\/ambiflud-benzuron-fg80-x-1-kg\\\/#breadcrumb\",\"itemListElement\":[{\"@type\":\"ListItem\",\"position\":1,\"name\":\"In\u00edcio\",\"item\":\"https:\\\/\\\/vetanco.com\\\/pa\\\/\"},{\"@type\":\"ListItem\",\"position\":2,\"name\":\"Productos\",\"item\":\"https:\\\/\\\/vetanco.com\\\/pa\\\/productos\\\/\"},{\"@type\":\"ListItem\",\"position\":3,\"name\":\"AMBIFLUD\u00ae BENZUR\u00d3N FG80 x 1 KG\"}]},{\"@type\":\"WebSite\",\"@id\":\"https:\\\/\\\/vetanco.com\\\/pa\\\/#website\",\"url\":\"https:\\\/\\\/vetanco.com\\\/pa\\\/\",\"name\":\"Vetanco Centroamerica y Caribe\",\"description\":\"Productos Seguros para Alimentos Seguros\",\"potentialAction\":[{\"@type\":\"SearchAction\",\"target\":{\"@type\":\"EntryPoint\",\"urlTemplate\":\"https:\\\/\\\/vetanco.com\\\/pa\\\/?s={search_term_string}\"},\"query-input\":{\"@type\":\"PropertyValueSpecification\",\"valueRequired\":true,\"valueName\":\"search_term_string\"}}],\"inLanguage\":\"es\"}]}<\/script>\n<!-- \/ Yoast SEO plugin. -->","yoast_head_json":{"title":"AMBIFLUD\u00ae BENZUR\u00d3N FG80 x 1 KG - Vetanco Centroamerica y Caribe","description":"Antiparasitario externo de la l\u00ednea Vetanco indicado para controlar la infestaci\u00f3n por moscas (Musca dom\u00e9stica) afectando a huevos y larvas.","robots":{"index":"index","follow":"follow","max-snippet":"max-snippet:-1","max-image-preview":"max-image-preview:large","max-video-preview":"max-video-preview:-1"},"canonical":"https:\/\/vetanco.com\/pa\/produto\/ambiflud-benzuron-fg80-x-1-kg\/","og_locale":"es_ES","og_type":"article","og_title":"AMBIFLUD\u00ae BENZUR\u00d3N FG80 x 1 KG - Vetanco Centroamerica y Caribe","og_description":"Antiparasitario externo de la l\u00ednea Vetanco indicado para controlar la infestaci\u00f3n por moscas (Musca dom\u00e9stica) afectando a huevos y larvas.","og_url":"https:\/\/vetanco.com\/pa\/produto\/ambiflud-benzuron-fg80-x-1-kg\/","og_site_name":"Vetanco Centroamerica y Caribe","article_modified_time":"2025-02-06T19:29:05+00:00","og_image":[{"width":800,"height":800,"url":"https:\/\/vetanco.com\/pa\/wp-content\/uploads\/2024\/11\/Ambiflud-Benzuron-FG-80-2.png","type":"image\/png"}],"twitter_card":"summary_large_image","twitter_misc":{"Tiempo de lectura":"1 minuto"},"schema":{"@context":"https:\/\/schema.org","@graph":[{"@type":"WebPage","@id":"https:\/\/vetanco.com\/pa\/produto\/ambiflud-benzuron-fg80-x-1-kg\/","url":"https:\/\/vetanco.com\/pa\/produto\/ambiflud-benzuron-fg80-x-1-kg\/","name":"AMBIFLUD\u00ae BENZUR\u00d3N FG80 x 1 KG - Vetanco Centroamerica y Caribe","isPartOf":{"@id":"https:\/\/vetanco.com\/pa\/#website"},"primaryImageOfPage":{"@id":"https:\/\/vetanco.com\/pa\/produto\/ambiflud-benzuron-fg80-x-1-kg\/#primaryimage"},"image":{"@id":"https:\/\/vetanco.com\/pa\/produto\/ambiflud-benzuron-fg80-x-1-kg\/#primaryimage"},"thumbnailUrl":"https:\/\/vetanco.com\/pa\/wp-content\/uploads\/2024\/11\/Ambiflud-Benzuron-FG-80-2.png","datePublished":"2024-11-08T14:15:38+00:00","dateModified":"2025-02-06T19:29:05+00:00","description":"Antiparasitario externo de la l\u00ednea Vetanco indicado para controlar la infestaci\u00f3n por moscas (Musca dom\u00e9stica) afectando a huevos y larvas.","breadcrumb":{"@id":"https:\/\/vetanco.com\/pa\/produto\/ambiflud-benzuron-fg80-x-1-kg\/#breadcrumb"},"inLanguage":"es","potentialAction":[{"@type":"ReadAction","target":["https:\/\/vetanco.com\/pa\/produto\/ambiflud-benzuron-fg80-x-1-kg\/"]}]},{"@type":"ImageObject","inLanguage":"es","@id":"https:\/\/vetanco.com\/pa\/produto\/ambiflud-benzuron-fg80-x-1-kg\/#primaryimage","url":"https:\/\/vetanco.com\/pa\/wp-content\/uploads\/2024\/11\/Ambiflud-Benzuron-FG-80-2.png","contentUrl":"https:\/\/vetanco.com\/pa\/wp-content\/uploads\/2024\/11\/Ambiflud-Benzuron-FG-80-2.png","width":800,"height":800},{"@type":"BreadcrumbList","@id":"https:\/\/vetanco.com\/pa\/produto\/ambiflud-benzuron-fg80-x-1-kg\/#breadcrumb","itemListElement":[{"@type":"ListItem","position":1,"name":"In\u00edcio","item":"https:\/\/vetanco.com\/pa\/"},{"@type":"ListItem","position":2,"name":"Productos","item":"https:\/\/vetanco.com\/pa\/productos\/"},{"@type":"ListItem","position":3,"name":"AMBIFLUD\u00ae BENZUR\u00d3N FG80 x 1 KG"}]},{"@type":"WebSite","@id":"https:\/\/vetanco.com\/pa\/#website","url":"https:\/\/vetanco.com\/pa\/","name":"Vetanco Centroamerica y Caribe","description":"Productos Seguros para Alimentos Seguros","potentialAction":[{"@type":"SearchAction","target":{"@type":"EntryPoint","urlTemplate":"https:\/\/vetanco.com\/pa\/?s={search_term_string}"},"query-input":{"@type":"PropertyValueSpecification","valueRequired":true,"valueName":"search_term_string"}}],"inLanguage":"es"}]}},"_links":{"self":[{"href":"https:\/\/vetanco.com\/pa\/wp-json\/wp\/v2\/product\/4640","targetHints":{"allow":["GET"]}}],"collection":[{"href":"https:\/\/vetanco.com\/pa\/wp-json\/wp\/v2\/product"}],"about":[{"href":"https:\/\/vetanco.com\/pa\/wp-json\/wp\/v2\/types\/product"}],"replies":[{"embeddable":true,"href":"https:\/\/vetanco.com\/pa\/wp-json\/wp\/v2\/comments?post=4640"}],"wp:featuredmedia":[{"embeddable":true,"href":"https:\/\/vetanco.com\/pa\/wp-json\/wp\/v2\/media\/6101"}],"wp:attachment":[{"href":"https:\/\/vetanco.com\/pa\/wp-json\/wp\/v2\/media?parent=4640"}],"wp:term":[{"taxonomy":"product_brand","embeddable":true,"href":"https:\/\/vetanco.com\/pa\/wp-json\/wp\/v2\/product_brand?post=4640"},{"taxonomy":"product_cat","embeddable":true,"href":"https:\/\/vetanco.com\/pa\/wp-json\/wp\/v2\/product_cat?post=4640"},{"taxonomy":"product_tag","embeddable":true,"href":"https:\/\/vetanco.com\/pa\/wp-json\/wp\/v2\/product_tag?post=4640"}],"curies":[{"name":"wp","href":"https:\/\/api.w.org\/{rel}","templated":true}]}}