{"id":4645,"date":"2024-11-08T09:44:22","date_gmt":"2024-11-08T14:44:22","guid":{"rendered":"https:\/\/vetanco.com\/pa\/?post_type=product&#038;p=4645"},"modified":"2025-01-21T08:50:25","modified_gmt":"2025-01-21T13:50:25","slug":"ambiflud-triazin-bolsa-x-20-kg","status":"publish","type":"product","link":"https:\/\/vetanco.com\/pa\/produto\/ambiflud-triazin-bolsa-x-20-kg\/","title":{"rendered":"AMBIFLUD<sup>\u00ae<\/sup> TRIAZIN BOLSA X 20 KG"},"content":{"rendered":"<p><span style=\"color: #00397f;\"><strong>COMPOSICI\u00d3N<\/strong><\/span><\/p>\n<p>Ciromazina 1%.<\/p>\n<p>&nbsp;<\/p>\n<p><span style=\"color: #00397f;\"><strong>PRESENTACI\u00d3N<\/strong><\/span><\/p>\n<p>20 kg.<\/p>\n<p>&nbsp;<\/p>\n<p><strong>*Producto disponible en Costa Rica, Guatemala, El Salvador, Panam\u00e1 y Rep\u00fablica Dominicana.<\/strong><\/p>\n","protected":false},"excerpt":{"rendered":"<p><img loading=\"lazy\" decoding=\"async\" class=\"alignnone size-full wp-image-4625\" src=\"https:\/\/vetanco.com\/pa\/wp-content\/uploads\/2024\/11\/Picto-Ambiental.png\" alt=\"\" width=\"75\" height=\"63\" \/> <img loading=\"lazy\" decoding=\"async\" class=\"alignnone size-full wp-image-4623\" src=\"https:\/\/vetanco.com\/pa\/wp-content\/uploads\/2024\/11\/Picto-Aves-2.png\" alt=\"\" width=\"75\" height=\"63\" \/><\/p>\n<p><strong>Larvicida.<\/strong><\/p>\n<p>Combate la proliferaci\u00f3n de moscas en establecimientos de producci\u00f3n animal (gallinas ponedoras y reproductores).<\/p>\n","protected":false},"featured_media":4646,"comment_status":"open","ping_status":"closed","template":"","meta":[],"product_brand":[],"product_cat":[179],"product_tag":[],"class_list":{"0":"post-4645","1":"product","2":"type-product","3":"status-publish","4":"has-post-thumbnail","6":"product_cat-salud-ambiental-desinfectantes-y-biocidas","8":"first","9":"instock","10":"shipping-taxable","11":"product-type-simple"},"yoast_head":"<!-- This site is optimized with the Yoast SEO plugin v27.3 - https:\/\/yoast.com\/product\/yoast-seo-wordpress\/ -->\n<title>AMBIFLUD\u00ae TRIAZIN BOLSA X 20 KG - Vetanco Centroamerica y Caribe<\/title>\n<meta name=\"description\" content=\"Producto de la l\u00ednea Vetanco especialmente formulado que combate la proliferaci\u00f3n de moscas en establecimientos de producci\u00f3n animal.\" \/>\n<meta name=\"robots\" content=\"index, follow, max-snippet:-1, max-image-preview:large, max-video-preview:-1\" \/>\n<link rel=\"canonical\" href=\"https:\/\/vetanco.com\/pa\/produto\/ambiflud-triazin-bolsa-x-20-kg\/\" \/>\n<meta property=\"og:locale\" content=\"es_ES\" \/>\n<meta property=\"og:type\" content=\"article\" \/>\n<meta property=\"og:title\" content=\"AMBIFLUD\u00ae TRIAZIN BOLSA X 20 KG - Vetanco Centroamerica y Caribe\" \/>\n<meta property=\"og:description\" content=\"Producto de la l\u00ednea Vetanco especialmente formulado que combate la proliferaci\u00f3n de moscas en establecimientos de producci\u00f3n animal.\" \/>\n<meta property=\"og:url\" content=\"https:\/\/vetanco.com\/pa\/produto\/ambiflud-triazin-bolsa-x-20-kg\/\" \/>\n<meta property=\"og:site_name\" content=\"Vetanco Centroamerica y Caribe\" \/>\n<meta property=\"article:modified_time\" content=\"2025-01-21T13:50:25+00:00\" \/>\n<meta property=\"og:image\" content=\"https:\/\/vetanco.com\/pa\/wp-content\/uploads\/2024\/11\/Ambiflud-Triazin-2-1.png\" \/>\n\t<meta property=\"og:image:width\" content=\"600\" \/>\n\t<meta property=\"og:image:height\" content=\"600\" \/>\n\t<meta property=\"og:image:type\" content=\"image\/png\" \/>\n<meta name=\"twitter:card\" content=\"summary_large_image\" \/>\n<meta name=\"twitter:label1\" content=\"Tiempo de lectura\" \/>\n\t<meta name=\"twitter:data1\" content=\"1 minuto\" \/>\n<script type=\"application\/ld+json\" class=\"yoast-schema-graph\">{\"@context\":\"https:\\\/\\\/schema.org\",\"@graph\":[{\"@type\":\"WebPage\",\"@id\":\"https:\\\/\\\/vetanco.com\\\/pa\\\/produto\\\/ambiflud-triazin-bolsa-x-20-kg\\\/\",\"url\":\"https:\\\/\\\/vetanco.com\\\/pa\\\/produto\\\/ambiflud-triazin-bolsa-x-20-kg\\\/\",\"name\":\"AMBIFLUD\u00ae TRIAZIN BOLSA X 20 KG - Vetanco Centroamerica y Caribe\",\"isPartOf\":{\"@id\":\"https:\\\/\\\/vetanco.com\\\/pa\\\/#website\"},\"primaryImageOfPage\":{\"@id\":\"https:\\\/\\\/vetanco.com\\\/pa\\\/produto\\\/ambiflud-triazin-bolsa-x-20-kg\\\/#primaryimage\"},\"image\":{\"@id\":\"https:\\\/\\\/vetanco.com\\\/pa\\\/produto\\\/ambiflud-triazin-bolsa-x-20-kg\\\/#primaryimage\"},\"thumbnailUrl\":\"https:\\\/\\\/vetanco.com\\\/pa\\\/wp-content\\\/uploads\\\/2024\\\/11\\\/Ambiflud-Triazin-2-1.png\",\"datePublished\":\"2024-11-08T14:44:22+00:00\",\"dateModified\":\"2025-01-21T13:50:25+00:00\",\"description\":\"Producto de la l\u00ednea Vetanco especialmente formulado que combate la proliferaci\u00f3n de moscas en establecimientos de producci\u00f3n animal.\",\"breadcrumb\":{\"@id\":\"https:\\\/\\\/vetanco.com\\\/pa\\\/produto\\\/ambiflud-triazin-bolsa-x-20-kg\\\/#breadcrumb\"},\"inLanguage\":\"es\",\"potentialAction\":[{\"@type\":\"ReadAction\",\"target\":[\"https:\\\/\\\/vetanco.com\\\/pa\\\/produto\\\/ambiflud-triazin-bolsa-x-20-kg\\\/\"]}]},{\"@type\":\"ImageObject\",\"inLanguage\":\"es\",\"@id\":\"https:\\\/\\\/vetanco.com\\\/pa\\\/produto\\\/ambiflud-triazin-bolsa-x-20-kg\\\/#primaryimage\",\"url\":\"https:\\\/\\\/vetanco.com\\\/pa\\\/wp-content\\\/uploads\\\/2024\\\/11\\\/Ambiflud-Triazin-2-1.png\",\"contentUrl\":\"https:\\\/\\\/vetanco.com\\\/pa\\\/wp-content\\\/uploads\\\/2024\\\/11\\\/Ambiflud-Triazin-2-1.png\",\"width\":600,\"height\":600},{\"@type\":\"BreadcrumbList\",\"@id\":\"https:\\\/\\\/vetanco.com\\\/pa\\\/produto\\\/ambiflud-triazin-bolsa-x-20-kg\\\/#breadcrumb\",\"itemListElement\":[{\"@type\":\"ListItem\",\"position\":1,\"name\":\"In\u00edcio\",\"item\":\"https:\\\/\\\/vetanco.com\\\/pa\\\/\"},{\"@type\":\"ListItem\",\"position\":2,\"name\":\"Productos\",\"item\":\"https:\\\/\\\/vetanco.com\\\/pa\\\/productos\\\/\"},{\"@type\":\"ListItem\",\"position\":3,\"name\":\"AMBIFLUD\u00ae TRIAZIN BOLSA X 20 KG\"}]},{\"@type\":\"WebSite\",\"@id\":\"https:\\\/\\\/vetanco.com\\\/pa\\\/#website\",\"url\":\"https:\\\/\\\/vetanco.com\\\/pa\\\/\",\"name\":\"Vetanco Centroamerica y Caribe\",\"description\":\"Productos Seguros para Alimentos Seguros\",\"potentialAction\":[{\"@type\":\"SearchAction\",\"target\":{\"@type\":\"EntryPoint\",\"urlTemplate\":\"https:\\\/\\\/vetanco.com\\\/pa\\\/?s={search_term_string}\"},\"query-input\":{\"@type\":\"PropertyValueSpecification\",\"valueRequired\":true,\"valueName\":\"search_term_string\"}}],\"inLanguage\":\"es\"}]}<\/script>\n<!-- \/ Yoast SEO plugin. -->","yoast_head_json":{"title":"AMBIFLUD\u00ae TRIAZIN BOLSA X 20 KG - Vetanco Centroamerica y Caribe","description":"Producto de la l\u00ednea Vetanco especialmente formulado que combate la proliferaci\u00f3n de moscas en establecimientos de producci\u00f3n animal.","robots":{"index":"index","follow":"follow","max-snippet":"max-snippet:-1","max-image-preview":"max-image-preview:large","max-video-preview":"max-video-preview:-1"},"canonical":"https:\/\/vetanco.com\/pa\/produto\/ambiflud-triazin-bolsa-x-20-kg\/","og_locale":"es_ES","og_type":"article","og_title":"AMBIFLUD\u00ae TRIAZIN BOLSA X 20 KG - Vetanco Centroamerica y Caribe","og_description":"Producto de la l\u00ednea Vetanco especialmente formulado que combate la proliferaci\u00f3n de moscas en establecimientos de producci\u00f3n animal.","og_url":"https:\/\/vetanco.com\/pa\/produto\/ambiflud-triazin-bolsa-x-20-kg\/","og_site_name":"Vetanco Centroamerica y Caribe","article_modified_time":"2025-01-21T13:50:25+00:00","og_image":[{"width":600,"height":600,"url":"https:\/\/vetanco.com\/pa\/wp-content\/uploads\/2024\/11\/Ambiflud-Triazin-2-1.png","type":"image\/png"}],"twitter_card":"summary_large_image","twitter_misc":{"Tiempo de lectura":"1 minuto"},"schema":{"@context":"https:\/\/schema.org","@graph":[{"@type":"WebPage","@id":"https:\/\/vetanco.com\/pa\/produto\/ambiflud-triazin-bolsa-x-20-kg\/","url":"https:\/\/vetanco.com\/pa\/produto\/ambiflud-triazin-bolsa-x-20-kg\/","name":"AMBIFLUD\u00ae TRIAZIN BOLSA X 20 KG - Vetanco Centroamerica y Caribe","isPartOf":{"@id":"https:\/\/vetanco.com\/pa\/#website"},"primaryImageOfPage":{"@id":"https:\/\/vetanco.com\/pa\/produto\/ambiflud-triazin-bolsa-x-20-kg\/#primaryimage"},"image":{"@id":"https:\/\/vetanco.com\/pa\/produto\/ambiflud-triazin-bolsa-x-20-kg\/#primaryimage"},"thumbnailUrl":"https:\/\/vetanco.com\/pa\/wp-content\/uploads\/2024\/11\/Ambiflud-Triazin-2-1.png","datePublished":"2024-11-08T14:44:22+00:00","dateModified":"2025-01-21T13:50:25+00:00","description":"Producto de la l\u00ednea Vetanco especialmente formulado que combate la proliferaci\u00f3n de moscas en establecimientos de producci\u00f3n animal.","breadcrumb":{"@id":"https:\/\/vetanco.com\/pa\/produto\/ambiflud-triazin-bolsa-x-20-kg\/#breadcrumb"},"inLanguage":"es","potentialAction":[{"@type":"ReadAction","target":["https:\/\/vetanco.com\/pa\/produto\/ambiflud-triazin-bolsa-x-20-kg\/"]}]},{"@type":"ImageObject","inLanguage":"es","@id":"https:\/\/vetanco.com\/pa\/produto\/ambiflud-triazin-bolsa-x-20-kg\/#primaryimage","url":"https:\/\/vetanco.com\/pa\/wp-content\/uploads\/2024\/11\/Ambiflud-Triazin-2-1.png","contentUrl":"https:\/\/vetanco.com\/pa\/wp-content\/uploads\/2024\/11\/Ambiflud-Triazin-2-1.png","width":600,"height":600},{"@type":"BreadcrumbList","@id":"https:\/\/vetanco.com\/pa\/produto\/ambiflud-triazin-bolsa-x-20-kg\/#breadcrumb","itemListElement":[{"@type":"ListItem","position":1,"name":"In\u00edcio","item":"https:\/\/vetanco.com\/pa\/"},{"@type":"ListItem","position":2,"name":"Productos","item":"https:\/\/vetanco.com\/pa\/productos\/"},{"@type":"ListItem","position":3,"name":"AMBIFLUD\u00ae TRIAZIN BOLSA X 20 KG"}]},{"@type":"WebSite","@id":"https:\/\/vetanco.com\/pa\/#website","url":"https:\/\/vetanco.com\/pa\/","name":"Vetanco Centroamerica y Caribe","description":"Productos Seguros para Alimentos Seguros","potentialAction":[{"@type":"SearchAction","target":{"@type":"EntryPoint","urlTemplate":"https:\/\/vetanco.com\/pa\/?s={search_term_string}"},"query-input":{"@type":"PropertyValueSpecification","valueRequired":true,"valueName":"search_term_string"}}],"inLanguage":"es"}]}},"_links":{"self":[{"href":"https:\/\/vetanco.com\/pa\/wp-json\/wp\/v2\/product\/4645","targetHints":{"allow":["GET"]}}],"collection":[{"href":"https:\/\/vetanco.com\/pa\/wp-json\/wp\/v2\/product"}],"about":[{"href":"https:\/\/vetanco.com\/pa\/wp-json\/wp\/v2\/types\/product"}],"replies":[{"embeddable":true,"href":"https:\/\/vetanco.com\/pa\/wp-json\/wp\/v2\/comments?post=4645"}],"wp:featuredmedia":[{"embeddable":true,"href":"https:\/\/vetanco.com\/pa\/wp-json\/wp\/v2\/media\/4646"}],"wp:attachment":[{"href":"https:\/\/vetanco.com\/pa\/wp-json\/wp\/v2\/media?parent=4645"}],"wp:term":[{"taxonomy":"product_brand","embeddable":true,"href":"https:\/\/vetanco.com\/pa\/wp-json\/wp\/v2\/product_brand?post=4645"},{"taxonomy":"product_cat","embeddable":true,"href":"https:\/\/vetanco.com\/pa\/wp-json\/wp\/v2\/product_cat?post=4645"},{"taxonomy":"product_tag","embeddable":true,"href":"https:\/\/vetanco.com\/pa\/wp-json\/wp\/v2\/product_tag?post=4645"}],"curies":[{"name":"wp","href":"https:\/\/api.w.org\/{rel}","templated":true}]}}