{"id":4668,"date":"2024-11-08T13:12:54","date_gmt":"2024-11-08T18:12:54","guid":{"rendered":"https:\/\/vetanco.com\/pa\/?post_type=product&#038;p=4668"},"modified":"2025-01-21T09:12:13","modified_gmt":"2025-01-21T14:12:13","slug":"dysantic-bolsa-x-20-kilos","status":"publish","type":"product","link":"https:\/\/vetanco.com\/pa\/produto\/dysantic-bolsa-x-20-kilos\/","title":{"rendered":"DYSANTIC<sup>\u00ae<\/sup> BOLSA X 20 KILOS"},"content":{"rendered":"<p><span style=\"color: #00397f;\"><strong>COMPOSICI\u00d3N<\/strong><\/span><\/p>\n<p>Extracto de tomillo 20%, Complejo Zn-amino\u00e1cido 8,8%, Complejo Cu-amino\u00e1cido 1,33%, Harina de algarroba 30%.<\/p>\n<p>&nbsp;<\/p>\n<p><span style=\"color: #00397f;\"><strong>DOSIS<\/strong><\/span><\/p>\n<p>1 \u2013 2 kg\/ton.<\/p>\n<p>&nbsp;<\/p>\n<p><span style=\"color: #00397f;\"><strong>PER\u00cdODO DE RETIRO<\/strong><\/span><\/p>\n<p>No posee.<\/p>\n<p>&nbsp;<\/p>\n<p><span style=\"color: #00397f;\"><strong>PRESENTACI\u00d3N<\/strong><\/span><\/p>\n<p>20 Kgs.<\/p>\n<p>&nbsp;<\/p>\n<p><strong>*Producto disponible \u00fanicamente en Panam\u00e1.<\/strong><\/p>\n","protected":false},"excerpt":{"rendered":"<p><img loading=\"lazy\" decoding=\"async\" class=\"alignnone size-full wp-image-4569\" src=\"https:\/\/vetanco.com\/pa\/wp-content\/uploads\/2024\/11\/Picto-Cerdos.png\" alt=\"\" width=\"75\" height=\"63\" \/><\/p>\n<p><strong>\u00a1El bactericida intestinal de origen natural!<\/strong><\/p>\n<p>Fitobi\u00f3tico de potente actividad antimicrobiana sobre pat\u00f3genos ent\u00e9ricos, mejorando la eficacia de los par\u00e1metros productivos sin generar resistencia a los antimicrobianos y sin per\u00edodo de carencia.<\/p>\n","protected":false},"featured_media":4670,"comment_status":"open","ping_status":"closed","template":"","meta":[],"product_brand":[],"product_cat":[181],"product_tag":[],"class_list":{"0":"post-4668","1":"product","2":"type-product","3":"status-publish","4":"has-post-thumbnail","6":"product_cat-aditivos-bv-science","8":"first","9":"instock","10":"shipping-taxable","11":"product-type-simple"},"yoast_head":"<!-- This site is optimized with the Yoast SEO plugin v27.3 - https:\/\/yoast.com\/product\/yoast-seo-wordpress\/ -->\n<title>DYSANTIC\u00ae BOLSA X 20 KILOS - Vetanco Centroamerica y Caribe<\/title>\n<meta name=\"description\" content=\"Fitobi\u00f3tico de potente actividad antimicrobiana sobre pat\u00f3genos ent\u00e9ricos, mejorando la eficacia de los par\u00e1metros productivos.\" \/>\n<meta name=\"robots\" content=\"index, follow, max-snippet:-1, max-image-preview:large, max-video-preview:-1\" \/>\n<link rel=\"canonical\" href=\"https:\/\/vetanco.com\/pa\/produto\/dysantic-bolsa-x-20-kilos\/\" \/>\n<meta property=\"og:locale\" content=\"es_ES\" \/>\n<meta property=\"og:type\" content=\"article\" \/>\n<meta property=\"og:title\" content=\"DYSANTIC\u00ae BOLSA X 20 KILOS - Vetanco Centroamerica y Caribe\" \/>\n<meta property=\"og:description\" content=\"Fitobi\u00f3tico de potente actividad antimicrobiana sobre pat\u00f3genos ent\u00e9ricos, mejorando la eficacia de los par\u00e1metros productivos.\" \/>\n<meta property=\"og:url\" content=\"https:\/\/vetanco.com\/pa\/produto\/dysantic-bolsa-x-20-kilos\/\" \/>\n<meta property=\"og:site_name\" content=\"Vetanco Centroamerica y Caribe\" \/>\n<meta property=\"article:modified_time\" content=\"2025-01-21T14:12:13+00:00\" \/>\n<meta property=\"og:image\" content=\"https:\/\/vetanco.com\/pa\/wp-content\/uploads\/2024\/11\/Dysantic-2.png\" \/>\n\t<meta property=\"og:image:width\" content=\"600\" \/>\n\t<meta property=\"og:image:height\" content=\"600\" \/>\n\t<meta property=\"og:image:type\" content=\"image\/png\" \/>\n<meta name=\"twitter:card\" content=\"summary_large_image\" \/>\n<meta name=\"twitter:label1\" content=\"Tiempo de lectura\" \/>\n\t<meta name=\"twitter:data1\" content=\"1 minuto\" \/>\n<script type=\"application\/ld+json\" class=\"yoast-schema-graph\">{\"@context\":\"https:\\\/\\\/schema.org\",\"@graph\":[{\"@type\":\"WebPage\",\"@id\":\"https:\\\/\\\/vetanco.com\\\/pa\\\/produto\\\/dysantic-bolsa-x-20-kilos\\\/\",\"url\":\"https:\\\/\\\/vetanco.com\\\/pa\\\/produto\\\/dysantic-bolsa-x-20-kilos\\\/\",\"name\":\"DYSANTIC\u00ae BOLSA X 20 KILOS - Vetanco Centroamerica y Caribe\",\"isPartOf\":{\"@id\":\"https:\\\/\\\/vetanco.com\\\/pa\\\/#website\"},\"primaryImageOfPage\":{\"@id\":\"https:\\\/\\\/vetanco.com\\\/pa\\\/produto\\\/dysantic-bolsa-x-20-kilos\\\/#primaryimage\"},\"image\":{\"@id\":\"https:\\\/\\\/vetanco.com\\\/pa\\\/produto\\\/dysantic-bolsa-x-20-kilos\\\/#primaryimage\"},\"thumbnailUrl\":\"https:\\\/\\\/vetanco.com\\\/pa\\\/wp-content\\\/uploads\\\/2024\\\/11\\\/Dysantic-2.png\",\"datePublished\":\"2024-11-08T18:12:54+00:00\",\"dateModified\":\"2025-01-21T14:12:13+00:00\",\"description\":\"Fitobi\u00f3tico de potente actividad antimicrobiana sobre pat\u00f3genos ent\u00e9ricos, mejorando la eficacia de los par\u00e1metros productivos.\",\"breadcrumb\":{\"@id\":\"https:\\\/\\\/vetanco.com\\\/pa\\\/produto\\\/dysantic-bolsa-x-20-kilos\\\/#breadcrumb\"},\"inLanguage\":\"es\",\"potentialAction\":[{\"@type\":\"ReadAction\",\"target\":[\"https:\\\/\\\/vetanco.com\\\/pa\\\/produto\\\/dysantic-bolsa-x-20-kilos\\\/\"]}]},{\"@type\":\"ImageObject\",\"inLanguage\":\"es\",\"@id\":\"https:\\\/\\\/vetanco.com\\\/pa\\\/produto\\\/dysantic-bolsa-x-20-kilos\\\/#primaryimage\",\"url\":\"https:\\\/\\\/vetanco.com\\\/pa\\\/wp-content\\\/uploads\\\/2024\\\/11\\\/Dysantic-2.png\",\"contentUrl\":\"https:\\\/\\\/vetanco.com\\\/pa\\\/wp-content\\\/uploads\\\/2024\\\/11\\\/Dysantic-2.png\",\"width\":600,\"height\":600},{\"@type\":\"BreadcrumbList\",\"@id\":\"https:\\\/\\\/vetanco.com\\\/pa\\\/produto\\\/dysantic-bolsa-x-20-kilos\\\/#breadcrumb\",\"itemListElement\":[{\"@type\":\"ListItem\",\"position\":1,\"name\":\"In\u00edcio\",\"item\":\"https:\\\/\\\/vetanco.com\\\/pa\\\/\"},{\"@type\":\"ListItem\",\"position\":2,\"name\":\"Productos\",\"item\":\"https:\\\/\\\/vetanco.com\\\/pa\\\/productos\\\/\"},{\"@type\":\"ListItem\",\"position\":3,\"name\":\"DYSANTIC\u00ae BOLSA X 20 KILOS\"}]},{\"@type\":\"WebSite\",\"@id\":\"https:\\\/\\\/vetanco.com\\\/pa\\\/#website\",\"url\":\"https:\\\/\\\/vetanco.com\\\/pa\\\/\",\"name\":\"Vetanco Centroamerica y Caribe\",\"description\":\"Productos Seguros para Alimentos Seguros\",\"potentialAction\":[{\"@type\":\"SearchAction\",\"target\":{\"@type\":\"EntryPoint\",\"urlTemplate\":\"https:\\\/\\\/vetanco.com\\\/pa\\\/?s={search_term_string}\"},\"query-input\":{\"@type\":\"PropertyValueSpecification\",\"valueRequired\":true,\"valueName\":\"search_term_string\"}}],\"inLanguage\":\"es\"}]}<\/script>\n<!-- \/ Yoast SEO plugin. -->","yoast_head_json":{"title":"DYSANTIC\u00ae BOLSA X 20 KILOS - Vetanco Centroamerica y Caribe","description":"Fitobi\u00f3tico de potente actividad antimicrobiana sobre pat\u00f3genos ent\u00e9ricos, mejorando la eficacia de los par\u00e1metros productivos.","robots":{"index":"index","follow":"follow","max-snippet":"max-snippet:-1","max-image-preview":"max-image-preview:large","max-video-preview":"max-video-preview:-1"},"canonical":"https:\/\/vetanco.com\/pa\/produto\/dysantic-bolsa-x-20-kilos\/","og_locale":"es_ES","og_type":"article","og_title":"DYSANTIC\u00ae BOLSA X 20 KILOS - Vetanco Centroamerica y Caribe","og_description":"Fitobi\u00f3tico de potente actividad antimicrobiana sobre pat\u00f3genos ent\u00e9ricos, mejorando la eficacia de los par\u00e1metros productivos.","og_url":"https:\/\/vetanco.com\/pa\/produto\/dysantic-bolsa-x-20-kilos\/","og_site_name":"Vetanco Centroamerica y Caribe","article_modified_time":"2025-01-21T14:12:13+00:00","og_image":[{"width":600,"height":600,"url":"https:\/\/vetanco.com\/pa\/wp-content\/uploads\/2024\/11\/Dysantic-2.png","type":"image\/png"}],"twitter_card":"summary_large_image","twitter_misc":{"Tiempo de lectura":"1 minuto"},"schema":{"@context":"https:\/\/schema.org","@graph":[{"@type":"WebPage","@id":"https:\/\/vetanco.com\/pa\/produto\/dysantic-bolsa-x-20-kilos\/","url":"https:\/\/vetanco.com\/pa\/produto\/dysantic-bolsa-x-20-kilos\/","name":"DYSANTIC\u00ae BOLSA X 20 KILOS - Vetanco Centroamerica y Caribe","isPartOf":{"@id":"https:\/\/vetanco.com\/pa\/#website"},"primaryImageOfPage":{"@id":"https:\/\/vetanco.com\/pa\/produto\/dysantic-bolsa-x-20-kilos\/#primaryimage"},"image":{"@id":"https:\/\/vetanco.com\/pa\/produto\/dysantic-bolsa-x-20-kilos\/#primaryimage"},"thumbnailUrl":"https:\/\/vetanco.com\/pa\/wp-content\/uploads\/2024\/11\/Dysantic-2.png","datePublished":"2024-11-08T18:12:54+00:00","dateModified":"2025-01-21T14:12:13+00:00","description":"Fitobi\u00f3tico de potente actividad antimicrobiana sobre pat\u00f3genos ent\u00e9ricos, mejorando la eficacia de los par\u00e1metros productivos.","breadcrumb":{"@id":"https:\/\/vetanco.com\/pa\/produto\/dysantic-bolsa-x-20-kilos\/#breadcrumb"},"inLanguage":"es","potentialAction":[{"@type":"ReadAction","target":["https:\/\/vetanco.com\/pa\/produto\/dysantic-bolsa-x-20-kilos\/"]}]},{"@type":"ImageObject","inLanguage":"es","@id":"https:\/\/vetanco.com\/pa\/produto\/dysantic-bolsa-x-20-kilos\/#primaryimage","url":"https:\/\/vetanco.com\/pa\/wp-content\/uploads\/2024\/11\/Dysantic-2.png","contentUrl":"https:\/\/vetanco.com\/pa\/wp-content\/uploads\/2024\/11\/Dysantic-2.png","width":600,"height":600},{"@type":"BreadcrumbList","@id":"https:\/\/vetanco.com\/pa\/produto\/dysantic-bolsa-x-20-kilos\/#breadcrumb","itemListElement":[{"@type":"ListItem","position":1,"name":"In\u00edcio","item":"https:\/\/vetanco.com\/pa\/"},{"@type":"ListItem","position":2,"name":"Productos","item":"https:\/\/vetanco.com\/pa\/productos\/"},{"@type":"ListItem","position":3,"name":"DYSANTIC\u00ae BOLSA X 20 KILOS"}]},{"@type":"WebSite","@id":"https:\/\/vetanco.com\/pa\/#website","url":"https:\/\/vetanco.com\/pa\/","name":"Vetanco Centroamerica y Caribe","description":"Productos Seguros para Alimentos Seguros","potentialAction":[{"@type":"SearchAction","target":{"@type":"EntryPoint","urlTemplate":"https:\/\/vetanco.com\/pa\/?s={search_term_string}"},"query-input":{"@type":"PropertyValueSpecification","valueRequired":true,"valueName":"search_term_string"}}],"inLanguage":"es"}]}},"_links":{"self":[{"href":"https:\/\/vetanco.com\/pa\/wp-json\/wp\/v2\/product\/4668","targetHints":{"allow":["GET"]}}],"collection":[{"href":"https:\/\/vetanco.com\/pa\/wp-json\/wp\/v2\/product"}],"about":[{"href":"https:\/\/vetanco.com\/pa\/wp-json\/wp\/v2\/types\/product"}],"replies":[{"embeddable":true,"href":"https:\/\/vetanco.com\/pa\/wp-json\/wp\/v2\/comments?post=4668"}],"wp:featuredmedia":[{"embeddable":true,"href":"https:\/\/vetanco.com\/pa\/wp-json\/wp\/v2\/media\/4670"}],"wp:attachment":[{"href":"https:\/\/vetanco.com\/pa\/wp-json\/wp\/v2\/media?parent=4668"}],"wp:term":[{"taxonomy":"product_brand","embeddable":true,"href":"https:\/\/vetanco.com\/pa\/wp-json\/wp\/v2\/product_brand?post=4668"},{"taxonomy":"product_cat","embeddable":true,"href":"https:\/\/vetanco.com\/pa\/wp-json\/wp\/v2\/product_cat?post=4668"},{"taxonomy":"product_tag","embeddable":true,"href":"https:\/\/vetanco.com\/pa\/wp-json\/wp\/v2\/product_tag?post=4668"}],"curies":[{"name":"wp","href":"https:\/\/api.w.org\/{rel}","templated":true}]}}