{"id":4680,"date":"2024-11-08T14:09:40","date_gmt":"2024-11-08T19:09:40","guid":{"rendered":"https:\/\/vetanco.com\/pa\/?post_type=product&#038;p=4680"},"modified":"2025-02-07T13:12:22","modified_gmt":"2025-02-07T18:12:22","slug":"herbanoplex-cp","status":"publish","type":"product","link":"https:\/\/vetanco.com\/pa\/produto\/herbanoplex-cp\/","title":{"rendered":"HERBANOPLEX CP<sup>\u00ae<\/sup>"},"content":{"rendered":"<p><span style=\"color: #00397f;\"><strong>COMPOSICI\u00d3N<\/strong><\/span><\/p>\n<p>L\u00fapulo molido, Germen de trigo molido, Marlo de ma\u00edz molido.<\/p>\n<p>&nbsp;<\/p>\n<p><span style=\"color: #00397f;\"><strong>PRESENTACI\u00d3N<\/strong><\/span><\/p>\n<p>25 kg.<\/p>\n<p>&nbsp;<\/p>\n<p><strong>*Producto disponible \u00fanicamente en Panam\u00e1.<\/strong><\/p>\n","protected":false},"excerpt":{"rendered":"<p><img loading=\"lazy\" decoding=\"async\" class=\"alignnone size-full wp-image-4623\" src=\"https:\/\/vetanco.com\/pa\/wp-content\/uploads\/2024\/11\/Picto-Aves-2.png\" alt=\"\" width=\"75\" height=\"63\" \/><\/p>\n<p><strong>\u00a1La promoci\u00f3n natural del crecimiento!<\/strong><\/p>\n<p>Adicionado en el alimento de las aves durante todo el per\u00edodo de engorde o durante las fases cr\u00edticas para la modulaci\u00f3n de la microbiota.<\/p>\n","protected":false},"featured_media":6128,"comment_status":"open","ping_status":"closed","template":"","meta":[],"product_brand":[],"product_cat":[181],"product_tag":[],"class_list":{"0":"post-4680","1":"product","2":"type-product","3":"status-publish","4":"has-post-thumbnail","6":"product_cat-aditivos-bv-science","8":"first","9":"instock","10":"shipping-taxable","11":"product-type-simple"},"yoast_head":"<!-- This site is optimized with the Yoast SEO plugin v27.1.1 - https:\/\/yoast.com\/product\/yoast-seo-wordpress\/ -->\n<title>HERBANOPLEX CP\u00ae - Vetanco Centroamerica y Caribe<\/title>\n<meta name=\"description\" content=\"De la l\u00ednea BV Science, un aditivo para aves adicionado en el alimento de las aves durante todo el per\u00edodo de engorde o durante las fases cr\u00edticas.\" \/>\n<meta name=\"robots\" content=\"index, follow, max-snippet:-1, max-image-preview:large, max-video-preview:-1\" \/>\n<link rel=\"canonical\" href=\"https:\/\/vetanco.com\/pa\/produto\/herbanoplex-cp\/\" \/>\n<meta property=\"og:locale\" content=\"es_ES\" \/>\n<meta property=\"og:type\" content=\"article\" \/>\n<meta property=\"og:title\" content=\"HERBANOPLEX CP\u00ae - Vetanco Centroamerica y Caribe\" \/>\n<meta property=\"og:description\" content=\"De la l\u00ednea BV Science, un aditivo para aves adicionado en el alimento de las aves durante todo el per\u00edodo de engorde o durante las fases cr\u00edticas.\" \/>\n<meta property=\"og:url\" content=\"https:\/\/vetanco.com\/pa\/produto\/herbanoplex-cp\/\" \/>\n<meta property=\"og:site_name\" content=\"Vetanco Centroamerica y Caribe\" \/>\n<meta property=\"article:modified_time\" content=\"2025-02-07T18:12:22+00:00\" \/>\n<meta property=\"og:image\" content=\"https:\/\/vetanco.com\/pa\/wp-content\/uploads\/2024\/10\/Herbanoplex-CP-3.png\" \/>\n\t<meta property=\"og:image:width\" content=\"800\" \/>\n\t<meta property=\"og:image:height\" content=\"800\" \/>\n\t<meta property=\"og:image:type\" content=\"image\/png\" \/>\n<meta name=\"twitter:card\" content=\"summary_large_image\" \/>\n<meta name=\"twitter:label1\" content=\"Tiempo de lectura\" \/>\n\t<meta name=\"twitter:data1\" content=\"1 minuto\" \/>\n<script type=\"application\/ld+json\" class=\"yoast-schema-graph\">{\"@context\":\"https:\/\/schema.org\",\"@graph\":[{\"@type\":\"WebPage\",\"@id\":\"https:\/\/vetanco.com\/pa\/produto\/herbanoplex-cp\/\",\"url\":\"https:\/\/vetanco.com\/pa\/produto\/herbanoplex-cp\/\",\"name\":\"HERBANOPLEX CP\u00ae - Vetanco Centroamerica y Caribe\",\"isPartOf\":{\"@id\":\"https:\/\/vetanco.com\/pa\/#website\"},\"primaryImageOfPage\":{\"@id\":\"https:\/\/vetanco.com\/pa\/produto\/herbanoplex-cp\/#primaryimage\"},\"image\":{\"@id\":\"https:\/\/vetanco.com\/pa\/produto\/herbanoplex-cp\/#primaryimage\"},\"thumbnailUrl\":\"https:\/\/vetanco.com\/pa\/wp-content\/uploads\/2024\/10\/Herbanoplex-CP-3.png\",\"datePublished\":\"2024-11-08T19:09:40+00:00\",\"dateModified\":\"2025-02-07T18:12:22+00:00\",\"description\":\"De la l\u00ednea BV Science, un aditivo para aves adicionado en el alimento de las aves durante todo el per\u00edodo de engorde o durante las fases cr\u00edticas.\",\"breadcrumb\":{\"@id\":\"https:\/\/vetanco.com\/pa\/produto\/herbanoplex-cp\/#breadcrumb\"},\"inLanguage\":\"es\",\"potentialAction\":[{\"@type\":\"ReadAction\",\"target\":[\"https:\/\/vetanco.com\/pa\/produto\/herbanoplex-cp\/\"]}]},{\"@type\":\"ImageObject\",\"inLanguage\":\"es\",\"@id\":\"https:\/\/vetanco.com\/pa\/produto\/herbanoplex-cp\/#primaryimage\",\"url\":\"https:\/\/vetanco.com\/pa\/wp-content\/uploads\/2024\/10\/Herbanoplex-CP-3.png\",\"contentUrl\":\"https:\/\/vetanco.com\/pa\/wp-content\/uploads\/2024\/10\/Herbanoplex-CP-3.png\",\"width\":800,\"height\":800},{\"@type\":\"BreadcrumbList\",\"@id\":\"https:\/\/vetanco.com\/pa\/produto\/herbanoplex-cp\/#breadcrumb\",\"itemListElement\":[{\"@type\":\"ListItem\",\"position\":1,\"name\":\"In\u00edcio\",\"item\":\"https:\/\/vetanco.com\/pa\/\"},{\"@type\":\"ListItem\",\"position\":2,\"name\":\"Productos\",\"item\":\"https:\/\/vetanco.com\/pa\/productos\/\"},{\"@type\":\"ListItem\",\"position\":3,\"name\":\"HERBANOPLEX CP\u00ae\"}]},{\"@type\":\"WebSite\",\"@id\":\"https:\/\/vetanco.com\/pa\/#website\",\"url\":\"https:\/\/vetanco.com\/pa\/\",\"name\":\"Vetanco Centroamerica y Caribe\",\"description\":\"Productos Seguros para Alimentos Seguros\",\"potentialAction\":[{\"@type\":\"SearchAction\",\"target\":{\"@type\":\"EntryPoint\",\"urlTemplate\":\"https:\/\/vetanco.com\/pa\/?s={search_term_string}\"},\"query-input\":{\"@type\":\"PropertyValueSpecification\",\"valueRequired\":true,\"valueName\":\"search_term_string\"}}],\"inLanguage\":\"es\"}]}<\/script>\n<!-- \/ Yoast SEO plugin. -->","yoast_head_json":{"title":"HERBANOPLEX CP\u00ae - Vetanco Centroamerica y Caribe","description":"De la l\u00ednea BV Science, un aditivo para aves adicionado en el alimento de las aves durante todo el per\u00edodo de engorde o durante las fases cr\u00edticas.","robots":{"index":"index","follow":"follow","max-snippet":"max-snippet:-1","max-image-preview":"max-image-preview:large","max-video-preview":"max-video-preview:-1"},"canonical":"https:\/\/vetanco.com\/pa\/produto\/herbanoplex-cp\/","og_locale":"es_ES","og_type":"article","og_title":"HERBANOPLEX CP\u00ae - Vetanco Centroamerica y Caribe","og_description":"De la l\u00ednea BV Science, un aditivo para aves adicionado en el alimento de las aves durante todo el per\u00edodo de engorde o durante las fases cr\u00edticas.","og_url":"https:\/\/vetanco.com\/pa\/produto\/herbanoplex-cp\/","og_site_name":"Vetanco Centroamerica y Caribe","article_modified_time":"2025-02-07T18:12:22+00:00","og_image":[{"width":800,"height":800,"url":"https:\/\/vetanco.com\/pa\/wp-content\/uploads\/2024\/10\/Herbanoplex-CP-3.png","type":"image\/png"}],"twitter_card":"summary_large_image","twitter_misc":{"Tiempo de lectura":"1 minuto"},"schema":{"@context":"https:\/\/schema.org","@graph":[{"@type":"WebPage","@id":"https:\/\/vetanco.com\/pa\/produto\/herbanoplex-cp\/","url":"https:\/\/vetanco.com\/pa\/produto\/herbanoplex-cp\/","name":"HERBANOPLEX CP\u00ae - Vetanco Centroamerica y Caribe","isPartOf":{"@id":"https:\/\/vetanco.com\/pa\/#website"},"primaryImageOfPage":{"@id":"https:\/\/vetanco.com\/pa\/produto\/herbanoplex-cp\/#primaryimage"},"image":{"@id":"https:\/\/vetanco.com\/pa\/produto\/herbanoplex-cp\/#primaryimage"},"thumbnailUrl":"https:\/\/vetanco.com\/pa\/wp-content\/uploads\/2024\/10\/Herbanoplex-CP-3.png","datePublished":"2024-11-08T19:09:40+00:00","dateModified":"2025-02-07T18:12:22+00:00","description":"De la l\u00ednea BV Science, un aditivo para aves adicionado en el alimento de las aves durante todo el per\u00edodo de engorde o durante las fases cr\u00edticas.","breadcrumb":{"@id":"https:\/\/vetanco.com\/pa\/produto\/herbanoplex-cp\/#breadcrumb"},"inLanguage":"es","potentialAction":[{"@type":"ReadAction","target":["https:\/\/vetanco.com\/pa\/produto\/herbanoplex-cp\/"]}]},{"@type":"ImageObject","inLanguage":"es","@id":"https:\/\/vetanco.com\/pa\/produto\/herbanoplex-cp\/#primaryimage","url":"https:\/\/vetanco.com\/pa\/wp-content\/uploads\/2024\/10\/Herbanoplex-CP-3.png","contentUrl":"https:\/\/vetanco.com\/pa\/wp-content\/uploads\/2024\/10\/Herbanoplex-CP-3.png","width":800,"height":800},{"@type":"BreadcrumbList","@id":"https:\/\/vetanco.com\/pa\/produto\/herbanoplex-cp\/#breadcrumb","itemListElement":[{"@type":"ListItem","position":1,"name":"In\u00edcio","item":"https:\/\/vetanco.com\/pa\/"},{"@type":"ListItem","position":2,"name":"Productos","item":"https:\/\/vetanco.com\/pa\/productos\/"},{"@type":"ListItem","position":3,"name":"HERBANOPLEX CP\u00ae"}]},{"@type":"WebSite","@id":"https:\/\/vetanco.com\/pa\/#website","url":"https:\/\/vetanco.com\/pa\/","name":"Vetanco Centroamerica y Caribe","description":"Productos Seguros para Alimentos Seguros","potentialAction":[{"@type":"SearchAction","target":{"@type":"EntryPoint","urlTemplate":"https:\/\/vetanco.com\/pa\/?s={search_term_string}"},"query-input":{"@type":"PropertyValueSpecification","valueRequired":true,"valueName":"search_term_string"}}],"inLanguage":"es"}]}},"_links":{"self":[{"href":"https:\/\/vetanco.com\/pa\/wp-json\/wp\/v2\/product\/4680","targetHints":{"allow":["GET"]}}],"collection":[{"href":"https:\/\/vetanco.com\/pa\/wp-json\/wp\/v2\/product"}],"about":[{"href":"https:\/\/vetanco.com\/pa\/wp-json\/wp\/v2\/types\/product"}],"replies":[{"embeddable":true,"href":"https:\/\/vetanco.com\/pa\/wp-json\/wp\/v2\/comments?post=4680"}],"wp:featuredmedia":[{"embeddable":true,"href":"https:\/\/vetanco.com\/pa\/wp-json\/wp\/v2\/media\/6128"}],"wp:attachment":[{"href":"https:\/\/vetanco.com\/pa\/wp-json\/wp\/v2\/media?parent=4680"}],"wp:term":[{"taxonomy":"product_brand","embeddable":true,"href":"https:\/\/vetanco.com\/pa\/wp-json\/wp\/v2\/product_brand?post=4680"},{"taxonomy":"product_cat","embeddable":true,"href":"https:\/\/vetanco.com\/pa\/wp-json\/wp\/v2\/product_cat?post=4680"},{"taxonomy":"product_tag","embeddable":true,"href":"https:\/\/vetanco.com\/pa\/wp-json\/wp\/v2\/product_tag?post=4680"}],"curies":[{"name":"wp","href":"https:\/\/api.w.org\/{rel}","templated":true}]}}