{"id":4723,"date":"2024-11-11T07:33:21","date_gmt":"2024-11-11T12:33:21","guid":{"rendered":"https:\/\/vetanco.com\/pa\/?post_type=product&#038;p=4723"},"modified":"2025-02-06T14:52:08","modified_gmt":"2025-02-06T19:52:08","slug":"perform-max-optimizer-ii-x-5-l","status":"publish","type":"product","link":"https:\/\/vetanco.com\/pa\/produto\/perform-max-optimizer-ii-x-5-l\/","title":{"rendered":"PERFORM-MAX OPTIMIZER<sup>\u00ae<\/sup> II X 5 L"},"content":{"rendered":"<p><span style=\"color: #00397f;\"><strong>COMPOSICI\u00d3N<\/strong> <\/span><\/p>\n<p>\u00c1cido ac\u00e9tico, \u00e1cido l\u00e1ctico, \u00e1cido propi\u00f3nico, \u00e1cido t\u00e1nico, \u00e1cido capr\u00edlico, Zn y Cu (Complejo amino\u00e1cido-metal).<\/p>\n<p>&nbsp;<\/p>\n<p><span style=\"color: #00397f;\"><strong>PRESENTACI\u00d3N<\/strong><\/span><\/p>\n<p>5 L.<\/p>\n<p>&nbsp;<\/p>\n<p><strong>*Producto disponible en Costa Rica, El Salvador, Guatemala, Panam\u00e1 y Rep\u00fablica Dominicana.<\/strong><\/p>\n","protected":false},"excerpt":{"rendered":"<p><img loading=\"lazy\" decoding=\"async\" class=\"alignnone size-full wp-image-4623\" src=\"https:\/\/vetanco.com\/pa\/wp-content\/uploads\/2024\/11\/Picto-Aves-2.png\" alt=\"\" width=\"75\" height=\"63\" \/><\/p>\n<p><strong>Aditivo Acidificante.<\/strong><\/p>\n<p>Acidi\ufb01cante de agua de bebida.<\/p>\n","protected":false},"featured_media":6109,"comment_status":"open","ping_status":"closed","template":"","meta":[],"product_brand":[],"product_cat":[223],"product_tag":[],"class_list":{"0":"post-4723","1":"product","2":"type-product","3":"status-publish","4":"has-post-thumbnail","6":"product_cat-aditivos","8":"first","9":"instock","10":"shipping-taxable","11":"product-type-simple"},"yoast_head":"<!-- This site is optimized with the Yoast SEO plugin v27.3 - https:\/\/yoast.com\/product\/yoast-seo-wordpress\/ -->\n<title>PERFORM-MAX OPTIMIZER\u00ae II X 5 L - Vetanco Centroamerica y Caribe<\/title>\n<meta name=\"description\" content=\"La l\u00ednea Vetanco presenta un producto aditivo acidi\ufb01cante de agua de bebida para uso particularmente veterinario en aves.\" \/>\n<meta name=\"robots\" content=\"index, follow, max-snippet:-1, max-image-preview:large, max-video-preview:-1\" \/>\n<link rel=\"canonical\" href=\"https:\/\/vetanco.com\/pa\/produto\/perform-max-optimizer-ii-x-5-l\/\" \/>\n<meta property=\"og:locale\" content=\"es_ES\" \/>\n<meta property=\"og:type\" content=\"article\" \/>\n<meta property=\"og:title\" content=\"PERFORM-MAX OPTIMIZER\u00ae II X 5 L - Vetanco Centroamerica y Caribe\" \/>\n<meta property=\"og:description\" content=\"La l\u00ednea Vetanco presenta un producto aditivo acidi\ufb01cante de agua de bebida para uso particularmente veterinario en aves.\" \/>\n<meta property=\"og:url\" content=\"https:\/\/vetanco.com\/pa\/produto\/perform-max-optimizer-ii-x-5-l\/\" \/>\n<meta property=\"og:site_name\" content=\"Vetanco Centroamerica y Caribe\" \/>\n<meta property=\"article:modified_time\" content=\"2025-02-06T19:52:08+00:00\" \/>\n<meta property=\"og:image\" content=\"https:\/\/vetanco.com\/pa\/wp-content\/uploads\/2024\/11\/Perform-Max-Optimizer-ll.png\" \/>\n\t<meta property=\"og:image:width\" content=\"800\" \/>\n\t<meta property=\"og:image:height\" content=\"800\" \/>\n\t<meta property=\"og:image:type\" content=\"image\/png\" \/>\n<meta name=\"twitter:card\" content=\"summary_large_image\" \/>\n<meta name=\"twitter:label1\" content=\"Tiempo de lectura\" \/>\n\t<meta name=\"twitter:data1\" content=\"1 minuto\" \/>\n<script type=\"application\/ld+json\" class=\"yoast-schema-graph\">{\"@context\":\"https:\\\/\\\/schema.org\",\"@graph\":[{\"@type\":\"WebPage\",\"@id\":\"https:\\\/\\\/vetanco.com\\\/pa\\\/produto\\\/perform-max-optimizer-ii-x-5-l\\\/\",\"url\":\"https:\\\/\\\/vetanco.com\\\/pa\\\/produto\\\/perform-max-optimizer-ii-x-5-l\\\/\",\"name\":\"PERFORM-MAX OPTIMIZER\u00ae II X 5 L - Vetanco Centroamerica y Caribe\",\"isPartOf\":{\"@id\":\"https:\\\/\\\/vetanco.com\\\/pa\\\/#website\"},\"primaryImageOfPage\":{\"@id\":\"https:\\\/\\\/vetanco.com\\\/pa\\\/produto\\\/perform-max-optimizer-ii-x-5-l\\\/#primaryimage\"},\"image\":{\"@id\":\"https:\\\/\\\/vetanco.com\\\/pa\\\/produto\\\/perform-max-optimizer-ii-x-5-l\\\/#primaryimage\"},\"thumbnailUrl\":\"https:\\\/\\\/vetanco.com\\\/pa\\\/wp-content\\\/uploads\\\/2024\\\/11\\\/Perform-Max-Optimizer-ll.png\",\"datePublished\":\"2024-11-11T12:33:21+00:00\",\"dateModified\":\"2025-02-06T19:52:08+00:00\",\"description\":\"La l\u00ednea Vetanco presenta un producto aditivo acidi\ufb01cante de agua de bebida para uso particularmente veterinario en aves.\",\"breadcrumb\":{\"@id\":\"https:\\\/\\\/vetanco.com\\\/pa\\\/produto\\\/perform-max-optimizer-ii-x-5-l\\\/#breadcrumb\"},\"inLanguage\":\"es\",\"potentialAction\":[{\"@type\":\"ReadAction\",\"target\":[\"https:\\\/\\\/vetanco.com\\\/pa\\\/produto\\\/perform-max-optimizer-ii-x-5-l\\\/\"]}]},{\"@type\":\"ImageObject\",\"inLanguage\":\"es\",\"@id\":\"https:\\\/\\\/vetanco.com\\\/pa\\\/produto\\\/perform-max-optimizer-ii-x-5-l\\\/#primaryimage\",\"url\":\"https:\\\/\\\/vetanco.com\\\/pa\\\/wp-content\\\/uploads\\\/2024\\\/11\\\/Perform-Max-Optimizer-ll.png\",\"contentUrl\":\"https:\\\/\\\/vetanco.com\\\/pa\\\/wp-content\\\/uploads\\\/2024\\\/11\\\/Perform-Max-Optimizer-ll.png\",\"width\":800,\"height\":800},{\"@type\":\"BreadcrumbList\",\"@id\":\"https:\\\/\\\/vetanco.com\\\/pa\\\/produto\\\/perform-max-optimizer-ii-x-5-l\\\/#breadcrumb\",\"itemListElement\":[{\"@type\":\"ListItem\",\"position\":1,\"name\":\"In\u00edcio\",\"item\":\"https:\\\/\\\/vetanco.com\\\/pa\\\/\"},{\"@type\":\"ListItem\",\"position\":2,\"name\":\"Productos\",\"item\":\"https:\\\/\\\/vetanco.com\\\/pa\\\/productos\\\/\"},{\"@type\":\"ListItem\",\"position\":3,\"name\":\"PERFORM-MAX OPTIMIZER\u00ae II X 5 L\"}]},{\"@type\":\"WebSite\",\"@id\":\"https:\\\/\\\/vetanco.com\\\/pa\\\/#website\",\"url\":\"https:\\\/\\\/vetanco.com\\\/pa\\\/\",\"name\":\"Vetanco Centroamerica y Caribe\",\"description\":\"Productos Seguros para Alimentos Seguros\",\"potentialAction\":[{\"@type\":\"SearchAction\",\"target\":{\"@type\":\"EntryPoint\",\"urlTemplate\":\"https:\\\/\\\/vetanco.com\\\/pa\\\/?s={search_term_string}\"},\"query-input\":{\"@type\":\"PropertyValueSpecification\",\"valueRequired\":true,\"valueName\":\"search_term_string\"}}],\"inLanguage\":\"es\"}]}<\/script>\n<!-- \/ Yoast SEO plugin. -->","yoast_head_json":{"title":"PERFORM-MAX OPTIMIZER\u00ae II X 5 L - Vetanco Centroamerica y Caribe","description":"La l\u00ednea Vetanco presenta un producto aditivo acidi\ufb01cante de agua de bebida para uso particularmente veterinario en aves.","robots":{"index":"index","follow":"follow","max-snippet":"max-snippet:-1","max-image-preview":"max-image-preview:large","max-video-preview":"max-video-preview:-1"},"canonical":"https:\/\/vetanco.com\/pa\/produto\/perform-max-optimizer-ii-x-5-l\/","og_locale":"es_ES","og_type":"article","og_title":"PERFORM-MAX OPTIMIZER\u00ae II X 5 L - Vetanco Centroamerica y Caribe","og_description":"La l\u00ednea Vetanco presenta un producto aditivo acidi\ufb01cante de agua de bebida para uso particularmente veterinario en aves.","og_url":"https:\/\/vetanco.com\/pa\/produto\/perform-max-optimizer-ii-x-5-l\/","og_site_name":"Vetanco Centroamerica y Caribe","article_modified_time":"2025-02-06T19:52:08+00:00","og_image":[{"width":800,"height":800,"url":"https:\/\/vetanco.com\/pa\/wp-content\/uploads\/2024\/11\/Perform-Max-Optimizer-ll.png","type":"image\/png"}],"twitter_card":"summary_large_image","twitter_misc":{"Tiempo de lectura":"1 minuto"},"schema":{"@context":"https:\/\/schema.org","@graph":[{"@type":"WebPage","@id":"https:\/\/vetanco.com\/pa\/produto\/perform-max-optimizer-ii-x-5-l\/","url":"https:\/\/vetanco.com\/pa\/produto\/perform-max-optimizer-ii-x-5-l\/","name":"PERFORM-MAX OPTIMIZER\u00ae II X 5 L - Vetanco Centroamerica y Caribe","isPartOf":{"@id":"https:\/\/vetanco.com\/pa\/#website"},"primaryImageOfPage":{"@id":"https:\/\/vetanco.com\/pa\/produto\/perform-max-optimizer-ii-x-5-l\/#primaryimage"},"image":{"@id":"https:\/\/vetanco.com\/pa\/produto\/perform-max-optimizer-ii-x-5-l\/#primaryimage"},"thumbnailUrl":"https:\/\/vetanco.com\/pa\/wp-content\/uploads\/2024\/11\/Perform-Max-Optimizer-ll.png","datePublished":"2024-11-11T12:33:21+00:00","dateModified":"2025-02-06T19:52:08+00:00","description":"La l\u00ednea Vetanco presenta un producto aditivo acidi\ufb01cante de agua de bebida para uso particularmente veterinario en aves.","breadcrumb":{"@id":"https:\/\/vetanco.com\/pa\/produto\/perform-max-optimizer-ii-x-5-l\/#breadcrumb"},"inLanguage":"es","potentialAction":[{"@type":"ReadAction","target":["https:\/\/vetanco.com\/pa\/produto\/perform-max-optimizer-ii-x-5-l\/"]}]},{"@type":"ImageObject","inLanguage":"es","@id":"https:\/\/vetanco.com\/pa\/produto\/perform-max-optimizer-ii-x-5-l\/#primaryimage","url":"https:\/\/vetanco.com\/pa\/wp-content\/uploads\/2024\/11\/Perform-Max-Optimizer-ll.png","contentUrl":"https:\/\/vetanco.com\/pa\/wp-content\/uploads\/2024\/11\/Perform-Max-Optimizer-ll.png","width":800,"height":800},{"@type":"BreadcrumbList","@id":"https:\/\/vetanco.com\/pa\/produto\/perform-max-optimizer-ii-x-5-l\/#breadcrumb","itemListElement":[{"@type":"ListItem","position":1,"name":"In\u00edcio","item":"https:\/\/vetanco.com\/pa\/"},{"@type":"ListItem","position":2,"name":"Productos","item":"https:\/\/vetanco.com\/pa\/productos\/"},{"@type":"ListItem","position":3,"name":"PERFORM-MAX OPTIMIZER\u00ae II X 5 L"}]},{"@type":"WebSite","@id":"https:\/\/vetanco.com\/pa\/#website","url":"https:\/\/vetanco.com\/pa\/","name":"Vetanco Centroamerica y Caribe","description":"Productos Seguros para Alimentos Seguros","potentialAction":[{"@type":"SearchAction","target":{"@type":"EntryPoint","urlTemplate":"https:\/\/vetanco.com\/pa\/?s={search_term_string}"},"query-input":{"@type":"PropertyValueSpecification","valueRequired":true,"valueName":"search_term_string"}}],"inLanguage":"es"}]}},"_links":{"self":[{"href":"https:\/\/vetanco.com\/pa\/wp-json\/wp\/v2\/product\/4723","targetHints":{"allow":["GET"]}}],"collection":[{"href":"https:\/\/vetanco.com\/pa\/wp-json\/wp\/v2\/product"}],"about":[{"href":"https:\/\/vetanco.com\/pa\/wp-json\/wp\/v2\/types\/product"}],"replies":[{"embeddable":true,"href":"https:\/\/vetanco.com\/pa\/wp-json\/wp\/v2\/comments?post=4723"}],"wp:featuredmedia":[{"embeddable":true,"href":"https:\/\/vetanco.com\/pa\/wp-json\/wp\/v2\/media\/6109"}],"wp:attachment":[{"href":"https:\/\/vetanco.com\/pa\/wp-json\/wp\/v2\/media?parent=4723"}],"wp:term":[{"taxonomy":"product_brand","embeddable":true,"href":"https:\/\/vetanco.com\/pa\/wp-json\/wp\/v2\/product_brand?post=4723"},{"taxonomy":"product_cat","embeddable":true,"href":"https:\/\/vetanco.com\/pa\/wp-json\/wp\/v2\/product_cat?post=4723"},{"taxonomy":"product_tag","embeddable":true,"href":"https:\/\/vetanco.com\/pa\/wp-json\/wp\/v2\/product_tag?post=4723"}],"curies":[{"name":"wp","href":"https:\/\/api.w.org\/{rel}","templated":true}]}}