{"id":4749,"date":"2024-11-11T09:32:41","date_gmt":"2024-11-11T14:32:41","guid":{"rendered":"https:\/\/vetanco.com\/pa\/?post_type=product&#038;p=4749"},"modified":"2025-02-05T09:56:56","modified_gmt":"2025-02-05T14:56:56","slug":"valosin-wsg","status":"publish","type":"product","link":"https:\/\/vetanco.com\/pa\/produto\/valosin-wsg\/","title":{"rendered":"VALOSIN<sup>\u00ae<\/sup> WSG"},"content":{"rendered":"<p><span style=\"color: #00397f;\"><strong>COMPOSICI\u00d3N<\/strong><\/span><\/p>\n<p>Tilvalosina 6.25%.<\/p>\n<p>&nbsp;<\/p>\n<p><span style=\"color: #00397f;\"><strong>PRESENTACI\u00d3N<\/strong><\/span><\/p>\n<p>Sobres de 40g, 160g Y 400g.<\/p>\n<p>&nbsp;<\/p>\n<p><strong>*Producto disponible \u00fanicamente en Panam\u00e1.<\/strong><\/p>\n","protected":false},"excerpt":{"rendered":"<p><img loading=\"lazy\" decoding=\"async\" class=\"alignnone size-full wp-image-4570\" src=\"https:\/\/vetanco.com\/pa\/wp-content\/uploads\/2024\/11\/Picto-Aves.png\" alt=\"\" width=\"75\" height=\"63\" \/> <img loading=\"lazy\" decoding=\"async\" class=\"alignnone size-full wp-image-4569\" src=\"https:\/\/vetanco.com\/pa\/wp-content\/uploads\/2024\/11\/Picto-Cerdos.png\" alt=\"\" width=\"75\" height=\"63\" \/><\/p>\n<ul>\n<li><strong>Aves:<\/strong> Tratamiento y prevenci\u00f3n de infecciones respiratorias asociadas con Mycoplasma gallisepticum en los pollos de engorde, gallinas ponedoras, reproductores y pavos. Como ayuda en la estrategia de prevenci\u00f3n para reducir los signos cl\u00ednicos y la mortalidad por enfermedad respiratoria en los lotes, en los que es probable una infecci\u00f3n in ovum por Mycoplasma gallisepticum cuando se sabe que existe la enfermedad en la generaci\u00f3n de los progenitores. La estrategia de prevenci\u00f3n deber\u00e1 incluir todas las medidas para eliminar la infecci\u00f3n de la generaci\u00f3n de los progenitores. Tratamiento de infecciones respiratorias asociadas con Ornithobacterium rhinotracheale en pavos. El ingrediente activo tilvalosina tambi\u00e9n demuestra actividad contra otras especies de Mycoplasma y Clostridium perfringens basados en actividad MIC.<\/li>\n<li><strong>Cerdos:<\/strong> <span class=\"NormalTextRun SCXW199632655 BCX0\">Para el control y el tratamiento de la Neumon\u00eda <\/span><span class=\"NormalTextRun SpellingErrorV2Themed SCXW199632655 BCX0\">Enzo\u00f3tica<\/span><span class=\"NormalTextRun SCXW199632655 BCX0\"> y el tratamiento de la Disenter\u00eda Porcina e <\/span><span class=\"NormalTextRun SpellingErrorV2Themed SCXW199632655 BCX0\">Ile\u00edtis<\/span><span class=\"NormalTextRun SCXW199632655 BCX0\"> (Enteropat\u00eda Proliferativa Porcina) causada por <\/span><span class=\"NormalTextRun SpellingErrorV2Themed SCXW199632655 BCX0\">Lawsonia<\/span> <span class=\"NormalTextRun SpellingErrorV2Themed SCXW199632655 BCX0\">intracellularis<\/span><span class=\"NormalTextRun SCXW199632655 BCX0\">.<\/span><\/li>\n<\/ul>\n","protected":false},"featured_media":6010,"comment_status":"open","ping_status":"closed","template":"","meta":[],"product_brand":[],"product_cat":[232],"product_tag":[],"class_list":{"0":"post-4749","1":"product","2":"type-product","3":"status-publish","4":"has-post-thumbnail","6":"product_cat-antibioticos","8":"first","9":"instock","10":"shipping-taxable","11":"product-type-simple"},"yoast_head":"<!-- This site is optimized with the Yoast SEO plugin v27.3 - https:\/\/yoast.com\/product\/yoast-seo-wordpress\/ -->\n<title>VALOSIN\u00ae WSG - Vetanco Centroamerica y Caribe<\/title>\n<meta name=\"description\" content=\"Producto innovador de la l\u00ednea ECO Animal Health que funciona como antibi\u00f3tico para el tratamiento de infecciones en aves y cerdos.\" \/>\n<meta name=\"robots\" content=\"index, follow, max-snippet:-1, max-image-preview:large, max-video-preview:-1\" \/>\n<link rel=\"canonical\" href=\"https:\/\/vetanco.com\/pa\/produto\/valosin-wsg\/\" \/>\n<meta property=\"og:locale\" content=\"es_ES\" \/>\n<meta property=\"og:type\" content=\"article\" \/>\n<meta property=\"og:title\" content=\"VALOSIN\u00ae WSG - Vetanco Centroamerica y Caribe\" \/>\n<meta property=\"og:description\" content=\"Producto innovador de la l\u00ednea ECO Animal Health que funciona como antibi\u00f3tico para el tratamiento de infecciones en aves y cerdos.\" \/>\n<meta property=\"og:url\" content=\"https:\/\/vetanco.com\/pa\/produto\/valosin-wsg\/\" \/>\n<meta property=\"og:site_name\" content=\"Vetanco Centroamerica y Caribe\" \/>\n<meta property=\"article:modified_time\" content=\"2025-02-05T14:56:56+00:00\" \/>\n<meta property=\"og:image\" content=\"https:\/\/vetanco.com\/pa\/wp-content\/uploads\/2024\/10\/Valosin-WSG.png\" \/>\n\t<meta property=\"og:image:width\" content=\"800\" \/>\n\t<meta property=\"og:image:height\" content=\"800\" \/>\n\t<meta property=\"og:image:type\" content=\"image\/png\" \/>\n<meta name=\"twitter:card\" content=\"summary_large_image\" \/>\n<meta name=\"twitter:label1\" content=\"Tiempo de lectura\" \/>\n\t<meta name=\"twitter:data1\" content=\"1 minuto\" \/>\n<script type=\"application\/ld+json\" class=\"yoast-schema-graph\">{\"@context\":\"https:\\\/\\\/schema.org\",\"@graph\":[{\"@type\":\"WebPage\",\"@id\":\"https:\\\/\\\/vetanco.com\\\/pa\\\/produto\\\/valosin-wsg\\\/\",\"url\":\"https:\\\/\\\/vetanco.com\\\/pa\\\/produto\\\/valosin-wsg\\\/\",\"name\":\"VALOSIN\u00ae WSG - Vetanco Centroamerica y Caribe\",\"isPartOf\":{\"@id\":\"https:\\\/\\\/vetanco.com\\\/pa\\\/#website\"},\"primaryImageOfPage\":{\"@id\":\"https:\\\/\\\/vetanco.com\\\/pa\\\/produto\\\/valosin-wsg\\\/#primaryimage\"},\"image\":{\"@id\":\"https:\\\/\\\/vetanco.com\\\/pa\\\/produto\\\/valosin-wsg\\\/#primaryimage\"},\"thumbnailUrl\":\"https:\\\/\\\/vetanco.com\\\/pa\\\/wp-content\\\/uploads\\\/2024\\\/10\\\/Valosin-WSG.png\",\"datePublished\":\"2024-11-11T14:32:41+00:00\",\"dateModified\":\"2025-02-05T14:56:56+00:00\",\"description\":\"Producto innovador de la l\u00ednea ECO Animal Health que funciona como antibi\u00f3tico para el tratamiento de infecciones en aves y cerdos.\",\"breadcrumb\":{\"@id\":\"https:\\\/\\\/vetanco.com\\\/pa\\\/produto\\\/valosin-wsg\\\/#breadcrumb\"},\"inLanguage\":\"es\",\"potentialAction\":[{\"@type\":\"ReadAction\",\"target\":[\"https:\\\/\\\/vetanco.com\\\/pa\\\/produto\\\/valosin-wsg\\\/\"]}]},{\"@type\":\"ImageObject\",\"inLanguage\":\"es\",\"@id\":\"https:\\\/\\\/vetanco.com\\\/pa\\\/produto\\\/valosin-wsg\\\/#primaryimage\",\"url\":\"https:\\\/\\\/vetanco.com\\\/pa\\\/wp-content\\\/uploads\\\/2024\\\/10\\\/Valosin-WSG.png\",\"contentUrl\":\"https:\\\/\\\/vetanco.com\\\/pa\\\/wp-content\\\/uploads\\\/2024\\\/10\\\/Valosin-WSG.png\",\"width\":800,\"height\":800},{\"@type\":\"BreadcrumbList\",\"@id\":\"https:\\\/\\\/vetanco.com\\\/pa\\\/produto\\\/valosin-wsg\\\/#breadcrumb\",\"itemListElement\":[{\"@type\":\"ListItem\",\"position\":1,\"name\":\"In\u00edcio\",\"item\":\"https:\\\/\\\/vetanco.com\\\/pa\\\/\"},{\"@type\":\"ListItem\",\"position\":2,\"name\":\"Productos\",\"item\":\"https:\\\/\\\/vetanco.com\\\/pa\\\/productos\\\/\"},{\"@type\":\"ListItem\",\"position\":3,\"name\":\"VALOSIN\u00ae WSG\"}]},{\"@type\":\"WebSite\",\"@id\":\"https:\\\/\\\/vetanco.com\\\/pa\\\/#website\",\"url\":\"https:\\\/\\\/vetanco.com\\\/pa\\\/\",\"name\":\"Vetanco Centroamerica y Caribe\",\"description\":\"Productos Seguros para Alimentos Seguros\",\"potentialAction\":[{\"@type\":\"SearchAction\",\"target\":{\"@type\":\"EntryPoint\",\"urlTemplate\":\"https:\\\/\\\/vetanco.com\\\/pa\\\/?s={search_term_string}\"},\"query-input\":{\"@type\":\"PropertyValueSpecification\",\"valueRequired\":true,\"valueName\":\"search_term_string\"}}],\"inLanguage\":\"es\"}]}<\/script>\n<!-- \/ Yoast SEO plugin. -->","yoast_head_json":{"title":"VALOSIN\u00ae WSG - Vetanco Centroamerica y Caribe","description":"Producto innovador de la l\u00ednea ECO Animal Health que funciona como antibi\u00f3tico para el tratamiento de infecciones en aves y cerdos.","robots":{"index":"index","follow":"follow","max-snippet":"max-snippet:-1","max-image-preview":"max-image-preview:large","max-video-preview":"max-video-preview:-1"},"canonical":"https:\/\/vetanco.com\/pa\/produto\/valosin-wsg\/","og_locale":"es_ES","og_type":"article","og_title":"VALOSIN\u00ae WSG - Vetanco Centroamerica y Caribe","og_description":"Producto innovador de la l\u00ednea ECO Animal Health que funciona como antibi\u00f3tico para el tratamiento de infecciones en aves y cerdos.","og_url":"https:\/\/vetanco.com\/pa\/produto\/valosin-wsg\/","og_site_name":"Vetanco Centroamerica y Caribe","article_modified_time":"2025-02-05T14:56:56+00:00","og_image":[{"width":800,"height":800,"url":"https:\/\/vetanco.com\/pa\/wp-content\/uploads\/2024\/10\/Valosin-WSG.png","type":"image\/png"}],"twitter_card":"summary_large_image","twitter_misc":{"Tiempo de lectura":"1 minuto"},"schema":{"@context":"https:\/\/schema.org","@graph":[{"@type":"WebPage","@id":"https:\/\/vetanco.com\/pa\/produto\/valosin-wsg\/","url":"https:\/\/vetanco.com\/pa\/produto\/valosin-wsg\/","name":"VALOSIN\u00ae WSG - Vetanco Centroamerica y Caribe","isPartOf":{"@id":"https:\/\/vetanco.com\/pa\/#website"},"primaryImageOfPage":{"@id":"https:\/\/vetanco.com\/pa\/produto\/valosin-wsg\/#primaryimage"},"image":{"@id":"https:\/\/vetanco.com\/pa\/produto\/valosin-wsg\/#primaryimage"},"thumbnailUrl":"https:\/\/vetanco.com\/pa\/wp-content\/uploads\/2024\/10\/Valosin-WSG.png","datePublished":"2024-11-11T14:32:41+00:00","dateModified":"2025-02-05T14:56:56+00:00","description":"Producto innovador de la l\u00ednea ECO Animal Health que funciona como antibi\u00f3tico para el tratamiento de infecciones en aves y cerdos.","breadcrumb":{"@id":"https:\/\/vetanco.com\/pa\/produto\/valosin-wsg\/#breadcrumb"},"inLanguage":"es","potentialAction":[{"@type":"ReadAction","target":["https:\/\/vetanco.com\/pa\/produto\/valosin-wsg\/"]}]},{"@type":"ImageObject","inLanguage":"es","@id":"https:\/\/vetanco.com\/pa\/produto\/valosin-wsg\/#primaryimage","url":"https:\/\/vetanco.com\/pa\/wp-content\/uploads\/2024\/10\/Valosin-WSG.png","contentUrl":"https:\/\/vetanco.com\/pa\/wp-content\/uploads\/2024\/10\/Valosin-WSG.png","width":800,"height":800},{"@type":"BreadcrumbList","@id":"https:\/\/vetanco.com\/pa\/produto\/valosin-wsg\/#breadcrumb","itemListElement":[{"@type":"ListItem","position":1,"name":"In\u00edcio","item":"https:\/\/vetanco.com\/pa\/"},{"@type":"ListItem","position":2,"name":"Productos","item":"https:\/\/vetanco.com\/pa\/productos\/"},{"@type":"ListItem","position":3,"name":"VALOSIN\u00ae WSG"}]},{"@type":"WebSite","@id":"https:\/\/vetanco.com\/pa\/#website","url":"https:\/\/vetanco.com\/pa\/","name":"Vetanco Centroamerica y Caribe","description":"Productos Seguros para Alimentos Seguros","potentialAction":[{"@type":"SearchAction","target":{"@type":"EntryPoint","urlTemplate":"https:\/\/vetanco.com\/pa\/?s={search_term_string}"},"query-input":{"@type":"PropertyValueSpecification","valueRequired":true,"valueName":"search_term_string"}}],"inLanguage":"es"}]}},"_links":{"self":[{"href":"https:\/\/vetanco.com\/pa\/wp-json\/wp\/v2\/product\/4749","targetHints":{"allow":["GET"]}}],"collection":[{"href":"https:\/\/vetanco.com\/pa\/wp-json\/wp\/v2\/product"}],"about":[{"href":"https:\/\/vetanco.com\/pa\/wp-json\/wp\/v2\/types\/product"}],"replies":[{"embeddable":true,"href":"https:\/\/vetanco.com\/pa\/wp-json\/wp\/v2\/comments?post=4749"}],"wp:featuredmedia":[{"embeddable":true,"href":"https:\/\/vetanco.com\/pa\/wp-json\/wp\/v2\/media\/6010"}],"wp:attachment":[{"href":"https:\/\/vetanco.com\/pa\/wp-json\/wp\/v2\/media?parent=4749"}],"wp:term":[{"taxonomy":"product_brand","embeddable":true,"href":"https:\/\/vetanco.com\/pa\/wp-json\/wp\/v2\/product_brand?post=4749"},{"taxonomy":"product_cat","embeddable":true,"href":"https:\/\/vetanco.com\/pa\/wp-json\/wp\/v2\/product_cat?post=4749"},{"taxonomy":"product_tag","embeddable":true,"href":"https:\/\/vetanco.com\/pa\/wp-json\/wp\/v2\/product_tag?post=4749"}],"curies":[{"name":"wp","href":"https:\/\/api.w.org\/{rel}","templated":true}]}}