{"id":5745,"date":"2025-01-22T06:48:36","date_gmt":"2025-01-22T11:48:36","guid":{"rendered":"https:\/\/vetanco.com\/pa\/?post_type=product&#038;p=5745"},"modified":"2025-01-27T09:56:49","modified_gmt":"2025-01-27T14:56:49","slug":"provitar-feed","status":"publish","type":"product","link":"https:\/\/vetanco.com\/pa\/produto\/provitar-feed\/","title":{"rendered":"PROVITAR<sup>\u00ae<\/sup> FEED"},"content":{"rendered":"<p><strong><span style=\"color: #00397f;\">DOSIS<\/span><\/strong><\/p>\n<p>0,25 \u2013 1kg por tonelada de alimento.<\/p>\n<p>&nbsp;<\/p>\n<p><strong><span style=\"color: #00397f;\">PER\u00cdODO DE RETIRO<\/span><\/strong><\/p>\n<p>No requiere.<\/p>\n<p>&nbsp;<\/p>\n<p><span style=\"color: #00397f;\"><strong>PRESENTACI\u00d3N<\/strong><\/span><\/p>\n<p>25kg.<\/p>\n<p>&nbsp;<\/p>\n<p><strong>*Producto disponible \u00fanicamente en Costa Rica.<\/strong><\/p>\n","protected":false},"excerpt":{"rendered":"<p><img loading=\"lazy\" decoding=\"async\" class=\"alignnone size-full wp-image-5738\" src=\"https:\/\/vetanco.com\/pa\/wp-content\/uploads\/2025\/01\/Picto-Bovinos.png\" alt=\"\" width=\"75\" height=\"63\" \/> <img loading=\"lazy\" decoding=\"async\" class=\"alignnone size-full wp-image-5741\" src=\"https:\/\/vetanco.com\/pa\/wp-content\/uploads\/2025\/01\/Picto-Aves.png\" alt=\"\" width=\"75\" height=\"63\" \/> <img loading=\"lazy\" decoding=\"async\" class=\"alignnone size-full wp-image-5739\" src=\"https:\/\/vetanco.com\/pa\/wp-content\/uploads\/2025\/01\/Picto-Cerdos.png\" alt=\"\" width=\"75\" height=\"63\" \/><\/p>\n<p><em><strong>Fitoterap\u00e9utico m\u00e1s inactivador de micotoxinas<\/strong><\/em><\/p>\n<p>Aditivo inhibidor de micotoxinas y coadyuvante en la funci\u00f3n hep\u00e1tica, antioxidante de flavolignanos.<\/p>\n","protected":false},"featured_media":5746,"comment_status":"open","ping_status":"closed","template":"","meta":[],"product_brand":[],"product_cat":[181],"product_tag":[],"class_list":{"0":"post-5745","1":"product","2":"type-product","3":"status-publish","4":"has-post-thumbnail","6":"product_cat-aditivos-bv-science","8":"first","9":"instock","10":"shipping-taxable","11":"product-type-simple"},"yoast_head":"<!-- This site is optimized with the Yoast SEO plugin v27.5 - https:\/\/yoast.com\/product\/yoast-seo-wordpress\/ -->\n<title>PROVITAR\u00ae FEED - Vetanco Centroamerica y Caribe<\/title>\n<meta name=\"description\" content=\"Aditivo inhibidor de micotoxinas y coadyuvante en lafunci\u00f3n hep\u00e1tica, antioxidante de flavolignanos. No requiere per\u00edodo de retiro.\" \/>\n<meta name=\"robots\" content=\"index, follow, max-snippet:-1, max-image-preview:large, max-video-preview:-1\" \/>\n<link rel=\"canonical\" href=\"https:\/\/vetanco.com\/pa\/produto\/provitar-feed\/\" \/>\n<meta property=\"og:locale\" content=\"es_ES\" \/>\n<meta property=\"og:type\" content=\"article\" \/>\n<meta property=\"og:title\" content=\"PROVITAR\u00ae FEED - Vetanco Centroamerica y Caribe\" \/>\n<meta property=\"og:description\" content=\"Aditivo inhibidor de micotoxinas y coadyuvante en lafunci\u00f3n hep\u00e1tica, antioxidante de flavolignanos. No requiere per\u00edodo de retiro.\" \/>\n<meta property=\"og:url\" content=\"https:\/\/vetanco.com\/pa\/produto\/provitar-feed\/\" \/>\n<meta property=\"og:site_name\" content=\"Vetanco Centroamerica y Caribe\" \/>\n<meta property=\"article:modified_time\" content=\"2025-01-27T14:56:49+00:00\" \/>\n<meta property=\"og:image\" content=\"https:\/\/vetanco.com\/pa\/wp-content\/uploads\/2025\/01\/Provitar-Feed-1-1.png\" \/>\n\t<meta property=\"og:image:width\" content=\"600\" \/>\n\t<meta property=\"og:image:height\" content=\"600\" \/>\n\t<meta property=\"og:image:type\" content=\"image\/png\" \/>\n<meta name=\"twitter:card\" content=\"summary_large_image\" \/>\n<meta name=\"twitter:label1\" content=\"Tiempo de lectura\" \/>\n\t<meta name=\"twitter:data1\" content=\"1 minuto\" \/>\n<script type=\"application\/ld+json\" class=\"yoast-schema-graph\">{\"@context\":\"https:\\\/\\\/schema.org\",\"@graph\":[{\"@type\":\"WebPage\",\"@id\":\"https:\\\/\\\/vetanco.com\\\/pa\\\/produto\\\/provitar-feed\\\/\",\"url\":\"https:\\\/\\\/vetanco.com\\\/pa\\\/produto\\\/provitar-feed\\\/\",\"name\":\"PROVITAR\u00ae FEED - Vetanco Centroamerica y Caribe\",\"isPartOf\":{\"@id\":\"https:\\\/\\\/vetanco.com\\\/pa\\\/#website\"},\"primaryImageOfPage\":{\"@id\":\"https:\\\/\\\/vetanco.com\\\/pa\\\/produto\\\/provitar-feed\\\/#primaryimage\"},\"image\":{\"@id\":\"https:\\\/\\\/vetanco.com\\\/pa\\\/produto\\\/provitar-feed\\\/#primaryimage\"},\"thumbnailUrl\":\"https:\\\/\\\/vetanco.com\\\/pa\\\/wp-content\\\/uploads\\\/2025\\\/01\\\/Provitar-Feed-1-1.png\",\"datePublished\":\"2025-01-22T11:48:36+00:00\",\"dateModified\":\"2025-01-27T14:56:49+00:00\",\"description\":\"Aditivo inhibidor de micotoxinas y coadyuvante en lafunci\u00f3n hep\u00e1tica, antioxidante de flavolignanos. No requiere per\u00edodo de retiro.\",\"breadcrumb\":{\"@id\":\"https:\\\/\\\/vetanco.com\\\/pa\\\/produto\\\/provitar-feed\\\/#breadcrumb\"},\"inLanguage\":\"es\",\"potentialAction\":[{\"@type\":\"ReadAction\",\"target\":[\"https:\\\/\\\/vetanco.com\\\/pa\\\/produto\\\/provitar-feed\\\/\"]}]},{\"@type\":\"ImageObject\",\"inLanguage\":\"es\",\"@id\":\"https:\\\/\\\/vetanco.com\\\/pa\\\/produto\\\/provitar-feed\\\/#primaryimage\",\"url\":\"https:\\\/\\\/vetanco.com\\\/pa\\\/wp-content\\\/uploads\\\/2025\\\/01\\\/Provitar-Feed-1-1.png\",\"contentUrl\":\"https:\\\/\\\/vetanco.com\\\/pa\\\/wp-content\\\/uploads\\\/2025\\\/01\\\/Provitar-Feed-1-1.png\",\"width\":600,\"height\":600},{\"@type\":\"BreadcrumbList\",\"@id\":\"https:\\\/\\\/vetanco.com\\\/pa\\\/produto\\\/provitar-feed\\\/#breadcrumb\",\"itemListElement\":[{\"@type\":\"ListItem\",\"position\":1,\"name\":\"In\u00edcio\",\"item\":\"https:\\\/\\\/vetanco.com\\\/pa\\\/\"},{\"@type\":\"ListItem\",\"position\":2,\"name\":\"Productos\",\"item\":\"https:\\\/\\\/vetanco.com\\\/pa\\\/productos\\\/\"},{\"@type\":\"ListItem\",\"position\":3,\"name\":\"PROVITAR\u00ae FEED\"}]},{\"@type\":\"WebSite\",\"@id\":\"https:\\\/\\\/vetanco.com\\\/pa\\\/#website\",\"url\":\"https:\\\/\\\/vetanco.com\\\/pa\\\/\",\"name\":\"Vetanco Centroamerica y Caribe\",\"description\":\"Productos Seguros para Alimentos Seguros\",\"potentialAction\":[{\"@type\":\"SearchAction\",\"target\":{\"@type\":\"EntryPoint\",\"urlTemplate\":\"https:\\\/\\\/vetanco.com\\\/pa\\\/?s={search_term_string}\"},\"query-input\":{\"@type\":\"PropertyValueSpecification\",\"valueRequired\":true,\"valueName\":\"search_term_string\"}}],\"inLanguage\":\"es\"}]}<\/script>\n<!-- \/ Yoast SEO plugin. -->","yoast_head_json":{"title":"PROVITAR\u00ae FEED - Vetanco Centroamerica y Caribe","description":"Aditivo inhibidor de micotoxinas y coadyuvante en lafunci\u00f3n hep\u00e1tica, antioxidante de flavolignanos. No requiere per\u00edodo de retiro.","robots":{"index":"index","follow":"follow","max-snippet":"max-snippet:-1","max-image-preview":"max-image-preview:large","max-video-preview":"max-video-preview:-1"},"canonical":"https:\/\/vetanco.com\/pa\/produto\/provitar-feed\/","og_locale":"es_ES","og_type":"article","og_title":"PROVITAR\u00ae FEED - Vetanco Centroamerica y Caribe","og_description":"Aditivo inhibidor de micotoxinas y coadyuvante en lafunci\u00f3n hep\u00e1tica, antioxidante de flavolignanos. No requiere per\u00edodo de retiro.","og_url":"https:\/\/vetanco.com\/pa\/produto\/provitar-feed\/","og_site_name":"Vetanco Centroamerica y Caribe","article_modified_time":"2025-01-27T14:56:49+00:00","og_image":[{"width":600,"height":600,"url":"https:\/\/vetanco.com\/pa\/wp-content\/uploads\/2025\/01\/Provitar-Feed-1-1.png","type":"image\/png"}],"twitter_card":"summary_large_image","twitter_misc":{"Tiempo de lectura":"1 minuto"},"schema":{"@context":"https:\/\/schema.org","@graph":[{"@type":"WebPage","@id":"https:\/\/vetanco.com\/pa\/produto\/provitar-feed\/","url":"https:\/\/vetanco.com\/pa\/produto\/provitar-feed\/","name":"PROVITAR\u00ae FEED - Vetanco Centroamerica y Caribe","isPartOf":{"@id":"https:\/\/vetanco.com\/pa\/#website"},"primaryImageOfPage":{"@id":"https:\/\/vetanco.com\/pa\/produto\/provitar-feed\/#primaryimage"},"image":{"@id":"https:\/\/vetanco.com\/pa\/produto\/provitar-feed\/#primaryimage"},"thumbnailUrl":"https:\/\/vetanco.com\/pa\/wp-content\/uploads\/2025\/01\/Provitar-Feed-1-1.png","datePublished":"2025-01-22T11:48:36+00:00","dateModified":"2025-01-27T14:56:49+00:00","description":"Aditivo inhibidor de micotoxinas y coadyuvante en lafunci\u00f3n hep\u00e1tica, antioxidante de flavolignanos. No requiere per\u00edodo de retiro.","breadcrumb":{"@id":"https:\/\/vetanco.com\/pa\/produto\/provitar-feed\/#breadcrumb"},"inLanguage":"es","potentialAction":[{"@type":"ReadAction","target":["https:\/\/vetanco.com\/pa\/produto\/provitar-feed\/"]}]},{"@type":"ImageObject","inLanguage":"es","@id":"https:\/\/vetanco.com\/pa\/produto\/provitar-feed\/#primaryimage","url":"https:\/\/vetanco.com\/pa\/wp-content\/uploads\/2025\/01\/Provitar-Feed-1-1.png","contentUrl":"https:\/\/vetanco.com\/pa\/wp-content\/uploads\/2025\/01\/Provitar-Feed-1-1.png","width":600,"height":600},{"@type":"BreadcrumbList","@id":"https:\/\/vetanco.com\/pa\/produto\/provitar-feed\/#breadcrumb","itemListElement":[{"@type":"ListItem","position":1,"name":"In\u00edcio","item":"https:\/\/vetanco.com\/pa\/"},{"@type":"ListItem","position":2,"name":"Productos","item":"https:\/\/vetanco.com\/pa\/productos\/"},{"@type":"ListItem","position":3,"name":"PROVITAR\u00ae FEED"}]},{"@type":"WebSite","@id":"https:\/\/vetanco.com\/pa\/#website","url":"https:\/\/vetanco.com\/pa\/","name":"Vetanco Centroamerica y Caribe","description":"Productos Seguros para Alimentos Seguros","potentialAction":[{"@type":"SearchAction","target":{"@type":"EntryPoint","urlTemplate":"https:\/\/vetanco.com\/pa\/?s={search_term_string}"},"query-input":{"@type":"PropertyValueSpecification","valueRequired":true,"valueName":"search_term_string"}}],"inLanguage":"es"}]}},"_links":{"self":[{"href":"https:\/\/vetanco.com\/pa\/wp-json\/wp\/v2\/product\/5745","targetHints":{"allow":["GET"]}}],"collection":[{"href":"https:\/\/vetanco.com\/pa\/wp-json\/wp\/v2\/product"}],"about":[{"href":"https:\/\/vetanco.com\/pa\/wp-json\/wp\/v2\/types\/product"}],"replies":[{"embeddable":true,"href":"https:\/\/vetanco.com\/pa\/wp-json\/wp\/v2\/comments?post=5745"}],"wp:featuredmedia":[{"embeddable":true,"href":"https:\/\/vetanco.com\/pa\/wp-json\/wp\/v2\/media\/5746"}],"wp:attachment":[{"href":"https:\/\/vetanco.com\/pa\/wp-json\/wp\/v2\/media?parent=5745"}],"wp:term":[{"taxonomy":"product_brand","embeddable":true,"href":"https:\/\/vetanco.com\/pa\/wp-json\/wp\/v2\/product_brand?post=5745"},{"taxonomy":"product_cat","embeddable":true,"href":"https:\/\/vetanco.com\/pa\/wp-json\/wp\/v2\/product_cat?post=5745"},{"taxonomy":"product_tag","embeddable":true,"href":"https:\/\/vetanco.com\/pa\/wp-json\/wp\/v2\/product_tag?post=5745"}],"curies":[{"name":"wp","href":"https:\/\/api.w.org\/{rel}","templated":true}]}}