{"id":5749,"date":"2025-01-22T07:15:19","date_gmt":"2025-01-22T12:15:19","guid":{"rendered":"https:\/\/vetanco.com\/pa\/?post_type=product&#038;p=5749"},"modified":"2025-02-05T08:51:17","modified_gmt":"2025-02-05T13:51:17","slug":"microflud-ceft-ad-k","status":"publish","type":"product","link":"https:\/\/vetanco.com\/pa\/produto\/microflud-ceft-ad-k\/","title":{"rendered":"MICROFLUD CEFT<sup>\u00ae<\/sup> AD K"},"content":{"rendered":"<p><span style=\"color: #00397f;\"><strong>DOSIS<\/strong><\/span><\/p>\n<ul>\n<li><strong><em>Porcinos:<\/em><\/strong> 1 ml cada 24 kg.p.v.<\/li>\n<li><em><strong>Bovinos:<\/strong><\/em> 1 ml cada 18 kg.p.v.<\/li>\n<\/ul>\n<p>&nbsp;<\/p>\n<p><strong><span style=\"color: #00397f;\">PER\u00cdODO DE RETIRO<\/span><\/strong><\/p>\n<ul>\n<li><em><strong>Porcinos:<\/strong><\/em> 2 d\u00edas.<\/li>\n<li><em><strong>Bovinos:<\/strong><\/em> No requiere ni en carne ni en leche.<\/li>\n<\/ul>\n<p>&nbsp;<\/p>\n<p><span style=\"color: #00397f;\"><strong>PRESENTACI\u00d3N<\/strong><\/span><\/p>\n<p>100 ml.<\/p>\n<p>&nbsp;<\/p>\n<p><strong>*Producto disponible \u00fanicamente en Costa Rica.<\/strong><\/p>\n","protected":false},"excerpt":{"rendered":"<p><img loading=\"lazy\" decoding=\"async\" class=\"alignnone size-full wp-image-5738\" src=\"https:\/\/vetanco.com\/pa\/wp-content\/uploads\/2025\/01\/Picto-Bovinos.png\" alt=\"\" width=\"75\" height=\"63\" \/> <img loading=\"lazy\" decoding=\"async\" class=\"alignnone size-full wp-image-5739\" src=\"https:\/\/vetanco.com\/pa\/wp-content\/uploads\/2025\/01\/Picto-Cerdos.png\" alt=\"\" width=\"75\" height=\"63\" \/><\/p>\n<p><em><strong>Ceftiofur \u00e1cido libre 12% + Ketoprofeno 6%<\/strong><\/em><\/p>\n<p>Antibi\u00f3tico Inyectable de dep\u00f3sito de amplio espectro. Antiinflamatorio. Microflud Ceft AD-K act\u00faa contra g\u00e9rmenes causantes de infecciones a microorganismos sensibles en general, y donde se requiera de una acci\u00f3n antiinflamatoria conjunta.<\/p>\n","protected":false},"featured_media":5995,"comment_status":"open","ping_status":"closed","template":"","meta":[],"product_brand":[],"product_cat":[217],"product_tag":[],"class_list":{"0":"post-5749","1":"product","2":"type-product","3":"status-publish","4":"has-post-thumbnail","6":"product_cat-antibioticos-inyectables","8":"first","9":"instock","10":"shipping-taxable","11":"product-type-simple"},"yoast_head":"<!-- This site is optimized with the Yoast SEO plugin v27.3 - https:\/\/yoast.com\/product\/yoast-seo-wordpress\/ -->\n<title>MICROFLUD CEFT\u00ae AD K - Vetanco Centroamerica y Caribe<\/title>\n<meta name=\"description\" content=\"Antiinflamatorio. Microflud Ceft AD-K act\u00faa contra g\u00e9rmenes causantes de infecciones a microorganismos sensibles en general.\" \/>\n<meta name=\"robots\" content=\"index, follow, max-snippet:-1, max-image-preview:large, max-video-preview:-1\" \/>\n<link rel=\"canonical\" href=\"https:\/\/vetanco.com\/pa\/produto\/microflud-ceft-ad-k\/\" \/>\n<meta property=\"og:locale\" content=\"es_ES\" \/>\n<meta property=\"og:type\" content=\"article\" \/>\n<meta property=\"og:title\" content=\"MICROFLUD CEFT\u00ae AD K - Vetanco Centroamerica y Caribe\" \/>\n<meta property=\"og:description\" content=\"Antiinflamatorio. Microflud Ceft AD-K act\u00faa contra g\u00e9rmenes causantes de infecciones a microorganismos sensibles en general.\" \/>\n<meta property=\"og:url\" content=\"https:\/\/vetanco.com\/pa\/produto\/microflud-ceft-ad-k\/\" \/>\n<meta property=\"og:site_name\" content=\"Vetanco Centroamerica y Caribe\" \/>\n<meta property=\"article:modified_time\" content=\"2025-02-05T13:51:17+00:00\" \/>\n<meta property=\"og:image\" content=\"https:\/\/vetanco.com\/pa\/wp-content\/uploads\/2024\/10\/Microflud-CEFT-AD-K-1-1.png\" \/>\n\t<meta property=\"og:image:width\" content=\"800\" \/>\n\t<meta property=\"og:image:height\" content=\"800\" \/>\n\t<meta property=\"og:image:type\" content=\"image\/png\" \/>\n<meta name=\"twitter:card\" content=\"summary_large_image\" \/>\n<meta name=\"twitter:label1\" content=\"Tiempo de lectura\" \/>\n\t<meta name=\"twitter:data1\" content=\"1 minuto\" \/>\n<script type=\"application\/ld+json\" class=\"yoast-schema-graph\">{\"@context\":\"https:\\\/\\\/schema.org\",\"@graph\":[{\"@type\":\"WebPage\",\"@id\":\"https:\\\/\\\/vetanco.com\\\/pa\\\/produto\\\/microflud-ceft-ad-k\\\/\",\"url\":\"https:\\\/\\\/vetanco.com\\\/pa\\\/produto\\\/microflud-ceft-ad-k\\\/\",\"name\":\"MICROFLUD CEFT\u00ae AD K - Vetanco Centroamerica y Caribe\",\"isPartOf\":{\"@id\":\"https:\\\/\\\/vetanco.com\\\/pa\\\/#website\"},\"primaryImageOfPage\":{\"@id\":\"https:\\\/\\\/vetanco.com\\\/pa\\\/produto\\\/microflud-ceft-ad-k\\\/#primaryimage\"},\"image\":{\"@id\":\"https:\\\/\\\/vetanco.com\\\/pa\\\/produto\\\/microflud-ceft-ad-k\\\/#primaryimage\"},\"thumbnailUrl\":\"https:\\\/\\\/vetanco.com\\\/pa\\\/wp-content\\\/uploads\\\/2024\\\/10\\\/Microflud-CEFT-AD-K-1-1.png\",\"datePublished\":\"2025-01-22T12:15:19+00:00\",\"dateModified\":\"2025-02-05T13:51:17+00:00\",\"description\":\"Antiinflamatorio. Microflud Ceft AD-K act\u00faa contra g\u00e9rmenes causantes de infecciones a microorganismos sensibles en general.\",\"breadcrumb\":{\"@id\":\"https:\\\/\\\/vetanco.com\\\/pa\\\/produto\\\/microflud-ceft-ad-k\\\/#breadcrumb\"},\"inLanguage\":\"es\",\"potentialAction\":[{\"@type\":\"ReadAction\",\"target\":[\"https:\\\/\\\/vetanco.com\\\/pa\\\/produto\\\/microflud-ceft-ad-k\\\/\"]}]},{\"@type\":\"ImageObject\",\"inLanguage\":\"es\",\"@id\":\"https:\\\/\\\/vetanco.com\\\/pa\\\/produto\\\/microflud-ceft-ad-k\\\/#primaryimage\",\"url\":\"https:\\\/\\\/vetanco.com\\\/pa\\\/wp-content\\\/uploads\\\/2024\\\/10\\\/Microflud-CEFT-AD-K-1-1.png\",\"contentUrl\":\"https:\\\/\\\/vetanco.com\\\/pa\\\/wp-content\\\/uploads\\\/2024\\\/10\\\/Microflud-CEFT-AD-K-1-1.png\",\"width\":800,\"height\":800},{\"@type\":\"BreadcrumbList\",\"@id\":\"https:\\\/\\\/vetanco.com\\\/pa\\\/produto\\\/microflud-ceft-ad-k\\\/#breadcrumb\",\"itemListElement\":[{\"@type\":\"ListItem\",\"position\":1,\"name\":\"In\u00edcio\",\"item\":\"https:\\\/\\\/vetanco.com\\\/pa\\\/\"},{\"@type\":\"ListItem\",\"position\":2,\"name\":\"Productos\",\"item\":\"https:\\\/\\\/vetanco.com\\\/pa\\\/productos\\\/\"},{\"@type\":\"ListItem\",\"position\":3,\"name\":\"MICROFLUD CEFT\u00ae AD K\"}]},{\"@type\":\"WebSite\",\"@id\":\"https:\\\/\\\/vetanco.com\\\/pa\\\/#website\",\"url\":\"https:\\\/\\\/vetanco.com\\\/pa\\\/\",\"name\":\"Vetanco Centroamerica y Caribe\",\"description\":\"Productos Seguros para Alimentos Seguros\",\"potentialAction\":[{\"@type\":\"SearchAction\",\"target\":{\"@type\":\"EntryPoint\",\"urlTemplate\":\"https:\\\/\\\/vetanco.com\\\/pa\\\/?s={search_term_string}\"},\"query-input\":{\"@type\":\"PropertyValueSpecification\",\"valueRequired\":true,\"valueName\":\"search_term_string\"}}],\"inLanguage\":\"es\"}]}<\/script>\n<!-- \/ Yoast SEO plugin. -->","yoast_head_json":{"title":"MICROFLUD CEFT\u00ae AD K - Vetanco Centroamerica y Caribe","description":"Antiinflamatorio. Microflud Ceft AD-K act\u00faa contra g\u00e9rmenes causantes de infecciones a microorganismos sensibles en general.","robots":{"index":"index","follow":"follow","max-snippet":"max-snippet:-1","max-image-preview":"max-image-preview:large","max-video-preview":"max-video-preview:-1"},"canonical":"https:\/\/vetanco.com\/pa\/produto\/microflud-ceft-ad-k\/","og_locale":"es_ES","og_type":"article","og_title":"MICROFLUD CEFT\u00ae AD K - Vetanco Centroamerica y Caribe","og_description":"Antiinflamatorio. Microflud Ceft AD-K act\u00faa contra g\u00e9rmenes causantes de infecciones a microorganismos sensibles en general.","og_url":"https:\/\/vetanco.com\/pa\/produto\/microflud-ceft-ad-k\/","og_site_name":"Vetanco Centroamerica y Caribe","article_modified_time":"2025-02-05T13:51:17+00:00","og_image":[{"width":800,"height":800,"url":"https:\/\/vetanco.com\/pa\/wp-content\/uploads\/2024\/10\/Microflud-CEFT-AD-K-1-1.png","type":"image\/png"}],"twitter_card":"summary_large_image","twitter_misc":{"Tiempo de lectura":"1 minuto"},"schema":{"@context":"https:\/\/schema.org","@graph":[{"@type":"WebPage","@id":"https:\/\/vetanco.com\/pa\/produto\/microflud-ceft-ad-k\/","url":"https:\/\/vetanco.com\/pa\/produto\/microflud-ceft-ad-k\/","name":"MICROFLUD CEFT\u00ae AD K - Vetanco Centroamerica y Caribe","isPartOf":{"@id":"https:\/\/vetanco.com\/pa\/#website"},"primaryImageOfPage":{"@id":"https:\/\/vetanco.com\/pa\/produto\/microflud-ceft-ad-k\/#primaryimage"},"image":{"@id":"https:\/\/vetanco.com\/pa\/produto\/microflud-ceft-ad-k\/#primaryimage"},"thumbnailUrl":"https:\/\/vetanco.com\/pa\/wp-content\/uploads\/2024\/10\/Microflud-CEFT-AD-K-1-1.png","datePublished":"2025-01-22T12:15:19+00:00","dateModified":"2025-02-05T13:51:17+00:00","description":"Antiinflamatorio. Microflud Ceft AD-K act\u00faa contra g\u00e9rmenes causantes de infecciones a microorganismos sensibles en general.","breadcrumb":{"@id":"https:\/\/vetanco.com\/pa\/produto\/microflud-ceft-ad-k\/#breadcrumb"},"inLanguage":"es","potentialAction":[{"@type":"ReadAction","target":["https:\/\/vetanco.com\/pa\/produto\/microflud-ceft-ad-k\/"]}]},{"@type":"ImageObject","inLanguage":"es","@id":"https:\/\/vetanco.com\/pa\/produto\/microflud-ceft-ad-k\/#primaryimage","url":"https:\/\/vetanco.com\/pa\/wp-content\/uploads\/2024\/10\/Microflud-CEFT-AD-K-1-1.png","contentUrl":"https:\/\/vetanco.com\/pa\/wp-content\/uploads\/2024\/10\/Microflud-CEFT-AD-K-1-1.png","width":800,"height":800},{"@type":"BreadcrumbList","@id":"https:\/\/vetanco.com\/pa\/produto\/microflud-ceft-ad-k\/#breadcrumb","itemListElement":[{"@type":"ListItem","position":1,"name":"In\u00edcio","item":"https:\/\/vetanco.com\/pa\/"},{"@type":"ListItem","position":2,"name":"Productos","item":"https:\/\/vetanco.com\/pa\/productos\/"},{"@type":"ListItem","position":3,"name":"MICROFLUD CEFT\u00ae AD K"}]},{"@type":"WebSite","@id":"https:\/\/vetanco.com\/pa\/#website","url":"https:\/\/vetanco.com\/pa\/","name":"Vetanco Centroamerica y Caribe","description":"Productos Seguros para Alimentos Seguros","potentialAction":[{"@type":"SearchAction","target":{"@type":"EntryPoint","urlTemplate":"https:\/\/vetanco.com\/pa\/?s={search_term_string}"},"query-input":{"@type":"PropertyValueSpecification","valueRequired":true,"valueName":"search_term_string"}}],"inLanguage":"es"}]}},"_links":{"self":[{"href":"https:\/\/vetanco.com\/pa\/wp-json\/wp\/v2\/product\/5749","targetHints":{"allow":["GET"]}}],"collection":[{"href":"https:\/\/vetanco.com\/pa\/wp-json\/wp\/v2\/product"}],"about":[{"href":"https:\/\/vetanco.com\/pa\/wp-json\/wp\/v2\/types\/product"}],"replies":[{"embeddable":true,"href":"https:\/\/vetanco.com\/pa\/wp-json\/wp\/v2\/comments?post=5749"}],"wp:featuredmedia":[{"embeddable":true,"href":"https:\/\/vetanco.com\/pa\/wp-json\/wp\/v2\/media\/5995"}],"wp:attachment":[{"href":"https:\/\/vetanco.com\/pa\/wp-json\/wp\/v2\/media?parent=5749"}],"wp:term":[{"taxonomy":"product_brand","embeddable":true,"href":"https:\/\/vetanco.com\/pa\/wp-json\/wp\/v2\/product_brand?post=5749"},{"taxonomy":"product_cat","embeddable":true,"href":"https:\/\/vetanco.com\/pa\/wp-json\/wp\/v2\/product_cat?post=5749"},{"taxonomy":"product_tag","embeddable":true,"href":"https:\/\/vetanco.com\/pa\/wp-json\/wp\/v2\/product_tag?post=5749"}],"curies":[{"name":"wp","href":"https:\/\/api.w.org\/{rel}","templated":true}]}}