{"id":5751,"date":"2025-01-22T07:26:28","date_gmt":"2025-01-22T12:26:28","guid":{"rendered":"https:\/\/vetanco.com\/pa\/?post_type=product&#038;p=5751"},"modified":"2025-01-22T07:27:28","modified_gmt":"2025-01-22T12:27:28","slug":"rexovet-tlt","status":"publish","type":"product","link":"https:\/\/vetanco.com\/pa\/produto\/rexovet-tlt\/","title":{"rendered":"REXOVET TLT<sup>\u00ae<\/sup>"},"content":{"rendered":"<p><strong><span style=\"color: #00397f;\">DOSIS<\/span><\/strong><\/p>\n<p>Una \u00fanica inyecci\u00f3n intramuscular de 2,5 mg de tulatromicina por kg de peso vivo (equivalente a 1 ml \/ 40 kg de peso vivo) en la tabla del cuello.<\/p>\n<p>&nbsp;<\/p>\n<p><strong><span style=\"color: #00397f;\">PER\u00cdODO DE RETIRO<\/span><\/strong><\/p>\n<p>14 d\u00edas.<\/p>\n<p>&nbsp;<\/p>\n<p><strong><span style=\"color: #00397f;\">PRESENTACIONES<\/span><\/strong><\/p>\n<p>50 ml.<\/p>\n<p>&nbsp;<\/p>\n<p><strong>*Producto disponible \u00fanicamente en Costa Rica.<\/strong><\/p>\n","protected":false},"excerpt":{"rendered":"<p><img loading=\"lazy\" decoding=\"async\" class=\"alignnone size-full wp-image-5739\" src=\"https:\/\/vetanco.com\/pa\/wp-content\/uploads\/2025\/01\/Picto-Cerdos.png\" alt=\"\" width=\"75\" height=\"63\" \/><\/p>\n<p><strong><em>Tulatromicina 10%<\/em><\/strong><\/p>\n<p>Antibi\u00f3tico sist\u00e9mico de acci\u00f3n prolongada. Tratamiento y metafilaxis de enfermedades respiratorias del ganado porcino (ERP) asociadas con <em>Actinobacillus pleuropneumoniae, Pasteurella multocida, Mycoplasma hyopneumoniae, Haemophilus parasuis y Bordetella bronchiseptica<\/em> sensibles a tulatromicina.<\/p>\n","protected":false},"featured_media":5753,"comment_status":"open","ping_status":"closed","template":"","meta":[],"product_brand":[],"product_cat":[217],"product_tag":[],"class_list":{"0":"post-5751","1":"product","2":"type-product","3":"status-publish","4":"has-post-thumbnail","6":"product_cat-antibioticos-inyectables","8":"first","9":"instock","10":"shipping-taxable","11":"product-type-simple"},"yoast_head":"<!-- This site is optimized with the Yoast SEO plugin v27.3 - https:\/\/yoast.com\/product\/yoast-seo-wordpress\/ -->\n<title>REXOVET TLT\u00ae - Vetanco Centroamerica y Caribe<\/title>\n<meta name=\"description\" content=\"Antibi\u00f3tico sist\u00e9mico de acci\u00f3n prolongada. Tratamiento y metafilaxis de enfermedades respiratorias del ganado porcino (ERP).\" \/>\n<meta name=\"robots\" content=\"index, follow, max-snippet:-1, max-image-preview:large, max-video-preview:-1\" \/>\n<link rel=\"canonical\" href=\"https:\/\/vetanco.com\/pa\/produto\/rexovet-tlt\/\" \/>\n<meta property=\"og:locale\" content=\"es_ES\" \/>\n<meta property=\"og:type\" content=\"article\" \/>\n<meta property=\"og:title\" content=\"REXOVET TLT\u00ae - Vetanco Centroamerica y Caribe\" \/>\n<meta property=\"og:description\" content=\"Antibi\u00f3tico sist\u00e9mico de acci\u00f3n prolongada. Tratamiento y metafilaxis de enfermedades respiratorias del ganado porcino (ERP).\" \/>\n<meta property=\"og:url\" content=\"https:\/\/vetanco.com\/pa\/produto\/rexovet-tlt\/\" \/>\n<meta property=\"og:site_name\" content=\"Vetanco Centroamerica y Caribe\" \/>\n<meta property=\"article:modified_time\" content=\"2025-01-22T12:27:28+00:00\" \/>\n<meta property=\"og:image\" content=\"https:\/\/vetanco.com\/pa\/wp-content\/uploads\/2025\/01\/Rexovet-4-2.png\" \/>\n\t<meta property=\"og:image:width\" content=\"600\" \/>\n\t<meta property=\"og:image:height\" content=\"600\" \/>\n\t<meta property=\"og:image:type\" content=\"image\/png\" \/>\n<meta name=\"twitter:card\" content=\"summary_large_image\" \/>\n<meta name=\"twitter:label1\" content=\"Tiempo de lectura\" \/>\n\t<meta name=\"twitter:data1\" content=\"1 minuto\" \/>\n<script type=\"application\/ld+json\" class=\"yoast-schema-graph\">{\"@context\":\"https:\\\/\\\/schema.org\",\"@graph\":[{\"@type\":\"WebPage\",\"@id\":\"https:\\\/\\\/vetanco.com\\\/pa\\\/produto\\\/rexovet-tlt\\\/\",\"url\":\"https:\\\/\\\/vetanco.com\\\/pa\\\/produto\\\/rexovet-tlt\\\/\",\"name\":\"REXOVET TLT\u00ae - Vetanco Centroamerica y Caribe\",\"isPartOf\":{\"@id\":\"https:\\\/\\\/vetanco.com\\\/pa\\\/#website\"},\"primaryImageOfPage\":{\"@id\":\"https:\\\/\\\/vetanco.com\\\/pa\\\/produto\\\/rexovet-tlt\\\/#primaryimage\"},\"image\":{\"@id\":\"https:\\\/\\\/vetanco.com\\\/pa\\\/produto\\\/rexovet-tlt\\\/#primaryimage\"},\"thumbnailUrl\":\"https:\\\/\\\/vetanco.com\\\/pa\\\/wp-content\\\/uploads\\\/2025\\\/01\\\/Rexovet-4-2.png\",\"datePublished\":\"2025-01-22T12:26:28+00:00\",\"dateModified\":\"2025-01-22T12:27:28+00:00\",\"description\":\"Antibi\u00f3tico sist\u00e9mico de acci\u00f3n prolongada. Tratamiento y metafilaxis de enfermedades respiratorias del ganado porcino (ERP).\",\"breadcrumb\":{\"@id\":\"https:\\\/\\\/vetanco.com\\\/pa\\\/produto\\\/rexovet-tlt\\\/#breadcrumb\"},\"inLanguage\":\"es\",\"potentialAction\":[{\"@type\":\"ReadAction\",\"target\":[\"https:\\\/\\\/vetanco.com\\\/pa\\\/produto\\\/rexovet-tlt\\\/\"]}]},{\"@type\":\"ImageObject\",\"inLanguage\":\"es\",\"@id\":\"https:\\\/\\\/vetanco.com\\\/pa\\\/produto\\\/rexovet-tlt\\\/#primaryimage\",\"url\":\"https:\\\/\\\/vetanco.com\\\/pa\\\/wp-content\\\/uploads\\\/2025\\\/01\\\/Rexovet-4-2.png\",\"contentUrl\":\"https:\\\/\\\/vetanco.com\\\/pa\\\/wp-content\\\/uploads\\\/2025\\\/01\\\/Rexovet-4-2.png\",\"width\":600,\"height\":600},{\"@type\":\"BreadcrumbList\",\"@id\":\"https:\\\/\\\/vetanco.com\\\/pa\\\/produto\\\/rexovet-tlt\\\/#breadcrumb\",\"itemListElement\":[{\"@type\":\"ListItem\",\"position\":1,\"name\":\"In\u00edcio\",\"item\":\"https:\\\/\\\/vetanco.com\\\/pa\\\/\"},{\"@type\":\"ListItem\",\"position\":2,\"name\":\"Productos\",\"item\":\"https:\\\/\\\/vetanco.com\\\/pa\\\/productos\\\/\"},{\"@type\":\"ListItem\",\"position\":3,\"name\":\"REXOVET TLT\u00ae\"}]},{\"@type\":\"WebSite\",\"@id\":\"https:\\\/\\\/vetanco.com\\\/pa\\\/#website\",\"url\":\"https:\\\/\\\/vetanco.com\\\/pa\\\/\",\"name\":\"Vetanco Centroamerica y Caribe\",\"description\":\"Productos Seguros para Alimentos Seguros\",\"potentialAction\":[{\"@type\":\"SearchAction\",\"target\":{\"@type\":\"EntryPoint\",\"urlTemplate\":\"https:\\\/\\\/vetanco.com\\\/pa\\\/?s={search_term_string}\"},\"query-input\":{\"@type\":\"PropertyValueSpecification\",\"valueRequired\":true,\"valueName\":\"search_term_string\"}}],\"inLanguage\":\"es\"}]}<\/script>\n<!-- \/ Yoast SEO plugin. -->","yoast_head_json":{"title":"REXOVET TLT\u00ae - Vetanco Centroamerica y Caribe","description":"Antibi\u00f3tico sist\u00e9mico de acci\u00f3n prolongada. Tratamiento y metafilaxis de enfermedades respiratorias del ganado porcino (ERP).","robots":{"index":"index","follow":"follow","max-snippet":"max-snippet:-1","max-image-preview":"max-image-preview:large","max-video-preview":"max-video-preview:-1"},"canonical":"https:\/\/vetanco.com\/pa\/produto\/rexovet-tlt\/","og_locale":"es_ES","og_type":"article","og_title":"REXOVET TLT\u00ae - Vetanco Centroamerica y Caribe","og_description":"Antibi\u00f3tico sist\u00e9mico de acci\u00f3n prolongada. Tratamiento y metafilaxis de enfermedades respiratorias del ganado porcino (ERP).","og_url":"https:\/\/vetanco.com\/pa\/produto\/rexovet-tlt\/","og_site_name":"Vetanco Centroamerica y Caribe","article_modified_time":"2025-01-22T12:27:28+00:00","og_image":[{"width":600,"height":600,"url":"https:\/\/vetanco.com\/pa\/wp-content\/uploads\/2025\/01\/Rexovet-4-2.png","type":"image\/png"}],"twitter_card":"summary_large_image","twitter_misc":{"Tiempo de lectura":"1 minuto"},"schema":{"@context":"https:\/\/schema.org","@graph":[{"@type":"WebPage","@id":"https:\/\/vetanco.com\/pa\/produto\/rexovet-tlt\/","url":"https:\/\/vetanco.com\/pa\/produto\/rexovet-tlt\/","name":"REXOVET TLT\u00ae - Vetanco Centroamerica y Caribe","isPartOf":{"@id":"https:\/\/vetanco.com\/pa\/#website"},"primaryImageOfPage":{"@id":"https:\/\/vetanco.com\/pa\/produto\/rexovet-tlt\/#primaryimage"},"image":{"@id":"https:\/\/vetanco.com\/pa\/produto\/rexovet-tlt\/#primaryimage"},"thumbnailUrl":"https:\/\/vetanco.com\/pa\/wp-content\/uploads\/2025\/01\/Rexovet-4-2.png","datePublished":"2025-01-22T12:26:28+00:00","dateModified":"2025-01-22T12:27:28+00:00","description":"Antibi\u00f3tico sist\u00e9mico de acci\u00f3n prolongada. Tratamiento y metafilaxis de enfermedades respiratorias del ganado porcino (ERP).","breadcrumb":{"@id":"https:\/\/vetanco.com\/pa\/produto\/rexovet-tlt\/#breadcrumb"},"inLanguage":"es","potentialAction":[{"@type":"ReadAction","target":["https:\/\/vetanco.com\/pa\/produto\/rexovet-tlt\/"]}]},{"@type":"ImageObject","inLanguage":"es","@id":"https:\/\/vetanco.com\/pa\/produto\/rexovet-tlt\/#primaryimage","url":"https:\/\/vetanco.com\/pa\/wp-content\/uploads\/2025\/01\/Rexovet-4-2.png","contentUrl":"https:\/\/vetanco.com\/pa\/wp-content\/uploads\/2025\/01\/Rexovet-4-2.png","width":600,"height":600},{"@type":"BreadcrumbList","@id":"https:\/\/vetanco.com\/pa\/produto\/rexovet-tlt\/#breadcrumb","itemListElement":[{"@type":"ListItem","position":1,"name":"In\u00edcio","item":"https:\/\/vetanco.com\/pa\/"},{"@type":"ListItem","position":2,"name":"Productos","item":"https:\/\/vetanco.com\/pa\/productos\/"},{"@type":"ListItem","position":3,"name":"REXOVET TLT\u00ae"}]},{"@type":"WebSite","@id":"https:\/\/vetanco.com\/pa\/#website","url":"https:\/\/vetanco.com\/pa\/","name":"Vetanco Centroamerica y Caribe","description":"Productos Seguros para Alimentos Seguros","potentialAction":[{"@type":"SearchAction","target":{"@type":"EntryPoint","urlTemplate":"https:\/\/vetanco.com\/pa\/?s={search_term_string}"},"query-input":{"@type":"PropertyValueSpecification","valueRequired":true,"valueName":"search_term_string"}}],"inLanguage":"es"}]}},"_links":{"self":[{"href":"https:\/\/vetanco.com\/pa\/wp-json\/wp\/v2\/product\/5751","targetHints":{"allow":["GET"]}}],"collection":[{"href":"https:\/\/vetanco.com\/pa\/wp-json\/wp\/v2\/product"}],"about":[{"href":"https:\/\/vetanco.com\/pa\/wp-json\/wp\/v2\/types\/product"}],"replies":[{"embeddable":true,"href":"https:\/\/vetanco.com\/pa\/wp-json\/wp\/v2\/comments?post=5751"}],"wp:featuredmedia":[{"embeddable":true,"href":"https:\/\/vetanco.com\/pa\/wp-json\/wp\/v2\/media\/5753"}],"wp:attachment":[{"href":"https:\/\/vetanco.com\/pa\/wp-json\/wp\/v2\/media?parent=5751"}],"wp:term":[{"taxonomy":"product_brand","embeddable":true,"href":"https:\/\/vetanco.com\/pa\/wp-json\/wp\/v2\/product_brand?post=5751"},{"taxonomy":"product_cat","embeddable":true,"href":"https:\/\/vetanco.com\/pa\/wp-json\/wp\/v2\/product_cat?post=5751"},{"taxonomy":"product_tag","embeddable":true,"href":"https:\/\/vetanco.com\/pa\/wp-json\/wp\/v2\/product_tag?post=5751"}],"curies":[{"name":"wp","href":"https:\/\/api.w.org\/{rel}","templated":true}]}}