{"id":5842,"date":"2025-01-23T14:01:50","date_gmt":"2025-01-23T19:01:50","guid":{"rendered":"https:\/\/vetanco.com\/pa\/?post_type=product&#038;p=5842"},"modified":"2025-02-06T14:32:33","modified_gmt":"2025-02-06T19:32:33","slug":"di-heptarine-s-liquido","status":"publish","type":"product","link":"https:\/\/vetanco.com\/pa\/produto\/di-heptarine-s-liquido\/","title":{"rendered":"DI HEPTARINE S<sup>\u00ae<\/sup> L\u00cdQUIDO"},"content":{"rendered":"<p><span style=\"color: #00397f;\"><strong>COMPOSICI\u00d3N<\/strong><\/span><\/p>\n<p>Extracto de cardo mariano, Cloruro de colina, Lecitina de soja, Aceite de recino hidrogenado polietoxilado, Agua purificada, Hidr\u00f3xido de sodio, Propilenglicol c.s.p.<\/p>\n<p><strong>An\u00e1lisis Garantizado:<\/strong> Silimarina total M\u00ednimo 3,80% P\/V<\/p>\n<p>&nbsp;<\/p>\n<p><span style=\"color: #00397f;\"><strong>DOSIS Y MODO DE USO<\/strong><\/span><\/p>\n<p>500 ml a 1 L de producto por cada 1000 litros de agua de bebida de aves, en cualquier edad, durante no menos de 3 d\u00edas.<\/p>\n<p>Una vez abierto, el sobrante de producto debe descartarse. El agua adicionada con el producto debe renovarse diariamente.<\/p>\n<p>&nbsp;<\/p>\n<p><span style=\"color: #00397f;\"><strong>PRESENTACI\u00d3N<\/strong><\/span><\/p>\n<p>1 y 5 litros.<\/p>\n<p>&nbsp;<\/p>\n<p><strong>*Producto disponible \u00fanicamente en Guatemala.<\/strong><\/p>\n","protected":false},"excerpt":{"rendered":"<p><img loading=\"lazy\" decoding=\"async\" class=\"alignnone size-full wp-image-5741\" src=\"https:\/\/vetanco.com\/pa\/wp-content\/uploads\/2025\/01\/Picto-Aves.png\" alt=\"\" width=\"75\" height=\"63\" \/><\/p>\n<p>Antioxidante hepatoprotector para la prevenci\u00f3n de alteraciones hep\u00e1ticas de distinto origen:<\/p>\n<ul>\n<li>Metab\u00f3lico, por sobrealimentaci\u00f3n o ingesta de alto valor energ\u00e9tico.<\/li>\n<li>Toxicol\u00f3gico, por contaminaci\u00f3n del alimento con toxinas de origen vegetal o f\u00fangico.<\/li>\n<li>Infeccioso, producidas por agentes virales o bacterianos.<\/li>\n<li>Latrog\u00e9nico, como resultado de tratamientos con drogas hepatot\u00f3xicas.<\/li>\n<\/ul>\n","protected":false},"featured_media":6104,"comment_status":"open","ping_status":"closed","template":"","meta":[],"product_brand":[],"product_cat":[181],"product_tag":[],"class_list":{"0":"post-5842","1":"product","2":"type-product","3":"status-publish","4":"has-post-thumbnail","6":"product_cat-aditivos-bv-science","8":"first","9":"instock","10":"shipping-taxable","11":"product-type-simple"},"yoast_head":"<!-- This site is optimized with the Yoast SEO plugin v27.3 - https:\/\/yoast.com\/product\/yoast-seo-wordpress\/ -->\n<title>DI HEPTARINE S\u00ae L\u00cdQUIDO - Vetanco Centroamerica y Caribe<\/title>\n<meta name=\"description\" content=\"Complemento ideal en la prevenci\u00f3n y terapia de alteraciones metab\u00f3licas provocadas por estr\u00e9s, desaf\u00edo por micotoxinas, agentes virales o bacterianos.\" \/>\n<meta name=\"robots\" content=\"index, follow, max-snippet:-1, max-image-preview:large, max-video-preview:-1\" \/>\n<link rel=\"canonical\" href=\"https:\/\/vetanco.com\/pa\/produto\/di-heptarine-s-liquido\/\" \/>\n<meta property=\"og:locale\" content=\"es_ES\" \/>\n<meta property=\"og:type\" content=\"article\" \/>\n<meta property=\"og:title\" content=\"DI HEPTARINE S\u00ae L\u00cdQUIDO - Vetanco Centroamerica y Caribe\" \/>\n<meta property=\"og:description\" content=\"Complemento ideal en la prevenci\u00f3n y terapia de alteraciones metab\u00f3licas provocadas por estr\u00e9s, desaf\u00edo por micotoxinas, agentes virales o bacterianos.\" \/>\n<meta property=\"og:url\" content=\"https:\/\/vetanco.com\/pa\/produto\/di-heptarine-s-liquido\/\" \/>\n<meta property=\"og:site_name\" content=\"Vetanco Centroamerica y Caribe\" \/>\n<meta property=\"article:modified_time\" content=\"2025-02-06T19:32:33+00:00\" \/>\n<meta property=\"og:image\" content=\"https:\/\/vetanco.com\/pa\/wp-content\/uploads\/2025\/01\/Di-Heptarine-S-Liquido.png\" \/>\n\t<meta property=\"og:image:width\" content=\"800\" \/>\n\t<meta property=\"og:image:height\" content=\"800\" \/>\n\t<meta property=\"og:image:type\" content=\"image\/png\" \/>\n<meta name=\"twitter:card\" content=\"summary_large_image\" \/>\n<meta name=\"twitter:label1\" content=\"Tiempo de lectura\" \/>\n\t<meta name=\"twitter:data1\" content=\"1 minuto\" \/>\n<script type=\"application\/ld+json\" class=\"yoast-schema-graph\">{\"@context\":\"https:\\\/\\\/schema.org\",\"@graph\":[{\"@type\":\"WebPage\",\"@id\":\"https:\\\/\\\/vetanco.com\\\/pa\\\/produto\\\/di-heptarine-s-liquido\\\/\",\"url\":\"https:\\\/\\\/vetanco.com\\\/pa\\\/produto\\\/di-heptarine-s-liquido\\\/\",\"name\":\"DI HEPTARINE S\u00ae L\u00cdQUIDO - Vetanco Centroamerica y Caribe\",\"isPartOf\":{\"@id\":\"https:\\\/\\\/vetanco.com\\\/pa\\\/#website\"},\"primaryImageOfPage\":{\"@id\":\"https:\\\/\\\/vetanco.com\\\/pa\\\/produto\\\/di-heptarine-s-liquido\\\/#primaryimage\"},\"image\":{\"@id\":\"https:\\\/\\\/vetanco.com\\\/pa\\\/produto\\\/di-heptarine-s-liquido\\\/#primaryimage\"},\"thumbnailUrl\":\"https:\\\/\\\/vetanco.com\\\/pa\\\/wp-content\\\/uploads\\\/2025\\\/01\\\/Di-Heptarine-S-Liquido.png\",\"datePublished\":\"2025-01-23T19:01:50+00:00\",\"dateModified\":\"2025-02-06T19:32:33+00:00\",\"description\":\"Complemento ideal en la prevenci\u00f3n y terapia de alteraciones metab\u00f3licas provocadas por estr\u00e9s, desaf\u00edo por micotoxinas, agentes virales o bacterianos.\",\"breadcrumb\":{\"@id\":\"https:\\\/\\\/vetanco.com\\\/pa\\\/produto\\\/di-heptarine-s-liquido\\\/#breadcrumb\"},\"inLanguage\":\"es\",\"potentialAction\":[{\"@type\":\"ReadAction\",\"target\":[\"https:\\\/\\\/vetanco.com\\\/pa\\\/produto\\\/di-heptarine-s-liquido\\\/\"]}]},{\"@type\":\"ImageObject\",\"inLanguage\":\"es\",\"@id\":\"https:\\\/\\\/vetanco.com\\\/pa\\\/produto\\\/di-heptarine-s-liquido\\\/#primaryimage\",\"url\":\"https:\\\/\\\/vetanco.com\\\/pa\\\/wp-content\\\/uploads\\\/2025\\\/01\\\/Di-Heptarine-S-Liquido.png\",\"contentUrl\":\"https:\\\/\\\/vetanco.com\\\/pa\\\/wp-content\\\/uploads\\\/2025\\\/01\\\/Di-Heptarine-S-Liquido.png\",\"width\":800,\"height\":800},{\"@type\":\"BreadcrumbList\",\"@id\":\"https:\\\/\\\/vetanco.com\\\/pa\\\/produto\\\/di-heptarine-s-liquido\\\/#breadcrumb\",\"itemListElement\":[{\"@type\":\"ListItem\",\"position\":1,\"name\":\"In\u00edcio\",\"item\":\"https:\\\/\\\/vetanco.com\\\/pa\\\/\"},{\"@type\":\"ListItem\",\"position\":2,\"name\":\"Productos\",\"item\":\"https:\\\/\\\/vetanco.com\\\/pa\\\/productos\\\/\"},{\"@type\":\"ListItem\",\"position\":3,\"name\":\"DI HEPTARINE S\u00ae L\u00cdQUIDO\"}]},{\"@type\":\"WebSite\",\"@id\":\"https:\\\/\\\/vetanco.com\\\/pa\\\/#website\",\"url\":\"https:\\\/\\\/vetanco.com\\\/pa\\\/\",\"name\":\"Vetanco Centroamerica y Caribe\",\"description\":\"Productos Seguros para Alimentos Seguros\",\"potentialAction\":[{\"@type\":\"SearchAction\",\"target\":{\"@type\":\"EntryPoint\",\"urlTemplate\":\"https:\\\/\\\/vetanco.com\\\/pa\\\/?s={search_term_string}\"},\"query-input\":{\"@type\":\"PropertyValueSpecification\",\"valueRequired\":true,\"valueName\":\"search_term_string\"}}],\"inLanguage\":\"es\"}]}<\/script>\n<!-- \/ Yoast SEO plugin. -->","yoast_head_json":{"title":"DI HEPTARINE S\u00ae L\u00cdQUIDO - Vetanco Centroamerica y Caribe","description":"Complemento ideal en la prevenci\u00f3n y terapia de alteraciones metab\u00f3licas provocadas por estr\u00e9s, desaf\u00edo por micotoxinas, agentes virales o bacterianos.","robots":{"index":"index","follow":"follow","max-snippet":"max-snippet:-1","max-image-preview":"max-image-preview:large","max-video-preview":"max-video-preview:-1"},"canonical":"https:\/\/vetanco.com\/pa\/produto\/di-heptarine-s-liquido\/","og_locale":"es_ES","og_type":"article","og_title":"DI HEPTARINE S\u00ae L\u00cdQUIDO - Vetanco Centroamerica y Caribe","og_description":"Complemento ideal en la prevenci\u00f3n y terapia de alteraciones metab\u00f3licas provocadas por estr\u00e9s, desaf\u00edo por micotoxinas, agentes virales o bacterianos.","og_url":"https:\/\/vetanco.com\/pa\/produto\/di-heptarine-s-liquido\/","og_site_name":"Vetanco Centroamerica y Caribe","article_modified_time":"2025-02-06T19:32:33+00:00","og_image":[{"width":800,"height":800,"url":"https:\/\/vetanco.com\/pa\/wp-content\/uploads\/2025\/01\/Di-Heptarine-S-Liquido.png","type":"image\/png"}],"twitter_card":"summary_large_image","twitter_misc":{"Tiempo de lectura":"1 minuto"},"schema":{"@context":"https:\/\/schema.org","@graph":[{"@type":"WebPage","@id":"https:\/\/vetanco.com\/pa\/produto\/di-heptarine-s-liquido\/","url":"https:\/\/vetanco.com\/pa\/produto\/di-heptarine-s-liquido\/","name":"DI HEPTARINE S\u00ae L\u00cdQUIDO - Vetanco Centroamerica y Caribe","isPartOf":{"@id":"https:\/\/vetanco.com\/pa\/#website"},"primaryImageOfPage":{"@id":"https:\/\/vetanco.com\/pa\/produto\/di-heptarine-s-liquido\/#primaryimage"},"image":{"@id":"https:\/\/vetanco.com\/pa\/produto\/di-heptarine-s-liquido\/#primaryimage"},"thumbnailUrl":"https:\/\/vetanco.com\/pa\/wp-content\/uploads\/2025\/01\/Di-Heptarine-S-Liquido.png","datePublished":"2025-01-23T19:01:50+00:00","dateModified":"2025-02-06T19:32:33+00:00","description":"Complemento ideal en la prevenci\u00f3n y terapia de alteraciones metab\u00f3licas provocadas por estr\u00e9s, desaf\u00edo por micotoxinas, agentes virales o bacterianos.","breadcrumb":{"@id":"https:\/\/vetanco.com\/pa\/produto\/di-heptarine-s-liquido\/#breadcrumb"},"inLanguage":"es","potentialAction":[{"@type":"ReadAction","target":["https:\/\/vetanco.com\/pa\/produto\/di-heptarine-s-liquido\/"]}]},{"@type":"ImageObject","inLanguage":"es","@id":"https:\/\/vetanco.com\/pa\/produto\/di-heptarine-s-liquido\/#primaryimage","url":"https:\/\/vetanco.com\/pa\/wp-content\/uploads\/2025\/01\/Di-Heptarine-S-Liquido.png","contentUrl":"https:\/\/vetanco.com\/pa\/wp-content\/uploads\/2025\/01\/Di-Heptarine-S-Liquido.png","width":800,"height":800},{"@type":"BreadcrumbList","@id":"https:\/\/vetanco.com\/pa\/produto\/di-heptarine-s-liquido\/#breadcrumb","itemListElement":[{"@type":"ListItem","position":1,"name":"In\u00edcio","item":"https:\/\/vetanco.com\/pa\/"},{"@type":"ListItem","position":2,"name":"Productos","item":"https:\/\/vetanco.com\/pa\/productos\/"},{"@type":"ListItem","position":3,"name":"DI HEPTARINE S\u00ae L\u00cdQUIDO"}]},{"@type":"WebSite","@id":"https:\/\/vetanco.com\/pa\/#website","url":"https:\/\/vetanco.com\/pa\/","name":"Vetanco Centroamerica y Caribe","description":"Productos Seguros para Alimentos Seguros","potentialAction":[{"@type":"SearchAction","target":{"@type":"EntryPoint","urlTemplate":"https:\/\/vetanco.com\/pa\/?s={search_term_string}"},"query-input":{"@type":"PropertyValueSpecification","valueRequired":true,"valueName":"search_term_string"}}],"inLanguage":"es"}]}},"_links":{"self":[{"href":"https:\/\/vetanco.com\/pa\/wp-json\/wp\/v2\/product\/5842","targetHints":{"allow":["GET"]}}],"collection":[{"href":"https:\/\/vetanco.com\/pa\/wp-json\/wp\/v2\/product"}],"about":[{"href":"https:\/\/vetanco.com\/pa\/wp-json\/wp\/v2\/types\/product"}],"replies":[{"embeddable":true,"href":"https:\/\/vetanco.com\/pa\/wp-json\/wp\/v2\/comments?post=5842"}],"wp:featuredmedia":[{"embeddable":true,"href":"https:\/\/vetanco.com\/pa\/wp-json\/wp\/v2\/media\/6104"}],"wp:attachment":[{"href":"https:\/\/vetanco.com\/pa\/wp-json\/wp\/v2\/media?parent=5842"}],"wp:term":[{"taxonomy":"product_brand","embeddable":true,"href":"https:\/\/vetanco.com\/pa\/wp-json\/wp\/v2\/product_brand?post=5842"},{"taxonomy":"product_cat","embeddable":true,"href":"https:\/\/vetanco.com\/pa\/wp-json\/wp\/v2\/product_cat?post=5842"},{"taxonomy":"product_tag","embeddable":true,"href":"https:\/\/vetanco.com\/pa\/wp-json\/wp\/v2\/product_tag?post=5842"}],"curies":[{"name":"wp","href":"https:\/\/api.w.org\/{rel}","templated":true}]}}